{"id":51489,"date":"2025-08-12T11:30:17","date_gmt":"2025-08-12T18:30:17","guid":{"rendered":"https:\/\/bibliotecalatinx.com\/?post_type=product&#038;p=51489"},"modified":"2025-08-12T11:30:17","modified_gmt":"2025-08-12T18:30:17","slug":"ecos-de-la-memoria-oscar-torres-y-el-encuentro-con-voces-inocentes","status":"publish","type":"product","link":"https:\/\/bibliotecalatinx.com\/es\/producto\/ecos-de-la-memoria-oscar-torres-y-el-encuentro-con-voces-inocentes\/","title":{"rendered":"ECOS DE LA MEMORIA:  \u00d3SCAR TORRES Y EL ENCUENTRO CON VOCES INOCENTES"},"content":{"rendered":"<p>Conflict and art tend to go together.  The projection of conflict through provocative forms of artistic expression such as literature, painting, music, and filmmaking, often emerge from a personal experiential space. The film is based on the real life story of Salvadoran screenwriter Oscar Torres, and it specifically focuses on his early life as an 11 year old child trapped in the civil war (1980-1992) in El Salvador, a war that claimed approximately 75,000 lives, and displaced more than one million people.  The film presents the impact on children of the war between government military forces, supported by the U.S. government, and guerrilla forces known as the FMLN (Frente Farabundo Mart\u00ed de Liberaci\u00f3n Nacional).  <\/p>\n<p>Topics explored in this book include El Salvador\u2019s socio-economic and political institutions from a historical perspective which immersed the country in a civil war, the author\u2019s role and relationship to the events in the film (fiction vs. reality), the development of the characters in the film, changes suffered from childhood to adult life as a result of war trauma, the significance of the film\u2019s title, women\u2019s roles in Latin American struggles for liberation, social changes in El Salvador and other countries in the region, American military presence in Latin America in general and in El Salvador and Central America specifically, the use of metaphorical images which provide a more artistic perspective of the civil war, the screenplay and meta-fiction, state or self imposed censorship, the role of the church in Latin America specifically as it relates to socio-economic and political struggles, morality, ethics and national reconciliation, and Salvadoran national identity in El Salvador and as it continues to develop in the United States among the political and economic refugee community that comprises more than one million inhabitants in Los Angeles.<\/p>\n<p>This scholarly research represents the foundation of an in depth analysis of the simultaneous connection and disconnection between the immediate reality of a child and the larger forces that shape his\/her destiny.  The contrast, as well as similarities, between a microcosm inserted in a complex macrocosm reveal universal themes on the human condition.  At the same time, these universal and human experiences emerge within a context informed by economic and political realities that shape transnational identity within a postcolonial condition. <\/p>\n<p>Volver a ver nuestro pasado no es algo f\u00e1cil, especialmente cuando el pasado te ha dejado con tanto que tienes que perdonar y con tan poco para olvidar. La vida es dif\u00edcil para todos pero especialmente para los ni\u00f1os, que a una temprana edad est\u00e1n tratando de encontrar su voz y su lugar en el mundo. Yo crec\u00ed en medio de una guerra, pero la guerra no necesariamente significa balas volando por el aire y penetrando en las paredes, la guerra tambi\u00e9n existe en nuestro interior. Ah\u00ed es donde debemos comenzar si en alg\u00fan momento deseamos encontrar la paz que buscamos. <\/p>","protected":false},"excerpt":{"rendered":"<p>Conflict and art tend to go together. The projection of conflict through provocative forms of artistic expression such as literature, painting, music, and filmmaking, often emerge from a personal experiential space. The film is based on the real life story of Salvadoran screenwriter Oscar Torres, and it specifically focuses on his early life as an&hellip;<\/p>","protected":false},"featured_media":51490,"comment_status":"closed","ping_status":"closed","template":"","meta":[],"product_brand":[],"product_cat":[25],"product_tag":[],"class_list":{"0":"post-51489","1":"product","2":"type-product","3":"status-publish","4":"has-post-thumbnail","6":"product_cat-general-interest-books","8":"first","9":"instock","10":"sale","11":"taxable","12":"shipping-taxable","13":"purchasable","14":"product-type-simple"},"yoast_head":"<!-- This site is optimized with the Yoast SEO plugin v27.4 - https:\/\/yoast.com\/product\/yoast-seo-wordpress\/ -->\n<title>ECOS DE LA MEMORIA: \u00d3SCAR TORRES Y EL ENCUENTRO CON VOCES INOCENTES - Biblioteca Latinx<\/title>\n<meta name=\"robots\" content=\"noindex, follow, max-snippet:-1, max-image-preview:large, max-video-preview:-1\" \/>\n<meta property=\"og:locale\" content=\"es_MX\" \/>\n<meta property=\"og:type\" content=\"article\" \/>\n<meta property=\"og:title\" content=\"ECOS DE LA MEMORIA: \u00d3SCAR TORRES Y EL ENCUENTRO CON VOCES INOCENTES - Biblioteca Latinx\" \/>\n<meta property=\"og:description\" content=\"Conflict and art tend to go together. The projection of conflict through provocative forms of artistic expression such as literature, painting, music, and\" \/>\n<meta property=\"og:url\" content=\"https:\/\/bibliotecalatinx.com\/es\/producto\/ecos-de-la-memoria-oscar-torres-y-el-encuentro-con-voces-inocentes\/\" \/>\n<meta property=\"og:site_name\" content=\"Biblioteca Latinx\" \/>\n<meta property=\"og:image\" content=\"https:\/\/bibliotecalatinx.com\/wp-content\/uploads\/2025\/08\/1.-FRONT-AND-BACK-COVERS-ECOS-DE-LA-MEMORIA-Currently-Unavailable-pdf.jpg\" \/>\n<meta name=\"twitter:card\" content=\"summary_large_image\" \/>\n<meta name=\"twitter:title\" content=\"ECOS DE LA MEMORIA: \u00d3SCAR TORRES Y EL ENCUENTRO CON VOCES INOCENTES - Biblioteca Latinx\" \/>\n<meta name=\"twitter:description\" content=\"Conflict and art tend to go together. The projection of conflict through provocative forms of artistic expression such as literature, painting, music, and\" \/>\n<meta name=\"twitter:image\" content=\"https:\/\/bibliotecalatinx.com\/wp-content\/uploads\/2025\/08\/1.-FRONT-AND-BACK-COVERS-ECOS-DE-LA-MEMORIA-Currently-Unavailable-pdf.jpg\" \/>\n<meta name=\"twitter:label1\" content=\"Tiempo de lectura\" \/>\n\t<meta name=\"twitter:data1\" content=\"1 minuto\" \/>\n<script type=\"application\/ld+json\" class=\"yoast-schema-graph\">{\"@context\":\"https:\\\/\\\/schema.org\",\"@graph\":[{\"@type\":\"WebPage\",\"@id\":\"https:\\\/\\\/bibliotecalatinx.com\\\/product\\\/ecos-de-la-memoria-oscar-torres-y-el-encuentro-con-voces-inocentes\\\/\",\"url\":\"https:\\\/\\\/bibliotecalatinx.com\\\/product\\\/ecos-de-la-memoria-oscar-torres-y-el-encuentro-con-voces-inocentes\\\/\",\"name\":\"ECOS DE LA MEMORIA: \u00d3SCAR TORRES Y EL ENCUENTRO CON VOCES INOCENTES - Biblioteca Latinx\",\"isPartOf\":{\"@id\":\"https:\\\/\\\/bibliotecalatinx.com\\\/#website\"},\"primaryImageOfPage\":{\"@id\":\"https:\\\/\\\/bibliotecalatinx.com\\\/product\\\/ecos-de-la-memoria-oscar-torres-y-el-encuentro-con-voces-inocentes\\\/#primaryimage\"},\"image\":{\"@id\":\"https:\\\/\\\/bibliotecalatinx.com\\\/product\\\/ecos-de-la-memoria-oscar-torres-y-el-encuentro-con-voces-inocentes\\\/#primaryimage\"},\"thumbnailUrl\":\"https:\\\/\\\/bibliotecalatinx.com\\\/wp-content\\\/uploads\\\/2025\\\/08\\\/1.-FRONT-AND-BACK-COVERS-ECOS-DE-LA-MEMORIA-Currently-Unavailable-pdf.jpg\",\"datePublished\":\"2025-08-12T18:30:17+00:00\",\"breadcrumb\":{\"@id\":\"https:\\\/\\\/bibliotecalatinx.com\\\/product\\\/ecos-de-la-memoria-oscar-torres-y-el-encuentro-con-voces-inocentes\\\/#breadcrumb\"},\"inLanguage\":\"es\",\"potentialAction\":[{\"@type\":\"ReadAction\",\"target\":[\"https:\\\/\\\/bibliotecalatinx.com\\\/product\\\/ecos-de-la-memoria-oscar-torres-y-el-encuentro-con-voces-inocentes\\\/\"]}]},{\"@type\":\"ImageObject\",\"inLanguage\":\"es\",\"@id\":\"https:\\\/\\\/bibliotecalatinx.com\\\/product\\\/ecos-de-la-memoria-oscar-torres-y-el-encuentro-con-voces-inocentes\\\/#primaryimage\",\"url\":\"https:\\\/\\\/bibliotecalatinx.com\\\/wp-content\\\/uploads\\\/2025\\\/08\\\/1.-FRONT-AND-BACK-COVERS-ECOS-DE-LA-MEMORIA-Currently-Unavailable-pdf.jpg\",\"contentUrl\":\"https:\\\/\\\/bibliotecalatinx.com\\\/wp-content\\\/uploads\\\/2025\\\/08\\\/1.-FRONT-AND-BACK-COVERS-ECOS-DE-LA-MEMORIA-Currently-Unavailable-pdf.jpg\"},{\"@type\":\"BreadcrumbList\",\"@id\":\"https:\\\/\\\/bibliotecalatinx.com\\\/product\\\/ecos-de-la-memoria-oscar-torres-y-el-encuentro-con-voces-inocentes\\\/#breadcrumb\",\"itemListElement\":[{\"@type\":\"ListItem\",\"position\":1,\"name\":\"Home\",\"item\":\"https:\\\/\\\/bibliotecalatinx.com\\\/\"},{\"@type\":\"ListItem\",\"position\":2,\"name\":\"Shop\",\"item\":\"https:\\\/\\\/bibliotecalatinx.com\\\/shop\\\/\"},{\"@type\":\"ListItem\",\"position\":3,\"name\":\"ECOS DE LA MEMORIA: \u00d3SCAR TORRES Y EL ENCUENTRO CON VOCES INOCENTES\"}]},{\"@type\":\"WebSite\",\"@id\":\"https:\\\/\\\/bibliotecalatinx.com\\\/#website\",\"url\":\"https:\\\/\\\/bibliotecalatinx.com\\\/\",\"name\":\"Biblioteca Latinx\",\"description\":\"\",\"publisher\":{\"@id\":\"https:\\\/\\\/bibliotecalatinx.com\\\/#organization\"},\"potentialAction\":[{\"@type\":\"SearchAction\",\"target\":{\"@type\":\"EntryPoint\",\"urlTemplate\":\"https:\\\/\\\/bibliotecalatinx.com\\\/?s={search_term_string}\"},\"query-input\":{\"@type\":\"PropertyValueSpecification\",\"valueRequired\":true,\"valueName\":\"search_term_string\"}}],\"inLanguage\":\"es\"},{\"@type\":\"Organization\",\"@id\":\"https:\\\/\\\/bibliotecalatinx.com\\\/#organization\",\"name\":\"Biblioteca Latinx\",\"url\":\"https:\\\/\\\/bibliotecalatinx.com\\\/\",\"logo\":{\"@type\":\"ImageObject\",\"inLanguage\":\"es\",\"@id\":\"https:\\\/\\\/bibliotecalatinx.com\\\/#\\\/schema\\\/logo\\\/image\\\/\",\"url\":\"https:\\\/\\\/bibliotecalatinx.com\\\/wp-content\\\/uploads\\\/2025\\\/07\\\/attachment-1.png\",\"contentUrl\":\"https:\\\/\\\/bibliotecalatinx.com\\\/wp-content\\\/uploads\\\/2025\\\/07\\\/attachment-1.png\",\"width\":234,\"height\":234,\"caption\":\"Biblioteca Latinx\"},\"image\":{\"@id\":\"https:\\\/\\\/bibliotecalatinx.com\\\/#\\\/schema\\\/logo\\\/image\\\/\"}}]}<\/script>\n<!-- \/ Yoast SEO plugin. -->","yoast_head_json":{"title":"ECOS DE LA MEMORIA: \u00d3SCAR TORRES Y EL ENCUENTRO CON VOCES INOCENTES - Biblioteca Latinx","robots":{"index":"noindex","follow":"follow","max-snippet":"max-snippet:-1","max-image-preview":"max-image-preview:large","max-video-preview":"max-video-preview:-1"},"og_locale":"es_MX","og_type":"article","og_title":"ECOS DE LA MEMORIA: \u00d3SCAR TORRES Y EL ENCUENTRO CON VOCES INOCENTES - Biblioteca Latinx","og_description":"Conflict and art tend to go together. The projection of conflict through provocative forms of artistic expression such as literature, painting, music, and","og_url":"https:\/\/bibliotecalatinx.com\/es\/producto\/ecos-de-la-memoria-oscar-torres-y-el-encuentro-con-voces-inocentes\/","og_site_name":"Biblioteca Latinx","og_image":[{"url":"https:\/\/bibliotecalatinx.com\/wp-content\/uploads\/2025\/08\/1.-FRONT-AND-BACK-COVERS-ECOS-DE-LA-MEMORIA-Currently-Unavailable-pdf.jpg","type":"","width":"","height":""}],"twitter_card":"summary_large_image","twitter_title":"ECOS DE LA MEMORIA: \u00d3SCAR TORRES Y EL ENCUENTRO CON VOCES INOCENTES - Biblioteca Latinx","twitter_description":"Conflict and art tend to go together. The projection of conflict through provocative forms of artistic expression such as literature, painting, music, and","twitter_image":"https:\/\/bibliotecalatinx.com\/wp-content\/uploads\/2025\/08\/1.-FRONT-AND-BACK-COVERS-ECOS-DE-LA-MEMORIA-Currently-Unavailable-pdf.jpg","twitter_misc":{"Tiempo de lectura":"1 minuto"},"schema":{"@context":"https:\/\/schema.org","@graph":[{"@type":"WebPage","@id":"https:\/\/bibliotecalatinx.com\/product\/ecos-de-la-memoria-oscar-torres-y-el-encuentro-con-voces-inocentes\/","url":"https:\/\/bibliotecalatinx.com\/product\/ecos-de-la-memoria-oscar-torres-y-el-encuentro-con-voces-inocentes\/","name":"ECOS DE LA MEMORIA: \u00d3SCAR TORRES Y EL ENCUENTRO CON VOCES INOCENTES - Biblioteca Latinx","isPartOf":{"@id":"https:\/\/bibliotecalatinx.com\/#website"},"primaryImageOfPage":{"@id":"https:\/\/bibliotecalatinx.com\/product\/ecos-de-la-memoria-oscar-torres-y-el-encuentro-con-voces-inocentes\/#primaryimage"},"image":{"@id":"https:\/\/bibliotecalatinx.com\/product\/ecos-de-la-memoria-oscar-torres-y-el-encuentro-con-voces-inocentes\/#primaryimage"},"thumbnailUrl":"https:\/\/bibliotecalatinx.com\/wp-content\/uploads\/2025\/08\/1.-FRONT-AND-BACK-COVERS-ECOS-DE-LA-MEMORIA-Currently-Unavailable-pdf.jpg","datePublished":"2025-08-12T18:30:17+00:00","breadcrumb":{"@id":"https:\/\/bibliotecalatinx.com\/product\/ecos-de-la-memoria-oscar-torres-y-el-encuentro-con-voces-inocentes\/#breadcrumb"},"inLanguage":"es","potentialAction":[{"@type":"ReadAction","target":["https:\/\/bibliotecalatinx.com\/product\/ecos-de-la-memoria-oscar-torres-y-el-encuentro-con-voces-inocentes\/"]}]},{"@type":"ImageObject","inLanguage":"es","@id":"https:\/\/bibliotecalatinx.com\/product\/ecos-de-la-memoria-oscar-torres-y-el-encuentro-con-voces-inocentes\/#primaryimage","url":"https:\/\/bibliotecalatinx.com\/wp-content\/uploads\/2025\/08\/1.-FRONT-AND-BACK-COVERS-ECOS-DE-LA-MEMORIA-Currently-Unavailable-pdf.jpg","contentUrl":"https:\/\/bibliotecalatinx.com\/wp-content\/uploads\/2025\/08\/1.-FRONT-AND-BACK-COVERS-ECOS-DE-LA-MEMORIA-Currently-Unavailable-pdf.jpg"},{"@type":"BreadcrumbList","@id":"https:\/\/bibliotecalatinx.com\/product\/ecos-de-la-memoria-oscar-torres-y-el-encuentro-con-voces-inocentes\/#breadcrumb","itemListElement":[{"@type":"ListItem","position":1,"name":"Home","item":"https:\/\/bibliotecalatinx.com\/"},{"@type":"ListItem","position":2,"name":"Shop","item":"https:\/\/bibliotecalatinx.com\/shop\/"},{"@type":"ListItem","position":3,"name":"ECOS DE LA MEMORIA: \u00d3SCAR TORRES Y EL ENCUENTRO CON VOCES INOCENTES"}]},{"@type":"WebSite","@id":"https:\/\/bibliotecalatinx.com\/#website","url":"https:\/\/bibliotecalatinx.com\/","name":"Biblioteca Latinx","description":"","publisher":{"@id":"https:\/\/bibliotecalatinx.com\/#organization"},"potentialAction":[{"@type":"SearchAction","target":{"@type":"EntryPoint","urlTemplate":"https:\/\/bibliotecalatinx.com\/?s={search_term_string}"},"query-input":{"@type":"PropertyValueSpecification","valueRequired":true,"valueName":"search_term_string"}}],"inLanguage":"es"},{"@type":"Organization","@id":"https:\/\/bibliotecalatinx.com\/#organization","name":"Biblioteca Latinx","url":"https:\/\/bibliotecalatinx.com\/","logo":{"@type":"ImageObject","inLanguage":"es","@id":"https:\/\/bibliotecalatinx.com\/#\/schema\/logo\/image\/","url":"https:\/\/bibliotecalatinx.com\/wp-content\/uploads\/2025\/07\/attachment-1.png","contentUrl":"https:\/\/bibliotecalatinx.com\/wp-content\/uploads\/2025\/07\/attachment-1.png","width":234,"height":234,"caption":"Biblioteca Latinx"},"image":{"@id":"https:\/\/bibliotecalatinx.com\/#\/schema\/logo\/image\/"}}]}},"_links":{"self":[{"href":"https:\/\/bibliotecalatinx.com\/es\/wp-json\/wp\/v2\/product\/51489","targetHints":{"allow":["GET"]}}],"collection":[{"href":"https:\/\/bibliotecalatinx.com\/es\/wp-json\/wp\/v2\/product"}],"about":[{"href":"https:\/\/bibliotecalatinx.com\/es\/wp-json\/wp\/v2\/types\/product"}],"replies":[{"embeddable":true,"href":"https:\/\/bibliotecalatinx.com\/es\/wp-json\/wp\/v2\/comments?post=51489"}],"wp:featuredmedia":[{"embeddable":true,"href":"https:\/\/bibliotecalatinx.com\/es\/wp-json\/wp\/v2\/media\/51490"}],"wp:attachment":[{"href":"https:\/\/bibliotecalatinx.com\/es\/wp-json\/wp\/v2\/media?parent=51489"}],"wp:term":[{"taxonomy":"product_brand","embeddable":true,"href":"https:\/\/bibliotecalatinx.com\/es\/wp-json\/wp\/v2\/product_brand?post=51489"},{"taxonomy":"product_cat","embeddable":true,"href":"https:\/\/bibliotecalatinx.com\/es\/wp-json\/wp\/v2\/product_cat?post=51489"},{"taxonomy":"product_tag","embeddable":true,"href":"https:\/\/bibliotecalatinx.com\/es\/wp-json\/wp\/v2\/product_tag?post=51489"}],"curies":[{"name":"wp","href":"https:\/\/api.w.org\/{rel}","templated":true}]}}