{"id":51486,"date":"2025-08-12T11:25:34","date_gmt":"2025-08-12T18:25:34","guid":{"rendered":"https:\/\/bibliotecalatinx.com\/?post_type=product&#038;p=51486"},"modified":"2025-08-28T08:47:04","modified_gmt":"2025-08-28T15:47:04","slug":"cuando-mis-hijos-sean-grandes","status":"publish","type":"product","link":"https:\/\/bibliotecalatinx.com\/es\/producto\/cuando-mis-hijos-sean-grandes\/","title":{"rendered":"CUANDO MIS HIJOS SEAN GRANDES"},"content":{"rendered":"<p>The document highlights the life and contributions of Adalberto M. Guerrero, born in 1929 during the Great Depression. It describes his upbringing in the mining towns of Arizona, where Mexicans lived amidst poverty and scarcity. Despite these challenges, values like optimism, faith, solidarity, and determination, instilled by his parents, helped his family improve their lives.<br \/>\nGuerrero expresses gratitude toward his family, friends, and community for their support. He later became a prominent community leader, successfully advocating for the cultural and educational rights of Mexicans in the United States.<\/p>\n<p>En sus MEMORIAS, el Profesor Guerrero nos cuenta el por qu\u00e9 debe tanto a sus padres, a su familia y a su comunidad. Al conocer las experiencias plasmadas en CUANDO MIS HIJOS SEAN GRANDES\u2026 podemos percatarnos de c\u00f3mo viv\u00edan los mexicanos entre carencias y precariedades; entre la escasez y la falta de bienes materiales en los pueblos mineros de Arizona. S\u00f3lo el optimismo, la fe, la solidaridad y el deseo vehemente de triunfar en la vida, valores ense\u00f1ados por sus padres, llevaron a toda la familia a mejorar sus condiciones de existencia. Es por eso que Beto, cuando se refiere a sus abuelos, a sus padres, a sus hermanos, a sus amigos y a la comunidad en general, lo hace con tanto agradecimiento y ternura.<\/p>\n<p>ADALBERTO M. GUERRERO, naci\u00f3 en 1929 durante La Gran Depresi\u00f3n, en un ambiente social hostil que toler\u00f3 y super\u00f3 con creces, ya que se distingui\u00f3 junto con otros l\u00edderes comunitarios, por defender con \u00e9xito los derechos culturales y educativos de los mexicanos en los Estados Unidos de Norteam\u00e9rica.<\/p>","protected":false},"excerpt":{"rendered":"<p><a href=\"https:\/\/www.amazon.com\/Cuando-mis-hijos-sean-grandes-ebook\/dp\/B08FKSVD5R\/ref=sr\\\\_1\\\\_1?crid=3DCK13X8VE7QK\\\\&amp;dib=eyJ2IjoiMSJ9.10iShkIlvy4Ix5bYE6yXSiIY-hnyyFBRHOpjt2eSqM7qCksb4DIZjh1bLnLDweDwdHSRXOQSf-kkkpIWa\\\\_LyWA.pXQr739S766Bf\\\\_G6OpHLJXrRLOkO9DRRGL3X7e3xneY\\\\&amp;dib\\\\_tag=se\\\\&amp;keywords=CUANDO+MIS+HIJOS+SEAN+GRANDES\\\\&amp;qid=1755023042\\\\&amp;sprefix=cuando+mis+hijos+sean+grandes%2Caps%2C323\\\\&amp;sr=8-1\" target=\"_blank\" rel=\"noopener\">Buy a Digital Copy<\/a><\/p>","protected":false},"featured_media":51487,"comment_status":"closed","ping_status":"closed","template":"","meta":[],"product_brand":[],"product_cat":[25],"product_tag":[],"class_list":{"0":"post-51486","1":"product","2":"type-product","3":"status-publish","4":"has-post-thumbnail","6":"product_cat-general-interest-books","8":"first","9":"instock","10":"sale","11":"taxable","12":"shipping-taxable","13":"purchasable","14":"product-type-simple"},"yoast_head":"<!-- This site is optimized with the Yoast SEO plugin v27.4 - https:\/\/yoast.com\/product\/yoast-seo-wordpress\/ -->\n<title>CUANDO MIS HIJOS SEAN GRANDES - Biblioteca Latinx<\/title>\n<meta name=\"robots\" content=\"noindex, follow, max-snippet:-1, max-image-preview:large, max-video-preview:-1\" \/>\n<meta property=\"og:locale\" content=\"es_MX\" \/>\n<meta property=\"og:type\" content=\"article\" \/>\n<meta property=\"og:title\" content=\"CUANDO MIS HIJOS SEAN GRANDES - Biblioteca Latinx\" \/>\n<meta property=\"og:description\" content=\"Buy a Digital Copy\" \/>\n<meta property=\"og:url\" content=\"https:\/\/bibliotecalatinx.com\/es\/producto\/cuando-mis-hijos-sean-grandes\/\" \/>\n<meta property=\"og:site_name\" content=\"Biblioteca Latinx\" \/>\n<meta property=\"article:modified_time\" content=\"2025-08-28T15:47:04+00:00\" \/>\n<meta property=\"og:image\" content=\"https:\/\/bibliotecalatinx.com\/wp-content\/uploads\/2025\/08\/FRONT-COVER-Cuando-Mis-Hijos-sean-Grandes.jpg\" \/>\n<meta name=\"twitter:card\" content=\"summary_large_image\" \/>\n<meta name=\"twitter:title\" content=\"CUANDO MIS HIJOS SEAN GRANDES - Biblioteca Latinx\" \/>\n<meta name=\"twitter:description\" content=\"Buy a Digital Copy\" \/>\n<meta name=\"twitter:image\" content=\"https:\/\/bibliotecalatinx.com\/wp-content\/uploads\/2025\/08\/FRONT-COVER-Cuando-Mis-Hijos-sean-Grandes.jpg\" \/>\n<meta name=\"twitter:label1\" content=\"Tiempo de lectura\" \/>\n\t<meta name=\"twitter:data1\" content=\"2 minutos\" \/>\n<script type=\"application\/ld+json\" class=\"yoast-schema-graph\">{\"@context\":\"https:\\\/\\\/schema.org\",\"@graph\":[{\"@type\":\"WebPage\",\"@id\":\"https:\\\/\\\/bibliotecalatinx.com\\\/product\\\/cuando-mis-hijos-sean-grandes\\\/\",\"url\":\"https:\\\/\\\/bibliotecalatinx.com\\\/product\\\/cuando-mis-hijos-sean-grandes\\\/\",\"name\":\"CUANDO MIS HIJOS SEAN GRANDES - Biblioteca Latinx\",\"isPartOf\":{\"@id\":\"https:\\\/\\\/bibliotecalatinx.com\\\/#website\"},\"primaryImageOfPage\":{\"@id\":\"https:\\\/\\\/bibliotecalatinx.com\\\/product\\\/cuando-mis-hijos-sean-grandes\\\/#primaryimage\"},\"image\":{\"@id\":\"https:\\\/\\\/bibliotecalatinx.com\\\/product\\\/cuando-mis-hijos-sean-grandes\\\/#primaryimage\"},\"thumbnailUrl\":\"https:\\\/\\\/bibliotecalatinx.com\\\/wp-content\\\/uploads\\\/2025\\\/08\\\/FRONT-COVER-Cuando-Mis-Hijos-sean-Grandes.jpg\",\"datePublished\":\"2025-08-12T18:25:34+00:00\",\"dateModified\":\"2025-08-28T15:47:04+00:00\",\"breadcrumb\":{\"@id\":\"https:\\\/\\\/bibliotecalatinx.com\\\/product\\\/cuando-mis-hijos-sean-grandes\\\/#breadcrumb\"},\"inLanguage\":\"es\",\"potentialAction\":[{\"@type\":\"ReadAction\",\"target\":[\"https:\\\/\\\/bibliotecalatinx.com\\\/product\\\/cuando-mis-hijos-sean-grandes\\\/\"]}]},{\"@type\":\"ImageObject\",\"inLanguage\":\"es\",\"@id\":\"https:\\\/\\\/bibliotecalatinx.com\\\/product\\\/cuando-mis-hijos-sean-grandes\\\/#primaryimage\",\"url\":\"https:\\\/\\\/bibliotecalatinx.com\\\/wp-content\\\/uploads\\\/2025\\\/08\\\/FRONT-COVER-Cuando-Mis-Hijos-sean-Grandes.jpg\",\"contentUrl\":\"https:\\\/\\\/bibliotecalatinx.com\\\/wp-content\\\/uploads\\\/2025\\\/08\\\/FRONT-COVER-Cuando-Mis-Hijos-sean-Grandes.jpg\",\"width\":800,\"height\":1280,\"caption\":\"Version 1.0.0\"},{\"@type\":\"BreadcrumbList\",\"@id\":\"https:\\\/\\\/bibliotecalatinx.com\\\/product\\\/cuando-mis-hijos-sean-grandes\\\/#breadcrumb\",\"itemListElement\":[{\"@type\":\"ListItem\",\"position\":1,\"name\":\"Home\",\"item\":\"https:\\\/\\\/bibliotecalatinx.com\\\/\"},{\"@type\":\"ListItem\",\"position\":2,\"name\":\"Shop\",\"item\":\"https:\\\/\\\/bibliotecalatinx.com\\\/shop\\\/\"},{\"@type\":\"ListItem\",\"position\":3,\"name\":\"CUANDO MIS HIJOS SEAN GRANDES\"}]},{\"@type\":\"WebSite\",\"@id\":\"https:\\\/\\\/bibliotecalatinx.com\\\/#website\",\"url\":\"https:\\\/\\\/bibliotecalatinx.com\\\/\",\"name\":\"Biblioteca Latinx\",\"description\":\"\",\"publisher\":{\"@id\":\"https:\\\/\\\/bibliotecalatinx.com\\\/#organization\"},\"potentialAction\":[{\"@type\":\"SearchAction\",\"target\":{\"@type\":\"EntryPoint\",\"urlTemplate\":\"https:\\\/\\\/bibliotecalatinx.com\\\/?s={search_term_string}\"},\"query-input\":{\"@type\":\"PropertyValueSpecification\",\"valueRequired\":true,\"valueName\":\"search_term_string\"}}],\"inLanguage\":\"es\"},{\"@type\":\"Organization\",\"@id\":\"https:\\\/\\\/bibliotecalatinx.com\\\/#organization\",\"name\":\"Biblioteca Latinx\",\"url\":\"https:\\\/\\\/bibliotecalatinx.com\\\/\",\"logo\":{\"@type\":\"ImageObject\",\"inLanguage\":\"es\",\"@id\":\"https:\\\/\\\/bibliotecalatinx.com\\\/#\\\/schema\\\/logo\\\/image\\\/\",\"url\":\"https:\\\/\\\/bibliotecalatinx.com\\\/wp-content\\\/uploads\\\/2025\\\/07\\\/attachment-1.png\",\"contentUrl\":\"https:\\\/\\\/bibliotecalatinx.com\\\/wp-content\\\/uploads\\\/2025\\\/07\\\/attachment-1.png\",\"width\":234,\"height\":234,\"caption\":\"Biblioteca Latinx\"},\"image\":{\"@id\":\"https:\\\/\\\/bibliotecalatinx.com\\\/#\\\/schema\\\/logo\\\/image\\\/\"}}]}<\/script>\n<!-- \/ Yoast SEO plugin. -->","yoast_head_json":{"title":"CUANDO MIS HIJOS SEAN GRANDES - Biblioteca Latinx","robots":{"index":"noindex","follow":"follow","max-snippet":"max-snippet:-1","max-image-preview":"max-image-preview:large","max-video-preview":"max-video-preview:-1"},"og_locale":"es_MX","og_type":"article","og_title":"CUANDO MIS HIJOS SEAN GRANDES - Biblioteca Latinx","og_description":"Buy a Digital Copy","og_url":"https:\/\/bibliotecalatinx.com\/es\/producto\/cuando-mis-hijos-sean-grandes\/","og_site_name":"Biblioteca Latinx","article_modified_time":"2025-08-28T15:47:04+00:00","og_image":[{"url":"https:\/\/bibliotecalatinx.com\/wp-content\/uploads\/2025\/08\/FRONT-COVER-Cuando-Mis-Hijos-sean-Grandes.jpg","type":"","width":"","height":""}],"twitter_card":"summary_large_image","twitter_title":"CUANDO MIS HIJOS SEAN GRANDES - Biblioteca Latinx","twitter_description":"Buy a Digital Copy","twitter_image":"https:\/\/bibliotecalatinx.com\/wp-content\/uploads\/2025\/08\/FRONT-COVER-Cuando-Mis-Hijos-sean-Grandes.jpg","twitter_misc":{"Tiempo de lectura":"2 minutos"},"schema":{"@context":"https:\/\/schema.org","@graph":[{"@type":"WebPage","@id":"https:\/\/bibliotecalatinx.com\/product\/cuando-mis-hijos-sean-grandes\/","url":"https:\/\/bibliotecalatinx.com\/product\/cuando-mis-hijos-sean-grandes\/","name":"CUANDO MIS HIJOS SEAN GRANDES - Biblioteca Latinx","isPartOf":{"@id":"https:\/\/bibliotecalatinx.com\/#website"},"primaryImageOfPage":{"@id":"https:\/\/bibliotecalatinx.com\/product\/cuando-mis-hijos-sean-grandes\/#primaryimage"},"image":{"@id":"https:\/\/bibliotecalatinx.com\/product\/cuando-mis-hijos-sean-grandes\/#primaryimage"},"thumbnailUrl":"https:\/\/bibliotecalatinx.com\/wp-content\/uploads\/2025\/08\/FRONT-COVER-Cuando-Mis-Hijos-sean-Grandes.jpg","datePublished":"2025-08-12T18:25:34+00:00","dateModified":"2025-08-28T15:47:04+00:00","breadcrumb":{"@id":"https:\/\/bibliotecalatinx.com\/product\/cuando-mis-hijos-sean-grandes\/#breadcrumb"},"inLanguage":"es","potentialAction":[{"@type":"ReadAction","target":["https:\/\/bibliotecalatinx.com\/product\/cuando-mis-hijos-sean-grandes\/"]}]},{"@type":"ImageObject","inLanguage":"es","@id":"https:\/\/bibliotecalatinx.com\/product\/cuando-mis-hijos-sean-grandes\/#primaryimage","url":"https:\/\/bibliotecalatinx.com\/wp-content\/uploads\/2025\/08\/FRONT-COVER-Cuando-Mis-Hijos-sean-Grandes.jpg","contentUrl":"https:\/\/bibliotecalatinx.com\/wp-content\/uploads\/2025\/08\/FRONT-COVER-Cuando-Mis-Hijos-sean-Grandes.jpg","width":800,"height":1280,"caption":"Version 1.0.0"},{"@type":"BreadcrumbList","@id":"https:\/\/bibliotecalatinx.com\/product\/cuando-mis-hijos-sean-grandes\/#breadcrumb","itemListElement":[{"@type":"ListItem","position":1,"name":"Home","item":"https:\/\/bibliotecalatinx.com\/"},{"@type":"ListItem","position":2,"name":"Shop","item":"https:\/\/bibliotecalatinx.com\/shop\/"},{"@type":"ListItem","position":3,"name":"CUANDO MIS HIJOS SEAN GRANDES"}]},{"@type":"WebSite","@id":"https:\/\/bibliotecalatinx.com\/#website","url":"https:\/\/bibliotecalatinx.com\/","name":"Biblioteca Latinx","description":"","publisher":{"@id":"https:\/\/bibliotecalatinx.com\/#organization"},"potentialAction":[{"@type":"SearchAction","target":{"@type":"EntryPoint","urlTemplate":"https:\/\/bibliotecalatinx.com\/?s={search_term_string}"},"query-input":{"@type":"PropertyValueSpecification","valueRequired":true,"valueName":"search_term_string"}}],"inLanguage":"es"},{"@type":"Organization","@id":"https:\/\/bibliotecalatinx.com\/#organization","name":"Biblioteca Latinx","url":"https:\/\/bibliotecalatinx.com\/","logo":{"@type":"ImageObject","inLanguage":"es","@id":"https:\/\/bibliotecalatinx.com\/#\/schema\/logo\/image\/","url":"https:\/\/bibliotecalatinx.com\/wp-content\/uploads\/2025\/07\/attachment-1.png","contentUrl":"https:\/\/bibliotecalatinx.com\/wp-content\/uploads\/2025\/07\/attachment-1.png","width":234,"height":234,"caption":"Biblioteca Latinx"},"image":{"@id":"https:\/\/bibliotecalatinx.com\/#\/schema\/logo\/image\/"}}]}},"_links":{"self":[{"href":"https:\/\/bibliotecalatinx.com\/es\/wp-json\/wp\/v2\/product\/51486","targetHints":{"allow":["GET"]}}],"collection":[{"href":"https:\/\/bibliotecalatinx.com\/es\/wp-json\/wp\/v2\/product"}],"about":[{"href":"https:\/\/bibliotecalatinx.com\/es\/wp-json\/wp\/v2\/types\/product"}],"replies":[{"embeddable":true,"href":"https:\/\/bibliotecalatinx.com\/es\/wp-json\/wp\/v2\/comments?post=51486"}],"wp:featuredmedia":[{"embeddable":true,"href":"https:\/\/bibliotecalatinx.com\/es\/wp-json\/wp\/v2\/media\/51487"}],"wp:attachment":[{"href":"https:\/\/bibliotecalatinx.com\/es\/wp-json\/wp\/v2\/media?parent=51486"}],"wp:term":[{"taxonomy":"product_brand","embeddable":true,"href":"https:\/\/bibliotecalatinx.com\/es\/wp-json\/wp\/v2\/product_brand?post=51486"},{"taxonomy":"product_cat","embeddable":true,"href":"https:\/\/bibliotecalatinx.com\/es\/wp-json\/wp\/v2\/product_cat?post=51486"},{"taxonomy":"product_tag","embeddable":true,"href":"https:\/\/bibliotecalatinx.com\/es\/wp-json\/wp\/v2\/product_tag?post=51486"}],"curies":[{"name":"wp","href":"https:\/\/api.w.org\/{rel}","templated":true}]}}