{"id":51483,"date":"2025-08-12T11:20:27","date_gmt":"2025-08-12T18:20:27","guid":{"rendered":"https:\/\/bibliotecalatinx.com\/?post_type=product&#038;p=51483"},"modified":"2025-08-20T02:11:55","modified_gmt":"2025-08-20T09:11:55","slug":"julio-g-arce","status":"publish","type":"product","link":"https:\/\/bibliotecalatinx.com\/es\/producto\/julio-g-arce\/","title":{"rendered":"JULIO G. ARCE"},"content":{"rendered":"<p>La presente obra explora la vida period\u00edstica y literaria de Julio Gonz\u00e1lez Arce, el escritor m\u00e1s importante del segundo exilio mexicano del siglo XX en el suroeste norteamericano. Su creaci\u00f3n verbal contribuy\u00f3 sobremanera en el mantenimiento de la cultura y el lenguaje espa\u00f1ol, en un per\u00edodo hist\u00f3rico caracterizado por la expansi\u00f3n dominante de la cultura imperial norteamericana. En esta investigaci\u00f3n documental se rescata una gran parte de la producci\u00f3n escrita de quien, a nuestro juicio, fue uno de los autores exiliados que deber\u00edan ocupar un lugar especial en el canon literario americano y mexicano, as\u00ed como en la historia del periodismo de ambos pa\u00edses.<br \/>\nSobre los autores:<br \/>\n\u2022 Fernando Tapia Grijalva es profesor investigador de tiempo completo en el Departamento de Psicolog\u00eda y Ciencias de la Comunicaci\u00f3n en la Universidad de Sonora. Ha publicado el libro &#8220;Sonetos y Sonatas de Miguel Bola\u00f1os Cacho&#8221; y varios art\u00edculos en revistas internacionales sobre el tema del exilio y la cultura chicana. Actualmente dirige el proyecto de investigaci\u00f3n, Dominaci\u00f3n y subordinaci\u00f3n en los esquemas de comunicaci\u00f3n en la frontera Sonora-Arizona.<br \/>\n\u2022 Armando Migu\u00e9lez Mart\u00ednez es educador e investigador de la cultura y literatura hispanounidenses. Es coautor de &#8220;Literatura de la Revoluci\u00f3n Mexicana en el Exilio: Fuentes para su estudio&#8221;, con Oscar Somoza, as\u00ed como de &#8220;Jauja: M\u00e9todo integral de espa\u00f1ol para biling\u00fces&#8221;, con Mar\u00eda Sandoval. Tambi\u00e9n public\u00f3 &#8220;Antolog\u00eda hist\u00f3rica del cuento literario chicano 1877-1950&#8221;. Ha rescatado una gran cantidad de informaci\u00f3n sobre la producci\u00f3n literaria y period\u00edstica en publicaciones escritas en espa\u00f1ol en el suroeste norteamericano.<\/p>","protected":false},"excerpt":{"rendered":"<p><a href=\"https:\/\/www.amazon.com\/Julio-Arce-periodista-territorio-aztlanense-ebook\/dp\/B07PZX8NBP\/ref=tmm\\\\_kin\\\\_swatch\\\\_0?\\\\_encoding=UTF8\\\\&amp;dib\\\\_tag=se\\\\&amp;dib=eyJ2IjoiMSJ9.4jc\\\\_O2R3sRFPrzHTh6cVPsyIfjOPLJkSCQc32yPPV94.ljCFIlPxupaAer3sLczveLKHGNPsDgGKYE4yiUihu\\\\_c\\\\&amp;qid=1755022725\\\\&amp;sr=8-1\" target=\"_blank\" rel=\"noopener\">Buy a Digital Copy<\/a><\/p>","protected":false},"featured_media":51484,"comment_status":"closed","ping_status":"closed","template":"","meta":[],"product_brand":[],"product_cat":[25],"product_tag":[],"class_list":{"0":"post-51483","1":"product","2":"type-product","3":"status-publish","4":"has-post-thumbnail","6":"product_cat-general-interest-books","8":"first","9":"instock","10":"sale","11":"taxable","12":"shipping-taxable","13":"purchasable","14":"product-type-variable"},"yoast_head":"<!-- This site is optimized with the Yoast SEO plugin v27.4 - https:\/\/yoast.com\/product\/yoast-seo-wordpress\/ -->\n<title>JULIO G. ARCE - Biblioteca Latinx<\/title>\n<meta name=\"robots\" content=\"noindex, follow, max-snippet:-1, max-image-preview:large, max-video-preview:-1\" \/>\n<meta property=\"og:locale\" content=\"es_MX\" \/>\n<meta property=\"og:type\" content=\"article\" \/>\n<meta property=\"og:title\" content=\"JULIO G. ARCE - Biblioteca Latinx\" \/>\n<meta property=\"og:description\" content=\"Buy a Digital Copy\" \/>\n<meta property=\"og:url\" content=\"https:\/\/bibliotecalatinx.com\/es\/producto\/julio-g-arce\/\" \/>\n<meta property=\"og:site_name\" content=\"Biblioteca Latinx\" \/>\n<meta property=\"article:modified_time\" content=\"2025-08-20T09:11:55+00:00\" \/>\n<meta property=\"og:image\" content=\"https:\/\/bibliotecalatinx.com\/wp-content\/uploads\/2025\/08\/FRONT-COVER-JULIO-G.-ARCE-PORTADA.jpg\" \/>\n<meta name=\"twitter:card\" content=\"summary_large_image\" \/>\n<meta name=\"twitter:title\" content=\"JULIO G. ARCE - Biblioteca Latinx\" \/>\n<meta name=\"twitter:description\" content=\"Buy a Digital Copy\" \/>\n<meta name=\"twitter:image\" content=\"https:\/\/bibliotecalatinx.com\/wp-content\/uploads\/2025\/08\/FRONT-COVER-JULIO-G.-ARCE-PORTADA.jpg\" \/>\n<meta name=\"twitter:label1\" content=\"Tiempo de lectura\" \/>\n\t<meta name=\"twitter:data1\" content=\"2 minutos\" \/>\n<script type=\"application\/ld+json\" class=\"yoast-schema-graph\">{\"@context\":\"https:\\\/\\\/schema.org\",\"@graph\":[{\"@type\":\"WebPage\",\"@id\":\"https:\\\/\\\/bibliotecalatinx.com\\\/product\\\/julio-g-arce\\\/\",\"url\":\"https:\\\/\\\/bibliotecalatinx.com\\\/product\\\/julio-g-arce\\\/\",\"name\":\"JULIO G. ARCE - Biblioteca Latinx\",\"isPartOf\":{\"@id\":\"https:\\\/\\\/bibliotecalatinx.com\\\/#website\"},\"primaryImageOfPage\":{\"@id\":\"https:\\\/\\\/bibliotecalatinx.com\\\/product\\\/julio-g-arce\\\/#primaryimage\"},\"image\":{\"@id\":\"https:\\\/\\\/bibliotecalatinx.com\\\/product\\\/julio-g-arce\\\/#primaryimage\"},\"thumbnailUrl\":\"https:\\\/\\\/bibliotecalatinx.com\\\/wp-content\\\/uploads\\\/2025\\\/08\\\/FRONT-COVER-JULIO-G.-ARCE-PORTADA.jpg\",\"datePublished\":\"2025-08-12T18:20:27+00:00\",\"dateModified\":\"2025-08-20T09:11:55+00:00\",\"breadcrumb\":{\"@id\":\"https:\\\/\\\/bibliotecalatinx.com\\\/product\\\/julio-g-arce\\\/#breadcrumb\"},\"inLanguage\":\"es\",\"potentialAction\":[{\"@type\":\"ReadAction\",\"target\":[\"https:\\\/\\\/bibliotecalatinx.com\\\/product\\\/julio-g-arce\\\/\"]}]},{\"@type\":\"ImageObject\",\"inLanguage\":\"es\",\"@id\":\"https:\\\/\\\/bibliotecalatinx.com\\\/product\\\/julio-g-arce\\\/#primaryimage\",\"url\":\"https:\\\/\\\/bibliotecalatinx.com\\\/wp-content\\\/uploads\\\/2025\\\/08\\\/FRONT-COVER-JULIO-G.-ARCE-PORTADA.jpg\",\"contentUrl\":\"https:\\\/\\\/bibliotecalatinx.com\\\/wp-content\\\/uploads\\\/2025\\\/08\\\/FRONT-COVER-JULIO-G.-ARCE-PORTADA.jpg\",\"width\":348,\"height\":522,\"caption\":\"Illustration of a Mexican writer and journalist from the 19th century.\"},{\"@type\":\"BreadcrumbList\",\"@id\":\"https:\\\/\\\/bibliotecalatinx.com\\\/product\\\/julio-g-arce\\\/#breadcrumb\",\"itemListElement\":[{\"@type\":\"ListItem\",\"position\":1,\"name\":\"Home\",\"item\":\"https:\\\/\\\/bibliotecalatinx.com\\\/\"},{\"@type\":\"ListItem\",\"position\":2,\"name\":\"Shop\",\"item\":\"https:\\\/\\\/bibliotecalatinx.com\\\/shop\\\/\"},{\"@type\":\"ListItem\",\"position\":3,\"name\":\"JULIO G. ARCE\"}]},{\"@type\":\"WebSite\",\"@id\":\"https:\\\/\\\/bibliotecalatinx.com\\\/#website\",\"url\":\"https:\\\/\\\/bibliotecalatinx.com\\\/\",\"name\":\"Biblioteca Latinx\",\"description\":\"\",\"publisher\":{\"@id\":\"https:\\\/\\\/bibliotecalatinx.com\\\/#organization\"},\"potentialAction\":[{\"@type\":\"SearchAction\",\"target\":{\"@type\":\"EntryPoint\",\"urlTemplate\":\"https:\\\/\\\/bibliotecalatinx.com\\\/?s={search_term_string}\"},\"query-input\":{\"@type\":\"PropertyValueSpecification\",\"valueRequired\":true,\"valueName\":\"search_term_string\"}}],\"inLanguage\":\"es\"},{\"@type\":\"Organization\",\"@id\":\"https:\\\/\\\/bibliotecalatinx.com\\\/#organization\",\"name\":\"Biblioteca Latinx\",\"url\":\"https:\\\/\\\/bibliotecalatinx.com\\\/\",\"logo\":{\"@type\":\"ImageObject\",\"inLanguage\":\"es\",\"@id\":\"https:\\\/\\\/bibliotecalatinx.com\\\/#\\\/schema\\\/logo\\\/image\\\/\",\"url\":\"https:\\\/\\\/bibliotecalatinx.com\\\/wp-content\\\/uploads\\\/2025\\\/07\\\/attachment-1.png\",\"contentUrl\":\"https:\\\/\\\/bibliotecalatinx.com\\\/wp-content\\\/uploads\\\/2025\\\/07\\\/attachment-1.png\",\"width\":234,\"height\":234,\"caption\":\"Biblioteca Latinx\"},\"image\":{\"@id\":\"https:\\\/\\\/bibliotecalatinx.com\\\/#\\\/schema\\\/logo\\\/image\\\/\"}}]}<\/script>\n<!-- \/ Yoast SEO plugin. -->","yoast_head_json":{"title":"JULIO G. ARCE - Biblioteca Latinx","robots":{"index":"noindex","follow":"follow","max-snippet":"max-snippet:-1","max-image-preview":"max-image-preview:large","max-video-preview":"max-video-preview:-1"},"og_locale":"es_MX","og_type":"article","og_title":"JULIO G. ARCE - Biblioteca Latinx","og_description":"Buy a Digital Copy","og_url":"https:\/\/bibliotecalatinx.com\/es\/producto\/julio-g-arce\/","og_site_name":"Biblioteca Latinx","article_modified_time":"2025-08-20T09:11:55+00:00","og_image":[{"url":"https:\/\/bibliotecalatinx.com\/wp-content\/uploads\/2025\/08\/FRONT-COVER-JULIO-G.-ARCE-PORTADA.jpg","type":"","width":"","height":""}],"twitter_card":"summary_large_image","twitter_title":"JULIO G. ARCE - Biblioteca Latinx","twitter_description":"Buy a Digital Copy","twitter_image":"https:\/\/bibliotecalatinx.com\/wp-content\/uploads\/2025\/08\/FRONT-COVER-JULIO-G.-ARCE-PORTADA.jpg","twitter_misc":{"Tiempo de lectura":"2 minutos"},"schema":{"@context":"https:\/\/schema.org","@graph":[{"@type":"WebPage","@id":"https:\/\/bibliotecalatinx.com\/product\/julio-g-arce\/","url":"https:\/\/bibliotecalatinx.com\/product\/julio-g-arce\/","name":"JULIO G. ARCE - Biblioteca Latinx","isPartOf":{"@id":"https:\/\/bibliotecalatinx.com\/#website"},"primaryImageOfPage":{"@id":"https:\/\/bibliotecalatinx.com\/product\/julio-g-arce\/#primaryimage"},"image":{"@id":"https:\/\/bibliotecalatinx.com\/product\/julio-g-arce\/#primaryimage"},"thumbnailUrl":"https:\/\/bibliotecalatinx.com\/wp-content\/uploads\/2025\/08\/FRONT-COVER-JULIO-G.-ARCE-PORTADA.jpg","datePublished":"2025-08-12T18:20:27+00:00","dateModified":"2025-08-20T09:11:55+00:00","breadcrumb":{"@id":"https:\/\/bibliotecalatinx.com\/product\/julio-g-arce\/#breadcrumb"},"inLanguage":"es","potentialAction":[{"@type":"ReadAction","target":["https:\/\/bibliotecalatinx.com\/product\/julio-g-arce\/"]}]},{"@type":"ImageObject","inLanguage":"es","@id":"https:\/\/bibliotecalatinx.com\/product\/julio-g-arce\/#primaryimage","url":"https:\/\/bibliotecalatinx.com\/wp-content\/uploads\/2025\/08\/FRONT-COVER-JULIO-G.-ARCE-PORTADA.jpg","contentUrl":"https:\/\/bibliotecalatinx.com\/wp-content\/uploads\/2025\/08\/FRONT-COVER-JULIO-G.-ARCE-PORTADA.jpg","width":348,"height":522,"caption":"Illustration of a Mexican writer and journalist from the 19th century."},{"@type":"BreadcrumbList","@id":"https:\/\/bibliotecalatinx.com\/product\/julio-g-arce\/#breadcrumb","itemListElement":[{"@type":"ListItem","position":1,"name":"Home","item":"https:\/\/bibliotecalatinx.com\/"},{"@type":"ListItem","position":2,"name":"Shop","item":"https:\/\/bibliotecalatinx.com\/shop\/"},{"@type":"ListItem","position":3,"name":"JULIO G. ARCE"}]},{"@type":"WebSite","@id":"https:\/\/bibliotecalatinx.com\/#website","url":"https:\/\/bibliotecalatinx.com\/","name":"Biblioteca Latinx","description":"","publisher":{"@id":"https:\/\/bibliotecalatinx.com\/#organization"},"potentialAction":[{"@type":"SearchAction","target":{"@type":"EntryPoint","urlTemplate":"https:\/\/bibliotecalatinx.com\/?s={search_term_string}"},"query-input":{"@type":"PropertyValueSpecification","valueRequired":true,"valueName":"search_term_string"}}],"inLanguage":"es"},{"@type":"Organization","@id":"https:\/\/bibliotecalatinx.com\/#organization","name":"Biblioteca Latinx","url":"https:\/\/bibliotecalatinx.com\/","logo":{"@type":"ImageObject","inLanguage":"es","@id":"https:\/\/bibliotecalatinx.com\/#\/schema\/logo\/image\/","url":"https:\/\/bibliotecalatinx.com\/wp-content\/uploads\/2025\/07\/attachment-1.png","contentUrl":"https:\/\/bibliotecalatinx.com\/wp-content\/uploads\/2025\/07\/attachment-1.png","width":234,"height":234,"caption":"Biblioteca Latinx"},"image":{"@id":"https:\/\/bibliotecalatinx.com\/#\/schema\/logo\/image\/"}}]}},"_links":{"self":[{"href":"https:\/\/bibliotecalatinx.com\/es\/wp-json\/wp\/v2\/product\/51483","targetHints":{"allow":["GET"]}}],"collection":[{"href":"https:\/\/bibliotecalatinx.com\/es\/wp-json\/wp\/v2\/product"}],"about":[{"href":"https:\/\/bibliotecalatinx.com\/es\/wp-json\/wp\/v2\/types\/product"}],"replies":[{"embeddable":true,"href":"https:\/\/bibliotecalatinx.com\/es\/wp-json\/wp\/v2\/comments?post=51483"}],"wp:featuredmedia":[{"embeddable":true,"href":"https:\/\/bibliotecalatinx.com\/es\/wp-json\/wp\/v2\/media\/51484"}],"wp:attachment":[{"href":"https:\/\/bibliotecalatinx.com\/es\/wp-json\/wp\/v2\/media?parent=51483"}],"wp:term":[{"taxonomy":"product_brand","embeddable":true,"href":"https:\/\/bibliotecalatinx.com\/es\/wp-json\/wp\/v2\/product_brand?post=51483"},{"taxonomy":"product_cat","embeddable":true,"href":"https:\/\/bibliotecalatinx.com\/es\/wp-json\/wp\/v2\/product_cat?post=51483"},{"taxonomy":"product_tag","embeddable":true,"href":"https:\/\/bibliotecalatinx.com\/es\/wp-json\/wp\/v2\/product_tag?post=51483"}],"curies":[{"name":"wp","href":"https:\/\/api.w.org\/{rel}","templated":true}]}}