{"id":51480,"date":"2025-08-12T11:13:43","date_gmt":"2025-08-12T18:13:43","guid":{"rendered":"https:\/\/bibliotecalatinx.com\/?post_type=product&#038;p=51480"},"modified":"2025-08-28T08:48:14","modified_gmt":"2025-08-28T15:48:14","slug":"semblanzas-navidenas-en-aztlan","status":"publish","type":"product","link":"https:\/\/bibliotecalatinx.com\/es\/producto\/semblanzas-navidenas-en-aztlan\/","title":{"rendered":"SEMBLANZAS NAVIDE\u00d1AS EN AZTL\u00c1N"},"content":{"rendered":"<p>&#8220;Semblanzas Navide\u00f1as en Aztl\u00e1n: 1914-1954&#8221;, presenta elementos esenciales de la herencia de una de las tradiciones m\u00e1s ricas del mundo hisp\u00e1nico, y del hoy territorio norteamericano, alimentada por constantes flujos migratorios latinos desde el siglo XIX hasta nuestros d\u00edas. Son los recuerdos y la memoria de los desterrados, de los desplazados, de los exiliados, que llegando el invierno reviven el anta\u00f1o so\u00f1ado. La inmediatez de su publicaci\u00f3n habi\u00e9ndose escrito directamente alrededor de las fechas de Navidad, A\u00f1o Nuevo y Reyes Magos, les da a los textos una veracidad que contrasta con el pasado narrado. El rescate de estos cuentos, poemas y ensayos editoriales publicados originalmente en &#8220;El Tucsonense&#8221;, &#8220;Hispano-Am\u00e9rica&#8221;, &#8220;El Heraldo de M\u00e9xico en Los \u00c1ngeles&#8221;, &#8220;La Prensa&#8221; y &#8220;Las Novedades&#8221; (peri\u00f3dicos en espa\u00f1ol de Arizona, California, Nueva York y Texas); resulta fundamental para la preservaci\u00f3n de la memoria cultural, cuyas expresiones son indispensables en la realidad contempor\u00e1nea de los Estados Unidos. Nuestras costumbres y la lengua espa\u00f1ola son elementos culturales que han existido en la regi\u00f3n desde mucho antes de la presencia invasora angloparlante, que por medio de la fuerza militar, opresi\u00f3n y represi\u00f3n, se ha convertido en el grupo dominante que, a\u00fan hoy, sigue ignorando y rechazando la historia literaria de mexicanos, hispanos, latinos, chicanos, Latinx, etc\u00e9tera simplemente porque no se expresan en ingl\u00e9s y son parte de \u201cotra\u201d historia cultural y racial. Los escritores en esta antolog\u00eda Amado Cota Robles \u201cCor. Tom\u00e1s O. Belada\u201d, Rub\u00e9n Dar\u00edo, Gonzalo Casta\u00f1eda, Salom\u00f3n de la Selva, Juan C. Anino, Ana de Le\u00f3n \u201cCaridad\u201d, Guillermo Aguirre y Fierro \u201cChantecler\u201d, Mar\u00eda Guadalupe Valero de Pedroncini \u201cPierrette\u201d, Julio G. Arce \u201cJorge Ulica\u201d, Miguel Arce, Imeldo R. Cadena \u201cCarlo de Medina\u201d, May Stadden de Rojas, Tom\u00e1s Serrano Cabo, Jos\u00e9 Mar\u00eda Corbella de Folch \u201cFray Carmelo de la Inmaculada\u201d, Antonio R. Redondo \u201cEustaquio\u201d y Federico Vall\u00e9s, representan al importante grupo de los que se adaptaron a las opciones que ten\u00edan para publicar, difundir y preservar su idioma e identidad. Otras joyas literarias como \u00e9stas siguen ocultas e invisibles. Rescatarlas y darles voz significa recuperar una pieza vital del legado y llenar parte del vac\u00edo hist\u00f3rico-cultural de los pueblos de habla hispana en Norteam\u00e9rica.<\/p>\n<p>ARMANDO MIGU\u00c9LEZ MART\u00cdNEZ (Santib\u00e1\u00f1ez de la Isla, Le\u00f3n, Espa\u00f1a; 1951) es educador e investigador en las \u00e1reas de literatura e historia cultural de los chicanos, y ha publicado libros, art\u00edculos y ensayos acad\u00e9micos en M\u00e9xico, Europa y EEUU. En la actualidad trabaja rastreando en archivos por medio mundo las ra\u00edces decimon\u00f3nicas y de principios del siglo XX de la cultura chicana actual, y ha rescatado una gran cantidad de textos sobre la producci\u00f3n literaria en peri\u00f3dicos estadunidenses publicados en espa\u00f1ol. Es coautor de \u201cLiteratura de la Revoluci\u00f3n Mexicana en el exilio: Fuentes para su estudio\u201d, con Oscar Somoza, as\u00ed como \u201cJauja: M\u00e9todo integral de espa\u00f1ol para biling\u00fces\u201d, con Mar\u00eda Sandoval. Tambi\u00e9n public\u00f3 \u201cAntolog\u00eda hist\u00f3rica del cuento literario chicano 1877-1950\u201d.<\/p>\n<p>OSCAR SOMOZA URQU\u00cdDEZ (Agua Prieta, Sonora, M\u00e9xico; 1948) es autor de libros y art\u00edculos acad\u00e9micos sobre literatura latinoamericana y chicana en revistas mexicanas, europeas y estadunidenses. Tambi\u00e9n ha colaborado como editor invitado y publicado en revistas como \u201cConfluencia\u201d, \u201cThe Denver Quarterly\u201d, \u201cPlural\u201d y \u201cCuadernos Americanos\u201d, entre otras. Algunas de sus otras publicaciones incluyen: \u201cPalabra Nueva: Cuentos chicanos\u201d; \u201cNueva narrativa chicana\u201d; \u201cNarrativa chicana contempor\u00e1nea: principios fundamentales\u201d; y, \u201cEcos de la memoria: Oscar Torres y el encuentro con \u2018Voces inocentes\u2019\u201d. Hace ya varios a\u00f1os que colabora con Armando Migu\u00e9lez en el rescate y recopilaci\u00f3n de cuentos, poes\u00eda y ensayos de varios autores a partir de la prensa hispana de los EEUU.<\/p>","protected":false},"excerpt":{"rendered":"<p><a href=\"https:\/\/www.amazon.com\/Semblanzas-Navide\u00f1as-Aztl\u00e1n-1914-1954-Biblioteca-ebook\/dp\/B09887FTH8\/ref=tmm\\\\_kin\\\\_swatch\\\\_0?\\\\_encoding=UTF8\\\\&amp;dib\\\\_tag=se\\\\&amp;dib=eyJ2IjoiMSJ9.0G4uNZIw6bBh00pxNqpoRQ.B0AOoMzsVpcp\\\\_5XXO1Fv34DZObWILNW-iNhQiUYiL7g\\\\&amp;qid=1755022297\\\\&amp;sr=8-1\" target=\"_blank\" rel=\"noopener\">Buy a Digital Copy<\/a><\/p>","protected":false},"featured_media":51481,"comment_status":"closed","ping_status":"closed","template":"","meta":[],"product_brand":[],"product_cat":[25],"product_tag":[],"class_list":{"0":"post-51480","1":"product","2":"type-product","3":"status-publish","4":"has-post-thumbnail","6":"product_cat-general-interest-books","8":"first","9":"instock","10":"sale","11":"taxable","12":"shipping-taxable","13":"purchasable","14":"product-type-simple"},"yoast_head":"<!-- This site is optimized with the Yoast SEO plugin v27.4 - https:\/\/yoast.com\/product\/yoast-seo-wordpress\/ -->\n<title>SEMBLANZAS NAVIDE\u00d1AS EN AZTL\u00c1N - Biblioteca Latinx<\/title>\n<meta name=\"robots\" content=\"noindex, follow, max-snippet:-1, max-image-preview:large, max-video-preview:-1\" \/>\n<meta property=\"og:locale\" content=\"es_MX\" \/>\n<meta property=\"og:type\" content=\"article\" \/>\n<meta property=\"og:title\" content=\"SEMBLANZAS NAVIDE\u00d1AS EN AZTL\u00c1N - Biblioteca Latinx\" \/>\n<meta property=\"og:description\" content=\"Buy a Digital Copy\" \/>\n<meta property=\"og:url\" content=\"https:\/\/bibliotecalatinx.com\/es\/producto\/semblanzas-navidenas-en-aztlan\/\" \/>\n<meta property=\"og:site_name\" content=\"Biblioteca Latinx\" \/>\n<meta property=\"article:modified_time\" content=\"2025-08-28T15:48:14+00:00\" \/>\n<meta property=\"og:image\" content=\"https:\/\/bibliotecalatinx.com\/wp-content\/uploads\/2025\/08\/SEMBLANZAS-NAVIDEN\u2560aAS-EN-AZTLA\u2560uN-PAPERBACK-FRONT-COVER-.jpeg\" \/>\n<meta name=\"twitter:card\" content=\"summary_large_image\" \/>\n<meta name=\"twitter:title\" content=\"SEMBLANZAS NAVIDE\u00d1AS EN AZTL\u00c1N - Biblioteca Latinx\" \/>\n<meta name=\"twitter:description\" content=\"Buy a Digital Copy\" \/>\n<meta name=\"twitter:image\" content=\"https:\/\/bibliotecalatinx.com\/wp-content\/uploads\/2025\/08\/SEMBLANZAS-NAVIDEN\u2560aAS-EN-AZTLA\u2560uN-PAPERBACK-FRONT-COVER-.jpeg\" \/>\n<meta name=\"twitter:label1\" content=\"Tiempo de lectura\" \/>\n\t<meta name=\"twitter:data1\" content=\"3 minutos\" \/>\n<script type=\"application\/ld+json\" class=\"yoast-schema-graph\">{\"@context\":\"https:\\\/\\\/schema.org\",\"@graph\":[{\"@type\":\"WebPage\",\"@id\":\"https:\\\/\\\/bibliotecalatinx.com\\\/product\\\/semblanzas-navidenas-en-aztlan\\\/\",\"url\":\"https:\\\/\\\/bibliotecalatinx.com\\\/product\\\/semblanzas-navidenas-en-aztlan\\\/\",\"name\":\"SEMBLANZAS NAVIDE\u00d1AS EN AZTL\u00c1N - Biblioteca Latinx\",\"isPartOf\":{\"@id\":\"https:\\\/\\\/bibliotecalatinx.com\\\/#website\"},\"primaryImageOfPage\":{\"@id\":\"https:\\\/\\\/bibliotecalatinx.com\\\/product\\\/semblanzas-navidenas-en-aztlan\\\/#primaryimage\"},\"image\":{\"@id\":\"https:\\\/\\\/bibliotecalatinx.com\\\/product\\\/semblanzas-navidenas-en-aztlan\\\/#primaryimage\"},\"thumbnailUrl\":\"https:\\\/\\\/bibliotecalatinx.com\\\/wp-content\\\/uploads\\\/2025\\\/08\\\/SEMBLANZAS-NAVIDEN\u2560aAS-EN-AZTLA\u2560uN-PAPERBACK-FRONT-COVER-.jpeg\",\"datePublished\":\"2025-08-12T18:13:43+00:00\",\"dateModified\":\"2025-08-28T15:48:14+00:00\",\"breadcrumb\":{\"@id\":\"https:\\\/\\\/bibliotecalatinx.com\\\/product\\\/semblanzas-navidenas-en-aztlan\\\/#breadcrumb\"},\"inLanguage\":\"es\",\"potentialAction\":[{\"@type\":\"ReadAction\",\"target\":[\"https:\\\/\\\/bibliotecalatinx.com\\\/product\\\/semblanzas-navidenas-en-aztlan\\\/\"]}]},{\"@type\":\"ImageObject\",\"inLanguage\":\"es\",\"@id\":\"https:\\\/\\\/bibliotecalatinx.com\\\/product\\\/semblanzas-navidenas-en-aztlan\\\/#primaryimage\",\"url\":\"https:\\\/\\\/bibliotecalatinx.com\\\/wp-content\\\/uploads\\\/2025\\\/08\\\/SEMBLANZAS-NAVIDEN\u2560aAS-EN-AZTLA\u2560uN-PAPERBACK-FRONT-COVER-.jpeg\",\"contentUrl\":\"https:\\\/\\\/bibliotecalatinx.com\\\/wp-content\\\/uploads\\\/2025\\\/08\\\/SEMBLANZAS-NAVIDEN\u2560aAS-EN-AZTLA\u2560uN-PAPERBACK-FRONT-COVER-.jpeg\",\"width\":898,\"height\":1312,\"caption\":\"Cover of 'Semblanzas: Mujeres en Acci\u00f3n 1914-1954' with illustrated women on a yellow background.\"},{\"@type\":\"BreadcrumbList\",\"@id\":\"https:\\\/\\\/bibliotecalatinx.com\\\/product\\\/semblanzas-navidenas-en-aztlan\\\/#breadcrumb\",\"itemListElement\":[{\"@type\":\"ListItem\",\"position\":1,\"name\":\"Home\",\"item\":\"https:\\\/\\\/bibliotecalatinx.com\\\/\"},{\"@type\":\"ListItem\",\"position\":2,\"name\":\"Shop\",\"item\":\"https:\\\/\\\/bibliotecalatinx.com\\\/shop\\\/\"},{\"@type\":\"ListItem\",\"position\":3,\"name\":\"SEMBLANZAS NAVIDE\u00d1AS EN AZTL\u00c1N\"}]},{\"@type\":\"WebSite\",\"@id\":\"https:\\\/\\\/bibliotecalatinx.com\\\/#website\",\"url\":\"https:\\\/\\\/bibliotecalatinx.com\\\/\",\"name\":\"Biblioteca Latinx\",\"description\":\"\",\"publisher\":{\"@id\":\"https:\\\/\\\/bibliotecalatinx.com\\\/#organization\"},\"potentialAction\":[{\"@type\":\"SearchAction\",\"target\":{\"@type\":\"EntryPoint\",\"urlTemplate\":\"https:\\\/\\\/bibliotecalatinx.com\\\/?s={search_term_string}\"},\"query-input\":{\"@type\":\"PropertyValueSpecification\",\"valueRequired\":true,\"valueName\":\"search_term_string\"}}],\"inLanguage\":\"es\"},{\"@type\":\"Organization\",\"@id\":\"https:\\\/\\\/bibliotecalatinx.com\\\/#organization\",\"name\":\"Biblioteca Latinx\",\"url\":\"https:\\\/\\\/bibliotecalatinx.com\\\/\",\"logo\":{\"@type\":\"ImageObject\",\"inLanguage\":\"es\",\"@id\":\"https:\\\/\\\/bibliotecalatinx.com\\\/#\\\/schema\\\/logo\\\/image\\\/\",\"url\":\"https:\\\/\\\/bibliotecalatinx.com\\\/wp-content\\\/uploads\\\/2025\\\/07\\\/attachment-1.png\",\"contentUrl\":\"https:\\\/\\\/bibliotecalatinx.com\\\/wp-content\\\/uploads\\\/2025\\\/07\\\/attachment-1.png\",\"width\":234,\"height\":234,\"caption\":\"Biblioteca Latinx\"},\"image\":{\"@id\":\"https:\\\/\\\/bibliotecalatinx.com\\\/#\\\/schema\\\/logo\\\/image\\\/\"}}]}<\/script>\n<!-- \/ Yoast SEO plugin. -->","yoast_head_json":{"title":"SEMBLANZAS NAVIDE\u00d1AS EN AZTL\u00c1N - Biblioteca Latinx","robots":{"index":"noindex","follow":"follow","max-snippet":"max-snippet:-1","max-image-preview":"max-image-preview:large","max-video-preview":"max-video-preview:-1"},"og_locale":"es_MX","og_type":"article","og_title":"SEMBLANZAS NAVIDE\u00d1AS EN AZTL\u00c1N - Biblioteca Latinx","og_description":"Buy a Digital Copy","og_url":"https:\/\/bibliotecalatinx.com\/es\/producto\/semblanzas-navidenas-en-aztlan\/","og_site_name":"Biblioteca Latinx","article_modified_time":"2025-08-28T15:48:14+00:00","og_image":[{"url":"https:\/\/bibliotecalatinx.com\/wp-content\/uploads\/2025\/08\/SEMBLANZAS-NAVIDEN\u2560aAS-EN-AZTLA\u2560uN-PAPERBACK-FRONT-COVER-.jpeg","type":"","width":"","height":""}],"twitter_card":"summary_large_image","twitter_title":"SEMBLANZAS NAVIDE\u00d1AS EN AZTL\u00c1N - Biblioteca Latinx","twitter_description":"Buy a Digital Copy","twitter_image":"https:\/\/bibliotecalatinx.com\/wp-content\/uploads\/2025\/08\/SEMBLANZAS-NAVIDEN\u2560aAS-EN-AZTLA\u2560uN-PAPERBACK-FRONT-COVER-.jpeg","twitter_misc":{"Tiempo de lectura":"3 minutos"},"schema":{"@context":"https:\/\/schema.org","@graph":[{"@type":"WebPage","@id":"https:\/\/bibliotecalatinx.com\/product\/semblanzas-navidenas-en-aztlan\/","url":"https:\/\/bibliotecalatinx.com\/product\/semblanzas-navidenas-en-aztlan\/","name":"SEMBLANZAS NAVIDE\u00d1AS EN AZTL\u00c1N - Biblioteca Latinx","isPartOf":{"@id":"https:\/\/bibliotecalatinx.com\/#website"},"primaryImageOfPage":{"@id":"https:\/\/bibliotecalatinx.com\/product\/semblanzas-navidenas-en-aztlan\/#primaryimage"},"image":{"@id":"https:\/\/bibliotecalatinx.com\/product\/semblanzas-navidenas-en-aztlan\/#primaryimage"},"thumbnailUrl":"https:\/\/bibliotecalatinx.com\/wp-content\/uploads\/2025\/08\/SEMBLANZAS-NAVIDEN\u2560aAS-EN-AZTLA\u2560uN-PAPERBACK-FRONT-COVER-.jpeg","datePublished":"2025-08-12T18:13:43+00:00","dateModified":"2025-08-28T15:48:14+00:00","breadcrumb":{"@id":"https:\/\/bibliotecalatinx.com\/product\/semblanzas-navidenas-en-aztlan\/#breadcrumb"},"inLanguage":"es","potentialAction":[{"@type":"ReadAction","target":["https:\/\/bibliotecalatinx.com\/product\/semblanzas-navidenas-en-aztlan\/"]}]},{"@type":"ImageObject","inLanguage":"es","@id":"https:\/\/bibliotecalatinx.com\/product\/semblanzas-navidenas-en-aztlan\/#primaryimage","url":"https:\/\/bibliotecalatinx.com\/wp-content\/uploads\/2025\/08\/SEMBLANZAS-NAVIDEN\u2560aAS-EN-AZTLA\u2560uN-PAPERBACK-FRONT-COVER-.jpeg","contentUrl":"https:\/\/bibliotecalatinx.com\/wp-content\/uploads\/2025\/08\/SEMBLANZAS-NAVIDEN\u2560aAS-EN-AZTLA\u2560uN-PAPERBACK-FRONT-COVER-.jpeg","width":898,"height":1312,"caption":"Cover of 'Semblanzas: Mujeres en Acci\u00f3n 1914-1954' with illustrated women on a yellow background."},{"@type":"BreadcrumbList","@id":"https:\/\/bibliotecalatinx.com\/product\/semblanzas-navidenas-en-aztlan\/#breadcrumb","itemListElement":[{"@type":"ListItem","position":1,"name":"Home","item":"https:\/\/bibliotecalatinx.com\/"},{"@type":"ListItem","position":2,"name":"Shop","item":"https:\/\/bibliotecalatinx.com\/shop\/"},{"@type":"ListItem","position":3,"name":"SEMBLANZAS NAVIDE\u00d1AS EN AZTL\u00c1N"}]},{"@type":"WebSite","@id":"https:\/\/bibliotecalatinx.com\/#website","url":"https:\/\/bibliotecalatinx.com\/","name":"Biblioteca Latinx","description":"","publisher":{"@id":"https:\/\/bibliotecalatinx.com\/#organization"},"potentialAction":[{"@type":"SearchAction","target":{"@type":"EntryPoint","urlTemplate":"https:\/\/bibliotecalatinx.com\/?s={search_term_string}"},"query-input":{"@type":"PropertyValueSpecification","valueRequired":true,"valueName":"search_term_string"}}],"inLanguage":"es"},{"@type":"Organization","@id":"https:\/\/bibliotecalatinx.com\/#organization","name":"Biblioteca Latinx","url":"https:\/\/bibliotecalatinx.com\/","logo":{"@type":"ImageObject","inLanguage":"es","@id":"https:\/\/bibliotecalatinx.com\/#\/schema\/logo\/image\/","url":"https:\/\/bibliotecalatinx.com\/wp-content\/uploads\/2025\/07\/attachment-1.png","contentUrl":"https:\/\/bibliotecalatinx.com\/wp-content\/uploads\/2025\/07\/attachment-1.png","width":234,"height":234,"caption":"Biblioteca Latinx"},"image":{"@id":"https:\/\/bibliotecalatinx.com\/#\/schema\/logo\/image\/"}}]}},"_links":{"self":[{"href":"https:\/\/bibliotecalatinx.com\/es\/wp-json\/wp\/v2\/product\/51480","targetHints":{"allow":["GET"]}}],"collection":[{"href":"https:\/\/bibliotecalatinx.com\/es\/wp-json\/wp\/v2\/product"}],"about":[{"href":"https:\/\/bibliotecalatinx.com\/es\/wp-json\/wp\/v2\/types\/product"}],"replies":[{"embeddable":true,"href":"https:\/\/bibliotecalatinx.com\/es\/wp-json\/wp\/v2\/comments?post=51480"}],"wp:featuredmedia":[{"embeddable":true,"href":"https:\/\/bibliotecalatinx.com\/es\/wp-json\/wp\/v2\/media\/51481"}],"wp:attachment":[{"href":"https:\/\/bibliotecalatinx.com\/es\/wp-json\/wp\/v2\/media?parent=51480"}],"wp:term":[{"taxonomy":"product_brand","embeddable":true,"href":"https:\/\/bibliotecalatinx.com\/es\/wp-json\/wp\/v2\/product_brand?post=51480"},{"taxonomy":"product_cat","embeddable":true,"href":"https:\/\/bibliotecalatinx.com\/es\/wp-json\/wp\/v2\/product_cat?post=51480"},{"taxonomy":"product_tag","embeddable":true,"href":"https:\/\/bibliotecalatinx.com\/es\/wp-json\/wp\/v2\/product_tag?post=51480"}],"curies":[{"name":"wp","href":"https:\/\/api.w.org\/{rel}","templated":true}]}}