{"id":51477,"date":"2025-08-12T10:31:34","date_gmt":"2025-08-12T17:31:34","guid":{"rendered":"https:\/\/bibliotecalatinx.com\/?post_type=product&#038;p=51477"},"modified":"2025-08-12T10:38:50","modified_gmt":"2025-08-12T17:38:50","slug":"rayon-de-los-nacameri-entre-la-tradicion-y-la-modernidad","status":"publish","type":"product","link":"https:\/\/bibliotecalatinx.com\/es\/producto\/rayon-de-los-nacameri-entre-la-tradicion-y-la-modernidad\/","title":{"rendered":"RAY\u00d3N DE LOS NACAMERI: ENTRE LA TRADICI\u00d3N Y LA MODERNIDAD"},"content":{"rendered":"<p>Hay libros que nacen para anclar, afianzar identidades, historias y experiencias. RAY\u00d3N DE LOS NACAMERI: ENTRE LA TRADICI\u00d3N Y LA MODERNIDAD imprime el ritmo de la vida y la realidad caracter\u00edstica de un pueblo en el que se rastrea la previsible seguridad del pasado. A trav\u00e9s de un tono narrativo conversacional, el cronista rescata el vigor de la an\u00e9cdota para animar y marcar un territorio, tanto din\u00e1mico como perdurable, de la experiencia humana cultural y social en el entrecruce de identidades a trav\u00e9s de la historia y fronteras. Al recoger y presentar una colectividad de voces, este libro contribuye a conservar la memoria y el conocimiento de una comunidad labrada a pu\u00f1o. Al mismo tiempo representa un valioso trabajo de rescate de pr\u00e1cticas comunicativas, culturales y sociales para la sobrevivencia, capaces de hacer frente, en muchos casos, a ciertas actitudes autoritarias y a la alienaci\u00f3n moderna. Estas voces muestran un registro de la humanidad en un contexto espec\u00edfico y regional que se saborea a gusto, sin dejar de apuntar hacia la trascendencia del cuerpo y de la memoria como una evolutiva espiral vibrante de la existencia.<br \/>\nMiriam Bornstein G\u00f3mez, Poeta e investigadora de literatura latina y latinoamericana<\/p>\n<p>Esta exploraci\u00f3n es un esfuerzo por rescatar lo que ha quedado en la memoria colectiva de una poblaci\u00f3n que se ha esforzado por mantener sus pr\u00e1cticas y creencias, a pesar de las transformaciones y las embestidas que ha tra\u00eddo consigo la modernidad. Los relatos, las an\u00e9cdotas y las voces de los protagonistas, ocupan el lugar central de la historia. Solo algunas opiniones y reflexiones finales, reflejan el sentir del autor, ya que no puede eludir su responsabilidad de lo que sucede en su terru\u00f1o. Esa visi\u00f3n esperanzadora, est\u00e1 presente en este trabajo y ser\u00e1 la misma que ilumine el futuro de RAY\u00d3N DE LOS NACAMERI en los a\u00f1os venideros.<\/p>\n<p>Armando Migu\u00e9lez Mart\u00ednez, Educador e Investigador de Literatura e Historia Cultural Chicana <\/p>\n<p>Tapia Grijalva analiza los or\u00edgenes y desarrollo del municipio de Ray\u00f3n, ubicado en el estado norte\u00f1o de Sonora, M\u00e9xico. Los habitantes de la regi\u00f3n representan las tradiciones pertinentes que los caracterizan con sus creencias, costumbres y comportamientos. La identidad del pueblo se va transformando paulatinamente a la vez que se modernizan sus caracter\u00edsticas tradicionales, algunas positivas otras negativas, seg\u00fan la perspectiva. El autor lleva a cabo un an\u00e1lisis cuidadoso y detallado, por medio de ejemplos claros, y respaldado por testimonios de informantes que enriquecen la narraci\u00f3n.<br \/>\n\u00d3scar U. Somoza, Escritor, Profesor e Investigador de Literatura y Cultura Latina y Chicana<\/p>\n<p>FERNANDO TAPIA GRIJALVA, originario de Ray\u00f3n, Sonora, M\u00e9xico, es profesor investigador en el Departamento de Psicolog\u00eda y Ciencias de la Comunicaci\u00f3n en la Universidad de Sonora, y dirige el proyecto de investigaci\u00f3n &#8220;Dominaci\u00f3n y subordinaci\u00f3n en los esquemas de comunicaci\u00f3n en la frontera Sonora-Arizona&#8221;. Ha publicado el libro &#8220;Sonetos y Sonatas de Miguel Bola\u00f1os Cacho&#8221; y varios art\u00edculos en revistas internacionales sobre el tema del exilio y la cultura chicana. Recientemente, en coautor\u00eda con Armando Migu\u00e9lez Mart\u00ednez, public\u00f3 &#8220;Julio G. Arce: escritor y periodista del segundo exilio mexicano del siglo XX en territorio aztlanense&#8221;, y &#8220;Nuestra Cocina 1918-1928: Rescate de recetas en los peri\u00f3dicos hispanos de Arizona y California&#8221;, con A. Migu\u00e9lez y Daniel Garc\u00eda Valenzuela.<\/p>","protected":false},"excerpt":{"rendered":"<p>Hay libros que nacen para anclar, afianzar identidades, historias y experiencias. RAY\u00d3N DE LOS NACAMERI: ENTRE LA TRADICI\u00d3N Y LA MODERNIDAD imprime el ritmo de la vida y la realidad caracter\u00edstica de un pueblo en el que se rastrea la previsible seguridad del pasado. A trav\u00e9s de un tono narrativo conversacional, el cronista rescata el&hellip;<\/p>","protected":false},"featured_media":51479,"comment_status":"closed","ping_status":"closed","template":"","meta":[],"product_brand":[],"product_cat":[25],"product_tag":[],"class_list":{"0":"post-51477","1":"product","2":"type-product","3":"status-publish","4":"has-post-thumbnail","6":"product_cat-general-interest-books","8":"first","9":"instock","10":"sale","11":"taxable","12":"shipping-taxable","13":"purchasable","14":"product-type-simple"},"yoast_head":"<!-- This site is optimized with the Yoast SEO plugin v27.4 - https:\/\/yoast.com\/product\/yoast-seo-wordpress\/ -->\n<title>RAY\u00d3N DE LOS NACAMERI: ENTRE LA TRADICI\u00d3N Y LA MODERNIDAD - Biblioteca Latinx<\/title>\n<meta name=\"robots\" content=\"noindex, follow, max-snippet:-1, max-image-preview:large, max-video-preview:-1\" \/>\n<meta property=\"og:locale\" content=\"es_MX\" \/>\n<meta property=\"og:type\" content=\"article\" \/>\n<meta property=\"og:title\" content=\"RAY\u00d3N DE LOS NACAMERI: ENTRE LA TRADICI\u00d3N Y LA MODERNIDAD - Biblioteca Latinx\" \/>\n<meta property=\"og:description\" content=\"Hay libros que nacen para anclar, afianzar identidades, historias y experiencias. RAY\u00d3N DE LOS NACAMERI: ENTRE LA TRADICI\u00d3N Y LA MODERNIDAD imprime el\" \/>\n<meta property=\"og:url\" content=\"https:\/\/bibliotecalatinx.com\/es\/producto\/rayon-de-los-nacameri-entre-la-tradicion-y-la-modernidad\/\" \/>\n<meta property=\"og:site_name\" content=\"Biblioteca Latinx\" \/>\n<meta property=\"article:modified_time\" content=\"2025-08-12T17:38:50+00:00\" \/>\n<meta property=\"og:image\" content=\"https:\/\/bibliotecalatinx.com\/wp-content\/uploads\/2025\/08\/FRONTCOVER-RAYO\u2560uN-DE-LOS-NACAMERI.jpg\" \/>\n<meta name=\"twitter:card\" content=\"summary_large_image\" \/>\n<meta name=\"twitter:title\" content=\"RAY\u00d3N DE LOS NACAMERI: ENTRE LA TRADICI\u00d3N Y LA MODERNIDAD - Biblioteca Latinx\" \/>\n<meta name=\"twitter:description\" content=\"Hay libros que nacen para anclar, afianzar identidades, historias y experiencias. RAY\u00d3N DE LOS NACAMERI: ENTRE LA TRADICI\u00d3N Y LA MODERNIDAD imprime el\" \/>\n<meta name=\"twitter:image\" content=\"https:\/\/bibliotecalatinx.com\/wp-content\/uploads\/2025\/08\/FRONTCOVER-RAYO\u2560uN-DE-LOS-NACAMERI.jpg\" \/>\n<meta name=\"twitter:label1\" content=\"Tiempo de lectura\" \/>\n\t<meta name=\"twitter:data1\" content=\"3 minutos\" \/>\n<script type=\"application\/ld+json\" class=\"yoast-schema-graph\">{\"@context\":\"https:\\\/\\\/schema.org\",\"@graph\":[{\"@type\":\"WebPage\",\"@id\":\"https:\\\/\\\/bibliotecalatinx.com\\\/product\\\/rayon-de-los-nacameri-entre-la-tradicion-y-la-modernidad\\\/\",\"url\":\"https:\\\/\\\/bibliotecalatinx.com\\\/product\\\/rayon-de-los-nacameri-entre-la-tradicion-y-la-modernidad\\\/\",\"name\":\"RAY\u00d3N DE LOS NACAMERI: ENTRE LA TRADICI\u00d3N Y LA MODERNIDAD - Biblioteca Latinx\",\"isPartOf\":{\"@id\":\"https:\\\/\\\/bibliotecalatinx.com\\\/#website\"},\"primaryImageOfPage\":{\"@id\":\"https:\\\/\\\/bibliotecalatinx.com\\\/product\\\/rayon-de-los-nacameri-entre-la-tradicion-y-la-modernidad\\\/#primaryimage\"},\"image\":{\"@id\":\"https:\\\/\\\/bibliotecalatinx.com\\\/product\\\/rayon-de-los-nacameri-entre-la-tradicion-y-la-modernidad\\\/#primaryimage\"},\"thumbnailUrl\":\"https:\\\/\\\/bibliotecalatinx.com\\\/wp-content\\\/uploads\\\/2025\\\/08\\\/FRONTCOVER-RAYO\u2560uN-DE-LOS-NACAMERI.jpg\",\"datePublished\":\"2025-08-12T17:31:34+00:00\",\"dateModified\":\"2025-08-12T17:38:50+00:00\",\"breadcrumb\":{\"@id\":\"https:\\\/\\\/bibliotecalatinx.com\\\/product\\\/rayon-de-los-nacameri-entre-la-tradicion-y-la-modernidad\\\/#breadcrumb\"},\"inLanguage\":\"es\",\"potentialAction\":[{\"@type\":\"ReadAction\",\"target\":[\"https:\\\/\\\/bibliotecalatinx.com\\\/product\\\/rayon-de-los-nacameri-entre-la-tradicion-y-la-modernidad\\\/\"]}]},{\"@type\":\"ImageObject\",\"inLanguage\":\"es\",\"@id\":\"https:\\\/\\\/bibliotecalatinx.com\\\/product\\\/rayon-de-los-nacameri-entre-la-tradicion-y-la-modernidad\\\/#primaryimage\",\"url\":\"https:\\\/\\\/bibliotecalatinx.com\\\/wp-content\\\/uploads\\\/2025\\\/08\\\/FRONTCOVER-RAYO\u2560uN-DE-LOS-NACAMERI.jpg\",\"contentUrl\":\"https:\\\/\\\/bibliotecalatinx.com\\\/wp-content\\\/uploads\\\/2025\\\/08\\\/FRONTCOVER-RAYO\u2560uN-DE-LOS-NACAMERI.jpg\",\"width\":1000,\"height\":1500,\"caption\":\"Version 1.0.0\"},{\"@type\":\"BreadcrumbList\",\"@id\":\"https:\\\/\\\/bibliotecalatinx.com\\\/product\\\/rayon-de-los-nacameri-entre-la-tradicion-y-la-modernidad\\\/#breadcrumb\",\"itemListElement\":[{\"@type\":\"ListItem\",\"position\":1,\"name\":\"Home\",\"item\":\"https:\\\/\\\/bibliotecalatinx.com\\\/\"},{\"@type\":\"ListItem\",\"position\":2,\"name\":\"Shop\",\"item\":\"https:\\\/\\\/bibliotecalatinx.com\\\/shop\\\/\"},{\"@type\":\"ListItem\",\"position\":3,\"name\":\"RAY\u00d3N DE LOS NACAMERI: ENTRE LA TRADICI\u00d3N Y LA MODERNIDAD\"}]},{\"@type\":\"WebSite\",\"@id\":\"https:\\\/\\\/bibliotecalatinx.com\\\/#website\",\"url\":\"https:\\\/\\\/bibliotecalatinx.com\\\/\",\"name\":\"Biblioteca Latinx\",\"description\":\"\",\"publisher\":{\"@id\":\"https:\\\/\\\/bibliotecalatinx.com\\\/#organization\"},\"potentialAction\":[{\"@type\":\"SearchAction\",\"target\":{\"@type\":\"EntryPoint\",\"urlTemplate\":\"https:\\\/\\\/bibliotecalatinx.com\\\/?s={search_term_string}\"},\"query-input\":{\"@type\":\"PropertyValueSpecification\",\"valueRequired\":true,\"valueName\":\"search_term_string\"}}],\"inLanguage\":\"es\"},{\"@type\":\"Organization\",\"@id\":\"https:\\\/\\\/bibliotecalatinx.com\\\/#organization\",\"name\":\"Biblioteca Latinx\",\"url\":\"https:\\\/\\\/bibliotecalatinx.com\\\/\",\"logo\":{\"@type\":\"ImageObject\",\"inLanguage\":\"es\",\"@id\":\"https:\\\/\\\/bibliotecalatinx.com\\\/#\\\/schema\\\/logo\\\/image\\\/\",\"url\":\"https:\\\/\\\/bibliotecalatinx.com\\\/wp-content\\\/uploads\\\/2025\\\/07\\\/attachment-1.png\",\"contentUrl\":\"https:\\\/\\\/bibliotecalatinx.com\\\/wp-content\\\/uploads\\\/2025\\\/07\\\/attachment-1.png\",\"width\":234,\"height\":234,\"caption\":\"Biblioteca Latinx\"},\"image\":{\"@id\":\"https:\\\/\\\/bibliotecalatinx.com\\\/#\\\/schema\\\/logo\\\/image\\\/\"}}]}<\/script>\n<!-- \/ Yoast SEO plugin. -->","yoast_head_json":{"title":"RAY\u00d3N DE LOS NACAMERI: ENTRE LA TRADICI\u00d3N Y LA MODERNIDAD - Biblioteca Latinx","robots":{"index":"noindex","follow":"follow","max-snippet":"max-snippet:-1","max-image-preview":"max-image-preview:large","max-video-preview":"max-video-preview:-1"},"og_locale":"es_MX","og_type":"article","og_title":"RAY\u00d3N DE LOS NACAMERI: ENTRE LA TRADICI\u00d3N Y LA MODERNIDAD - Biblioteca Latinx","og_description":"Hay libros que nacen para anclar, afianzar identidades, historias y experiencias. RAY\u00d3N DE LOS NACAMERI: ENTRE LA TRADICI\u00d3N Y LA MODERNIDAD imprime el","og_url":"https:\/\/bibliotecalatinx.com\/es\/producto\/rayon-de-los-nacameri-entre-la-tradicion-y-la-modernidad\/","og_site_name":"Biblioteca Latinx","article_modified_time":"2025-08-12T17:38:50+00:00","og_image":[{"url":"https:\/\/bibliotecalatinx.com\/wp-content\/uploads\/2025\/08\/FRONTCOVER-RAYO\u2560uN-DE-LOS-NACAMERI.jpg","type":"","width":"","height":""}],"twitter_card":"summary_large_image","twitter_title":"RAY\u00d3N DE LOS NACAMERI: ENTRE LA TRADICI\u00d3N Y LA MODERNIDAD - Biblioteca Latinx","twitter_description":"Hay libros que nacen para anclar, afianzar identidades, historias y experiencias. RAY\u00d3N DE LOS NACAMERI: ENTRE LA TRADICI\u00d3N Y LA MODERNIDAD imprime el","twitter_image":"https:\/\/bibliotecalatinx.com\/wp-content\/uploads\/2025\/08\/FRONTCOVER-RAYO\u2560uN-DE-LOS-NACAMERI.jpg","twitter_misc":{"Tiempo de lectura":"3 minutos"},"schema":{"@context":"https:\/\/schema.org","@graph":[{"@type":"WebPage","@id":"https:\/\/bibliotecalatinx.com\/product\/rayon-de-los-nacameri-entre-la-tradicion-y-la-modernidad\/","url":"https:\/\/bibliotecalatinx.com\/product\/rayon-de-los-nacameri-entre-la-tradicion-y-la-modernidad\/","name":"RAY\u00d3N DE LOS NACAMERI: ENTRE LA TRADICI\u00d3N Y LA MODERNIDAD - Biblioteca Latinx","isPartOf":{"@id":"https:\/\/bibliotecalatinx.com\/#website"},"primaryImageOfPage":{"@id":"https:\/\/bibliotecalatinx.com\/product\/rayon-de-los-nacameri-entre-la-tradicion-y-la-modernidad\/#primaryimage"},"image":{"@id":"https:\/\/bibliotecalatinx.com\/product\/rayon-de-los-nacameri-entre-la-tradicion-y-la-modernidad\/#primaryimage"},"thumbnailUrl":"https:\/\/bibliotecalatinx.com\/wp-content\/uploads\/2025\/08\/FRONTCOVER-RAYO\u2560uN-DE-LOS-NACAMERI.jpg","datePublished":"2025-08-12T17:31:34+00:00","dateModified":"2025-08-12T17:38:50+00:00","breadcrumb":{"@id":"https:\/\/bibliotecalatinx.com\/product\/rayon-de-los-nacameri-entre-la-tradicion-y-la-modernidad\/#breadcrumb"},"inLanguage":"es","potentialAction":[{"@type":"ReadAction","target":["https:\/\/bibliotecalatinx.com\/product\/rayon-de-los-nacameri-entre-la-tradicion-y-la-modernidad\/"]}]},{"@type":"ImageObject","inLanguage":"es","@id":"https:\/\/bibliotecalatinx.com\/product\/rayon-de-los-nacameri-entre-la-tradicion-y-la-modernidad\/#primaryimage","url":"https:\/\/bibliotecalatinx.com\/wp-content\/uploads\/2025\/08\/FRONTCOVER-RAYO\u2560uN-DE-LOS-NACAMERI.jpg","contentUrl":"https:\/\/bibliotecalatinx.com\/wp-content\/uploads\/2025\/08\/FRONTCOVER-RAYO\u2560uN-DE-LOS-NACAMERI.jpg","width":1000,"height":1500,"caption":"Version 1.0.0"},{"@type":"BreadcrumbList","@id":"https:\/\/bibliotecalatinx.com\/product\/rayon-de-los-nacameri-entre-la-tradicion-y-la-modernidad\/#breadcrumb","itemListElement":[{"@type":"ListItem","position":1,"name":"Home","item":"https:\/\/bibliotecalatinx.com\/"},{"@type":"ListItem","position":2,"name":"Shop","item":"https:\/\/bibliotecalatinx.com\/shop\/"},{"@type":"ListItem","position":3,"name":"RAY\u00d3N DE LOS NACAMERI: ENTRE LA TRADICI\u00d3N Y LA MODERNIDAD"}]},{"@type":"WebSite","@id":"https:\/\/bibliotecalatinx.com\/#website","url":"https:\/\/bibliotecalatinx.com\/","name":"Biblioteca Latinx","description":"","publisher":{"@id":"https:\/\/bibliotecalatinx.com\/#organization"},"potentialAction":[{"@type":"SearchAction","target":{"@type":"EntryPoint","urlTemplate":"https:\/\/bibliotecalatinx.com\/?s={search_term_string}"},"query-input":{"@type":"PropertyValueSpecification","valueRequired":true,"valueName":"search_term_string"}}],"inLanguage":"es"},{"@type":"Organization","@id":"https:\/\/bibliotecalatinx.com\/#organization","name":"Biblioteca Latinx","url":"https:\/\/bibliotecalatinx.com\/","logo":{"@type":"ImageObject","inLanguage":"es","@id":"https:\/\/bibliotecalatinx.com\/#\/schema\/logo\/image\/","url":"https:\/\/bibliotecalatinx.com\/wp-content\/uploads\/2025\/07\/attachment-1.png","contentUrl":"https:\/\/bibliotecalatinx.com\/wp-content\/uploads\/2025\/07\/attachment-1.png","width":234,"height":234,"caption":"Biblioteca Latinx"},"image":{"@id":"https:\/\/bibliotecalatinx.com\/#\/schema\/logo\/image\/"}}]}},"_links":{"self":[{"href":"https:\/\/bibliotecalatinx.com\/es\/wp-json\/wp\/v2\/product\/51477","targetHints":{"allow":["GET"]}}],"collection":[{"href":"https:\/\/bibliotecalatinx.com\/es\/wp-json\/wp\/v2\/product"}],"about":[{"href":"https:\/\/bibliotecalatinx.com\/es\/wp-json\/wp\/v2\/types\/product"}],"replies":[{"embeddable":true,"href":"https:\/\/bibliotecalatinx.com\/es\/wp-json\/wp\/v2\/comments?post=51477"}],"wp:featuredmedia":[{"embeddable":true,"href":"https:\/\/bibliotecalatinx.com\/es\/wp-json\/wp\/v2\/media\/51479"}],"wp:attachment":[{"href":"https:\/\/bibliotecalatinx.com\/es\/wp-json\/wp\/v2\/media?parent=51477"}],"wp:term":[{"taxonomy":"product_brand","embeddable":true,"href":"https:\/\/bibliotecalatinx.com\/es\/wp-json\/wp\/v2\/product_brand?post=51477"},{"taxonomy":"product_cat","embeddable":true,"href":"https:\/\/bibliotecalatinx.com\/es\/wp-json\/wp\/v2\/product_cat?post=51477"},{"taxonomy":"product_tag","embeddable":true,"href":"https:\/\/bibliotecalatinx.com\/es\/wp-json\/wp\/v2\/product_tag?post=51477"}],"curies":[{"name":"wp","href":"https:\/\/api.w.org\/{rel}","templated":true}]}}