{"id":51475,"date":"2025-08-12T10:25:35","date_gmt":"2025-08-12T17:25:35","guid":{"rendered":"https:\/\/bibliotecalatinx.com\/?post_type=product&#038;p=51475"},"modified":"2025-08-20T02:21:52","modified_gmt":"2025-08-20T09:21:52","slug":"nuestra-cocina","status":"publish","type":"product","link":"https:\/\/bibliotecalatinx.com\/es\/producto\/nuestra-cocina\/","title":{"rendered":"NUESTRA COCINA"},"content":{"rendered":"<p>Nuestra Cocina 1918-1928: Rescate de recetas en los peri\u00f3dicos hispanos de Arizona y California<br \/>\nEste recetario de cocina es un esfuerzo por incorporar en la historia de la cultura fronteriza, un legado importante de nuestros antepasados, quienes durante el per\u00edodo de florecimiento de la sociedad norteamericana principalmente en los a\u00f1os veinte, pretendieron incorporarse, sobre todo las clases medias educadas, al estilo de vida de una sociedad que cada d\u00eda impon\u00eda sus valores prestigiosos como modelos dominantes. La selecci\u00f3n de recetas que gustosamente compartimos, reflejan en gran medida una alteraci\u00f3n en la dieta tradicional de las comunidades mexicoamericanas y latinas, que durante esos a\u00f1os habitaban los estados de Arizona y California. Al enriquecerse la dieta tradicional con la influencia de la cocina internacional, surgi\u00f3 una cocina h\u00edbrida que le dar\u00e1 una nueva identidad a la cultura gastron\u00f3mica de la regi\u00f3n. Es importante se\u00f1alar sin embargo, que la identidad de la cocina de nuestras comunidades a trav\u00e9s de los a\u00f1os, es producto de una gran variedad de influencias, mismas que han enriquecido nuestra cultura gastron\u00f3mica y mantienen con dignidad los elementos esenciales de una vieja tradici\u00f3n europea, mestiza y de los grupos originarios que habitaron estas zonas de Am\u00e9rica.<br \/>\nSOBRE LOS AUTORES: ARMANDO MIGU\u00c9LEZ MART\u00cdNEZ es educador e investigador de la cultura y literatura hispanounidenses. Es coautor de Literatura de la Revoluci\u00f3n Mexicana en el Exilio: Fuentes para su estudio, con Oscar Somoza, as\u00ed como de Jauja: M\u00e9todo integral de espa\u00f1ol para biling\u00fces, con Mar\u00eda Sandoval. Tambi\u00e9n public\u00f3 Antolog\u00eda hist\u00f3rica del cuento literario chicano 1877-1950. Ha rescatado una gran cantidad de informaci\u00f3n sobre la producci\u00f3n literaria y period\u00edstica en publicaciones escritas en espa\u00f1ol en el suroeste norteamericano. FERNANDO TAPIA GRIJALVA es profesor investigador de tiempo completo en el Departamento de Psicolog\u00eda y Ciencias de la Comunicaci\u00f3n en la Universidad de Sonora. Ha publicado el libro Sonetos y Sonatas de Miguel Bola\u00f1os Cacho y varios art\u00edculos en revistas internacionales sobre el tema del exilio y la cultura chicana. Actualmente dirige el proyecto de investigaci\u00f3n, Dominaci\u00f3n y subordinaci\u00f3n en los esquemas de comunicaci\u00f3n en la frontera Sonora-Arizona. DANIEL GARC\u00cdA VALENZUELA es gestor cultural y cursa la Maestr\u00eda en Desarrollo Regional del Centro de Investigaci\u00f3n en Alimentaci\u00f3n y Desarrollo, A. C. Colabora como coordinador operativo del Consejo Cultural Ciudadano de Sonora. Recientemente edit\u00f3 el libro Julio G. Arce: Escritor y periodista del segundo exilio mexicano del siglo XX en territorio aztlanense para los autores principales de esta obra.<\/p>","protected":false},"excerpt":{"rendered":"<p><a href=\"https:\/\/www.amazon.com\/Nuestra-Cocina-1918-1928-peri\u00f3dicos-California-ebook\/dp\/B081667DTR\/ref=tmm\\\\_kin\\\\_swatch\\\\_0?\\\\_encoding=UTF8\\\\&amp;dib\\\\_tag=se\\\\&amp;dib=eyJ2IjoiMSJ9.Mmq6007ODBSX74PgzkvoxQBGyIMi4oZqw70DznZCpnJpYahW7GjVLKZvUkdBbQI\\\\_HYgYIiZB4ol7FbmlJkPnmVT1WILSbYFJhQ6h6ZPm4pc.DprFFD-ExoaYK7Nfal2fg6ikGIAgRr54TH3XN4F7nk0\\\\&amp;qid=1755019392\\\\&amp;sr=8-3\" target=\"_blank\" rel=\"noopener\">Buy a Digital Copy<\/a><\/p>","protected":false},"featured_media":51476,"comment_status":"closed","ping_status":"closed","template":"","meta":[],"product_brand":[],"product_cat":[25],"product_tag":[],"class_list":{"0":"post-51475","1":"product","2":"type-product","3":"status-publish","4":"has-post-thumbnail","6":"product_cat-general-interest-books","8":"first","9":"instock","10":"sale","11":"taxable","12":"shipping-taxable","13":"purchasable","14":"product-type-variable"},"yoast_head":"<!-- This site is optimized with the Yoast SEO plugin v27.4 - https:\/\/yoast.com\/product\/yoast-seo-wordpress\/ -->\n<title>NUESTRA COCINA - Biblioteca Latinx<\/title>\n<meta name=\"robots\" content=\"noindex, follow, max-snippet:-1, max-image-preview:large, max-video-preview:-1\" \/>\n<meta property=\"og:locale\" content=\"es_MX\" \/>\n<meta property=\"og:type\" content=\"article\" \/>\n<meta property=\"og:title\" content=\"NUESTRA COCINA - Biblioteca Latinx\" \/>\n<meta property=\"og:description\" content=\"Buy a Digital Copy\" \/>\n<meta property=\"og:url\" content=\"https:\/\/bibliotecalatinx.com\/es\/producto\/nuestra-cocina\/\" \/>\n<meta property=\"og:site_name\" content=\"Biblioteca Latinx\" \/>\n<meta property=\"article:modified_time\" content=\"2025-08-20T09:21:52+00:00\" \/>\n<meta property=\"og:image\" content=\"https:\/\/bibliotecalatinx.com\/wp-content\/uploads\/2025\/08\/NUESTRA-COCINA.jpg\" \/>\n<meta name=\"twitter:card\" content=\"summary_large_image\" \/>\n<meta name=\"twitter:title\" content=\"NUESTRA COCINA - Biblioteca Latinx\" \/>\n<meta name=\"twitter:description\" content=\"Buy a Digital Copy\" \/>\n<meta name=\"twitter:image\" content=\"https:\/\/bibliotecalatinx.com\/wp-content\/uploads\/2025\/08\/NUESTRA-COCINA.jpg\" \/>\n<meta name=\"twitter:label1\" content=\"Tiempo de lectura\" \/>\n\t<meta name=\"twitter:data1\" content=\"2 minutos\" \/>\n<script type=\"application\/ld+json\" class=\"yoast-schema-graph\">{\"@context\":\"https:\\\/\\\/schema.org\",\"@graph\":[{\"@type\":\"WebPage\",\"@id\":\"https:\\\/\\\/bibliotecalatinx.com\\\/product\\\/nuestra-cocina\\\/\",\"url\":\"https:\\\/\\\/bibliotecalatinx.com\\\/product\\\/nuestra-cocina\\\/\",\"name\":\"NUESTRA COCINA - Biblioteca Latinx\",\"isPartOf\":{\"@id\":\"https:\\\/\\\/bibliotecalatinx.com\\\/#website\"},\"primaryImageOfPage\":{\"@id\":\"https:\\\/\\\/bibliotecalatinx.com\\\/product\\\/nuestra-cocina\\\/#primaryimage\"},\"image\":{\"@id\":\"https:\\\/\\\/bibliotecalatinx.com\\\/product\\\/nuestra-cocina\\\/#primaryimage\"},\"thumbnailUrl\":\"https:\\\/\\\/bibliotecalatinx.com\\\/wp-content\\\/uploads\\\/2025\\\/08\\\/NUESTRA-COCINA.jpg\",\"datePublished\":\"2025-08-12T17:25:35+00:00\",\"dateModified\":\"2025-08-20T09:21:52+00:00\",\"breadcrumb\":{\"@id\":\"https:\\\/\\\/bibliotecalatinx.com\\\/product\\\/nuestra-cocina\\\/#breadcrumb\"},\"inLanguage\":\"es\",\"potentialAction\":[{\"@type\":\"ReadAction\",\"target\":[\"https:\\\/\\\/bibliotecalatinx.com\\\/product\\\/nuestra-cocina\\\/\"]}]},{\"@type\":\"ImageObject\",\"inLanguage\":\"es\",\"@id\":\"https:\\\/\\\/bibliotecalatinx.com\\\/product\\\/nuestra-cocina\\\/#primaryimage\",\"url\":\"https:\\\/\\\/bibliotecalatinx.com\\\/wp-content\\\/uploads\\\/2025\\\/08\\\/NUESTRA-COCINA.jpg\",\"contentUrl\":\"https:\\\/\\\/bibliotecalatinx.com\\\/wp-content\\\/uploads\\\/2025\\\/08\\\/NUESTRA-COCINA.jpg\",\"width\":347,\"height\":522,\"caption\":\"Cover of a vintage Mexican cookbook from 1918-1928 with vegetables illustration.\"},{\"@type\":\"BreadcrumbList\",\"@id\":\"https:\\\/\\\/bibliotecalatinx.com\\\/product\\\/nuestra-cocina\\\/#breadcrumb\",\"itemListElement\":[{\"@type\":\"ListItem\",\"position\":1,\"name\":\"Home\",\"item\":\"https:\\\/\\\/bibliotecalatinx.com\\\/\"},{\"@type\":\"ListItem\",\"position\":2,\"name\":\"Shop\",\"item\":\"https:\\\/\\\/bibliotecalatinx.com\\\/shop\\\/\"},{\"@type\":\"ListItem\",\"position\":3,\"name\":\"NUESTRA COCINA\"}]},{\"@type\":\"WebSite\",\"@id\":\"https:\\\/\\\/bibliotecalatinx.com\\\/#website\",\"url\":\"https:\\\/\\\/bibliotecalatinx.com\\\/\",\"name\":\"Biblioteca Latinx\",\"description\":\"\",\"publisher\":{\"@id\":\"https:\\\/\\\/bibliotecalatinx.com\\\/#organization\"},\"potentialAction\":[{\"@type\":\"SearchAction\",\"target\":{\"@type\":\"EntryPoint\",\"urlTemplate\":\"https:\\\/\\\/bibliotecalatinx.com\\\/?s={search_term_string}\"},\"query-input\":{\"@type\":\"PropertyValueSpecification\",\"valueRequired\":true,\"valueName\":\"search_term_string\"}}],\"inLanguage\":\"es\"},{\"@type\":\"Organization\",\"@id\":\"https:\\\/\\\/bibliotecalatinx.com\\\/#organization\",\"name\":\"Biblioteca Latinx\",\"url\":\"https:\\\/\\\/bibliotecalatinx.com\\\/\",\"logo\":{\"@type\":\"ImageObject\",\"inLanguage\":\"es\",\"@id\":\"https:\\\/\\\/bibliotecalatinx.com\\\/#\\\/schema\\\/logo\\\/image\\\/\",\"url\":\"https:\\\/\\\/bibliotecalatinx.com\\\/wp-content\\\/uploads\\\/2025\\\/07\\\/attachment-1.png\",\"contentUrl\":\"https:\\\/\\\/bibliotecalatinx.com\\\/wp-content\\\/uploads\\\/2025\\\/07\\\/attachment-1.png\",\"width\":234,\"height\":234,\"caption\":\"Biblioteca Latinx\"},\"image\":{\"@id\":\"https:\\\/\\\/bibliotecalatinx.com\\\/#\\\/schema\\\/logo\\\/image\\\/\"}}]}<\/script>\n<!-- \/ Yoast SEO plugin. -->","yoast_head_json":{"title":"NUESTRA COCINA - Biblioteca Latinx","robots":{"index":"noindex","follow":"follow","max-snippet":"max-snippet:-1","max-image-preview":"max-image-preview:large","max-video-preview":"max-video-preview:-1"},"og_locale":"es_MX","og_type":"article","og_title":"NUESTRA COCINA - Biblioteca Latinx","og_description":"Buy a Digital Copy","og_url":"https:\/\/bibliotecalatinx.com\/es\/producto\/nuestra-cocina\/","og_site_name":"Biblioteca Latinx","article_modified_time":"2025-08-20T09:21:52+00:00","og_image":[{"url":"https:\/\/bibliotecalatinx.com\/wp-content\/uploads\/2025\/08\/NUESTRA-COCINA.jpg","type":"","width":"","height":""}],"twitter_card":"summary_large_image","twitter_title":"NUESTRA COCINA - Biblioteca Latinx","twitter_description":"Buy a Digital Copy","twitter_image":"https:\/\/bibliotecalatinx.com\/wp-content\/uploads\/2025\/08\/NUESTRA-COCINA.jpg","twitter_misc":{"Tiempo de lectura":"2 minutos"},"schema":{"@context":"https:\/\/schema.org","@graph":[{"@type":"WebPage","@id":"https:\/\/bibliotecalatinx.com\/product\/nuestra-cocina\/","url":"https:\/\/bibliotecalatinx.com\/product\/nuestra-cocina\/","name":"NUESTRA COCINA - Biblioteca Latinx","isPartOf":{"@id":"https:\/\/bibliotecalatinx.com\/#website"},"primaryImageOfPage":{"@id":"https:\/\/bibliotecalatinx.com\/product\/nuestra-cocina\/#primaryimage"},"image":{"@id":"https:\/\/bibliotecalatinx.com\/product\/nuestra-cocina\/#primaryimage"},"thumbnailUrl":"https:\/\/bibliotecalatinx.com\/wp-content\/uploads\/2025\/08\/NUESTRA-COCINA.jpg","datePublished":"2025-08-12T17:25:35+00:00","dateModified":"2025-08-20T09:21:52+00:00","breadcrumb":{"@id":"https:\/\/bibliotecalatinx.com\/product\/nuestra-cocina\/#breadcrumb"},"inLanguage":"es","potentialAction":[{"@type":"ReadAction","target":["https:\/\/bibliotecalatinx.com\/product\/nuestra-cocina\/"]}]},{"@type":"ImageObject","inLanguage":"es","@id":"https:\/\/bibliotecalatinx.com\/product\/nuestra-cocina\/#primaryimage","url":"https:\/\/bibliotecalatinx.com\/wp-content\/uploads\/2025\/08\/NUESTRA-COCINA.jpg","contentUrl":"https:\/\/bibliotecalatinx.com\/wp-content\/uploads\/2025\/08\/NUESTRA-COCINA.jpg","width":347,"height":522,"caption":"Cover of a vintage Mexican cookbook from 1918-1928 with vegetables illustration."},{"@type":"BreadcrumbList","@id":"https:\/\/bibliotecalatinx.com\/product\/nuestra-cocina\/#breadcrumb","itemListElement":[{"@type":"ListItem","position":1,"name":"Home","item":"https:\/\/bibliotecalatinx.com\/"},{"@type":"ListItem","position":2,"name":"Shop","item":"https:\/\/bibliotecalatinx.com\/shop\/"},{"@type":"ListItem","position":3,"name":"NUESTRA COCINA"}]},{"@type":"WebSite","@id":"https:\/\/bibliotecalatinx.com\/#website","url":"https:\/\/bibliotecalatinx.com\/","name":"Biblioteca Latinx","description":"","publisher":{"@id":"https:\/\/bibliotecalatinx.com\/#organization"},"potentialAction":[{"@type":"SearchAction","target":{"@type":"EntryPoint","urlTemplate":"https:\/\/bibliotecalatinx.com\/?s={search_term_string}"},"query-input":{"@type":"PropertyValueSpecification","valueRequired":true,"valueName":"search_term_string"}}],"inLanguage":"es"},{"@type":"Organization","@id":"https:\/\/bibliotecalatinx.com\/#organization","name":"Biblioteca Latinx","url":"https:\/\/bibliotecalatinx.com\/","logo":{"@type":"ImageObject","inLanguage":"es","@id":"https:\/\/bibliotecalatinx.com\/#\/schema\/logo\/image\/","url":"https:\/\/bibliotecalatinx.com\/wp-content\/uploads\/2025\/07\/attachment-1.png","contentUrl":"https:\/\/bibliotecalatinx.com\/wp-content\/uploads\/2025\/07\/attachment-1.png","width":234,"height":234,"caption":"Biblioteca Latinx"},"image":{"@id":"https:\/\/bibliotecalatinx.com\/#\/schema\/logo\/image\/"}}]}},"_links":{"self":[{"href":"https:\/\/bibliotecalatinx.com\/es\/wp-json\/wp\/v2\/product\/51475","targetHints":{"allow":["GET"]}}],"collection":[{"href":"https:\/\/bibliotecalatinx.com\/es\/wp-json\/wp\/v2\/product"}],"about":[{"href":"https:\/\/bibliotecalatinx.com\/es\/wp-json\/wp\/v2\/types\/product"}],"replies":[{"embeddable":true,"href":"https:\/\/bibliotecalatinx.com\/es\/wp-json\/wp\/v2\/comments?post=51475"}],"wp:featuredmedia":[{"embeddable":true,"href":"https:\/\/bibliotecalatinx.com\/es\/wp-json\/wp\/v2\/media\/51476"}],"wp:attachment":[{"href":"https:\/\/bibliotecalatinx.com\/es\/wp-json\/wp\/v2\/media?parent=51475"}],"wp:term":[{"taxonomy":"product_brand","embeddable":true,"href":"https:\/\/bibliotecalatinx.com\/es\/wp-json\/wp\/v2\/product_brand?post=51475"},{"taxonomy":"product_cat","embeddable":true,"href":"https:\/\/bibliotecalatinx.com\/es\/wp-json\/wp\/v2\/product_cat?post=51475"},{"taxonomy":"product_tag","embeddable":true,"href":"https:\/\/bibliotecalatinx.com\/es\/wp-json\/wp\/v2\/product_tag?post=51475"}],"curies":[{"name":"wp","href":"https:\/\/api.w.org\/{rel}","templated":true}]}}