{"id":51459,"date":"2025-08-04T12:05:05","date_gmt":"2025-08-04T19:05:05","guid":{"rendered":"https:\/\/bibliotecalatinx.com\/?post_type=product&#038;p=51459"},"modified":"2025-08-12T10:13:38","modified_gmt":"2025-08-12T17:13:38","slug":"flamencos-el-mejor-antilope-y-dos-cuentos-mas-flamingos-the-best-antelope-and-two-more-stories","status":"publish","type":"product","link":"https:\/\/bibliotecalatinx.com\/es\/producto\/flamencos-el-mejor-antilope-y-dos-cuentos-mas-flamingos-the-best-antelope-and-two-more-stories\/","title":{"rendered":"FLAMENCOS, EL MEJOR ANTILOPE Y DOS CUENTOS MAS\/FLAMINGOS, THE BEST ANTELOPE AND TWO MORE STORIES"},"content":{"rendered":"<p>This collection contains four illustrated children&#8217;s stories originally published in San Antonio, Texas in 1921 in the Spanish language newspaper La Prensa. It is part of the effort to recover part of the historical and cultural literary heritage of the Spanish speaking people in the United States.<\/p>\n<p>Esta colecci\u00f3n contiene cuatro cuentos ilustrados para ni\u00f1os originalmente publicados en espa\u00f1ol en San Antonio, Texas en 1921 en el peri\u00f3dico La Prensa. Tambi\u00e9n es parte de un esfuerzo de recuperar parte del legado hist\u00f3rico cultural del pueblo de habla hispana de los Estados Unidos. <\/p>","protected":false},"excerpt":{"rendered":"<p>This collection contains four illustrated children&#8217;s stories originally published in San Antonio, Texas in 1921 in the Spanish language newspaper La Prensa. It is part of the effort to recover part of the historical and cultural literary heritage of the Spanish speaking people in the United States. Esta colecci\u00f3n contiene cuatro cuentos ilustrados para ni\u00f1os&hellip;<\/p>","protected":false},"featured_media":51465,"comment_status":"closed","ping_status":"closed","template":"","meta":[],"product_brand":[],"product_cat":[22],"product_tag":[],"class_list":{"0":"post-51459","1":"product","2":"type-product","3":"status-publish","4":"has-post-thumbnail","6":"product_cat-childrens-books","8":"first","9":"instock","10":"sale","11":"taxable","12":"shipping-taxable","13":"purchasable","14":"product-type-simple"},"yoast_head":"<!-- This site is optimized with the Yoast SEO plugin v27.4 - https:\/\/yoast.com\/product\/yoast-seo-wordpress\/ -->\n<title>FLAMENCOS, EL MEJOR ANTILOPE Y DOS CUENTOS MAS\/FLAMINGOS, THE BEST ANTELOPE AND TWO MORE STORIES - Biblioteca Latinx<\/title>\n<meta name=\"robots\" content=\"noindex, follow, max-snippet:-1, max-image-preview:large, max-video-preview:-1\" \/>\n<meta property=\"og:locale\" content=\"es_MX\" \/>\n<meta property=\"og:type\" content=\"article\" \/>\n<meta property=\"og:title\" content=\"FLAMENCOS, EL MEJOR ANTILOPE Y DOS CUENTOS MAS\/FLAMINGOS, THE BEST ANTELOPE AND TWO MORE STORIES - Biblioteca Latinx\" \/>\n<meta property=\"og:description\" content=\"This collection contains four illustrated children&#039;s stories originally published in San Antonio, Texas in 1921 in the Spanish language newspaper La\" \/>\n<meta property=\"og:url\" content=\"https:\/\/bibliotecalatinx.com\/es\/producto\/flamencos-el-mejor-antilope-y-dos-cuentos-mas-flamingos-the-best-antelope-and-two-more-stories\/\" \/>\n<meta property=\"og:site_name\" content=\"Biblioteca Latinx\" \/>\n<meta property=\"article:modified_time\" content=\"2025-08-12T17:13:38+00:00\" \/>\n<meta property=\"og:image\" content=\"https:\/\/bibliotecalatinx.com\/wp-content\/uploads\/2025\/08\/28-31-Flamencos-Anti\u2560ulope.-Cover-with-price-scan-1-pdf.jpg\" \/>\n<meta name=\"twitter:card\" content=\"summary_large_image\" \/>\n<meta name=\"twitter:title\" content=\"FLAMENCOS, EL MEJOR ANTILOPE Y DOS CUENTOS MAS\/FLAMINGOS, THE BEST ANTELOPE AND TWO MORE STORIES - Biblioteca Latinx\" \/>\n<meta name=\"twitter:description\" content=\"This collection contains four illustrated children&#039;s stories originally published in San Antonio, Texas in 1921 in the Spanish language newspaper La\" \/>\n<meta name=\"twitter:image\" content=\"https:\/\/bibliotecalatinx.com\/wp-content\/uploads\/2025\/08\/28-31-Flamencos-Anti\u2560ulope.-Cover-with-price-scan-1-pdf.jpg\" \/>\n<meta name=\"twitter:label1\" content=\"Tiempo de lectura\" \/>\n\t<meta name=\"twitter:data1\" content=\"1 minuto\" \/>\n<script type=\"application\/ld+json\" class=\"yoast-schema-graph\">{\"@context\":\"https:\\\/\\\/schema.org\",\"@graph\":[{\"@type\":\"WebPage\",\"@id\":\"https:\\\/\\\/bibliotecalatinx.com\\\/product\\\/flamencos-el-mejor-antilope-y-dos-cuentos-mas-flamingos-the-best-antelope-and-two-more-stories\\\/\",\"url\":\"https:\\\/\\\/bibliotecalatinx.com\\\/product\\\/flamencos-el-mejor-antilope-y-dos-cuentos-mas-flamingos-the-best-antelope-and-two-more-stories\\\/\",\"name\":\"FLAMENCOS, EL MEJOR ANTILOPE Y DOS CUENTOS MAS\\\/FLAMINGOS, THE BEST ANTELOPE AND TWO MORE STORIES - Biblioteca Latinx\",\"isPartOf\":{\"@id\":\"https:\\\/\\\/bibliotecalatinx.com\\\/#website\"},\"primaryImageOfPage\":{\"@id\":\"https:\\\/\\\/bibliotecalatinx.com\\\/product\\\/flamencos-el-mejor-antilope-y-dos-cuentos-mas-flamingos-the-best-antelope-and-two-more-stories\\\/#primaryimage\"},\"image\":{\"@id\":\"https:\\\/\\\/bibliotecalatinx.com\\\/product\\\/flamencos-el-mejor-antilope-y-dos-cuentos-mas-flamingos-the-best-antelope-and-two-more-stories\\\/#primaryimage\"},\"thumbnailUrl\":\"https:\\\/\\\/bibliotecalatinx.com\\\/wp-content\\\/uploads\\\/2025\\\/08\\\/28-31-Flamencos-Anti\u2560ulope.-Cover-with-price-scan-1-pdf.jpg\",\"datePublished\":\"2025-08-04T19:05:05+00:00\",\"dateModified\":\"2025-08-12T17:13:38+00:00\",\"breadcrumb\":{\"@id\":\"https:\\\/\\\/bibliotecalatinx.com\\\/product\\\/flamencos-el-mejor-antilope-y-dos-cuentos-mas-flamingos-the-best-antelope-and-two-more-stories\\\/#breadcrumb\"},\"inLanguage\":\"es\",\"potentialAction\":[{\"@type\":\"ReadAction\",\"target\":[\"https:\\\/\\\/bibliotecalatinx.com\\\/product\\\/flamencos-el-mejor-antilope-y-dos-cuentos-mas-flamingos-the-best-antelope-and-two-more-stories\\\/\"]}]},{\"@type\":\"ImageObject\",\"inLanguage\":\"es\",\"@id\":\"https:\\\/\\\/bibliotecalatinx.com\\\/product\\\/flamencos-el-mejor-antilope-y-dos-cuentos-mas-flamingos-the-best-antelope-and-two-more-stories\\\/#primaryimage\",\"url\":\"https:\\\/\\\/bibliotecalatinx.com\\\/wp-content\\\/uploads\\\/2025\\\/08\\\/28-31-Flamencos-Anti\u2560ulope.-Cover-with-price-scan-1-pdf.jpg\",\"contentUrl\":\"https:\\\/\\\/bibliotecalatinx.com\\\/wp-content\\\/uploads\\\/2025\\\/08\\\/28-31-Flamencos-Anti\u2560ulope.-Cover-with-price-scan-1-pdf.jpg\"},{\"@type\":\"BreadcrumbList\",\"@id\":\"https:\\\/\\\/bibliotecalatinx.com\\\/product\\\/flamencos-el-mejor-antilope-y-dos-cuentos-mas-flamingos-the-best-antelope-and-two-more-stories\\\/#breadcrumb\",\"itemListElement\":[{\"@type\":\"ListItem\",\"position\":1,\"name\":\"Home\",\"item\":\"https:\\\/\\\/bibliotecalatinx.com\\\/\"},{\"@type\":\"ListItem\",\"position\":2,\"name\":\"Shop\",\"item\":\"https:\\\/\\\/bibliotecalatinx.com\\\/shop\\\/\"},{\"@type\":\"ListItem\",\"position\":3,\"name\":\"FLAMENCOS, EL MEJOR ANTILOPE Y DOS CUENTOS MAS\\\/FLAMINGOS, THE BEST ANTELOPE AND TWO MORE STORIES\"}]},{\"@type\":\"WebSite\",\"@id\":\"https:\\\/\\\/bibliotecalatinx.com\\\/#website\",\"url\":\"https:\\\/\\\/bibliotecalatinx.com\\\/\",\"name\":\"Biblioteca Latinx\",\"description\":\"\",\"publisher\":{\"@id\":\"https:\\\/\\\/bibliotecalatinx.com\\\/#organization\"},\"potentialAction\":[{\"@type\":\"SearchAction\",\"target\":{\"@type\":\"EntryPoint\",\"urlTemplate\":\"https:\\\/\\\/bibliotecalatinx.com\\\/?s={search_term_string}\"},\"query-input\":{\"@type\":\"PropertyValueSpecification\",\"valueRequired\":true,\"valueName\":\"search_term_string\"}}],\"inLanguage\":\"es\"},{\"@type\":\"Organization\",\"@id\":\"https:\\\/\\\/bibliotecalatinx.com\\\/#organization\",\"name\":\"Biblioteca Latinx\",\"url\":\"https:\\\/\\\/bibliotecalatinx.com\\\/\",\"logo\":{\"@type\":\"ImageObject\",\"inLanguage\":\"es\",\"@id\":\"https:\\\/\\\/bibliotecalatinx.com\\\/#\\\/schema\\\/logo\\\/image\\\/\",\"url\":\"https:\\\/\\\/bibliotecalatinx.com\\\/wp-content\\\/uploads\\\/2025\\\/07\\\/attachment-1.png\",\"contentUrl\":\"https:\\\/\\\/bibliotecalatinx.com\\\/wp-content\\\/uploads\\\/2025\\\/07\\\/attachment-1.png\",\"width\":234,\"height\":234,\"caption\":\"Biblioteca Latinx\"},\"image\":{\"@id\":\"https:\\\/\\\/bibliotecalatinx.com\\\/#\\\/schema\\\/logo\\\/image\\\/\"}}]}<\/script>\n<!-- \/ Yoast SEO plugin. -->","yoast_head_json":{"title":"FLAMENCOS, EL MEJOR ANTILOPE Y DOS CUENTOS MAS\/FLAMINGOS, THE BEST ANTELOPE AND TWO MORE STORIES - Biblioteca Latinx","robots":{"index":"noindex","follow":"follow","max-snippet":"max-snippet:-1","max-image-preview":"max-image-preview:large","max-video-preview":"max-video-preview:-1"},"og_locale":"es_MX","og_type":"article","og_title":"FLAMENCOS, EL MEJOR ANTILOPE Y DOS CUENTOS MAS\/FLAMINGOS, THE BEST ANTELOPE AND TWO MORE STORIES - Biblioteca Latinx","og_description":"This collection contains four illustrated children's stories originally published in San Antonio, Texas in 1921 in the Spanish language newspaper La","og_url":"https:\/\/bibliotecalatinx.com\/es\/producto\/flamencos-el-mejor-antilope-y-dos-cuentos-mas-flamingos-the-best-antelope-and-two-more-stories\/","og_site_name":"Biblioteca Latinx","article_modified_time":"2025-08-12T17:13:38+00:00","og_image":[{"url":"https:\/\/bibliotecalatinx.com\/wp-content\/uploads\/2025\/08\/28-31-Flamencos-Anti\u2560ulope.-Cover-with-price-scan-1-pdf.jpg","type":"","width":"","height":""}],"twitter_card":"summary_large_image","twitter_title":"FLAMENCOS, EL MEJOR ANTILOPE Y DOS CUENTOS MAS\/FLAMINGOS, THE BEST ANTELOPE AND TWO MORE STORIES - Biblioteca Latinx","twitter_description":"This collection contains four illustrated children's stories originally published in San Antonio, Texas in 1921 in the Spanish language newspaper La","twitter_image":"https:\/\/bibliotecalatinx.com\/wp-content\/uploads\/2025\/08\/28-31-Flamencos-Anti\u2560ulope.-Cover-with-price-scan-1-pdf.jpg","twitter_misc":{"Tiempo de lectura":"1 minuto"},"schema":{"@context":"https:\/\/schema.org","@graph":[{"@type":"WebPage","@id":"https:\/\/bibliotecalatinx.com\/product\/flamencos-el-mejor-antilope-y-dos-cuentos-mas-flamingos-the-best-antelope-and-two-more-stories\/","url":"https:\/\/bibliotecalatinx.com\/product\/flamencos-el-mejor-antilope-y-dos-cuentos-mas-flamingos-the-best-antelope-and-two-more-stories\/","name":"FLAMENCOS, EL MEJOR ANTILOPE Y DOS CUENTOS MAS\/FLAMINGOS, THE BEST ANTELOPE AND TWO MORE STORIES - Biblioteca Latinx","isPartOf":{"@id":"https:\/\/bibliotecalatinx.com\/#website"},"primaryImageOfPage":{"@id":"https:\/\/bibliotecalatinx.com\/product\/flamencos-el-mejor-antilope-y-dos-cuentos-mas-flamingos-the-best-antelope-and-two-more-stories\/#primaryimage"},"image":{"@id":"https:\/\/bibliotecalatinx.com\/product\/flamencos-el-mejor-antilope-y-dos-cuentos-mas-flamingos-the-best-antelope-and-two-more-stories\/#primaryimage"},"thumbnailUrl":"https:\/\/bibliotecalatinx.com\/wp-content\/uploads\/2025\/08\/28-31-Flamencos-Anti\u2560ulope.-Cover-with-price-scan-1-pdf.jpg","datePublished":"2025-08-04T19:05:05+00:00","dateModified":"2025-08-12T17:13:38+00:00","breadcrumb":{"@id":"https:\/\/bibliotecalatinx.com\/product\/flamencos-el-mejor-antilope-y-dos-cuentos-mas-flamingos-the-best-antelope-and-two-more-stories\/#breadcrumb"},"inLanguage":"es","potentialAction":[{"@type":"ReadAction","target":["https:\/\/bibliotecalatinx.com\/product\/flamencos-el-mejor-antilope-y-dos-cuentos-mas-flamingos-the-best-antelope-and-two-more-stories\/"]}]},{"@type":"ImageObject","inLanguage":"es","@id":"https:\/\/bibliotecalatinx.com\/product\/flamencos-el-mejor-antilope-y-dos-cuentos-mas-flamingos-the-best-antelope-and-two-more-stories\/#primaryimage","url":"https:\/\/bibliotecalatinx.com\/wp-content\/uploads\/2025\/08\/28-31-Flamencos-Anti\u2560ulope.-Cover-with-price-scan-1-pdf.jpg","contentUrl":"https:\/\/bibliotecalatinx.com\/wp-content\/uploads\/2025\/08\/28-31-Flamencos-Anti\u2560ulope.-Cover-with-price-scan-1-pdf.jpg"},{"@type":"BreadcrumbList","@id":"https:\/\/bibliotecalatinx.com\/product\/flamencos-el-mejor-antilope-y-dos-cuentos-mas-flamingos-the-best-antelope-and-two-more-stories\/#breadcrumb","itemListElement":[{"@type":"ListItem","position":1,"name":"Home","item":"https:\/\/bibliotecalatinx.com\/"},{"@type":"ListItem","position":2,"name":"Shop","item":"https:\/\/bibliotecalatinx.com\/shop\/"},{"@type":"ListItem","position":3,"name":"FLAMENCOS, EL MEJOR ANTILOPE Y DOS CUENTOS MAS\/FLAMINGOS, THE BEST ANTELOPE AND TWO MORE STORIES"}]},{"@type":"WebSite","@id":"https:\/\/bibliotecalatinx.com\/#website","url":"https:\/\/bibliotecalatinx.com\/","name":"Biblioteca Latinx","description":"","publisher":{"@id":"https:\/\/bibliotecalatinx.com\/#organization"},"potentialAction":[{"@type":"SearchAction","target":{"@type":"EntryPoint","urlTemplate":"https:\/\/bibliotecalatinx.com\/?s={search_term_string}"},"query-input":{"@type":"PropertyValueSpecification","valueRequired":true,"valueName":"search_term_string"}}],"inLanguage":"es"},{"@type":"Organization","@id":"https:\/\/bibliotecalatinx.com\/#organization","name":"Biblioteca Latinx","url":"https:\/\/bibliotecalatinx.com\/","logo":{"@type":"ImageObject","inLanguage":"es","@id":"https:\/\/bibliotecalatinx.com\/#\/schema\/logo\/image\/","url":"https:\/\/bibliotecalatinx.com\/wp-content\/uploads\/2025\/07\/attachment-1.png","contentUrl":"https:\/\/bibliotecalatinx.com\/wp-content\/uploads\/2025\/07\/attachment-1.png","width":234,"height":234,"caption":"Biblioteca Latinx"},"image":{"@id":"https:\/\/bibliotecalatinx.com\/#\/schema\/logo\/image\/"}}]}},"_links":{"self":[{"href":"https:\/\/bibliotecalatinx.com\/es\/wp-json\/wp\/v2\/product\/51459","targetHints":{"allow":["GET"]}}],"collection":[{"href":"https:\/\/bibliotecalatinx.com\/es\/wp-json\/wp\/v2\/product"}],"about":[{"href":"https:\/\/bibliotecalatinx.com\/es\/wp-json\/wp\/v2\/types\/product"}],"replies":[{"embeddable":true,"href":"https:\/\/bibliotecalatinx.com\/es\/wp-json\/wp\/v2\/comments?post=51459"}],"wp:featuredmedia":[{"embeddable":true,"href":"https:\/\/bibliotecalatinx.com\/es\/wp-json\/wp\/v2\/media\/51465"}],"wp:attachment":[{"href":"https:\/\/bibliotecalatinx.com\/es\/wp-json\/wp\/v2\/media?parent=51459"}],"wp:term":[{"taxonomy":"product_brand","embeddable":true,"href":"https:\/\/bibliotecalatinx.com\/es\/wp-json\/wp\/v2\/product_brand?post=51459"},{"taxonomy":"product_cat","embeddable":true,"href":"https:\/\/bibliotecalatinx.com\/es\/wp-json\/wp\/v2\/product_cat?post=51459"},{"taxonomy":"product_tag","embeddable":true,"href":"https:\/\/bibliotecalatinx.com\/es\/wp-json\/wp\/v2\/product_tag?post=51459"}],"curies":[{"name":"wp","href":"https:\/\/api.w.org\/{rel}","templated":true}]}}