{"id":51456,"date":"2025-08-04T12:02:17","date_gmt":"2025-08-04T19:02:17","guid":{"rendered":"https:\/\/bibliotecalatinx.com\/?post_type=product&#038;p=51456"},"modified":"2025-08-20T01:17:57","modified_gmt":"2025-08-20T08:17:57","slug":"la-jirafa-y-4-cuentos-mas-the-giraffe-and-4-more-stories","status":"publish","type":"product","link":"https:\/\/bibliotecalatinx.com\/es\/producto\/la-jirafa-y-4-cuentos-mas-the-giraffe-and-4-more-stories\/","title":{"rendered":"LA JIRAFA Y 4 CUENTOS MA\u0301S\/THE GIRAFFE AND 4 MORE STORIES"},"content":{"rendered":"<p>Through the art of personification, these animals talk about their experiences in their natural habitats and their transition to a zoo where they now live as captives, and about their relationships with humans. Some describe how they lived before being captured, and the assumption is that they were captured to be sold to zoos in various parts of the world, and to pair them up with other similar animals that were already confined. Personification of these animals is effective because we can see both the physical and emotional harm. They are first person witnesses when they see their parents, brothers, sisters, and friends\u2019 hardships to defend themselves from being captured and transported to unknown places far from their families.<\/p>\n<p>Por medio de la personificaci\u00f3n estos animales hablan sobre las experiencias en sus lugares naturales y la transici\u00f3n al zool\u00f3gico donde ahora viven enjaulados y su relaci\u00f3n con los seres humanos. Algunos cuentan c\u00f3mo viv\u00edan antes de ser atrapados y suponemos que fueron capturados para ser vendidos a los zool\u00f3gicos en diferentes partes del mundo, y para emparejarlos con otros que ya se encontraban cautivos. La personificaci\u00f3n de estos animales funciona bien porque podemos ver el da\u00f1o f\u00edsico pero tambi\u00e9n psicol\u00f3gico. Son testigos en primera persona al ver que sus padres, hermanos y amigos pasan por muchas dificultades para defenderse de ser capturados y trasladados a lugares desconocidos lejos de sus familias.<\/p>","protected":false},"excerpt":{"rendered":"<p>Through the art of personification, these animals talk about their experiences in their natural habitats and their transition to a zoo where they now live as captives, and about their relationships with humans. Some describe how they lived before being captured, and the assumption is that they were captured to be sold to zoos in&hellip;<\/p>","protected":false},"featured_media":51467,"comment_status":"closed","ping_status":"closed","template":"","meta":[],"product_brand":[],"product_cat":[22],"product_tag":[],"class_list":{"0":"post-51456","1":"product","2":"type-product","3":"status-publish","4":"has-post-thumbnail","6":"product_cat-childrens-books","8":"first","9":"instock","10":"sale","11":"taxable","12":"shipping-taxable","13":"purchasable","14":"product-type-variable"},"yoast_head":"<!-- This site is optimized with the Yoast SEO plugin v27.4 - https:\/\/yoast.com\/product\/yoast-seo-wordpress\/ -->\n<title>LA JIRAFA Y 4 CUENTOS MA\u0301S\/THE GIRAFFE AND 4 MORE STORIES - Biblioteca Latinx<\/title>\n<meta name=\"robots\" content=\"noindex, follow, max-snippet:-1, max-image-preview:large, max-video-preview:-1\" \/>\n<meta property=\"og:locale\" content=\"es_MX\" \/>\n<meta property=\"og:type\" content=\"article\" \/>\n<meta property=\"og:title\" content=\"LA JIRAFA Y 4 CUENTOS MA\u0301S\/THE GIRAFFE AND 4 MORE STORIES - Biblioteca Latinx\" \/>\n<meta property=\"og:description\" content=\"Through the art of personification, these animals talk about their experiences in their natural habitats and their transition to a zoo where they now live\" \/>\n<meta property=\"og:url\" content=\"https:\/\/bibliotecalatinx.com\/es\/producto\/la-jirafa-y-4-cuentos-mas-the-giraffe-and-4-more-stories\/\" \/>\n<meta property=\"og:site_name\" content=\"Biblioteca Latinx\" \/>\n<meta property=\"article:modified_time\" content=\"2025-08-20T08:17:57+00:00\" \/>\n<meta property=\"og:image\" content=\"https:\/\/bibliotecalatinx.com\/wp-content\/uploads\/2025\/08\/23-27-Camello_Jirafa-Hardcover-Cover-Price-Added-1-pdf.jpg\" \/>\n<meta name=\"twitter:card\" content=\"summary_large_image\" \/>\n<meta name=\"twitter:title\" content=\"LA JIRAFA Y 4 CUENTOS MA\u0301S\/THE GIRAFFE AND 4 MORE STORIES - Biblioteca Latinx\" \/>\n<meta name=\"twitter:description\" content=\"Through the art of personification, these animals talk about their experiences in their natural habitats and their transition to a zoo where they now live\" \/>\n<meta name=\"twitter:image\" content=\"https:\/\/bibliotecalatinx.com\/wp-content\/uploads\/2025\/08\/23-27-Camello_Jirafa-Hardcover-Cover-Price-Added-1-pdf.jpg\" \/>\n<meta name=\"twitter:label1\" content=\"Tiempo de lectura\" \/>\n\t<meta name=\"twitter:data1\" content=\"2 minutos\" \/>\n<script type=\"application\/ld+json\" class=\"yoast-schema-graph\">{\"@context\":\"https:\\\/\\\/schema.org\",\"@graph\":[{\"@type\":\"WebPage\",\"@id\":\"https:\\\/\\\/bibliotecalatinx.com\\\/product\\\/la-jirafa-y-4-cuentos-mas-the-giraffe-and-4-more-stories\\\/\",\"url\":\"https:\\\/\\\/bibliotecalatinx.com\\\/product\\\/la-jirafa-y-4-cuentos-mas-the-giraffe-and-4-more-stories\\\/\",\"name\":\"LA JIRAFA Y 4 CUENTOS MA\u0301S\\\/THE GIRAFFE AND 4 MORE STORIES - Biblioteca Latinx\",\"isPartOf\":{\"@id\":\"https:\\\/\\\/bibliotecalatinx.com\\\/#website\"},\"primaryImageOfPage\":{\"@id\":\"https:\\\/\\\/bibliotecalatinx.com\\\/product\\\/la-jirafa-y-4-cuentos-mas-the-giraffe-and-4-more-stories\\\/#primaryimage\"},\"image\":{\"@id\":\"https:\\\/\\\/bibliotecalatinx.com\\\/product\\\/la-jirafa-y-4-cuentos-mas-the-giraffe-and-4-more-stories\\\/#primaryimage\"},\"thumbnailUrl\":\"https:\\\/\\\/bibliotecalatinx.com\\\/wp-content\\\/uploads\\\/2025\\\/08\\\/23-27-Camello_Jirafa-Hardcover-Cover-Price-Added-1-pdf.jpg\",\"datePublished\":\"2025-08-04T19:02:17+00:00\",\"dateModified\":\"2025-08-20T08:17:57+00:00\",\"breadcrumb\":{\"@id\":\"https:\\\/\\\/bibliotecalatinx.com\\\/product\\\/la-jirafa-y-4-cuentos-mas-the-giraffe-and-4-more-stories\\\/#breadcrumb\"},\"inLanguage\":\"es\",\"potentialAction\":[{\"@type\":\"ReadAction\",\"target\":[\"https:\\\/\\\/bibliotecalatinx.com\\\/product\\\/la-jirafa-y-4-cuentos-mas-the-giraffe-and-4-more-stories\\\/\"]}]},{\"@type\":\"ImageObject\",\"inLanguage\":\"es\",\"@id\":\"https:\\\/\\\/bibliotecalatinx.com\\\/product\\\/la-jirafa-y-4-cuentos-mas-the-giraffe-and-4-more-stories\\\/#primaryimage\",\"url\":\"https:\\\/\\\/bibliotecalatinx.com\\\/wp-content\\\/uploads\\\/2025\\\/08\\\/23-27-Camello_Jirafa-Hardcover-Cover-Price-Added-1-pdf.jpg\",\"contentUrl\":\"https:\\\/\\\/bibliotecalatinx.com\\\/wp-content\\\/uploads\\\/2025\\\/08\\\/23-27-Camello_Jirafa-Hardcover-Cover-Price-Added-1-pdf.jpg\"},{\"@type\":\"BreadcrumbList\",\"@id\":\"https:\\\/\\\/bibliotecalatinx.com\\\/product\\\/la-jirafa-y-4-cuentos-mas-the-giraffe-and-4-more-stories\\\/#breadcrumb\",\"itemListElement\":[{\"@type\":\"ListItem\",\"position\":1,\"name\":\"Home\",\"item\":\"https:\\\/\\\/bibliotecalatinx.com\\\/\"},{\"@type\":\"ListItem\",\"position\":2,\"name\":\"Shop\",\"item\":\"https:\\\/\\\/bibliotecalatinx.com\\\/shop\\\/\"},{\"@type\":\"ListItem\",\"position\":3,\"name\":\"LA JIRAFA Y 4 CUENTOS MA\u0301S\\\/THE GIRAFFE AND 4 MORE STORIES\"}]},{\"@type\":\"WebSite\",\"@id\":\"https:\\\/\\\/bibliotecalatinx.com\\\/#website\",\"url\":\"https:\\\/\\\/bibliotecalatinx.com\\\/\",\"name\":\"Biblioteca Latinx\",\"description\":\"\",\"publisher\":{\"@id\":\"https:\\\/\\\/bibliotecalatinx.com\\\/#organization\"},\"potentialAction\":[{\"@type\":\"SearchAction\",\"target\":{\"@type\":\"EntryPoint\",\"urlTemplate\":\"https:\\\/\\\/bibliotecalatinx.com\\\/?s={search_term_string}\"},\"query-input\":{\"@type\":\"PropertyValueSpecification\",\"valueRequired\":true,\"valueName\":\"search_term_string\"}}],\"inLanguage\":\"es\"},{\"@type\":\"Organization\",\"@id\":\"https:\\\/\\\/bibliotecalatinx.com\\\/#organization\",\"name\":\"Biblioteca Latinx\",\"url\":\"https:\\\/\\\/bibliotecalatinx.com\\\/\",\"logo\":{\"@type\":\"ImageObject\",\"inLanguage\":\"es\",\"@id\":\"https:\\\/\\\/bibliotecalatinx.com\\\/#\\\/schema\\\/logo\\\/image\\\/\",\"url\":\"https:\\\/\\\/bibliotecalatinx.com\\\/wp-content\\\/uploads\\\/2025\\\/07\\\/attachment-1.png\",\"contentUrl\":\"https:\\\/\\\/bibliotecalatinx.com\\\/wp-content\\\/uploads\\\/2025\\\/07\\\/attachment-1.png\",\"width\":234,\"height\":234,\"caption\":\"Biblioteca Latinx\"},\"image\":{\"@id\":\"https:\\\/\\\/bibliotecalatinx.com\\\/#\\\/schema\\\/logo\\\/image\\\/\"}}]}<\/script>\n<!-- \/ Yoast SEO plugin. -->","yoast_head_json":{"title":"LA JIRAFA Y 4 CUENTOS MA\u0301S\/THE GIRAFFE AND 4 MORE STORIES - Biblioteca Latinx","robots":{"index":"noindex","follow":"follow","max-snippet":"max-snippet:-1","max-image-preview":"max-image-preview:large","max-video-preview":"max-video-preview:-1"},"og_locale":"es_MX","og_type":"article","og_title":"LA JIRAFA Y 4 CUENTOS MA\u0301S\/THE GIRAFFE AND 4 MORE STORIES - Biblioteca Latinx","og_description":"Through the art of personification, these animals talk about their experiences in their natural habitats and their transition to a zoo where they now live","og_url":"https:\/\/bibliotecalatinx.com\/es\/producto\/la-jirafa-y-4-cuentos-mas-the-giraffe-and-4-more-stories\/","og_site_name":"Biblioteca Latinx","article_modified_time":"2025-08-20T08:17:57+00:00","og_image":[{"url":"https:\/\/bibliotecalatinx.com\/wp-content\/uploads\/2025\/08\/23-27-Camello_Jirafa-Hardcover-Cover-Price-Added-1-pdf.jpg","type":"","width":"","height":""}],"twitter_card":"summary_large_image","twitter_title":"LA JIRAFA Y 4 CUENTOS MA\u0301S\/THE GIRAFFE AND 4 MORE STORIES - Biblioteca Latinx","twitter_description":"Through the art of personification, these animals talk about their experiences in their natural habitats and their transition to a zoo where they now live","twitter_image":"https:\/\/bibliotecalatinx.com\/wp-content\/uploads\/2025\/08\/23-27-Camello_Jirafa-Hardcover-Cover-Price-Added-1-pdf.jpg","twitter_misc":{"Tiempo de lectura":"2 minutos"},"schema":{"@context":"https:\/\/schema.org","@graph":[{"@type":"WebPage","@id":"https:\/\/bibliotecalatinx.com\/product\/la-jirafa-y-4-cuentos-mas-the-giraffe-and-4-more-stories\/","url":"https:\/\/bibliotecalatinx.com\/product\/la-jirafa-y-4-cuentos-mas-the-giraffe-and-4-more-stories\/","name":"LA JIRAFA Y 4 CUENTOS MA\u0301S\/THE GIRAFFE AND 4 MORE STORIES - Biblioteca Latinx","isPartOf":{"@id":"https:\/\/bibliotecalatinx.com\/#website"},"primaryImageOfPage":{"@id":"https:\/\/bibliotecalatinx.com\/product\/la-jirafa-y-4-cuentos-mas-the-giraffe-and-4-more-stories\/#primaryimage"},"image":{"@id":"https:\/\/bibliotecalatinx.com\/product\/la-jirafa-y-4-cuentos-mas-the-giraffe-and-4-more-stories\/#primaryimage"},"thumbnailUrl":"https:\/\/bibliotecalatinx.com\/wp-content\/uploads\/2025\/08\/23-27-Camello_Jirafa-Hardcover-Cover-Price-Added-1-pdf.jpg","datePublished":"2025-08-04T19:02:17+00:00","dateModified":"2025-08-20T08:17:57+00:00","breadcrumb":{"@id":"https:\/\/bibliotecalatinx.com\/product\/la-jirafa-y-4-cuentos-mas-the-giraffe-and-4-more-stories\/#breadcrumb"},"inLanguage":"es","potentialAction":[{"@type":"ReadAction","target":["https:\/\/bibliotecalatinx.com\/product\/la-jirafa-y-4-cuentos-mas-the-giraffe-and-4-more-stories\/"]}]},{"@type":"ImageObject","inLanguage":"es","@id":"https:\/\/bibliotecalatinx.com\/product\/la-jirafa-y-4-cuentos-mas-the-giraffe-and-4-more-stories\/#primaryimage","url":"https:\/\/bibliotecalatinx.com\/wp-content\/uploads\/2025\/08\/23-27-Camello_Jirafa-Hardcover-Cover-Price-Added-1-pdf.jpg","contentUrl":"https:\/\/bibliotecalatinx.com\/wp-content\/uploads\/2025\/08\/23-27-Camello_Jirafa-Hardcover-Cover-Price-Added-1-pdf.jpg"},{"@type":"BreadcrumbList","@id":"https:\/\/bibliotecalatinx.com\/product\/la-jirafa-y-4-cuentos-mas-the-giraffe-and-4-more-stories\/#breadcrumb","itemListElement":[{"@type":"ListItem","position":1,"name":"Home","item":"https:\/\/bibliotecalatinx.com\/"},{"@type":"ListItem","position":2,"name":"Shop","item":"https:\/\/bibliotecalatinx.com\/shop\/"},{"@type":"ListItem","position":3,"name":"LA JIRAFA Y 4 CUENTOS MA\u0301S\/THE GIRAFFE AND 4 MORE STORIES"}]},{"@type":"WebSite","@id":"https:\/\/bibliotecalatinx.com\/#website","url":"https:\/\/bibliotecalatinx.com\/","name":"Biblioteca Latinx","description":"","publisher":{"@id":"https:\/\/bibliotecalatinx.com\/#organization"},"potentialAction":[{"@type":"SearchAction","target":{"@type":"EntryPoint","urlTemplate":"https:\/\/bibliotecalatinx.com\/?s={search_term_string}"},"query-input":{"@type":"PropertyValueSpecification","valueRequired":true,"valueName":"search_term_string"}}],"inLanguage":"es"},{"@type":"Organization","@id":"https:\/\/bibliotecalatinx.com\/#organization","name":"Biblioteca Latinx","url":"https:\/\/bibliotecalatinx.com\/","logo":{"@type":"ImageObject","inLanguage":"es","@id":"https:\/\/bibliotecalatinx.com\/#\/schema\/logo\/image\/","url":"https:\/\/bibliotecalatinx.com\/wp-content\/uploads\/2025\/07\/attachment-1.png","contentUrl":"https:\/\/bibliotecalatinx.com\/wp-content\/uploads\/2025\/07\/attachment-1.png","width":234,"height":234,"caption":"Biblioteca Latinx"},"image":{"@id":"https:\/\/bibliotecalatinx.com\/#\/schema\/logo\/image\/"}}]}},"_links":{"self":[{"href":"https:\/\/bibliotecalatinx.com\/es\/wp-json\/wp\/v2\/product\/51456","targetHints":{"allow":["GET"]}}],"collection":[{"href":"https:\/\/bibliotecalatinx.com\/es\/wp-json\/wp\/v2\/product"}],"about":[{"href":"https:\/\/bibliotecalatinx.com\/es\/wp-json\/wp\/v2\/types\/product"}],"replies":[{"embeddable":true,"href":"https:\/\/bibliotecalatinx.com\/es\/wp-json\/wp\/v2\/comments?post=51456"}],"wp:featuredmedia":[{"embeddable":true,"href":"https:\/\/bibliotecalatinx.com\/es\/wp-json\/wp\/v2\/media\/51467"}],"wp:attachment":[{"href":"https:\/\/bibliotecalatinx.com\/es\/wp-json\/wp\/v2\/media?parent=51456"}],"wp:term":[{"taxonomy":"product_brand","embeddable":true,"href":"https:\/\/bibliotecalatinx.com\/es\/wp-json\/wp\/v2\/product_brand?post=51456"},{"taxonomy":"product_cat","embeddable":true,"href":"https:\/\/bibliotecalatinx.com\/es\/wp-json\/wp\/v2\/product_cat?post=51456"},{"taxonomy":"product_tag","embeddable":true,"href":"https:\/\/bibliotecalatinx.com\/es\/wp-json\/wp\/v2\/product_tag?post=51456"}],"curies":[{"name":"wp","href":"https:\/\/api.w.org\/{rel}","templated":true}]}}