{"id":51453,"date":"2025-08-04T11:58:09","date_gmt":"2025-08-04T18:58:09","guid":{"rendered":"https:\/\/bibliotecalatinx.com\/?post_type=product&#038;p=51453"},"modified":"2025-08-20T01:57:17","modified_gmt":"2025-08-20T08:57:17","slug":"leones-tigres-el-bisonte-y-osos-lions-tigers-the-bison-and-bears","status":"publish","type":"product","link":"https:\/\/bibliotecalatinx.com\/es\/producto\/leones-tigres-el-bisonte-y-osos-lions-tigers-the-bison-and-bears\/","title":{"rendered":"LEONES, TIGRES, EL BISONTE Y OSOS \/ LIONS, TIGERS, THE BISON AND BEARS"},"content":{"rendered":"<p>This book contains 3 illustrated bilingual children\u2019s stories in Spanish and English: Lions and Tigers, The Bison, and Bears. The stories tell of the excitement, and sometimes of the confusion that both animals and humans feel when they see each other. The animals tell of their geographic origins and how they were captured by white men with the collaboration of black people. Presently they find themselves in a zoo, and they are talking about their experiences with humans, and how to know and understand each other. Sometimes it\u2019s difficult because there has been little contact, and the lack of knowledge from one to the other is obvious, especially from humans. <\/p>\n<p>Este libro contiene 3 cuentos ilustrados para ni\u00f1os en espa\u00f1ol y en ingl\u00e9s: Leones y Tigres, El Bisonte, y Osos. Los cuentos tratan sobre el entusiasmo, y a veces la confusion que sienten los animales y humanos cuando se ven los unos a los otros. Los animales hablan sobre su lugar de origen y c\u00f3mo fueron capturados por hombres blancos con la colaboraci\u00f3n de gente negra. En la actualidad se encuentran en un zool\u00f3gico, y est\u00e1n discutiendo sobre sus experiencias con los humanos, y c\u00f3mo conocerse y comprenderse mejor. A veces es dif\u00edcil porque ha habido poco contacto, y se hace evidente la falta de conocimiento de uno hacia el otro, especialmente de parte de los humanos.<\/p>","protected":false},"excerpt":{"rendered":"<p>This book contains 3 illustrated bilingual children\u2019s stories in Spanish and English: Lions and Tigers, The Bison, and Bears. The stories tell of the excitement, and sometimes of the confusion that both animals and humans feel when they see each other. The animals tell of their geographic origins and how they were captured by white&hellip;<\/p>","protected":false},"featured_media":51454,"comment_status":"closed","ping_status":"closed","template":"","meta":[],"product_brand":[],"product_cat":[22],"product_tag":[],"class_list":{"0":"post-51453","1":"product","2":"type-product","3":"status-publish","4":"has-post-thumbnail","6":"product_cat-childrens-books","8":"first","9":"instock","10":"sale","11":"taxable","12":"shipping-taxable","13":"purchasable","14":"product-type-variable"},"yoast_head":"<!-- This site is optimized with the Yoast SEO plugin v27.4 - https:\/\/yoast.com\/product\/yoast-seo-wordpress\/ -->\n<title>LEONES, TIGRES, EL BISONTE Y OSOS \/ LIONS, TIGERS, THE BISON AND BEARS - Biblioteca Latinx<\/title>\n<meta name=\"robots\" content=\"noindex, follow, max-snippet:-1, max-image-preview:large, max-video-preview:-1\" \/>\n<meta property=\"og:locale\" content=\"es_MX\" \/>\n<meta property=\"og:type\" content=\"article\" \/>\n<meta property=\"og:title\" content=\"LEONES, TIGRES, EL BISONTE Y OSOS \/ LIONS, TIGERS, THE BISON AND BEARS - Biblioteca Latinx\" \/>\n<meta property=\"og:description\" content=\"This book contains 3 illustrated bilingual children\u2019s stories in Spanish and English: Lions and Tigers, The Bison, and Bears. The stories tell of the\" \/>\n<meta property=\"og:url\" content=\"https:\/\/bibliotecalatinx.com\/es\/producto\/leones-tigres-el-bisonte-y-osos-lions-tigers-the-bison-and-bears\/\" \/>\n<meta property=\"og:site_name\" content=\"Biblioteca Latinx\" \/>\n<meta property=\"article:modified_time\" content=\"2025-08-20T08:57:17+00:00\" \/>\n<meta property=\"og:image\" content=\"https:\/\/bibliotecalatinx.com\/wp-content\/uploads\/2025\/08\/20-22-Leones-y-tigres-Barcode-Hardcover-pdf.jpg\" \/>\n<meta name=\"twitter:card\" content=\"summary_large_image\" \/>\n<meta name=\"twitter:title\" content=\"LEONES, TIGRES, EL BISONTE Y OSOS \/ LIONS, TIGERS, THE BISON AND BEARS - Biblioteca Latinx\" \/>\n<meta name=\"twitter:description\" content=\"This book contains 3 illustrated bilingual children\u2019s stories in Spanish and English: Lions and Tigers, The Bison, and Bears. The stories tell of the\" \/>\n<meta name=\"twitter:image\" content=\"https:\/\/bibliotecalatinx.com\/wp-content\/uploads\/2025\/08\/20-22-Leones-y-tigres-Barcode-Hardcover-pdf.jpg\" \/>\n<meta name=\"twitter:label1\" content=\"Tiempo de lectura\" \/>\n\t<meta name=\"twitter:data1\" content=\"2 minutos\" \/>\n<script type=\"application\/ld+json\" class=\"yoast-schema-graph\">{\"@context\":\"https:\\\/\\\/schema.org\",\"@graph\":[{\"@type\":\"WebPage\",\"@id\":\"https:\\\/\\\/bibliotecalatinx.com\\\/product\\\/leones-tigres-el-bisonte-y-osos-lions-tigers-the-bison-and-bears\\\/\",\"url\":\"https:\\\/\\\/bibliotecalatinx.com\\\/product\\\/leones-tigres-el-bisonte-y-osos-lions-tigers-the-bison-and-bears\\\/\",\"name\":\"LEONES, TIGRES, EL BISONTE Y OSOS \\\/ LIONS, TIGERS, THE BISON AND BEARS - Biblioteca Latinx\",\"isPartOf\":{\"@id\":\"https:\\\/\\\/bibliotecalatinx.com\\\/#website\"},\"primaryImageOfPage\":{\"@id\":\"https:\\\/\\\/bibliotecalatinx.com\\\/product\\\/leones-tigres-el-bisonte-y-osos-lions-tigers-the-bison-and-bears\\\/#primaryimage\"},\"image\":{\"@id\":\"https:\\\/\\\/bibliotecalatinx.com\\\/product\\\/leones-tigres-el-bisonte-y-osos-lions-tigers-the-bison-and-bears\\\/#primaryimage\"},\"thumbnailUrl\":\"https:\\\/\\\/bibliotecalatinx.com\\\/wp-content\\\/uploads\\\/2025\\\/08\\\/20-22-Leones-y-tigres-Barcode-Hardcover-pdf.jpg\",\"datePublished\":\"2025-08-04T18:58:09+00:00\",\"dateModified\":\"2025-08-20T08:57:17+00:00\",\"breadcrumb\":{\"@id\":\"https:\\\/\\\/bibliotecalatinx.com\\\/product\\\/leones-tigres-el-bisonte-y-osos-lions-tigers-the-bison-and-bears\\\/#breadcrumb\"},\"inLanguage\":\"es\",\"potentialAction\":[{\"@type\":\"ReadAction\",\"target\":[\"https:\\\/\\\/bibliotecalatinx.com\\\/product\\\/leones-tigres-el-bisonte-y-osos-lions-tigers-the-bison-and-bears\\\/\"]}]},{\"@type\":\"ImageObject\",\"inLanguage\":\"es\",\"@id\":\"https:\\\/\\\/bibliotecalatinx.com\\\/product\\\/leones-tigres-el-bisonte-y-osos-lions-tigers-the-bison-and-bears\\\/#primaryimage\",\"url\":\"https:\\\/\\\/bibliotecalatinx.com\\\/wp-content\\\/uploads\\\/2025\\\/08\\\/20-22-Leones-y-tigres-Barcode-Hardcover-pdf.jpg\",\"contentUrl\":\"https:\\\/\\\/bibliotecalatinx.com\\\/wp-content\\\/uploads\\\/2025\\\/08\\\/20-22-Leones-y-tigres-Barcode-Hardcover-pdf.jpg\"},{\"@type\":\"BreadcrumbList\",\"@id\":\"https:\\\/\\\/bibliotecalatinx.com\\\/product\\\/leones-tigres-el-bisonte-y-osos-lions-tigers-the-bison-and-bears\\\/#breadcrumb\",\"itemListElement\":[{\"@type\":\"ListItem\",\"position\":1,\"name\":\"Home\",\"item\":\"https:\\\/\\\/bibliotecalatinx.com\\\/\"},{\"@type\":\"ListItem\",\"position\":2,\"name\":\"Shop\",\"item\":\"https:\\\/\\\/bibliotecalatinx.com\\\/shop\\\/\"},{\"@type\":\"ListItem\",\"position\":3,\"name\":\"LEONES, TIGRES, EL BISONTE Y OSOS \\\/ LIONS, TIGERS, THE BISON AND BEARS\"}]},{\"@type\":\"WebSite\",\"@id\":\"https:\\\/\\\/bibliotecalatinx.com\\\/#website\",\"url\":\"https:\\\/\\\/bibliotecalatinx.com\\\/\",\"name\":\"Biblioteca Latinx\",\"description\":\"\",\"publisher\":{\"@id\":\"https:\\\/\\\/bibliotecalatinx.com\\\/#organization\"},\"potentialAction\":[{\"@type\":\"SearchAction\",\"target\":{\"@type\":\"EntryPoint\",\"urlTemplate\":\"https:\\\/\\\/bibliotecalatinx.com\\\/?s={search_term_string}\"},\"query-input\":{\"@type\":\"PropertyValueSpecification\",\"valueRequired\":true,\"valueName\":\"search_term_string\"}}],\"inLanguage\":\"es\"},{\"@type\":\"Organization\",\"@id\":\"https:\\\/\\\/bibliotecalatinx.com\\\/#organization\",\"name\":\"Biblioteca Latinx\",\"url\":\"https:\\\/\\\/bibliotecalatinx.com\\\/\",\"logo\":{\"@type\":\"ImageObject\",\"inLanguage\":\"es\",\"@id\":\"https:\\\/\\\/bibliotecalatinx.com\\\/#\\\/schema\\\/logo\\\/image\\\/\",\"url\":\"https:\\\/\\\/bibliotecalatinx.com\\\/wp-content\\\/uploads\\\/2025\\\/07\\\/attachment-1.png\",\"contentUrl\":\"https:\\\/\\\/bibliotecalatinx.com\\\/wp-content\\\/uploads\\\/2025\\\/07\\\/attachment-1.png\",\"width\":234,\"height\":234,\"caption\":\"Biblioteca Latinx\"},\"image\":{\"@id\":\"https:\\\/\\\/bibliotecalatinx.com\\\/#\\\/schema\\\/logo\\\/image\\\/\"}}]}<\/script>\n<!-- \/ Yoast SEO plugin. -->","yoast_head_json":{"title":"LEONES, TIGRES, EL BISONTE Y OSOS \/ LIONS, TIGERS, THE BISON AND BEARS - Biblioteca Latinx","robots":{"index":"noindex","follow":"follow","max-snippet":"max-snippet:-1","max-image-preview":"max-image-preview:large","max-video-preview":"max-video-preview:-1"},"og_locale":"es_MX","og_type":"article","og_title":"LEONES, TIGRES, EL BISONTE Y OSOS \/ LIONS, TIGERS, THE BISON AND BEARS - Biblioteca Latinx","og_description":"This book contains 3 illustrated bilingual children\u2019s stories in Spanish and English: Lions and Tigers, The Bison, and Bears. The stories tell of the","og_url":"https:\/\/bibliotecalatinx.com\/es\/producto\/leones-tigres-el-bisonte-y-osos-lions-tigers-the-bison-and-bears\/","og_site_name":"Biblioteca Latinx","article_modified_time":"2025-08-20T08:57:17+00:00","og_image":[{"url":"https:\/\/bibliotecalatinx.com\/wp-content\/uploads\/2025\/08\/20-22-Leones-y-tigres-Barcode-Hardcover-pdf.jpg","type":"","width":"","height":""}],"twitter_card":"summary_large_image","twitter_title":"LEONES, TIGRES, EL BISONTE Y OSOS \/ LIONS, TIGERS, THE BISON AND BEARS - Biblioteca Latinx","twitter_description":"This book contains 3 illustrated bilingual children\u2019s stories in Spanish and English: Lions and Tigers, The Bison, and Bears. The stories tell of the","twitter_image":"https:\/\/bibliotecalatinx.com\/wp-content\/uploads\/2025\/08\/20-22-Leones-y-tigres-Barcode-Hardcover-pdf.jpg","twitter_misc":{"Tiempo de lectura":"2 minutos"},"schema":{"@context":"https:\/\/schema.org","@graph":[{"@type":"WebPage","@id":"https:\/\/bibliotecalatinx.com\/product\/leones-tigres-el-bisonte-y-osos-lions-tigers-the-bison-and-bears\/","url":"https:\/\/bibliotecalatinx.com\/product\/leones-tigres-el-bisonte-y-osos-lions-tigers-the-bison-and-bears\/","name":"LEONES, TIGRES, EL BISONTE Y OSOS \/ LIONS, TIGERS, THE BISON AND BEARS - Biblioteca Latinx","isPartOf":{"@id":"https:\/\/bibliotecalatinx.com\/#website"},"primaryImageOfPage":{"@id":"https:\/\/bibliotecalatinx.com\/product\/leones-tigres-el-bisonte-y-osos-lions-tigers-the-bison-and-bears\/#primaryimage"},"image":{"@id":"https:\/\/bibliotecalatinx.com\/product\/leones-tigres-el-bisonte-y-osos-lions-tigers-the-bison-and-bears\/#primaryimage"},"thumbnailUrl":"https:\/\/bibliotecalatinx.com\/wp-content\/uploads\/2025\/08\/20-22-Leones-y-tigres-Barcode-Hardcover-pdf.jpg","datePublished":"2025-08-04T18:58:09+00:00","dateModified":"2025-08-20T08:57:17+00:00","breadcrumb":{"@id":"https:\/\/bibliotecalatinx.com\/product\/leones-tigres-el-bisonte-y-osos-lions-tigers-the-bison-and-bears\/#breadcrumb"},"inLanguage":"es","potentialAction":[{"@type":"ReadAction","target":["https:\/\/bibliotecalatinx.com\/product\/leones-tigres-el-bisonte-y-osos-lions-tigers-the-bison-and-bears\/"]}]},{"@type":"ImageObject","inLanguage":"es","@id":"https:\/\/bibliotecalatinx.com\/product\/leones-tigres-el-bisonte-y-osos-lions-tigers-the-bison-and-bears\/#primaryimage","url":"https:\/\/bibliotecalatinx.com\/wp-content\/uploads\/2025\/08\/20-22-Leones-y-tigres-Barcode-Hardcover-pdf.jpg","contentUrl":"https:\/\/bibliotecalatinx.com\/wp-content\/uploads\/2025\/08\/20-22-Leones-y-tigres-Barcode-Hardcover-pdf.jpg"},{"@type":"BreadcrumbList","@id":"https:\/\/bibliotecalatinx.com\/product\/leones-tigres-el-bisonte-y-osos-lions-tigers-the-bison-and-bears\/#breadcrumb","itemListElement":[{"@type":"ListItem","position":1,"name":"Home","item":"https:\/\/bibliotecalatinx.com\/"},{"@type":"ListItem","position":2,"name":"Shop","item":"https:\/\/bibliotecalatinx.com\/shop\/"},{"@type":"ListItem","position":3,"name":"LEONES, TIGRES, EL BISONTE Y OSOS \/ LIONS, TIGERS, THE BISON AND BEARS"}]},{"@type":"WebSite","@id":"https:\/\/bibliotecalatinx.com\/#website","url":"https:\/\/bibliotecalatinx.com\/","name":"Biblioteca Latinx","description":"","publisher":{"@id":"https:\/\/bibliotecalatinx.com\/#organization"},"potentialAction":[{"@type":"SearchAction","target":{"@type":"EntryPoint","urlTemplate":"https:\/\/bibliotecalatinx.com\/?s={search_term_string}"},"query-input":{"@type":"PropertyValueSpecification","valueRequired":true,"valueName":"search_term_string"}}],"inLanguage":"es"},{"@type":"Organization","@id":"https:\/\/bibliotecalatinx.com\/#organization","name":"Biblioteca Latinx","url":"https:\/\/bibliotecalatinx.com\/","logo":{"@type":"ImageObject","inLanguage":"es","@id":"https:\/\/bibliotecalatinx.com\/#\/schema\/logo\/image\/","url":"https:\/\/bibliotecalatinx.com\/wp-content\/uploads\/2025\/07\/attachment-1.png","contentUrl":"https:\/\/bibliotecalatinx.com\/wp-content\/uploads\/2025\/07\/attachment-1.png","width":234,"height":234,"caption":"Biblioteca Latinx"},"image":{"@id":"https:\/\/bibliotecalatinx.com\/#\/schema\/logo\/image\/"}}]}},"_links":{"self":[{"href":"https:\/\/bibliotecalatinx.com\/es\/wp-json\/wp\/v2\/product\/51453","targetHints":{"allow":["GET"]}}],"collection":[{"href":"https:\/\/bibliotecalatinx.com\/es\/wp-json\/wp\/v2\/product"}],"about":[{"href":"https:\/\/bibliotecalatinx.com\/es\/wp-json\/wp\/v2\/types\/product"}],"replies":[{"embeddable":true,"href":"https:\/\/bibliotecalatinx.com\/es\/wp-json\/wp\/v2\/comments?post=51453"}],"wp:featuredmedia":[{"embeddable":true,"href":"https:\/\/bibliotecalatinx.com\/es\/wp-json\/wp\/v2\/media\/51454"}],"wp:attachment":[{"href":"https:\/\/bibliotecalatinx.com\/es\/wp-json\/wp\/v2\/media?parent=51453"}],"wp:term":[{"taxonomy":"product_brand","embeddable":true,"href":"https:\/\/bibliotecalatinx.com\/es\/wp-json\/wp\/v2\/product_brand?post=51453"},{"taxonomy":"product_cat","embeddable":true,"href":"https:\/\/bibliotecalatinx.com\/es\/wp-json\/wp\/v2\/product_cat?post=51453"},{"taxonomy":"product_tag","embeddable":true,"href":"https:\/\/bibliotecalatinx.com\/es\/wp-json\/wp\/v2\/product_tag?post=51453"}],"curies":[{"name":"wp","href":"https:\/\/api.w.org\/{rel}","templated":true}]}}