{"id":51447,"date":"2025-08-04T11:48:37","date_gmt":"2025-08-04T18:48:37","guid":{"rendered":"https:\/\/bibliotecalatinx.com\/?post_type=product&#038;p=51447"},"modified":"2025-08-04T11:48:38","modified_gmt":"2025-08-04T18:48:38","slug":"lo-que-hizo-ricardo-ricardos-adventures","status":"publish","type":"product","link":"https:\/\/bibliotecalatinx.com\/es\/producto\/lo-que-hizo-ricardo-ricardos-adventures\/","title":{"rendered":"LO QUE HIZO RICARDO: RICARDO&#8217;S ADVENTURES"},"content":{"rendered":"<p>Ricardo is very impressed when he sees another young man who saves a little girl from being killed by a runaway horse. When Ricardo tells his parents about this event, he says the following: He got between the horse\u2019s legs and rescued the little girl, who inevitably was going to die hopelessly crushed. Ricardo was so excited that he could barely breathe and continues to emphasize that everyone who was present applauded enthusiastically. But the youngster, without stopping more than the time necessary to carry the girl to her mother, disappeared without waiting for people to thank him, saying that he didn\u2019t want to miss the train. The event that Ricardo had witnessed had encouraged him to the point of finding out if he could do the same. So, he began to walk in search of adventures, without realizing in what direction he was going. Will Ricardo find the right moment to prove to himself that he could be as courageous as the young man who saved the little girl from being run over by the horse?<\/p>\n<p>Ricardo queda muy impresionado cuando ve que otro joven salva a una ni\u00f1a de ser atropellada por un caballo desbocado. Cuando Ricardo les cuenta a sus padres, les dice lo siguiente: Se meti\u00f3 entre las patas del caballo y levant\u00f3 a la ni\u00f1a, que iba a morir aplastada sin remedio.Ricardo estaba tan emocionado que apenas pod\u00eda respirar, y no deja de contar que todos los que estaban presentes aplaudieron entusiasmados. Pero el muchacho, sin detenerse m\u00e1s que lo indispensable para poner a la ni\u00f1a en brazos de su mam\u00e1, desapareci\u00f3 sin esperar a que le dieran las gracias, diciendo que no quer\u00eda perder el tren. El suceso que Ricardo presenci\u00f3 lo hab\u00eda emocionado tanto que quer\u00eda descubrir si \u00e9l tendr\u00eda el mismo valor. Entonces comienza a caminar en busca de aventuras, sin siquiera darse cuenta por d\u00f3nde iba. \u00bfEncontrar\u00e1 Ricardo el momento para comprobarse a s\u00ed mismo si puede ser tan valiente como el muchacho que salvo a la ni\u00f1a de las patas del caballo?<\/p>","protected":false},"excerpt":{"rendered":"<p>Ricardo is very impressed when he sees another young man who saves a little girl from being killed by a runaway horse. When Ricardo tells his parents about this event, he says the following: He got between the horse\u2019s legs and rescued the little girl, who inevitably was going to die hopelessly crushed. Ricardo was&hellip;<\/p>","protected":false},"featured_media":51448,"comment_status":"closed","ping_status":"closed","template":"","meta":[],"product_brand":[],"product_cat":[22],"product_tag":[],"class_list":{"0":"post-51447","1":"product","2":"type-product","3":"status-publish","4":"has-post-thumbnail","6":"product_cat-childrens-books","8":"first","9":"instock","10":"sale","11":"taxable","12":"shipping-taxable","13":"purchasable","14":"product-type-simple"},"yoast_head":"<!-- This site is optimized with the Yoast SEO plugin v27.4 - https:\/\/yoast.com\/product\/yoast-seo-wordpress\/ -->\n<title>LO QUE HIZO RICARDO: RICARDO&#039;S ADVENTURES - Biblioteca Latinx<\/title>\n<meta name=\"robots\" content=\"noindex, follow, max-snippet:-1, max-image-preview:large, max-video-preview:-1\" \/>\n<meta property=\"og:locale\" content=\"es_MX\" \/>\n<meta property=\"og:type\" content=\"article\" \/>\n<meta property=\"og:title\" content=\"LO QUE HIZO RICARDO: RICARDO&#039;S ADVENTURES - Biblioteca Latinx\" \/>\n<meta property=\"og:description\" content=\"Ricardo is very impressed when he sees another young man who saves a little girl from being killed by a runaway horse. When Ricardo tells his parents\" \/>\n<meta property=\"og:url\" content=\"https:\/\/bibliotecalatinx.com\/es\/producto\/lo-que-hizo-ricardo-ricardos-adventures\/\" \/>\n<meta property=\"og:site_name\" content=\"Biblioteca Latinx\" \/>\n<meta property=\"article:modified_time\" content=\"2025-08-04T18:48:38+00:00\" \/>\n<meta property=\"og:image\" content=\"https:\/\/bibliotecalatinx.com\/wp-content\/uploads\/2025\/08\/61XY7OqQjMLSL1000.jpg\" \/>\n<meta name=\"twitter:card\" content=\"summary_large_image\" \/>\n<meta name=\"twitter:title\" content=\"LO QUE HIZO RICARDO: RICARDO&#039;S ADVENTURES - Biblioteca Latinx\" \/>\n<meta name=\"twitter:description\" content=\"Ricardo is very impressed when he sees another young man who saves a little girl from being killed by a runaway horse. When Ricardo tells his parents\" \/>\n<meta name=\"twitter:image\" content=\"https:\/\/bibliotecalatinx.com\/wp-content\/uploads\/2025\/08\/61XY7OqQjMLSL1000.jpg\" \/>\n<meta name=\"twitter:label1\" content=\"Tiempo de lectura\" \/>\n\t<meta name=\"twitter:data1\" content=\"1 minuto\" \/>\n<script type=\"application\/ld+json\" class=\"yoast-schema-graph\">{\"@context\":\"https:\\\/\\\/schema.org\",\"@graph\":[{\"@type\":\"WebPage\",\"@id\":\"https:\\\/\\\/bibliotecalatinx.com\\\/product\\\/lo-que-hizo-ricardo-ricardos-adventures\\\/\",\"url\":\"https:\\\/\\\/bibliotecalatinx.com\\\/product\\\/lo-que-hizo-ricardo-ricardos-adventures\\\/\",\"name\":\"LO QUE HIZO RICARDO: RICARDO'S ADVENTURES - Biblioteca Latinx\",\"isPartOf\":{\"@id\":\"https:\\\/\\\/bibliotecalatinx.com\\\/#website\"},\"primaryImageOfPage\":{\"@id\":\"https:\\\/\\\/bibliotecalatinx.com\\\/product\\\/lo-que-hizo-ricardo-ricardos-adventures\\\/#primaryimage\"},\"image\":{\"@id\":\"https:\\\/\\\/bibliotecalatinx.com\\\/product\\\/lo-que-hizo-ricardo-ricardos-adventures\\\/#primaryimage\"},\"thumbnailUrl\":\"https:\\\/\\\/bibliotecalatinx.com\\\/wp-content\\\/uploads\\\/2025\\\/08\\\/61XY7OqQjMLSL1000.jpg\",\"datePublished\":\"2025-08-04T18:48:37+00:00\",\"dateModified\":\"2025-08-04T18:48:38+00:00\",\"breadcrumb\":{\"@id\":\"https:\\\/\\\/bibliotecalatinx.com\\\/product\\\/lo-que-hizo-ricardo-ricardos-adventures\\\/#breadcrumb\"},\"inLanguage\":\"es\",\"potentialAction\":[{\"@type\":\"ReadAction\",\"target\":[\"https:\\\/\\\/bibliotecalatinx.com\\\/product\\\/lo-que-hizo-ricardo-ricardos-adventures\\\/\"]}]},{\"@type\":\"ImageObject\",\"inLanguage\":\"es\",\"@id\":\"https:\\\/\\\/bibliotecalatinx.com\\\/product\\\/lo-que-hizo-ricardo-ricardos-adventures\\\/#primaryimage\",\"url\":\"https:\\\/\\\/bibliotecalatinx.com\\\/wp-content\\\/uploads\\\/2025\\\/08\\\/61XY7OqQjMLSL1000.jpg\",\"contentUrl\":\"https:\\\/\\\/bibliotecalatinx.com\\\/wp-content\\\/uploads\\\/2025\\\/08\\\/61XY7OqQjMLSL1000.jpg\",\"width\":1000,\"height\":1000,\"caption\":\"Version 1.0.0\"},{\"@type\":\"BreadcrumbList\",\"@id\":\"https:\\\/\\\/bibliotecalatinx.com\\\/product\\\/lo-que-hizo-ricardo-ricardos-adventures\\\/#breadcrumb\",\"itemListElement\":[{\"@type\":\"ListItem\",\"position\":1,\"name\":\"Home\",\"item\":\"https:\\\/\\\/bibliotecalatinx.com\\\/\"},{\"@type\":\"ListItem\",\"position\":2,\"name\":\"Shop\",\"item\":\"https:\\\/\\\/bibliotecalatinx.com\\\/shop\\\/\"},{\"@type\":\"ListItem\",\"position\":3,\"name\":\"LO QUE HIZO RICARDO: RICARDO&#8217;S ADVENTURES\"}]},{\"@type\":\"WebSite\",\"@id\":\"https:\\\/\\\/bibliotecalatinx.com\\\/#website\",\"url\":\"https:\\\/\\\/bibliotecalatinx.com\\\/\",\"name\":\"Biblioteca Latinx\",\"description\":\"\",\"publisher\":{\"@id\":\"https:\\\/\\\/bibliotecalatinx.com\\\/#organization\"},\"potentialAction\":[{\"@type\":\"SearchAction\",\"target\":{\"@type\":\"EntryPoint\",\"urlTemplate\":\"https:\\\/\\\/bibliotecalatinx.com\\\/?s={search_term_string}\"},\"query-input\":{\"@type\":\"PropertyValueSpecification\",\"valueRequired\":true,\"valueName\":\"search_term_string\"}}],\"inLanguage\":\"es\"},{\"@type\":\"Organization\",\"@id\":\"https:\\\/\\\/bibliotecalatinx.com\\\/#organization\",\"name\":\"Biblioteca Latinx\",\"url\":\"https:\\\/\\\/bibliotecalatinx.com\\\/\",\"logo\":{\"@type\":\"ImageObject\",\"inLanguage\":\"es\",\"@id\":\"https:\\\/\\\/bibliotecalatinx.com\\\/#\\\/schema\\\/logo\\\/image\\\/\",\"url\":\"https:\\\/\\\/bibliotecalatinx.com\\\/wp-content\\\/uploads\\\/2025\\\/07\\\/attachment-1.png\",\"contentUrl\":\"https:\\\/\\\/bibliotecalatinx.com\\\/wp-content\\\/uploads\\\/2025\\\/07\\\/attachment-1.png\",\"width\":234,\"height\":234,\"caption\":\"Biblioteca Latinx\"},\"image\":{\"@id\":\"https:\\\/\\\/bibliotecalatinx.com\\\/#\\\/schema\\\/logo\\\/image\\\/\"}}]}<\/script>\n<!-- \/ Yoast SEO plugin. -->","yoast_head_json":{"title":"LO QUE HIZO RICARDO: RICARDO'S ADVENTURES - Biblioteca Latinx","robots":{"index":"noindex","follow":"follow","max-snippet":"max-snippet:-1","max-image-preview":"max-image-preview:large","max-video-preview":"max-video-preview:-1"},"og_locale":"es_MX","og_type":"article","og_title":"LO QUE HIZO RICARDO: RICARDO'S ADVENTURES - Biblioteca Latinx","og_description":"Ricardo is very impressed when he sees another young man who saves a little girl from being killed by a runaway horse. When Ricardo tells his parents","og_url":"https:\/\/bibliotecalatinx.com\/es\/producto\/lo-que-hizo-ricardo-ricardos-adventures\/","og_site_name":"Biblioteca Latinx","article_modified_time":"2025-08-04T18:48:38+00:00","og_image":[{"url":"https:\/\/bibliotecalatinx.com\/wp-content\/uploads\/2025\/08\/61XY7OqQjMLSL1000.jpg","type":"","width":"","height":""}],"twitter_card":"summary_large_image","twitter_title":"LO QUE HIZO RICARDO: RICARDO'S ADVENTURES - Biblioteca Latinx","twitter_description":"Ricardo is very impressed when he sees another young man who saves a little girl from being killed by a runaway horse. When Ricardo tells his parents","twitter_image":"https:\/\/bibliotecalatinx.com\/wp-content\/uploads\/2025\/08\/61XY7OqQjMLSL1000.jpg","twitter_misc":{"Tiempo de lectura":"1 minuto"},"schema":{"@context":"https:\/\/schema.org","@graph":[{"@type":"WebPage","@id":"https:\/\/bibliotecalatinx.com\/product\/lo-que-hizo-ricardo-ricardos-adventures\/","url":"https:\/\/bibliotecalatinx.com\/product\/lo-que-hizo-ricardo-ricardos-adventures\/","name":"LO QUE HIZO RICARDO: RICARDO'S ADVENTURES - Biblioteca Latinx","isPartOf":{"@id":"https:\/\/bibliotecalatinx.com\/#website"},"primaryImageOfPage":{"@id":"https:\/\/bibliotecalatinx.com\/product\/lo-que-hizo-ricardo-ricardos-adventures\/#primaryimage"},"image":{"@id":"https:\/\/bibliotecalatinx.com\/product\/lo-que-hizo-ricardo-ricardos-adventures\/#primaryimage"},"thumbnailUrl":"https:\/\/bibliotecalatinx.com\/wp-content\/uploads\/2025\/08\/61XY7OqQjMLSL1000.jpg","datePublished":"2025-08-04T18:48:37+00:00","dateModified":"2025-08-04T18:48:38+00:00","breadcrumb":{"@id":"https:\/\/bibliotecalatinx.com\/product\/lo-que-hizo-ricardo-ricardos-adventures\/#breadcrumb"},"inLanguage":"es","potentialAction":[{"@type":"ReadAction","target":["https:\/\/bibliotecalatinx.com\/product\/lo-que-hizo-ricardo-ricardos-adventures\/"]}]},{"@type":"ImageObject","inLanguage":"es","@id":"https:\/\/bibliotecalatinx.com\/product\/lo-que-hizo-ricardo-ricardos-adventures\/#primaryimage","url":"https:\/\/bibliotecalatinx.com\/wp-content\/uploads\/2025\/08\/61XY7OqQjMLSL1000.jpg","contentUrl":"https:\/\/bibliotecalatinx.com\/wp-content\/uploads\/2025\/08\/61XY7OqQjMLSL1000.jpg","width":1000,"height":1000,"caption":"Version 1.0.0"},{"@type":"BreadcrumbList","@id":"https:\/\/bibliotecalatinx.com\/product\/lo-que-hizo-ricardo-ricardos-adventures\/#breadcrumb","itemListElement":[{"@type":"ListItem","position":1,"name":"Home","item":"https:\/\/bibliotecalatinx.com\/"},{"@type":"ListItem","position":2,"name":"Shop","item":"https:\/\/bibliotecalatinx.com\/shop\/"},{"@type":"ListItem","position":3,"name":"LO QUE HIZO RICARDO: RICARDO&#8217;S ADVENTURES"}]},{"@type":"WebSite","@id":"https:\/\/bibliotecalatinx.com\/#website","url":"https:\/\/bibliotecalatinx.com\/","name":"Biblioteca Latinx","description":"","publisher":{"@id":"https:\/\/bibliotecalatinx.com\/#organization"},"potentialAction":[{"@type":"SearchAction","target":{"@type":"EntryPoint","urlTemplate":"https:\/\/bibliotecalatinx.com\/?s={search_term_string}"},"query-input":{"@type":"PropertyValueSpecification","valueRequired":true,"valueName":"search_term_string"}}],"inLanguage":"es"},{"@type":"Organization","@id":"https:\/\/bibliotecalatinx.com\/#organization","name":"Biblioteca Latinx","url":"https:\/\/bibliotecalatinx.com\/","logo":{"@type":"ImageObject","inLanguage":"es","@id":"https:\/\/bibliotecalatinx.com\/#\/schema\/logo\/image\/","url":"https:\/\/bibliotecalatinx.com\/wp-content\/uploads\/2025\/07\/attachment-1.png","contentUrl":"https:\/\/bibliotecalatinx.com\/wp-content\/uploads\/2025\/07\/attachment-1.png","width":234,"height":234,"caption":"Biblioteca Latinx"},"image":{"@id":"https:\/\/bibliotecalatinx.com\/#\/schema\/logo\/image\/"}}]}},"_links":{"self":[{"href":"https:\/\/bibliotecalatinx.com\/es\/wp-json\/wp\/v2\/product\/51447","targetHints":{"allow":["GET"]}}],"collection":[{"href":"https:\/\/bibliotecalatinx.com\/es\/wp-json\/wp\/v2\/product"}],"about":[{"href":"https:\/\/bibliotecalatinx.com\/es\/wp-json\/wp\/v2\/types\/product"}],"replies":[{"embeddable":true,"href":"https:\/\/bibliotecalatinx.com\/es\/wp-json\/wp\/v2\/comments?post=51447"}],"wp:featuredmedia":[{"embeddable":true,"href":"https:\/\/bibliotecalatinx.com\/es\/wp-json\/wp\/v2\/media\/51448"}],"wp:attachment":[{"href":"https:\/\/bibliotecalatinx.com\/es\/wp-json\/wp\/v2\/media?parent=51447"}],"wp:term":[{"taxonomy":"product_brand","embeddable":true,"href":"https:\/\/bibliotecalatinx.com\/es\/wp-json\/wp\/v2\/product_brand?post=51447"},{"taxonomy":"product_cat","embeddable":true,"href":"https:\/\/bibliotecalatinx.com\/es\/wp-json\/wp\/v2\/product_cat?post=51447"},{"taxonomy":"product_tag","embeddable":true,"href":"https:\/\/bibliotecalatinx.com\/es\/wp-json\/wp\/v2\/product_tag?post=51447"}],"curies":[{"name":"wp","href":"https:\/\/api.w.org\/{rel}","templated":true}]}}