{"id":51444,"date":"2025-08-04T11:43:52","date_gmt":"2025-08-04T18:43:52","guid":{"rendered":"https:\/\/bibliotecalatinx.com\/?post_type=product&#038;p=51444"},"modified":"2025-08-19T02:02:52","modified_gmt":"2025-08-19T09:02:52","slug":"la-bella-violinista-y-cuatro-cuentos-mas-the-beautiful-girl-with-the-violin-and-four-other-stories","status":"publish","type":"product","link":"https:\/\/bibliotecalatinx.com\/es\/producto\/la-bella-violinista-y-cuatro-cuentos-mas-the-beautiful-girl-with-the-violin-and-four-other-stories\/","title":{"rendered":"La Bella Violinista y Cuatro Cuentos M\u00e1s: The Beautiful Girl with the Violin and Four Other Stories"},"content":{"rendered":"<p>The Beautiful Girl with the Violin and Four Other Stories is a collection of five stories for children, all originally published in the Spanish language newspaper La Prensa in San Antonio, Texas in the 1920\u2019s. The beautiful girl with the violin tells the story of an adolescent girl who is a master violin player and, instead of using her talent to become rich, she plays in the street corners of her town. The money that she collects she personally distributes among the needy. A Spoiled Girl is the next story, and it\u2019s about a girl who is sick when she\u2019s born, but she regains her health as she grows up. When she is sick, her parents spoil her to the point that, as an adolescent, she is the one who tells everyone what to do around the house, without having any consideration for anyone in her surroundings. The other three stories are A Robbery delicately Resolved by King Alfonso of Arag\u00f3n, Leo and Nica, and The Good Wolf.<\/p>\n<p>La bella violinista y cuatro cuentos m\u00e1s es una colecci\u00f3n de 5 cuentos para ni\u00f1os, todos originalmente publicados en espa\u00f1ol en el peri\u00f3dico La Prensa de San Antonio, Texas en la d\u00e9cada de los 1920. La bella violinista es una ni\u00f1a adolescente que toca magistralmente el viol\u00edn y, en vez de hacerse rica con su talento, lo usa para tocar en las calles de su pueblo. Los fondos que recauda en la calle los reparte personalmente a la gente m\u00e1s necesitada. Una ni\u00f1a mimada es el siguiente cuento y trata sobre una ni\u00f1a que nace enferma, pero que recupera la salud mientras va creciendo. Cuando est\u00e1 enferma sus padres la miman tanto que a trav\u00e9s del tiempo la ni\u00f1a, y luego de adolescente, se acostumbra a ser la que manda en su casa, sin tener consideraci\u00f3n por todos los que la rodean. Los otros tres cuentos son Un robo descubierto con delicadeza por el Rey Alfonso de Arag\u00f3n, Leo y Nica, y El Lobo bueno.<\/p>","protected":false},"excerpt":{"rendered":"<p>The Beautiful Girl with the Violin and Four Other Stories is a collection of five stories for children, all originally published in the Spanish language newspaper La Prensa in San Antonio, Texas in the 1920\u2019s. The beautiful girl with the violin tells the story of an adolescent girl who is a master violin player and,&hellip;<\/p>","protected":false},"featured_media":51445,"comment_status":"closed","ping_status":"closed","template":"","meta":[],"product_brand":[],"product_cat":[22],"product_tag":[],"class_list":{"0":"post-51444","1":"product","2":"type-product","3":"status-publish","4":"has-post-thumbnail","6":"product_cat-childrens-books","8":"first","9":"instock","10":"sale","11":"taxable","12":"shipping-taxable","13":"purchasable","14":"product-type-variable"},"yoast_head":"<!-- This site is optimized with the Yoast SEO plugin v27.4 - https:\/\/yoast.com\/product\/yoast-seo-wordpress\/ -->\n<title>La Bella Violinista y Cuatro Cuentos M\u00e1s: The Beautiful Girl with the Violin and Four Other Stories - Biblioteca Latinx<\/title>\n<meta name=\"robots\" content=\"noindex, follow, max-snippet:-1, max-image-preview:large, max-video-preview:-1\" \/>\n<meta property=\"og:locale\" content=\"es_MX\" \/>\n<meta property=\"og:type\" content=\"article\" \/>\n<meta property=\"og:title\" content=\"La Bella Violinista y Cuatro Cuentos M\u00e1s: The Beautiful Girl with the Violin and Four Other Stories - Biblioteca Latinx\" \/>\n<meta property=\"og:description\" content=\"The Beautiful Girl with the Violin and Four Other Stories is a collection of five stories for children, all originally published in the Spanish language\" \/>\n<meta property=\"og:url\" content=\"https:\/\/bibliotecalatinx.com\/es\/producto\/la-bella-violinista-y-cuatro-cuentos-mas-the-beautiful-girl-with-the-violin-and-four-other-stories\/\" \/>\n<meta property=\"og:site_name\" content=\"Biblioteca Latinx\" \/>\n<meta property=\"article:modified_time\" content=\"2025-08-19T09:02:52+00:00\" \/>\n<meta property=\"og:image\" content=\"https:\/\/bibliotecalatinx.com\/wp-content\/uploads\/2025\/08\/11-15-Hardcover-Cover-with-Barcode-8.25x11-pdf.jpg\" \/>\n<meta name=\"twitter:card\" content=\"summary_large_image\" \/>\n<meta name=\"twitter:title\" content=\"La Bella Violinista y Cuatro Cuentos M\u00e1s: The Beautiful Girl with the Violin and Four Other Stories - Biblioteca Latinx\" \/>\n<meta name=\"twitter:description\" content=\"The Beautiful Girl with the Violin and Four Other Stories is a collection of five stories for children, all originally published in the Spanish language\" \/>\n<meta name=\"twitter:image\" content=\"https:\/\/bibliotecalatinx.com\/wp-content\/uploads\/2025\/08\/11-15-Hardcover-Cover-with-Barcode-8.25x11-pdf.jpg\" \/>\n<meta name=\"twitter:label1\" content=\"Tiempo de lectura\" \/>\n\t<meta name=\"twitter:data1\" content=\"2 minutos\" \/>\n<script type=\"application\/ld+json\" class=\"yoast-schema-graph\">{\"@context\":\"https:\\\/\\\/schema.org\",\"@graph\":[{\"@type\":\"WebPage\",\"@id\":\"https:\\\/\\\/bibliotecalatinx.com\\\/product\\\/la-bella-violinista-y-cuatro-cuentos-mas-the-beautiful-girl-with-the-violin-and-four-other-stories\\\/\",\"url\":\"https:\\\/\\\/bibliotecalatinx.com\\\/product\\\/la-bella-violinista-y-cuatro-cuentos-mas-the-beautiful-girl-with-the-violin-and-four-other-stories\\\/\",\"name\":\"La Bella Violinista y Cuatro Cuentos M\u00e1s: The Beautiful Girl with the Violin and Four Other Stories - Biblioteca Latinx\",\"isPartOf\":{\"@id\":\"https:\\\/\\\/bibliotecalatinx.com\\\/#website\"},\"primaryImageOfPage\":{\"@id\":\"https:\\\/\\\/bibliotecalatinx.com\\\/product\\\/la-bella-violinista-y-cuatro-cuentos-mas-the-beautiful-girl-with-the-violin-and-four-other-stories\\\/#primaryimage\"},\"image\":{\"@id\":\"https:\\\/\\\/bibliotecalatinx.com\\\/product\\\/la-bella-violinista-y-cuatro-cuentos-mas-the-beautiful-girl-with-the-violin-and-four-other-stories\\\/#primaryimage\"},\"thumbnailUrl\":\"https:\\\/\\\/bibliotecalatinx.com\\\/wp-content\\\/uploads\\\/2025\\\/08\\\/11-15-Hardcover-Cover-with-Barcode-8.25x11-pdf.jpg\",\"datePublished\":\"2025-08-04T18:43:52+00:00\",\"dateModified\":\"2025-08-19T09:02:52+00:00\",\"breadcrumb\":{\"@id\":\"https:\\\/\\\/bibliotecalatinx.com\\\/product\\\/la-bella-violinista-y-cuatro-cuentos-mas-the-beautiful-girl-with-the-violin-and-four-other-stories\\\/#breadcrumb\"},\"inLanguage\":\"es\",\"potentialAction\":[{\"@type\":\"ReadAction\",\"target\":[\"https:\\\/\\\/bibliotecalatinx.com\\\/product\\\/la-bella-violinista-y-cuatro-cuentos-mas-the-beautiful-girl-with-the-violin-and-four-other-stories\\\/\"]}]},{\"@type\":\"ImageObject\",\"inLanguage\":\"es\",\"@id\":\"https:\\\/\\\/bibliotecalatinx.com\\\/product\\\/la-bella-violinista-y-cuatro-cuentos-mas-the-beautiful-girl-with-the-violin-and-four-other-stories\\\/#primaryimage\",\"url\":\"https:\\\/\\\/bibliotecalatinx.com\\\/wp-content\\\/uploads\\\/2025\\\/08\\\/11-15-Hardcover-Cover-with-Barcode-8.25x11-pdf.jpg\",\"contentUrl\":\"https:\\\/\\\/bibliotecalatinx.com\\\/wp-content\\\/uploads\\\/2025\\\/08\\\/11-15-Hardcover-Cover-with-Barcode-8.25x11-pdf.jpg\"},{\"@type\":\"BreadcrumbList\",\"@id\":\"https:\\\/\\\/bibliotecalatinx.com\\\/product\\\/la-bella-violinista-y-cuatro-cuentos-mas-the-beautiful-girl-with-the-violin-and-four-other-stories\\\/#breadcrumb\",\"itemListElement\":[{\"@type\":\"ListItem\",\"position\":1,\"name\":\"Home\",\"item\":\"https:\\\/\\\/bibliotecalatinx.com\\\/\"},{\"@type\":\"ListItem\",\"position\":2,\"name\":\"Shop\",\"item\":\"https:\\\/\\\/bibliotecalatinx.com\\\/shop\\\/\"},{\"@type\":\"ListItem\",\"position\":3,\"name\":\"La Bella Violinista y Cuatro Cuentos M\u00e1s: The Beautiful Girl with the Violin and Four Other Stories\"}]},{\"@type\":\"WebSite\",\"@id\":\"https:\\\/\\\/bibliotecalatinx.com\\\/#website\",\"url\":\"https:\\\/\\\/bibliotecalatinx.com\\\/\",\"name\":\"Biblioteca Latinx\",\"description\":\"\",\"publisher\":{\"@id\":\"https:\\\/\\\/bibliotecalatinx.com\\\/#organization\"},\"potentialAction\":[{\"@type\":\"SearchAction\",\"target\":{\"@type\":\"EntryPoint\",\"urlTemplate\":\"https:\\\/\\\/bibliotecalatinx.com\\\/?s={search_term_string}\"},\"query-input\":{\"@type\":\"PropertyValueSpecification\",\"valueRequired\":true,\"valueName\":\"search_term_string\"}}],\"inLanguage\":\"es\"},{\"@type\":\"Organization\",\"@id\":\"https:\\\/\\\/bibliotecalatinx.com\\\/#organization\",\"name\":\"Biblioteca Latinx\",\"url\":\"https:\\\/\\\/bibliotecalatinx.com\\\/\",\"logo\":{\"@type\":\"ImageObject\",\"inLanguage\":\"es\",\"@id\":\"https:\\\/\\\/bibliotecalatinx.com\\\/#\\\/schema\\\/logo\\\/image\\\/\",\"url\":\"https:\\\/\\\/bibliotecalatinx.com\\\/wp-content\\\/uploads\\\/2025\\\/07\\\/attachment-1.png\",\"contentUrl\":\"https:\\\/\\\/bibliotecalatinx.com\\\/wp-content\\\/uploads\\\/2025\\\/07\\\/attachment-1.png\",\"width\":234,\"height\":234,\"caption\":\"Biblioteca Latinx\"},\"image\":{\"@id\":\"https:\\\/\\\/bibliotecalatinx.com\\\/#\\\/schema\\\/logo\\\/image\\\/\"}}]}<\/script>\n<!-- \/ Yoast SEO plugin. -->","yoast_head_json":{"title":"La Bella Violinista y Cuatro Cuentos M\u00e1s: The Beautiful Girl with the Violin and Four Other Stories - Biblioteca Latinx","robots":{"index":"noindex","follow":"follow","max-snippet":"max-snippet:-1","max-image-preview":"max-image-preview:large","max-video-preview":"max-video-preview:-1"},"og_locale":"es_MX","og_type":"article","og_title":"La Bella Violinista y Cuatro Cuentos M\u00e1s: The Beautiful Girl with the Violin and Four Other Stories - Biblioteca Latinx","og_description":"The Beautiful Girl with the Violin and Four Other Stories is a collection of five stories for children, all originally published in the Spanish language","og_url":"https:\/\/bibliotecalatinx.com\/es\/producto\/la-bella-violinista-y-cuatro-cuentos-mas-the-beautiful-girl-with-the-violin-and-four-other-stories\/","og_site_name":"Biblioteca Latinx","article_modified_time":"2025-08-19T09:02:52+00:00","og_image":[{"url":"https:\/\/bibliotecalatinx.com\/wp-content\/uploads\/2025\/08\/11-15-Hardcover-Cover-with-Barcode-8.25x11-pdf.jpg","type":"","width":"","height":""}],"twitter_card":"summary_large_image","twitter_title":"La Bella Violinista y Cuatro Cuentos M\u00e1s: The Beautiful Girl with the Violin and Four Other Stories - Biblioteca Latinx","twitter_description":"The Beautiful Girl with the Violin and Four Other Stories is a collection of five stories for children, all originally published in the Spanish language","twitter_image":"https:\/\/bibliotecalatinx.com\/wp-content\/uploads\/2025\/08\/11-15-Hardcover-Cover-with-Barcode-8.25x11-pdf.jpg","twitter_misc":{"Tiempo de lectura":"2 minutos"},"schema":{"@context":"https:\/\/schema.org","@graph":[{"@type":"WebPage","@id":"https:\/\/bibliotecalatinx.com\/product\/la-bella-violinista-y-cuatro-cuentos-mas-the-beautiful-girl-with-the-violin-and-four-other-stories\/","url":"https:\/\/bibliotecalatinx.com\/product\/la-bella-violinista-y-cuatro-cuentos-mas-the-beautiful-girl-with-the-violin-and-four-other-stories\/","name":"La Bella Violinista y Cuatro Cuentos M\u00e1s: The Beautiful Girl with the Violin and Four Other Stories - Biblioteca Latinx","isPartOf":{"@id":"https:\/\/bibliotecalatinx.com\/#website"},"primaryImageOfPage":{"@id":"https:\/\/bibliotecalatinx.com\/product\/la-bella-violinista-y-cuatro-cuentos-mas-the-beautiful-girl-with-the-violin-and-four-other-stories\/#primaryimage"},"image":{"@id":"https:\/\/bibliotecalatinx.com\/product\/la-bella-violinista-y-cuatro-cuentos-mas-the-beautiful-girl-with-the-violin-and-four-other-stories\/#primaryimage"},"thumbnailUrl":"https:\/\/bibliotecalatinx.com\/wp-content\/uploads\/2025\/08\/11-15-Hardcover-Cover-with-Barcode-8.25x11-pdf.jpg","datePublished":"2025-08-04T18:43:52+00:00","dateModified":"2025-08-19T09:02:52+00:00","breadcrumb":{"@id":"https:\/\/bibliotecalatinx.com\/product\/la-bella-violinista-y-cuatro-cuentos-mas-the-beautiful-girl-with-the-violin-and-four-other-stories\/#breadcrumb"},"inLanguage":"es","potentialAction":[{"@type":"ReadAction","target":["https:\/\/bibliotecalatinx.com\/product\/la-bella-violinista-y-cuatro-cuentos-mas-the-beautiful-girl-with-the-violin-and-four-other-stories\/"]}]},{"@type":"ImageObject","inLanguage":"es","@id":"https:\/\/bibliotecalatinx.com\/product\/la-bella-violinista-y-cuatro-cuentos-mas-the-beautiful-girl-with-the-violin-and-four-other-stories\/#primaryimage","url":"https:\/\/bibliotecalatinx.com\/wp-content\/uploads\/2025\/08\/11-15-Hardcover-Cover-with-Barcode-8.25x11-pdf.jpg","contentUrl":"https:\/\/bibliotecalatinx.com\/wp-content\/uploads\/2025\/08\/11-15-Hardcover-Cover-with-Barcode-8.25x11-pdf.jpg"},{"@type":"BreadcrumbList","@id":"https:\/\/bibliotecalatinx.com\/product\/la-bella-violinista-y-cuatro-cuentos-mas-the-beautiful-girl-with-the-violin-and-four-other-stories\/#breadcrumb","itemListElement":[{"@type":"ListItem","position":1,"name":"Home","item":"https:\/\/bibliotecalatinx.com\/"},{"@type":"ListItem","position":2,"name":"Shop","item":"https:\/\/bibliotecalatinx.com\/shop\/"},{"@type":"ListItem","position":3,"name":"La Bella Violinista y Cuatro Cuentos M\u00e1s: The Beautiful Girl with the Violin and Four Other Stories"}]},{"@type":"WebSite","@id":"https:\/\/bibliotecalatinx.com\/#website","url":"https:\/\/bibliotecalatinx.com\/","name":"Biblioteca Latinx","description":"","publisher":{"@id":"https:\/\/bibliotecalatinx.com\/#organization"},"potentialAction":[{"@type":"SearchAction","target":{"@type":"EntryPoint","urlTemplate":"https:\/\/bibliotecalatinx.com\/?s={search_term_string}"},"query-input":{"@type":"PropertyValueSpecification","valueRequired":true,"valueName":"search_term_string"}}],"inLanguage":"es"},{"@type":"Organization","@id":"https:\/\/bibliotecalatinx.com\/#organization","name":"Biblioteca Latinx","url":"https:\/\/bibliotecalatinx.com\/","logo":{"@type":"ImageObject","inLanguage":"es","@id":"https:\/\/bibliotecalatinx.com\/#\/schema\/logo\/image\/","url":"https:\/\/bibliotecalatinx.com\/wp-content\/uploads\/2025\/07\/attachment-1.png","contentUrl":"https:\/\/bibliotecalatinx.com\/wp-content\/uploads\/2025\/07\/attachment-1.png","width":234,"height":234,"caption":"Biblioteca Latinx"},"image":{"@id":"https:\/\/bibliotecalatinx.com\/#\/schema\/logo\/image\/"}}]}},"_links":{"self":[{"href":"https:\/\/bibliotecalatinx.com\/es\/wp-json\/wp\/v2\/product\/51444","targetHints":{"allow":["GET"]}}],"collection":[{"href":"https:\/\/bibliotecalatinx.com\/es\/wp-json\/wp\/v2\/product"}],"about":[{"href":"https:\/\/bibliotecalatinx.com\/es\/wp-json\/wp\/v2\/types\/product"}],"replies":[{"embeddable":true,"href":"https:\/\/bibliotecalatinx.com\/es\/wp-json\/wp\/v2\/comments?post=51444"}],"wp:featuredmedia":[{"embeddable":true,"href":"https:\/\/bibliotecalatinx.com\/es\/wp-json\/wp\/v2\/media\/51445"}],"wp:attachment":[{"href":"https:\/\/bibliotecalatinx.com\/es\/wp-json\/wp\/v2\/media?parent=51444"}],"wp:term":[{"taxonomy":"product_brand","embeddable":true,"href":"https:\/\/bibliotecalatinx.com\/es\/wp-json\/wp\/v2\/product_brand?post=51444"},{"taxonomy":"product_cat","embeddable":true,"href":"https:\/\/bibliotecalatinx.com\/es\/wp-json\/wp\/v2\/product_cat?post=51444"},{"taxonomy":"product_tag","embeddable":true,"href":"https:\/\/bibliotecalatinx.com\/es\/wp-json\/wp\/v2\/product_tag?post=51444"}],"curies":[{"name":"wp","href":"https:\/\/api.w.org\/{rel}","templated":true}]}}