{"id":51441,"date":"2025-08-04T11:34:18","date_gmt":"2025-08-04T18:34:18","guid":{"rendered":"https:\/\/bibliotecalatinx.com\/?post_type=product&#038;p=51441"},"modified":"2025-08-04T11:34:19","modified_gmt":"2025-08-04T18:34:19","slug":"ned-el-pequeno-saltimbanqui-ned-the-young-acrobat","status":"publish","type":"product","link":"https:\/\/bibliotecalatinx.com\/es\/producto\/ned-el-pequeno-saltimbanqui-ned-the-young-acrobat\/","title":{"rendered":"NED, EL PEQUE\u00d1O SALTIMBANQUI \/ NED, THE YOUNG ACROBAT"},"content":{"rendered":"<p>Ned was a twelve-year-old boy who traveled with a group of gypsies in a circus, presenting outstanding shows. Their performances were very attractive for the townspeople, especially for the children. Ned was an accomplished contorsionist, so agile that he flexed his body in unbelievable ways. He was also a fantastic acrobat. Each and every time these wandering artists performed, the audiences in each town were so impressed that Ned consistently, and rightly so, received the loudest ovations.On one occasion the gypsy troupe set up their circus tent in a village overlooked by a magnificent castle. It was customary for the men to play their drums and walk the streets to announce their performances. The spectacles were of great interest for the townspeople, but no one was more curious than a boy who must have been no more that eight years old and who watched the acrobat\u2019s performance that night.This boy lived in the castle with his family, and he had never seen anything similar. Ned had a strong impact on the little boy, to the point that when he finished his performance and bowed to the crowd, the boy yelled \u201cbravo\u201d! so loud that the little acrobat, flattered, looked his way and smiled in gratitude.The next morning Pedro, which was the boy\u2019s name, was chasing a butterfly when he ran into Ned and told him how much he admired him. Ned told him about his own life full of misery and hardships; a sad life, without a home, always on the road. Pedro said that, in any case, that kind of life should be more enjoyable than going to school.<\/p>\n<p>What do you think, dear readers, will happen in this adventure between Ned and Pedro?<\/p>\n<p>Ned era un ni\u00f1o de doce a\u00f1os que viajaba con un grupo de gitanos presentando espect\u00e1culos maravillosos en un circo. Las presentaciones eran muy atractivas para la gente de los pueblos, especialmente para los ni\u00f1os. Ned era \u00e1gil, ejecutaba flexiones inveros\u00edmiles, como contorsionista consumado, y era, por lo dem\u00e1s, un acr\u00f3bata, en toda la extensi\u00f3n de la palabra. Cuando la gente de un pueblo rodeaba, llena de curiosidad, la carreta para ver la habilidad de aquellos vagabundos, los mejores aplausos eran para Ned, y con justicia plena.Cierto d\u00eda los gitanos se detuvieron para plantar la carpa de su circo en un pueblo que aparec\u00eda dominado por un magn\u00edfico castillo. Los hombres de la compa\u00f1\u00eda tomaron sus tambores y comenzaron a recorrer las calles para anunciar la hora de la representaci\u00f3n. Este anuncio despert\u00f3, como ocurr\u00eda siempre, mucha curiosidad. Pero nadie contempl\u00f3 a los forasteros m\u00e1s absorto que un ni\u00f1o que no deb\u00eda tener m\u00e1s de ocho a\u00f1os y que se llamaba Pedro. Aquel ni\u00f1o pertenec\u00eda a la familia que habitaba el castillo. Nunca hab\u00eda visto nada semejante. Le admiraron, sobre todo, las pruebas de Ned. Y cuando \u00e9ste hubo concluido y se inclin\u00f3 en un saludo gentil a la concurrencia, lanz\u00f3 un \u00a1bravo! tan fuerte que el peque\u00f1o acr\u00f3bata, halagado, se volvi\u00f3 hacia \u00e9l y le dirigi\u00f3 una sonrisa de agradecimiento. A la ma\u00f1ana siguiente, Pedro corr\u00eda por la carretera persiguiendo una mariposa; cuando se encontr\u00f3 con Ned. Se reconocieron y se saludaron. Pedro dijo cu\u00e1nto envidiaba al acr\u00f3bata. Este le refiri\u00f3 su vida de miserias y de trabajos, triste vida sin hogar, ambulando siempre. Pedro le dijo que en todo caso esa vida deb\u00eda ser m\u00e1s agradable que el tener que estudiar.<\/p>\n<p>\u00bfQu\u00e9 creen ustedes, queridos lectores, que pasar\u00e1 en esta aventura entre Ned y Pedro?<\/p>","protected":false},"excerpt":{"rendered":"<p>Ned was a twelve-year-old boy who traveled with a group of gypsies in a circus, presenting outstanding shows. Their performances were very attractive for the townspeople, especially for the children. Ned was an accomplished contorsionist, so agile that he flexed his body in unbelievable ways. He was also a fantastic acrobat. Each and every time&hellip;<\/p>","protected":false},"featured_media":51442,"comment_status":"closed","ping_status":"closed","template":"","meta":[],"product_brand":[],"product_cat":[22],"product_tag":[],"class_list":{"0":"post-51441","1":"product","2":"type-product","3":"status-publish","4":"has-post-thumbnail","6":"product_cat-childrens-books","8":"first","9":"instock","10":"sale","11":"taxable","12":"shipping-taxable","13":"purchasable","14":"product-type-simple"},"yoast_head":"<!-- This site is optimized with the Yoast SEO plugin v27.4 - https:\/\/yoast.com\/product\/yoast-seo-wordpress\/ -->\n<title>NED, EL PEQUE\u00d1O SALTIMBANQUI \/ NED, THE YOUNG ACROBAT - Biblioteca Latinx<\/title>\n<meta name=\"robots\" content=\"noindex, follow, max-snippet:-1, max-image-preview:large, max-video-preview:-1\" \/>\n<meta property=\"og:locale\" content=\"es_MX\" \/>\n<meta property=\"og:type\" content=\"article\" \/>\n<meta property=\"og:title\" content=\"NED, EL PEQUE\u00d1O SALTIMBANQUI \/ NED, THE YOUNG ACROBAT - Biblioteca Latinx\" \/>\n<meta property=\"og:description\" content=\"Ned was a twelve-year-old boy who traveled with a group of gypsies in a circus, presenting outstanding shows. Their performances were very attractive for\" \/>\n<meta property=\"og:url\" content=\"https:\/\/bibliotecalatinx.com\/es\/producto\/ned-el-pequeno-saltimbanqui-ned-the-young-acrobat\/\" \/>\n<meta property=\"og:site_name\" content=\"Biblioteca Latinx\" \/>\n<meta property=\"article:modified_time\" content=\"2025-08-04T18:34:19+00:00\" \/>\n<meta property=\"og:image\" content=\"https:\/\/bibliotecalatinx.com\/wp-content\/uploads\/2025\/08\/10-Ned-Paperback-Cover-pdf-barcode-pdf.jpg\" \/>\n<meta name=\"twitter:card\" content=\"summary_large_image\" \/>\n<meta name=\"twitter:title\" content=\"NED, EL PEQUE\u00d1O SALTIMBANQUI \/ NED, THE YOUNG ACROBAT - Biblioteca Latinx\" \/>\n<meta name=\"twitter:description\" content=\"Ned was a twelve-year-old boy who traveled with a group of gypsies in a circus, presenting outstanding shows. Their performances were very attractive for\" \/>\n<meta name=\"twitter:image\" content=\"https:\/\/bibliotecalatinx.com\/wp-content\/uploads\/2025\/08\/10-Ned-Paperback-Cover-pdf-barcode-pdf.jpg\" \/>\n<meta name=\"twitter:label1\" content=\"Tiempo de lectura\" \/>\n\t<meta name=\"twitter:data1\" content=\"1 minuto\" \/>\n<script type=\"application\/ld+json\" class=\"yoast-schema-graph\">{\"@context\":\"https:\\\/\\\/schema.org\",\"@graph\":[{\"@type\":\"WebPage\",\"@id\":\"https:\\\/\\\/bibliotecalatinx.com\\\/product\\\/ned-el-pequeno-saltimbanqui-ned-the-young-acrobat\\\/\",\"url\":\"https:\\\/\\\/bibliotecalatinx.com\\\/product\\\/ned-el-pequeno-saltimbanqui-ned-the-young-acrobat\\\/\",\"name\":\"NED, EL PEQUE\u00d1O SALTIMBANQUI \\\/ NED, THE YOUNG ACROBAT - Biblioteca Latinx\",\"isPartOf\":{\"@id\":\"https:\\\/\\\/bibliotecalatinx.com\\\/#website\"},\"primaryImageOfPage\":{\"@id\":\"https:\\\/\\\/bibliotecalatinx.com\\\/product\\\/ned-el-pequeno-saltimbanqui-ned-the-young-acrobat\\\/#primaryimage\"},\"image\":{\"@id\":\"https:\\\/\\\/bibliotecalatinx.com\\\/product\\\/ned-el-pequeno-saltimbanqui-ned-the-young-acrobat\\\/#primaryimage\"},\"thumbnailUrl\":\"https:\\\/\\\/bibliotecalatinx.com\\\/wp-content\\\/uploads\\\/2025\\\/08\\\/10-Ned-Paperback-Cover-pdf-barcode-pdf.jpg\",\"datePublished\":\"2025-08-04T18:34:18+00:00\",\"dateModified\":\"2025-08-04T18:34:19+00:00\",\"breadcrumb\":{\"@id\":\"https:\\\/\\\/bibliotecalatinx.com\\\/product\\\/ned-el-pequeno-saltimbanqui-ned-the-young-acrobat\\\/#breadcrumb\"},\"inLanguage\":\"es\",\"potentialAction\":[{\"@type\":\"ReadAction\",\"target\":[\"https:\\\/\\\/bibliotecalatinx.com\\\/product\\\/ned-el-pequeno-saltimbanqui-ned-the-young-acrobat\\\/\"]}]},{\"@type\":\"ImageObject\",\"inLanguage\":\"es\",\"@id\":\"https:\\\/\\\/bibliotecalatinx.com\\\/product\\\/ned-el-pequeno-saltimbanqui-ned-the-young-acrobat\\\/#primaryimage\",\"url\":\"https:\\\/\\\/bibliotecalatinx.com\\\/wp-content\\\/uploads\\\/2025\\\/08\\\/10-Ned-Paperback-Cover-pdf-barcode-pdf.jpg\",\"contentUrl\":\"https:\\\/\\\/bibliotecalatinx.com\\\/wp-content\\\/uploads\\\/2025\\\/08\\\/10-Ned-Paperback-Cover-pdf-barcode-pdf.jpg\"},{\"@type\":\"BreadcrumbList\",\"@id\":\"https:\\\/\\\/bibliotecalatinx.com\\\/product\\\/ned-el-pequeno-saltimbanqui-ned-the-young-acrobat\\\/#breadcrumb\",\"itemListElement\":[{\"@type\":\"ListItem\",\"position\":1,\"name\":\"Home\",\"item\":\"https:\\\/\\\/bibliotecalatinx.com\\\/\"},{\"@type\":\"ListItem\",\"position\":2,\"name\":\"Shop\",\"item\":\"https:\\\/\\\/bibliotecalatinx.com\\\/shop\\\/\"},{\"@type\":\"ListItem\",\"position\":3,\"name\":\"NED, EL PEQUE\u00d1O SALTIMBANQUI \\\/ NED, THE YOUNG ACROBAT\"}]},{\"@type\":\"WebSite\",\"@id\":\"https:\\\/\\\/bibliotecalatinx.com\\\/#website\",\"url\":\"https:\\\/\\\/bibliotecalatinx.com\\\/\",\"name\":\"Biblioteca Latinx\",\"description\":\"\",\"publisher\":{\"@id\":\"https:\\\/\\\/bibliotecalatinx.com\\\/#organization\"},\"potentialAction\":[{\"@type\":\"SearchAction\",\"target\":{\"@type\":\"EntryPoint\",\"urlTemplate\":\"https:\\\/\\\/bibliotecalatinx.com\\\/?s={search_term_string}\"},\"query-input\":{\"@type\":\"PropertyValueSpecification\",\"valueRequired\":true,\"valueName\":\"search_term_string\"}}],\"inLanguage\":\"es\"},{\"@type\":\"Organization\",\"@id\":\"https:\\\/\\\/bibliotecalatinx.com\\\/#organization\",\"name\":\"Biblioteca Latinx\",\"url\":\"https:\\\/\\\/bibliotecalatinx.com\\\/\",\"logo\":{\"@type\":\"ImageObject\",\"inLanguage\":\"es\",\"@id\":\"https:\\\/\\\/bibliotecalatinx.com\\\/#\\\/schema\\\/logo\\\/image\\\/\",\"url\":\"https:\\\/\\\/bibliotecalatinx.com\\\/wp-content\\\/uploads\\\/2025\\\/07\\\/attachment-1.png\",\"contentUrl\":\"https:\\\/\\\/bibliotecalatinx.com\\\/wp-content\\\/uploads\\\/2025\\\/07\\\/attachment-1.png\",\"width\":234,\"height\":234,\"caption\":\"Biblioteca Latinx\"},\"image\":{\"@id\":\"https:\\\/\\\/bibliotecalatinx.com\\\/#\\\/schema\\\/logo\\\/image\\\/\"}}]}<\/script>\n<!-- \/ Yoast SEO plugin. -->","yoast_head_json":{"title":"NED, EL PEQUE\u00d1O SALTIMBANQUI \/ NED, THE YOUNG ACROBAT - Biblioteca Latinx","robots":{"index":"noindex","follow":"follow","max-snippet":"max-snippet:-1","max-image-preview":"max-image-preview:large","max-video-preview":"max-video-preview:-1"},"og_locale":"es_MX","og_type":"article","og_title":"NED, EL PEQUE\u00d1O SALTIMBANQUI \/ NED, THE YOUNG ACROBAT - Biblioteca Latinx","og_description":"Ned was a twelve-year-old boy who traveled with a group of gypsies in a circus, presenting outstanding shows. Their performances were very attractive for","og_url":"https:\/\/bibliotecalatinx.com\/es\/producto\/ned-el-pequeno-saltimbanqui-ned-the-young-acrobat\/","og_site_name":"Biblioteca Latinx","article_modified_time":"2025-08-04T18:34:19+00:00","og_image":[{"url":"https:\/\/bibliotecalatinx.com\/wp-content\/uploads\/2025\/08\/10-Ned-Paperback-Cover-pdf-barcode-pdf.jpg","type":"","width":"","height":""}],"twitter_card":"summary_large_image","twitter_title":"NED, EL PEQUE\u00d1O SALTIMBANQUI \/ NED, THE YOUNG ACROBAT - Biblioteca Latinx","twitter_description":"Ned was a twelve-year-old boy who traveled with a group of gypsies in a circus, presenting outstanding shows. Their performances were very attractive for","twitter_image":"https:\/\/bibliotecalatinx.com\/wp-content\/uploads\/2025\/08\/10-Ned-Paperback-Cover-pdf-barcode-pdf.jpg","twitter_misc":{"Tiempo de lectura":"1 minuto"},"schema":{"@context":"https:\/\/schema.org","@graph":[{"@type":"WebPage","@id":"https:\/\/bibliotecalatinx.com\/product\/ned-el-pequeno-saltimbanqui-ned-the-young-acrobat\/","url":"https:\/\/bibliotecalatinx.com\/product\/ned-el-pequeno-saltimbanqui-ned-the-young-acrobat\/","name":"NED, EL PEQUE\u00d1O SALTIMBANQUI \/ NED, THE YOUNG ACROBAT - Biblioteca Latinx","isPartOf":{"@id":"https:\/\/bibliotecalatinx.com\/#website"},"primaryImageOfPage":{"@id":"https:\/\/bibliotecalatinx.com\/product\/ned-el-pequeno-saltimbanqui-ned-the-young-acrobat\/#primaryimage"},"image":{"@id":"https:\/\/bibliotecalatinx.com\/product\/ned-el-pequeno-saltimbanqui-ned-the-young-acrobat\/#primaryimage"},"thumbnailUrl":"https:\/\/bibliotecalatinx.com\/wp-content\/uploads\/2025\/08\/10-Ned-Paperback-Cover-pdf-barcode-pdf.jpg","datePublished":"2025-08-04T18:34:18+00:00","dateModified":"2025-08-04T18:34:19+00:00","breadcrumb":{"@id":"https:\/\/bibliotecalatinx.com\/product\/ned-el-pequeno-saltimbanqui-ned-the-young-acrobat\/#breadcrumb"},"inLanguage":"es","potentialAction":[{"@type":"ReadAction","target":["https:\/\/bibliotecalatinx.com\/product\/ned-el-pequeno-saltimbanqui-ned-the-young-acrobat\/"]}]},{"@type":"ImageObject","inLanguage":"es","@id":"https:\/\/bibliotecalatinx.com\/product\/ned-el-pequeno-saltimbanqui-ned-the-young-acrobat\/#primaryimage","url":"https:\/\/bibliotecalatinx.com\/wp-content\/uploads\/2025\/08\/10-Ned-Paperback-Cover-pdf-barcode-pdf.jpg","contentUrl":"https:\/\/bibliotecalatinx.com\/wp-content\/uploads\/2025\/08\/10-Ned-Paperback-Cover-pdf-barcode-pdf.jpg"},{"@type":"BreadcrumbList","@id":"https:\/\/bibliotecalatinx.com\/product\/ned-el-pequeno-saltimbanqui-ned-the-young-acrobat\/#breadcrumb","itemListElement":[{"@type":"ListItem","position":1,"name":"Home","item":"https:\/\/bibliotecalatinx.com\/"},{"@type":"ListItem","position":2,"name":"Shop","item":"https:\/\/bibliotecalatinx.com\/shop\/"},{"@type":"ListItem","position":3,"name":"NED, EL PEQUE\u00d1O SALTIMBANQUI \/ NED, THE YOUNG ACROBAT"}]},{"@type":"WebSite","@id":"https:\/\/bibliotecalatinx.com\/#website","url":"https:\/\/bibliotecalatinx.com\/","name":"Biblioteca Latinx","description":"","publisher":{"@id":"https:\/\/bibliotecalatinx.com\/#organization"},"potentialAction":[{"@type":"SearchAction","target":{"@type":"EntryPoint","urlTemplate":"https:\/\/bibliotecalatinx.com\/?s={search_term_string}"},"query-input":{"@type":"PropertyValueSpecification","valueRequired":true,"valueName":"search_term_string"}}],"inLanguage":"es"},{"@type":"Organization","@id":"https:\/\/bibliotecalatinx.com\/#organization","name":"Biblioteca Latinx","url":"https:\/\/bibliotecalatinx.com\/","logo":{"@type":"ImageObject","inLanguage":"es","@id":"https:\/\/bibliotecalatinx.com\/#\/schema\/logo\/image\/","url":"https:\/\/bibliotecalatinx.com\/wp-content\/uploads\/2025\/07\/attachment-1.png","contentUrl":"https:\/\/bibliotecalatinx.com\/wp-content\/uploads\/2025\/07\/attachment-1.png","width":234,"height":234,"caption":"Biblioteca Latinx"},"image":{"@id":"https:\/\/bibliotecalatinx.com\/#\/schema\/logo\/image\/"}}]}},"_links":{"self":[{"href":"https:\/\/bibliotecalatinx.com\/es\/wp-json\/wp\/v2\/product\/51441","targetHints":{"allow":["GET"]}}],"collection":[{"href":"https:\/\/bibliotecalatinx.com\/es\/wp-json\/wp\/v2\/product"}],"about":[{"href":"https:\/\/bibliotecalatinx.com\/es\/wp-json\/wp\/v2\/types\/product"}],"replies":[{"embeddable":true,"href":"https:\/\/bibliotecalatinx.com\/es\/wp-json\/wp\/v2\/comments?post=51441"}],"wp:featuredmedia":[{"embeddable":true,"href":"https:\/\/bibliotecalatinx.com\/es\/wp-json\/wp\/v2\/media\/51442"}],"wp:attachment":[{"href":"https:\/\/bibliotecalatinx.com\/es\/wp-json\/wp\/v2\/media?parent=51441"}],"wp:term":[{"taxonomy":"product_brand","embeddable":true,"href":"https:\/\/bibliotecalatinx.com\/es\/wp-json\/wp\/v2\/product_brand?post=51441"},{"taxonomy":"product_cat","embeddable":true,"href":"https:\/\/bibliotecalatinx.com\/es\/wp-json\/wp\/v2\/product_cat?post=51441"},{"taxonomy":"product_tag","embeddable":true,"href":"https:\/\/bibliotecalatinx.com\/es\/wp-json\/wp\/v2\/product_tag?post=51441"}],"curies":[{"name":"wp","href":"https:\/\/api.w.org\/{rel}","templated":true}]}}