{"id":51437,"date":"2025-08-04T11:28:20","date_gmt":"2025-08-04T18:28:20","guid":{"rendered":"https:\/\/bibliotecalatinx.com\/?post_type=product&#038;p=51437"},"modified":"2025-08-04T11:28:20","modified_gmt":"2025-08-04T18:28:20","slug":"el-que-gano-la-mano-de-la-hija-del-rey-the-man-who-married-the-kings-daughter","status":"publish","type":"product","link":"https:\/\/bibliotecalatinx.com\/es\/producto\/el-que-gano-la-mano-de-la-hija-del-rey-the-man-who-married-the-kings-daughter\/","title":{"rendered":"El que Gan\u00f3 la Mano de la Hija del Rey: The Man Who Married the King&#8217;s Daughter"},"content":{"rendered":"<p>This story is about three brothers: Pedro, the Slow One; Pablo, the One Without Opinions; and Santiaguillo, the Thoughtful One. Pedro was fat, big, red in the face, drank in abundance and ate even more. Pablo was puny, skinny and short-tempered, and he never found anything that he liked. Santiaguillo was vivacious, cheerful, happy and so tiny that he almost fit in one of Pedro\u2019s boots. They lived happily with their father, but since they were already grown, their father announced to them that he no longer could continue to support them. He told them that he was getting old, and they should travel the world and find their fortune like he did in his youth. Pedro and Pablo, the two oldest siblings, were not sure what they had to do to survive since their father had fully supported them. Santiaguillo, the youngest in age and in size, was willing to go out into the world, find adventures and achieve his own fortune. In addition, he was excited to visit a king who needed help doing some things where many others had already failed. If anyone was able to help him, the King would give him 3 bags full of gold, and that man would marry his daughter, the princess. The King had also said that, if someone tried, but failed to do what he wanted, his ears would be cut off, and he would receive two hundred beatings with a stick. Will Santiaguillo and his brothers resolve the king\u2019s dilemma and receive, or not, his gifts?<\/p>\n<p>Este cuento es sobre tres hermanos: Pedro, el Cachaza; Pablo, el Sin-Gustos, y Santiaguillo, el Caviloso. Pedro era gordo, colorado, grandote y amigo de beber en abundancia y comer m\u00e1s; Pablo era enclenque, flacucho de malas pulgas, aficionado a criticar y a no encontrar nada a su gusto. Santiaguillo era vivaracho, pizpireto, alegre y tan peque\u00f1\u00edn, que casi cab\u00eda dentro de una bota de Pedro. Viv\u00edan contentos con su padre, pero como ya hab\u00edan crecido, su padre los reuni\u00f3 para decirles que ya no pod\u00eda seguirlos manteniendo. Dijo que \u00e9l se estaba haciendo viejo y que los tres ten\u00edan que ir por el mundo y buscar su propia fortuna tal como \u00e9l lo hizo en su juventud. Los dos mayores, Pedro y Pablo, ten\u00edan dudas sobre qu\u00e9 hacer para sobrevivir, ya que su padre hab\u00eda hecho todo por ellos. Santiaguillo, el menor de los tres y m\u00e1s peque\u00f1o f\u00edsicamente, estaba dispuesto a salir al mundo, y buscar aventuras y lograr su propia fortuna. Adem\u00e1s, estaba entusiasmado por visitar a un rey que necesitaba ayuda donde muchos otros ya hab\u00edan fracasado. Si alguien lograba ayudarle le iba a pagar con tres sacos, llenos hasta arriba, con onzas de oro, y ese hombre podr\u00eda casarse con su hija, la princesa. El rey tambi\u00e9n hab\u00eda dicho que, si alguien intentaba, pero no lograba hacer lo que \u00e9l ped\u00eda, se le iban a cortar las orejas, y recibir\u00eda doscientos palos. \u00bfPodr\u00e1n Santiaguillo y sus hermanos resolver el dilema del rey y recibir, o no, los regalos?<\/p>","protected":false},"excerpt":{"rendered":"<p>This story is about three brothers: Pedro, the Slow One; Pablo, the One Without Opinions; and Santiaguillo, the Thoughtful One. Pedro was fat, big, red in the face, drank in abundance and ate even more. Pablo was puny, skinny and short-tempered, and he never found anything that he liked. Santiaguillo was vivacious, cheerful, happy and&hellip;<\/p>","protected":false},"featured_media":51439,"comment_status":"closed","ping_status":"closed","template":"","meta":[],"product_brand":[],"product_cat":[22],"product_tag":[],"class_list":{"0":"post-51437","1":"product","2":"type-product","3":"status-publish","4":"has-post-thumbnail","6":"product_cat-childrens-books","8":"first","9":"instock","10":"sale","11":"taxable","12":"shipping-taxable","13":"purchasable","14":"product-type-simple"},"yoast_head":"<!-- This site is optimized with the Yoast SEO plugin v27.4 - https:\/\/yoast.com\/product\/yoast-seo-wordpress\/ -->\n<title>El que Gan\u00f3 la Mano de la Hija del Rey: The Man Who Married the King&#039;s Daughter - Biblioteca Latinx<\/title>\n<meta name=\"robots\" content=\"noindex, follow, max-snippet:-1, max-image-preview:large, max-video-preview:-1\" \/>\n<meta property=\"og:locale\" content=\"es_MX\" \/>\n<meta property=\"og:type\" content=\"article\" \/>\n<meta property=\"og:title\" content=\"El que Gan\u00f3 la Mano de la Hija del Rey: The Man Who Married the King&#039;s Daughter - Biblioteca Latinx\" \/>\n<meta property=\"og:description\" content=\"This story is about three brothers: Pedro, the Slow One; Pablo, the One Without Opinions; and Santiaguillo, the Thoughtful One. Pedro was fat, big, red in\" \/>\n<meta property=\"og:url\" content=\"https:\/\/bibliotecalatinx.com\/es\/producto\/el-que-gano-la-mano-de-la-hija-del-rey-the-man-who-married-the-kings-daughter\/\" \/>\n<meta property=\"og:site_name\" content=\"Biblioteca Latinx\" \/>\n<meta property=\"og:image\" content=\"https:\/\/bibliotecalatinx.com\/wp-content\/uploads\/2025\/08\/9-BOOKCOVER-El-que-gano\u2560u-Paperback-cover-pdf-barcode-pdf.jpg\" \/>\n<meta name=\"twitter:card\" content=\"summary_large_image\" \/>\n<meta name=\"twitter:title\" content=\"El que Gan\u00f3 la Mano de la Hija del Rey: The Man Who Married the King&#039;s Daughter - Biblioteca Latinx\" \/>\n<meta name=\"twitter:description\" content=\"This story is about three brothers: Pedro, the Slow One; Pablo, the One Without Opinions; and Santiaguillo, the Thoughtful One. Pedro was fat, big, red in\" \/>\n<meta name=\"twitter:image\" content=\"https:\/\/bibliotecalatinx.com\/wp-content\/uploads\/2025\/08\/9-BOOKCOVER-El-que-gano\u2560u-Paperback-cover-pdf-barcode-pdf.jpg\" \/>\n<meta name=\"twitter:label1\" content=\"Tiempo de lectura\" \/>\n\t<meta name=\"twitter:data1\" content=\"1 minuto\" \/>\n<script type=\"application\/ld+json\" class=\"yoast-schema-graph\">{\"@context\":\"https:\\\/\\\/schema.org\",\"@graph\":[{\"@type\":\"WebPage\",\"@id\":\"https:\\\/\\\/bibliotecalatinx.com\\\/product\\\/el-que-gano-la-mano-de-la-hija-del-rey-the-man-who-married-the-kings-daughter\\\/\",\"url\":\"https:\\\/\\\/bibliotecalatinx.com\\\/product\\\/el-que-gano-la-mano-de-la-hija-del-rey-the-man-who-married-the-kings-daughter\\\/\",\"name\":\"El que Gan\u00f3 la Mano de la Hija del Rey: The Man Who Married the King's Daughter - Biblioteca Latinx\",\"isPartOf\":{\"@id\":\"https:\\\/\\\/bibliotecalatinx.com\\\/#website\"},\"primaryImageOfPage\":{\"@id\":\"https:\\\/\\\/bibliotecalatinx.com\\\/product\\\/el-que-gano-la-mano-de-la-hija-del-rey-the-man-who-married-the-kings-daughter\\\/#primaryimage\"},\"image\":{\"@id\":\"https:\\\/\\\/bibliotecalatinx.com\\\/product\\\/el-que-gano-la-mano-de-la-hija-del-rey-the-man-who-married-the-kings-daughter\\\/#primaryimage\"},\"thumbnailUrl\":\"https:\\\/\\\/bibliotecalatinx.com\\\/wp-content\\\/uploads\\\/2025\\\/08\\\/9-BOOKCOVER-El-que-gano\u2560u-Paperback-cover-pdf-barcode-pdf.jpg\",\"datePublished\":\"2025-08-04T18:28:20+00:00\",\"breadcrumb\":{\"@id\":\"https:\\\/\\\/bibliotecalatinx.com\\\/product\\\/el-que-gano-la-mano-de-la-hija-del-rey-the-man-who-married-the-kings-daughter\\\/#breadcrumb\"},\"inLanguage\":\"es\",\"potentialAction\":[{\"@type\":\"ReadAction\",\"target\":[\"https:\\\/\\\/bibliotecalatinx.com\\\/product\\\/el-que-gano-la-mano-de-la-hija-del-rey-the-man-who-married-the-kings-daughter\\\/\"]}]},{\"@type\":\"ImageObject\",\"inLanguage\":\"es\",\"@id\":\"https:\\\/\\\/bibliotecalatinx.com\\\/product\\\/el-que-gano-la-mano-de-la-hija-del-rey-the-man-who-married-the-kings-daughter\\\/#primaryimage\",\"url\":\"https:\\\/\\\/bibliotecalatinx.com\\\/wp-content\\\/uploads\\\/2025\\\/08\\\/9-BOOKCOVER-El-que-gano\u2560u-Paperback-cover-pdf-barcode-pdf.jpg\",\"contentUrl\":\"https:\\\/\\\/bibliotecalatinx.com\\\/wp-content\\\/uploads\\\/2025\\\/08\\\/9-BOOKCOVER-El-que-gano\u2560u-Paperback-cover-pdf-barcode-pdf.jpg\"},{\"@type\":\"BreadcrumbList\",\"@id\":\"https:\\\/\\\/bibliotecalatinx.com\\\/product\\\/el-que-gano-la-mano-de-la-hija-del-rey-the-man-who-married-the-kings-daughter\\\/#breadcrumb\",\"itemListElement\":[{\"@type\":\"ListItem\",\"position\":1,\"name\":\"Home\",\"item\":\"https:\\\/\\\/bibliotecalatinx.com\\\/\"},{\"@type\":\"ListItem\",\"position\":2,\"name\":\"Shop\",\"item\":\"https:\\\/\\\/bibliotecalatinx.com\\\/shop\\\/\"},{\"@type\":\"ListItem\",\"position\":3,\"name\":\"El que Gan\u00f3 la Mano de la Hija del Rey: The Man Who Married the King&#8217;s Daughter\"}]},{\"@type\":\"WebSite\",\"@id\":\"https:\\\/\\\/bibliotecalatinx.com\\\/#website\",\"url\":\"https:\\\/\\\/bibliotecalatinx.com\\\/\",\"name\":\"Biblioteca Latinx\",\"description\":\"\",\"publisher\":{\"@id\":\"https:\\\/\\\/bibliotecalatinx.com\\\/#organization\"},\"potentialAction\":[{\"@type\":\"SearchAction\",\"target\":{\"@type\":\"EntryPoint\",\"urlTemplate\":\"https:\\\/\\\/bibliotecalatinx.com\\\/?s={search_term_string}\"},\"query-input\":{\"@type\":\"PropertyValueSpecification\",\"valueRequired\":true,\"valueName\":\"search_term_string\"}}],\"inLanguage\":\"es\"},{\"@type\":\"Organization\",\"@id\":\"https:\\\/\\\/bibliotecalatinx.com\\\/#organization\",\"name\":\"Biblioteca Latinx\",\"url\":\"https:\\\/\\\/bibliotecalatinx.com\\\/\",\"logo\":{\"@type\":\"ImageObject\",\"inLanguage\":\"es\",\"@id\":\"https:\\\/\\\/bibliotecalatinx.com\\\/#\\\/schema\\\/logo\\\/image\\\/\",\"url\":\"https:\\\/\\\/bibliotecalatinx.com\\\/wp-content\\\/uploads\\\/2025\\\/07\\\/attachment-1.png\",\"contentUrl\":\"https:\\\/\\\/bibliotecalatinx.com\\\/wp-content\\\/uploads\\\/2025\\\/07\\\/attachment-1.png\",\"width\":234,\"height\":234,\"caption\":\"Biblioteca Latinx\"},\"image\":{\"@id\":\"https:\\\/\\\/bibliotecalatinx.com\\\/#\\\/schema\\\/logo\\\/image\\\/\"}}]}<\/script>\n<!-- \/ Yoast SEO plugin. -->","yoast_head_json":{"title":"El que Gan\u00f3 la Mano de la Hija del Rey: The Man Who Married the King's Daughter - Biblioteca Latinx","robots":{"index":"noindex","follow":"follow","max-snippet":"max-snippet:-1","max-image-preview":"max-image-preview:large","max-video-preview":"max-video-preview:-1"},"og_locale":"es_MX","og_type":"article","og_title":"El que Gan\u00f3 la Mano de la Hija del Rey: The Man Who Married the King's Daughter - Biblioteca Latinx","og_description":"This story is about three brothers: Pedro, the Slow One; Pablo, the One Without Opinions; and Santiaguillo, the Thoughtful One. Pedro was fat, big, red in","og_url":"https:\/\/bibliotecalatinx.com\/es\/producto\/el-que-gano-la-mano-de-la-hija-del-rey-the-man-who-married-the-kings-daughter\/","og_site_name":"Biblioteca Latinx","og_image":[{"url":"https:\/\/bibliotecalatinx.com\/wp-content\/uploads\/2025\/08\/9-BOOKCOVER-El-que-gano\u2560u-Paperback-cover-pdf-barcode-pdf.jpg","type":"","width":"","height":""}],"twitter_card":"summary_large_image","twitter_title":"El que Gan\u00f3 la Mano de la Hija del Rey: The Man Who Married the King's Daughter - Biblioteca Latinx","twitter_description":"This story is about three brothers: Pedro, the Slow One; Pablo, the One Without Opinions; and Santiaguillo, the Thoughtful One. Pedro was fat, big, red in","twitter_image":"https:\/\/bibliotecalatinx.com\/wp-content\/uploads\/2025\/08\/9-BOOKCOVER-El-que-gano\u2560u-Paperback-cover-pdf-barcode-pdf.jpg","twitter_misc":{"Tiempo de lectura":"1 minuto"},"schema":{"@context":"https:\/\/schema.org","@graph":[{"@type":"WebPage","@id":"https:\/\/bibliotecalatinx.com\/product\/el-que-gano-la-mano-de-la-hija-del-rey-the-man-who-married-the-kings-daughter\/","url":"https:\/\/bibliotecalatinx.com\/product\/el-que-gano-la-mano-de-la-hija-del-rey-the-man-who-married-the-kings-daughter\/","name":"El que Gan\u00f3 la Mano de la Hija del Rey: The Man Who Married the King's Daughter - Biblioteca Latinx","isPartOf":{"@id":"https:\/\/bibliotecalatinx.com\/#website"},"primaryImageOfPage":{"@id":"https:\/\/bibliotecalatinx.com\/product\/el-que-gano-la-mano-de-la-hija-del-rey-the-man-who-married-the-kings-daughter\/#primaryimage"},"image":{"@id":"https:\/\/bibliotecalatinx.com\/product\/el-que-gano-la-mano-de-la-hija-del-rey-the-man-who-married-the-kings-daughter\/#primaryimage"},"thumbnailUrl":"https:\/\/bibliotecalatinx.com\/wp-content\/uploads\/2025\/08\/9-BOOKCOVER-El-que-gano\u2560u-Paperback-cover-pdf-barcode-pdf.jpg","datePublished":"2025-08-04T18:28:20+00:00","breadcrumb":{"@id":"https:\/\/bibliotecalatinx.com\/product\/el-que-gano-la-mano-de-la-hija-del-rey-the-man-who-married-the-kings-daughter\/#breadcrumb"},"inLanguage":"es","potentialAction":[{"@type":"ReadAction","target":["https:\/\/bibliotecalatinx.com\/product\/el-que-gano-la-mano-de-la-hija-del-rey-the-man-who-married-the-kings-daughter\/"]}]},{"@type":"ImageObject","inLanguage":"es","@id":"https:\/\/bibliotecalatinx.com\/product\/el-que-gano-la-mano-de-la-hija-del-rey-the-man-who-married-the-kings-daughter\/#primaryimage","url":"https:\/\/bibliotecalatinx.com\/wp-content\/uploads\/2025\/08\/9-BOOKCOVER-El-que-gano\u2560u-Paperback-cover-pdf-barcode-pdf.jpg","contentUrl":"https:\/\/bibliotecalatinx.com\/wp-content\/uploads\/2025\/08\/9-BOOKCOVER-El-que-gano\u2560u-Paperback-cover-pdf-barcode-pdf.jpg"},{"@type":"BreadcrumbList","@id":"https:\/\/bibliotecalatinx.com\/product\/el-que-gano-la-mano-de-la-hija-del-rey-the-man-who-married-the-kings-daughter\/#breadcrumb","itemListElement":[{"@type":"ListItem","position":1,"name":"Home","item":"https:\/\/bibliotecalatinx.com\/"},{"@type":"ListItem","position":2,"name":"Shop","item":"https:\/\/bibliotecalatinx.com\/shop\/"},{"@type":"ListItem","position":3,"name":"El que Gan\u00f3 la Mano de la Hija del Rey: The Man Who Married the King&#8217;s Daughter"}]},{"@type":"WebSite","@id":"https:\/\/bibliotecalatinx.com\/#website","url":"https:\/\/bibliotecalatinx.com\/","name":"Biblioteca Latinx","description":"","publisher":{"@id":"https:\/\/bibliotecalatinx.com\/#organization"},"potentialAction":[{"@type":"SearchAction","target":{"@type":"EntryPoint","urlTemplate":"https:\/\/bibliotecalatinx.com\/?s={search_term_string}"},"query-input":{"@type":"PropertyValueSpecification","valueRequired":true,"valueName":"search_term_string"}}],"inLanguage":"es"},{"@type":"Organization","@id":"https:\/\/bibliotecalatinx.com\/#organization","name":"Biblioteca Latinx","url":"https:\/\/bibliotecalatinx.com\/","logo":{"@type":"ImageObject","inLanguage":"es","@id":"https:\/\/bibliotecalatinx.com\/#\/schema\/logo\/image\/","url":"https:\/\/bibliotecalatinx.com\/wp-content\/uploads\/2025\/07\/attachment-1.png","contentUrl":"https:\/\/bibliotecalatinx.com\/wp-content\/uploads\/2025\/07\/attachment-1.png","width":234,"height":234,"caption":"Biblioteca Latinx"},"image":{"@id":"https:\/\/bibliotecalatinx.com\/#\/schema\/logo\/image\/"}}]}},"_links":{"self":[{"href":"https:\/\/bibliotecalatinx.com\/es\/wp-json\/wp\/v2\/product\/51437","targetHints":{"allow":["GET"]}}],"collection":[{"href":"https:\/\/bibliotecalatinx.com\/es\/wp-json\/wp\/v2\/product"}],"about":[{"href":"https:\/\/bibliotecalatinx.com\/es\/wp-json\/wp\/v2\/types\/product"}],"replies":[{"embeddable":true,"href":"https:\/\/bibliotecalatinx.com\/es\/wp-json\/wp\/v2\/comments?post=51437"}],"wp:featuredmedia":[{"embeddable":true,"href":"https:\/\/bibliotecalatinx.com\/es\/wp-json\/wp\/v2\/media\/51439"}],"wp:attachment":[{"href":"https:\/\/bibliotecalatinx.com\/es\/wp-json\/wp\/v2\/media?parent=51437"}],"wp:term":[{"taxonomy":"product_brand","embeddable":true,"href":"https:\/\/bibliotecalatinx.com\/es\/wp-json\/wp\/v2\/product_brand?post=51437"},{"taxonomy":"product_cat","embeddable":true,"href":"https:\/\/bibliotecalatinx.com\/es\/wp-json\/wp\/v2\/product_cat?post=51437"},{"taxonomy":"product_tag","embeddable":true,"href":"https:\/\/bibliotecalatinx.com\/es\/wp-json\/wp\/v2\/product_tag?post=51437"}],"curies":[{"name":"wp","href":"https:\/\/api.w.org\/{rel}","templated":true}]}}