{"id":51433,"date":"2025-08-04T11:08:40","date_gmt":"2025-08-04T18:08:40","guid":{"rendered":"https:\/\/bibliotecalatinx.com\/?post_type=product&#038;p=51433"},"modified":"2025-08-04T11:09:11","modified_gmt":"2025-08-04T18:09:11","slug":"el-principe-y-las-burbujas-de-jabon-the-prince-and-the-soap-bubbles","status":"publish","type":"product","link":"https:\/\/bibliotecalatinx.com\/es\/producto\/el-principe-y-las-burbujas-de-jabon-the-prince-and-the-soap-bubbles\/","title":{"rendered":"EL PR\u00cdNCIPE Y LAS BURBUJAS DE JAB\u00d3N\/THE PRINCE AND THE SOAP BUBBLES"},"content":{"rendered":"<p>He was a young prince, handsome, elegant, and the king and queen\u2019s only child in a big and wealthy nation. He didn\u2019t approve of common everyday activities and ordinary pleasures, and didn\u2019t like to ride horses, nor hunt, nor have fun in any other way. He only liked books. He would spend many hours in his room located in the highest watchtower in one of the corners of the royal palace. When he started reading a story, nothing and no one could convince him to come out of his room until he turned the last page and read the last word.The king truly wished for his son to marry as soon as possible, because he thought that it was time for him to settle down and pick a princess who would become an excellent queen when the prince took over his nation\u2019s government. The prince, however, didn\u2019t want to think about marriage and he told his father that he was very happy and didn\u2019t want to make any changes in his life. Instead of wearing the king\u2019s crown he preferred to be a prince; and as far as the princesses, they were unpleasant and from what he had read in many books, all of them, or most of them, were foolish and vain. In his opinion, the only ones not included in this general rule, were his mother and his cousin Jacobita. What will happen with the prince and his parents\u2019 wishes that he marries soon? Will he find the ideal princess? <\/p>\n<p>Era un pr\u00edncipe joven, guapo, elegante e hijo \u00fanico de los reyes de una naci\u00f3n grande y rica. Desechaba los gustos corrientes y ordinarios, y no le agradaba montar a caballo, ni cazar, ni divertirse de ninguna manera. No lo distra\u00edan m\u00e1s que los libros. Se pasaba horas y horas en su habitaci\u00f3n, situada en la atalaya m\u00e1s alta de uno de los \u00e1ngulos del palacio real, y cuando hab\u00eda principiado la lectura de una historia, nada ni nadie pod\u00eda sacarlo de aquel lugar hasta que terminaba la \u00faltima p\u00e1gina y hab\u00eda le\u00eddo la \u00faltima palabra.Deseaba el rey con verdadero anhelo casar a su hijo cuanto antes, pues cre\u00eda que era ya tiempo de que se estableciese eligiendo una princesa que llegara a ser reina excelente cuando el pr\u00edncipe tuviera el gobierno de su naci\u00f3n. El pr\u00edncipe, sin embargo, no pensaba en semejante cosa y afirmaba que era muy feliz y que no necesitaba introducir en su vida cambio alguno; prefer\u00eda ser pr\u00edncipe, y no llevar puesta la corona de rey; y en cuanto a las princesas, las princesas a su juicio eran desagradables y seg\u00fan lo que en muchos libros hab\u00eda le\u00eddo todas, o la mayor parte de \u00e9llas, eran necias y vanidosas; las \u00fanicas que en su opini\u00f3n se apartaban de la regla general, eran su madre y su prima Jacobita. \u00bfQu\u00e9 pasar\u00e1 con el pr\u00edncipe y el deseo de sus padres de que se case pronto? \u00bfEncontrar\u00e1 la princesa ideal?<\/p>","protected":false},"excerpt":{"rendered":"<p>He was a young prince, handsome, elegant, and the king and queen\u2019s only child in a big and wealthy nation. He didn\u2019t approve of common everyday activities and ordinary pleasures, and didn\u2019t like to ride horses, nor hunt, nor have fun in any other way. He only liked books. He would spend many hours in&hellip;<\/p>","protected":false},"featured_media":51434,"comment_status":"closed","ping_status":"closed","template":"","meta":[],"product_brand":[],"product_cat":[22],"product_tag":[],"class_list":{"0":"post-51433","1":"product","2":"type-product","3":"status-publish","4":"has-post-thumbnail","6":"product_cat-childrens-books","8":"first","9":"instock","10":"sale","11":"taxable","12":"shipping-taxable","13":"purchasable","14":"product-type-simple"},"yoast_head":"<!-- This site is optimized with the Yoast SEO plugin v27.4 - https:\/\/yoast.com\/product\/yoast-seo-wordpress\/ -->\n<title>EL PR\u00cdNCIPE Y LAS BURBUJAS DE JAB\u00d3N\/THE PRINCE AND THE SOAP BUBBLES - Biblioteca Latinx<\/title>\n<meta name=\"robots\" content=\"noindex, follow, max-snippet:-1, max-image-preview:large, max-video-preview:-1\" \/>\n<meta property=\"og:locale\" content=\"es_MX\" \/>\n<meta property=\"og:type\" content=\"article\" \/>\n<meta property=\"og:title\" content=\"EL PR\u00cdNCIPE Y LAS BURBUJAS DE JAB\u00d3N\/THE PRINCE AND THE SOAP BUBBLES - Biblioteca Latinx\" \/>\n<meta property=\"og:description\" content=\"He was a young prince, handsome, elegant, and the king and queen\u2019s only child in a big and wealthy nation. He didn\u2019t approve of common everyday activities\" \/>\n<meta property=\"og:url\" content=\"https:\/\/bibliotecalatinx.com\/es\/producto\/el-principe-y-las-burbujas-de-jabon-the-prince-and-the-soap-bubbles\/\" \/>\n<meta property=\"og:site_name\" content=\"Biblioteca Latinx\" \/>\n<meta property=\"article:modified_time\" content=\"2025-08-04T18:09:11+00:00\" \/>\n<meta property=\"og:image\" content=\"https:\/\/bibliotecalatinx.com\/wp-content\/uploads\/2025\/08\/7-Pi\u2560uncipe-Burbujas-Cover-v2-pdf.jpg\" \/>\n<meta name=\"twitter:card\" content=\"summary_large_image\" \/>\n<meta name=\"twitter:title\" content=\"EL PR\u00cdNCIPE Y LAS BURBUJAS DE JAB\u00d3N\/THE PRINCE AND THE SOAP BUBBLES - Biblioteca Latinx\" \/>\n<meta name=\"twitter:description\" content=\"He was a young prince, handsome, elegant, and the king and queen\u2019s only child in a big and wealthy nation. He didn\u2019t approve of common everyday activities\" \/>\n<meta name=\"twitter:image\" content=\"https:\/\/bibliotecalatinx.com\/wp-content\/uploads\/2025\/08\/7-Pi\u2560uncipe-Burbujas-Cover-v2-pdf.jpg\" \/>\n<meta name=\"twitter:label1\" content=\"Tiempo de lectura\" \/>\n\t<meta name=\"twitter:data1\" content=\"3 minutos\" \/>\n<script type=\"application\/ld+json\" class=\"yoast-schema-graph\">{\"@context\":\"https:\\\/\\\/schema.org\",\"@graph\":[{\"@type\":\"WebPage\",\"@id\":\"https:\\\/\\\/bibliotecalatinx.com\\\/product\\\/el-principe-y-las-burbujas-de-jabon-the-prince-and-the-soap-bubbles\\\/\",\"url\":\"https:\\\/\\\/bibliotecalatinx.com\\\/product\\\/el-principe-y-las-burbujas-de-jabon-the-prince-and-the-soap-bubbles\\\/\",\"name\":\"EL PR\u00cdNCIPE Y LAS BURBUJAS DE JAB\u00d3N\\\/THE PRINCE AND THE SOAP BUBBLES - Biblioteca Latinx\",\"isPartOf\":{\"@id\":\"https:\\\/\\\/bibliotecalatinx.com\\\/#website\"},\"primaryImageOfPage\":{\"@id\":\"https:\\\/\\\/bibliotecalatinx.com\\\/product\\\/el-principe-y-las-burbujas-de-jabon-the-prince-and-the-soap-bubbles\\\/#primaryimage\"},\"image\":{\"@id\":\"https:\\\/\\\/bibliotecalatinx.com\\\/product\\\/el-principe-y-las-burbujas-de-jabon-the-prince-and-the-soap-bubbles\\\/#primaryimage\"},\"thumbnailUrl\":\"https:\\\/\\\/bibliotecalatinx.com\\\/wp-content\\\/uploads\\\/2025\\\/08\\\/7-Pi\u2560uncipe-Burbujas-Cover-v2-pdf.jpg\",\"datePublished\":\"2025-08-04T18:08:40+00:00\",\"dateModified\":\"2025-08-04T18:09:11+00:00\",\"breadcrumb\":{\"@id\":\"https:\\\/\\\/bibliotecalatinx.com\\\/product\\\/el-principe-y-las-burbujas-de-jabon-the-prince-and-the-soap-bubbles\\\/#breadcrumb\"},\"inLanguage\":\"es\",\"potentialAction\":[{\"@type\":\"ReadAction\",\"target\":[\"https:\\\/\\\/bibliotecalatinx.com\\\/product\\\/el-principe-y-las-burbujas-de-jabon-the-prince-and-the-soap-bubbles\\\/\"]}]},{\"@type\":\"ImageObject\",\"inLanguage\":\"es\",\"@id\":\"https:\\\/\\\/bibliotecalatinx.com\\\/product\\\/el-principe-y-las-burbujas-de-jabon-the-prince-and-the-soap-bubbles\\\/#primaryimage\",\"url\":\"https:\\\/\\\/bibliotecalatinx.com\\\/wp-content\\\/uploads\\\/2025\\\/08\\\/7-Pi\u2560uncipe-Burbujas-Cover-v2-pdf.jpg\",\"contentUrl\":\"https:\\\/\\\/bibliotecalatinx.com\\\/wp-content\\\/uploads\\\/2025\\\/08\\\/7-Pi\u2560uncipe-Burbujas-Cover-v2-pdf.jpg\"},{\"@type\":\"BreadcrumbList\",\"@id\":\"https:\\\/\\\/bibliotecalatinx.com\\\/product\\\/el-principe-y-las-burbujas-de-jabon-the-prince-and-the-soap-bubbles\\\/#breadcrumb\",\"itemListElement\":[{\"@type\":\"ListItem\",\"position\":1,\"name\":\"Home\",\"item\":\"https:\\\/\\\/bibliotecalatinx.com\\\/\"},{\"@type\":\"ListItem\",\"position\":2,\"name\":\"Shop\",\"item\":\"https:\\\/\\\/bibliotecalatinx.com\\\/shop\\\/\"},{\"@type\":\"ListItem\",\"position\":3,\"name\":\"EL PR\u00cdNCIPE Y LAS BURBUJAS DE JAB\u00d3N\\\/THE PRINCE AND THE SOAP BUBBLES\"}]},{\"@type\":\"WebSite\",\"@id\":\"https:\\\/\\\/bibliotecalatinx.com\\\/#website\",\"url\":\"https:\\\/\\\/bibliotecalatinx.com\\\/\",\"name\":\"Biblioteca Latinx\",\"description\":\"\",\"publisher\":{\"@id\":\"https:\\\/\\\/bibliotecalatinx.com\\\/#organization\"},\"potentialAction\":[{\"@type\":\"SearchAction\",\"target\":{\"@type\":\"EntryPoint\",\"urlTemplate\":\"https:\\\/\\\/bibliotecalatinx.com\\\/?s={search_term_string}\"},\"query-input\":{\"@type\":\"PropertyValueSpecification\",\"valueRequired\":true,\"valueName\":\"search_term_string\"}}],\"inLanguage\":\"es\"},{\"@type\":\"Organization\",\"@id\":\"https:\\\/\\\/bibliotecalatinx.com\\\/#organization\",\"name\":\"Biblioteca Latinx\",\"url\":\"https:\\\/\\\/bibliotecalatinx.com\\\/\",\"logo\":{\"@type\":\"ImageObject\",\"inLanguage\":\"es\",\"@id\":\"https:\\\/\\\/bibliotecalatinx.com\\\/#\\\/schema\\\/logo\\\/image\\\/\",\"url\":\"https:\\\/\\\/bibliotecalatinx.com\\\/wp-content\\\/uploads\\\/2025\\\/07\\\/attachment-1.png\",\"contentUrl\":\"https:\\\/\\\/bibliotecalatinx.com\\\/wp-content\\\/uploads\\\/2025\\\/07\\\/attachment-1.png\",\"width\":234,\"height\":234,\"caption\":\"Biblioteca Latinx\"},\"image\":{\"@id\":\"https:\\\/\\\/bibliotecalatinx.com\\\/#\\\/schema\\\/logo\\\/image\\\/\"}}]}<\/script>\n<!-- \/ Yoast SEO plugin. -->","yoast_head_json":{"title":"EL PR\u00cdNCIPE Y LAS BURBUJAS DE JAB\u00d3N\/THE PRINCE AND THE SOAP BUBBLES - Biblioteca Latinx","robots":{"index":"noindex","follow":"follow","max-snippet":"max-snippet:-1","max-image-preview":"max-image-preview:large","max-video-preview":"max-video-preview:-1"},"og_locale":"es_MX","og_type":"article","og_title":"EL PR\u00cdNCIPE Y LAS BURBUJAS DE JAB\u00d3N\/THE PRINCE AND THE SOAP BUBBLES - Biblioteca Latinx","og_description":"He was a young prince, handsome, elegant, and the king and queen\u2019s only child in a big and wealthy nation. He didn\u2019t approve of common everyday activities","og_url":"https:\/\/bibliotecalatinx.com\/es\/producto\/el-principe-y-las-burbujas-de-jabon-the-prince-and-the-soap-bubbles\/","og_site_name":"Biblioteca Latinx","article_modified_time":"2025-08-04T18:09:11+00:00","og_image":[{"url":"https:\/\/bibliotecalatinx.com\/wp-content\/uploads\/2025\/08\/7-Pi\u2560uncipe-Burbujas-Cover-v2-pdf.jpg","type":"","width":"","height":""}],"twitter_card":"summary_large_image","twitter_title":"EL PR\u00cdNCIPE Y LAS BURBUJAS DE JAB\u00d3N\/THE PRINCE AND THE SOAP BUBBLES - Biblioteca Latinx","twitter_description":"He was a young prince, handsome, elegant, and the king and queen\u2019s only child in a big and wealthy nation. He didn\u2019t approve of common everyday activities","twitter_image":"https:\/\/bibliotecalatinx.com\/wp-content\/uploads\/2025\/08\/7-Pi\u2560uncipe-Burbujas-Cover-v2-pdf.jpg","twitter_misc":{"Tiempo de lectura":"3 minutos"},"schema":{"@context":"https:\/\/schema.org","@graph":[{"@type":"WebPage","@id":"https:\/\/bibliotecalatinx.com\/product\/el-principe-y-las-burbujas-de-jabon-the-prince-and-the-soap-bubbles\/","url":"https:\/\/bibliotecalatinx.com\/product\/el-principe-y-las-burbujas-de-jabon-the-prince-and-the-soap-bubbles\/","name":"EL PR\u00cdNCIPE Y LAS BURBUJAS DE JAB\u00d3N\/THE PRINCE AND THE SOAP BUBBLES - Biblioteca Latinx","isPartOf":{"@id":"https:\/\/bibliotecalatinx.com\/#website"},"primaryImageOfPage":{"@id":"https:\/\/bibliotecalatinx.com\/product\/el-principe-y-las-burbujas-de-jabon-the-prince-and-the-soap-bubbles\/#primaryimage"},"image":{"@id":"https:\/\/bibliotecalatinx.com\/product\/el-principe-y-las-burbujas-de-jabon-the-prince-and-the-soap-bubbles\/#primaryimage"},"thumbnailUrl":"https:\/\/bibliotecalatinx.com\/wp-content\/uploads\/2025\/08\/7-Pi\u2560uncipe-Burbujas-Cover-v2-pdf.jpg","datePublished":"2025-08-04T18:08:40+00:00","dateModified":"2025-08-04T18:09:11+00:00","breadcrumb":{"@id":"https:\/\/bibliotecalatinx.com\/product\/el-principe-y-las-burbujas-de-jabon-the-prince-and-the-soap-bubbles\/#breadcrumb"},"inLanguage":"es","potentialAction":[{"@type":"ReadAction","target":["https:\/\/bibliotecalatinx.com\/product\/el-principe-y-las-burbujas-de-jabon-the-prince-and-the-soap-bubbles\/"]}]},{"@type":"ImageObject","inLanguage":"es","@id":"https:\/\/bibliotecalatinx.com\/product\/el-principe-y-las-burbujas-de-jabon-the-prince-and-the-soap-bubbles\/#primaryimage","url":"https:\/\/bibliotecalatinx.com\/wp-content\/uploads\/2025\/08\/7-Pi\u2560uncipe-Burbujas-Cover-v2-pdf.jpg","contentUrl":"https:\/\/bibliotecalatinx.com\/wp-content\/uploads\/2025\/08\/7-Pi\u2560uncipe-Burbujas-Cover-v2-pdf.jpg"},{"@type":"BreadcrumbList","@id":"https:\/\/bibliotecalatinx.com\/product\/el-principe-y-las-burbujas-de-jabon-the-prince-and-the-soap-bubbles\/#breadcrumb","itemListElement":[{"@type":"ListItem","position":1,"name":"Home","item":"https:\/\/bibliotecalatinx.com\/"},{"@type":"ListItem","position":2,"name":"Shop","item":"https:\/\/bibliotecalatinx.com\/shop\/"},{"@type":"ListItem","position":3,"name":"EL PR\u00cdNCIPE Y LAS BURBUJAS DE JAB\u00d3N\/THE PRINCE AND THE SOAP BUBBLES"}]},{"@type":"WebSite","@id":"https:\/\/bibliotecalatinx.com\/#website","url":"https:\/\/bibliotecalatinx.com\/","name":"Biblioteca Latinx","description":"","publisher":{"@id":"https:\/\/bibliotecalatinx.com\/#organization"},"potentialAction":[{"@type":"SearchAction","target":{"@type":"EntryPoint","urlTemplate":"https:\/\/bibliotecalatinx.com\/?s={search_term_string}"},"query-input":{"@type":"PropertyValueSpecification","valueRequired":true,"valueName":"search_term_string"}}],"inLanguage":"es"},{"@type":"Organization","@id":"https:\/\/bibliotecalatinx.com\/#organization","name":"Biblioteca Latinx","url":"https:\/\/bibliotecalatinx.com\/","logo":{"@type":"ImageObject","inLanguage":"es","@id":"https:\/\/bibliotecalatinx.com\/#\/schema\/logo\/image\/","url":"https:\/\/bibliotecalatinx.com\/wp-content\/uploads\/2025\/07\/attachment-1.png","contentUrl":"https:\/\/bibliotecalatinx.com\/wp-content\/uploads\/2025\/07\/attachment-1.png","width":234,"height":234,"caption":"Biblioteca Latinx"},"image":{"@id":"https:\/\/bibliotecalatinx.com\/#\/schema\/logo\/image\/"}}]}},"_links":{"self":[{"href":"https:\/\/bibliotecalatinx.com\/es\/wp-json\/wp\/v2\/product\/51433","targetHints":{"allow":["GET"]}}],"collection":[{"href":"https:\/\/bibliotecalatinx.com\/es\/wp-json\/wp\/v2\/product"}],"about":[{"href":"https:\/\/bibliotecalatinx.com\/es\/wp-json\/wp\/v2\/types\/product"}],"replies":[{"embeddable":true,"href":"https:\/\/bibliotecalatinx.com\/es\/wp-json\/wp\/v2\/comments?post=51433"}],"wp:featuredmedia":[{"embeddable":true,"href":"https:\/\/bibliotecalatinx.com\/es\/wp-json\/wp\/v2\/media\/51434"}],"wp:attachment":[{"href":"https:\/\/bibliotecalatinx.com\/es\/wp-json\/wp\/v2\/media?parent=51433"}],"wp:term":[{"taxonomy":"product_brand","embeddable":true,"href":"https:\/\/bibliotecalatinx.com\/es\/wp-json\/wp\/v2\/product_brand?post=51433"},{"taxonomy":"product_cat","embeddable":true,"href":"https:\/\/bibliotecalatinx.com\/es\/wp-json\/wp\/v2\/product_cat?post=51433"},{"taxonomy":"product_tag","embeddable":true,"href":"https:\/\/bibliotecalatinx.com\/es\/wp-json\/wp\/v2\/product_tag?post=51433"}],"curies":[{"name":"wp","href":"https:\/\/api.w.org\/{rel}","templated":true}]}}