{"id":51429,"date":"2025-08-04T10:59:13","date_gmt":"2025-08-04T17:59:13","guid":{"rendered":"https:\/\/bibliotecalatinx.com\/?post_type=product&#038;p=51429"},"modified":"2025-08-04T10:59:13","modified_gmt":"2025-08-04T17:59:13","slug":"el-rey-y-la-mariposa-the-king-and-the-butterfly","status":"publish","type":"product","link":"https:\/\/bibliotecalatinx.com\/es\/producto\/el-rey-y-la-mariposa-the-king-and-the-butterfly\/","title":{"rendered":"EL REY Y LA MARIPOSA \/ THE KING AND THE BUTTERFLY"},"content":{"rendered":"<p>The queen is missing, and the king is heartbroken. When the queen was in the palace, he would not pay attention to her. Now that she\u2019s not with him, he realizes how important she has been in his life. When this story begins, he\u2019s looking out into the horizon through one of the castle\u2019s windows. Suddenly a beautiful and colorful butterfly appears close to his face, and it seems that she is trying to give him a message. But at first, the king doesn\u2019t pay any attention, and makes a hand gesture to send the butterfly away, but she keeps coming back. Concerned for his missing wife, the king sends out an army to look for her, but they fail. When they return, one of the soldiers tells him that in their search for the queen they met a tiny elf who told them that if the king wanted the queen back, he would have to personally find and rescue her. The king then decides to follow the butterfly and, in his journey, encounters many natural obstacles. Finally, they enter a huge and dark cave where the queen is being held captive by a giant and ugly dragon.<br \/>\nWill the king save the queen and take her back home to the palace?<\/p>\n<p>La reina ha desaparecido, y el rey est\u00e1 desconsolado. Cuando estaba en el palacio, el rey no le prestaba atenci\u00f3n, y ahora que no est\u00e1 con \u00e9l, se da cuenta de lo importante que ella ha sido en su vida. Cuando esta historia comienza, el rey est\u00e1 viendo hacia el horizonte por una ventana del palacio sin saber qu\u00e9 hacer. De repente se le aparece una bella y colorida mariposa cerca de la cara, y parece que quiere darle un mensaje. Pero, al principio el rey no le presta atenci\u00f3n y hace un movimiento con las manos para alejarla, pero la mariposa sigue insistiendo. Preocupado por el bienestar de su esposa, el rey manda un gran ej\u00e9rcito en busca de la reina, pero fracasan. Cuando regresan, uno de los soldados le informa que se encontraron con un diminuto duende que les dice que, si quiere encontrar a la reina, el rey mismo debe ir y rescatarla. En este momento el rey decide seguir a la mariposa y se encuentra con muchos obst\u00e1culos naturales hasta que llega a una enorme y oscura cueva vigilada por un gigante y horrible drag\u00f3n que ten\u00eda secuestrada a la reina.<br \/>\n\u00bfPodr\u00e1 el rey rescatar a la reina y volver con ella al palacio? <\/p>","protected":false},"excerpt":{"rendered":"<p>The queen is missing, and the king is heartbroken. When the queen was in the palace, he would not pay attention to her. Now that she\u2019s not with him, he realizes how important she has been in his life. When this story begins, he\u2019s looking out into the horizon through one of the castle\u2019s windows.&hellip;<\/p>","protected":false},"featured_media":51430,"comment_status":"closed","ping_status":"closed","template":"","meta":[],"product_brand":[],"product_cat":[22],"product_tag":[],"class_list":{"0":"post-51429","1":"product","2":"type-product","3":"status-publish","4":"has-post-thumbnail","6":"product_cat-childrens-books","8":"first","9":"instock","10":"sale","11":"taxable","12":"shipping-taxable","13":"purchasable","14":"product-type-simple"},"yoast_head":"<!-- This site is optimized with the Yoast SEO plugin v27.4 - https:\/\/yoast.com\/product\/yoast-seo-wordpress\/ -->\n<title>EL REY Y LA MARIPOSA \/ THE KING AND THE BUTTERFLY - Biblioteca Latinx<\/title>\n<meta name=\"robots\" content=\"noindex, follow, max-snippet:-1, max-image-preview:large, max-video-preview:-1\" \/>\n<meta property=\"og:locale\" content=\"es_MX\" \/>\n<meta property=\"og:type\" content=\"article\" \/>\n<meta property=\"og:title\" content=\"EL REY Y LA MARIPOSA \/ THE KING AND THE BUTTERFLY - Biblioteca Latinx\" \/>\n<meta property=\"og:description\" content=\"The queen is missing, and the king is heartbroken. When the queen was in the palace, he would not pay attention to her. Now that she\u2019s not with him, he\" \/>\n<meta property=\"og:url\" content=\"https:\/\/bibliotecalatinx.com\/es\/producto\/el-rey-y-la-mariposa-the-king-and-the-butterfly\/\" \/>\n<meta property=\"og:site_name\" content=\"Biblioteca Latinx\" \/>\n<meta property=\"og:image\" content=\"https:\/\/bibliotecalatinx.com\/wp-content\/uploads\/2025\/08\/5-The-King-Front-Cover.jpg\" \/>\n<meta name=\"twitter:card\" content=\"summary_large_image\" \/>\n<meta name=\"twitter:title\" content=\"EL REY Y LA MARIPOSA \/ THE KING AND THE BUTTERFLY - Biblioteca Latinx\" \/>\n<meta name=\"twitter:description\" content=\"The queen is missing, and the king is heartbroken. When the queen was in the palace, he would not pay attention to her. Now that she\u2019s not with him, he\" \/>\n<meta name=\"twitter:image\" content=\"https:\/\/bibliotecalatinx.com\/wp-content\/uploads\/2025\/08\/5-The-King-Front-Cover.jpg\" \/>\n<meta name=\"twitter:label1\" content=\"Tiempo de lectura\" \/>\n\t<meta name=\"twitter:data1\" content=\"1 minuto\" \/>\n<script type=\"application\/ld+json\" class=\"yoast-schema-graph\">{\"@context\":\"https:\\\/\\\/schema.org\",\"@graph\":[{\"@type\":\"WebPage\",\"@id\":\"https:\\\/\\\/bibliotecalatinx.com\\\/product\\\/el-rey-y-la-mariposa-the-king-and-the-butterfly\\\/\",\"url\":\"https:\\\/\\\/bibliotecalatinx.com\\\/product\\\/el-rey-y-la-mariposa-the-king-and-the-butterfly\\\/\",\"name\":\"EL REY Y LA MARIPOSA \\\/ THE KING AND THE BUTTERFLY - Biblioteca Latinx\",\"isPartOf\":{\"@id\":\"https:\\\/\\\/bibliotecalatinx.com\\\/#website\"},\"primaryImageOfPage\":{\"@id\":\"https:\\\/\\\/bibliotecalatinx.com\\\/product\\\/el-rey-y-la-mariposa-the-king-and-the-butterfly\\\/#primaryimage\"},\"image\":{\"@id\":\"https:\\\/\\\/bibliotecalatinx.com\\\/product\\\/el-rey-y-la-mariposa-the-king-and-the-butterfly\\\/#primaryimage\"},\"thumbnailUrl\":\"https:\\\/\\\/bibliotecalatinx.com\\\/wp-content\\\/uploads\\\/2025\\\/08\\\/5-The-King-Front-Cover.jpg\",\"datePublished\":\"2025-08-04T17:59:13+00:00\",\"breadcrumb\":{\"@id\":\"https:\\\/\\\/bibliotecalatinx.com\\\/product\\\/el-rey-y-la-mariposa-the-king-and-the-butterfly\\\/#breadcrumb\"},\"inLanguage\":\"es\",\"potentialAction\":[{\"@type\":\"ReadAction\",\"target\":[\"https:\\\/\\\/bibliotecalatinx.com\\\/product\\\/el-rey-y-la-mariposa-the-king-and-the-butterfly\\\/\"]}]},{\"@type\":\"ImageObject\",\"inLanguage\":\"es\",\"@id\":\"https:\\\/\\\/bibliotecalatinx.com\\\/product\\\/el-rey-y-la-mariposa-the-king-and-the-butterfly\\\/#primaryimage\",\"url\":\"https:\\\/\\\/bibliotecalatinx.com\\\/wp-content\\\/uploads\\\/2025\\\/08\\\/5-The-King-Front-Cover.jpg\",\"contentUrl\":\"https:\\\/\\\/bibliotecalatinx.com\\\/wp-content\\\/uploads\\\/2025\\\/08\\\/5-The-King-Front-Cover.jpg\",\"width\":522,\"height\":522,\"caption\":\"An illustrated king with a crown watches a blue butterfly.\"},{\"@type\":\"BreadcrumbList\",\"@id\":\"https:\\\/\\\/bibliotecalatinx.com\\\/product\\\/el-rey-y-la-mariposa-the-king-and-the-butterfly\\\/#breadcrumb\",\"itemListElement\":[{\"@type\":\"ListItem\",\"position\":1,\"name\":\"Home\",\"item\":\"https:\\\/\\\/bibliotecalatinx.com\\\/\"},{\"@type\":\"ListItem\",\"position\":2,\"name\":\"Shop\",\"item\":\"https:\\\/\\\/bibliotecalatinx.com\\\/shop\\\/\"},{\"@type\":\"ListItem\",\"position\":3,\"name\":\"EL REY Y LA MARIPOSA \\\/ THE KING AND THE BUTTERFLY\"}]},{\"@type\":\"WebSite\",\"@id\":\"https:\\\/\\\/bibliotecalatinx.com\\\/#website\",\"url\":\"https:\\\/\\\/bibliotecalatinx.com\\\/\",\"name\":\"Biblioteca Latinx\",\"description\":\"\",\"publisher\":{\"@id\":\"https:\\\/\\\/bibliotecalatinx.com\\\/#organization\"},\"potentialAction\":[{\"@type\":\"SearchAction\",\"target\":{\"@type\":\"EntryPoint\",\"urlTemplate\":\"https:\\\/\\\/bibliotecalatinx.com\\\/?s={search_term_string}\"},\"query-input\":{\"@type\":\"PropertyValueSpecification\",\"valueRequired\":true,\"valueName\":\"search_term_string\"}}],\"inLanguage\":\"es\"},{\"@type\":\"Organization\",\"@id\":\"https:\\\/\\\/bibliotecalatinx.com\\\/#organization\",\"name\":\"Biblioteca Latinx\",\"url\":\"https:\\\/\\\/bibliotecalatinx.com\\\/\",\"logo\":{\"@type\":\"ImageObject\",\"inLanguage\":\"es\",\"@id\":\"https:\\\/\\\/bibliotecalatinx.com\\\/#\\\/schema\\\/logo\\\/image\\\/\",\"url\":\"https:\\\/\\\/bibliotecalatinx.com\\\/wp-content\\\/uploads\\\/2025\\\/07\\\/attachment-1.png\",\"contentUrl\":\"https:\\\/\\\/bibliotecalatinx.com\\\/wp-content\\\/uploads\\\/2025\\\/07\\\/attachment-1.png\",\"width\":234,\"height\":234,\"caption\":\"Biblioteca Latinx\"},\"image\":{\"@id\":\"https:\\\/\\\/bibliotecalatinx.com\\\/#\\\/schema\\\/logo\\\/image\\\/\"}}]}<\/script>\n<!-- \/ Yoast SEO plugin. -->","yoast_head_json":{"title":"EL REY Y LA MARIPOSA \/ THE KING AND THE BUTTERFLY - Biblioteca Latinx","robots":{"index":"noindex","follow":"follow","max-snippet":"max-snippet:-1","max-image-preview":"max-image-preview:large","max-video-preview":"max-video-preview:-1"},"og_locale":"es_MX","og_type":"article","og_title":"EL REY Y LA MARIPOSA \/ THE KING AND THE BUTTERFLY - Biblioteca Latinx","og_description":"The queen is missing, and the king is heartbroken. When the queen was in the palace, he would not pay attention to her. Now that she\u2019s not with him, he","og_url":"https:\/\/bibliotecalatinx.com\/es\/producto\/el-rey-y-la-mariposa-the-king-and-the-butterfly\/","og_site_name":"Biblioteca Latinx","og_image":[{"url":"https:\/\/bibliotecalatinx.com\/wp-content\/uploads\/2025\/08\/5-The-King-Front-Cover.jpg","type":"","width":"","height":""}],"twitter_card":"summary_large_image","twitter_title":"EL REY Y LA MARIPOSA \/ THE KING AND THE BUTTERFLY - Biblioteca Latinx","twitter_description":"The queen is missing, and the king is heartbroken. When the queen was in the palace, he would not pay attention to her. Now that she\u2019s not with him, he","twitter_image":"https:\/\/bibliotecalatinx.com\/wp-content\/uploads\/2025\/08\/5-The-King-Front-Cover.jpg","twitter_misc":{"Tiempo de lectura":"1 minuto"},"schema":{"@context":"https:\/\/schema.org","@graph":[{"@type":"WebPage","@id":"https:\/\/bibliotecalatinx.com\/product\/el-rey-y-la-mariposa-the-king-and-the-butterfly\/","url":"https:\/\/bibliotecalatinx.com\/product\/el-rey-y-la-mariposa-the-king-and-the-butterfly\/","name":"EL REY Y LA MARIPOSA \/ THE KING AND THE BUTTERFLY - Biblioteca Latinx","isPartOf":{"@id":"https:\/\/bibliotecalatinx.com\/#website"},"primaryImageOfPage":{"@id":"https:\/\/bibliotecalatinx.com\/product\/el-rey-y-la-mariposa-the-king-and-the-butterfly\/#primaryimage"},"image":{"@id":"https:\/\/bibliotecalatinx.com\/product\/el-rey-y-la-mariposa-the-king-and-the-butterfly\/#primaryimage"},"thumbnailUrl":"https:\/\/bibliotecalatinx.com\/wp-content\/uploads\/2025\/08\/5-The-King-Front-Cover.jpg","datePublished":"2025-08-04T17:59:13+00:00","breadcrumb":{"@id":"https:\/\/bibliotecalatinx.com\/product\/el-rey-y-la-mariposa-the-king-and-the-butterfly\/#breadcrumb"},"inLanguage":"es","potentialAction":[{"@type":"ReadAction","target":["https:\/\/bibliotecalatinx.com\/product\/el-rey-y-la-mariposa-the-king-and-the-butterfly\/"]}]},{"@type":"ImageObject","inLanguage":"es","@id":"https:\/\/bibliotecalatinx.com\/product\/el-rey-y-la-mariposa-the-king-and-the-butterfly\/#primaryimage","url":"https:\/\/bibliotecalatinx.com\/wp-content\/uploads\/2025\/08\/5-The-King-Front-Cover.jpg","contentUrl":"https:\/\/bibliotecalatinx.com\/wp-content\/uploads\/2025\/08\/5-The-King-Front-Cover.jpg","width":522,"height":522,"caption":"An illustrated king with a crown watches a blue butterfly."},{"@type":"BreadcrumbList","@id":"https:\/\/bibliotecalatinx.com\/product\/el-rey-y-la-mariposa-the-king-and-the-butterfly\/#breadcrumb","itemListElement":[{"@type":"ListItem","position":1,"name":"Home","item":"https:\/\/bibliotecalatinx.com\/"},{"@type":"ListItem","position":2,"name":"Shop","item":"https:\/\/bibliotecalatinx.com\/shop\/"},{"@type":"ListItem","position":3,"name":"EL REY Y LA MARIPOSA \/ THE KING AND THE BUTTERFLY"}]},{"@type":"WebSite","@id":"https:\/\/bibliotecalatinx.com\/#website","url":"https:\/\/bibliotecalatinx.com\/","name":"Biblioteca Latinx","description":"","publisher":{"@id":"https:\/\/bibliotecalatinx.com\/#organization"},"potentialAction":[{"@type":"SearchAction","target":{"@type":"EntryPoint","urlTemplate":"https:\/\/bibliotecalatinx.com\/?s={search_term_string}"},"query-input":{"@type":"PropertyValueSpecification","valueRequired":true,"valueName":"search_term_string"}}],"inLanguage":"es"},{"@type":"Organization","@id":"https:\/\/bibliotecalatinx.com\/#organization","name":"Biblioteca Latinx","url":"https:\/\/bibliotecalatinx.com\/","logo":{"@type":"ImageObject","inLanguage":"es","@id":"https:\/\/bibliotecalatinx.com\/#\/schema\/logo\/image\/","url":"https:\/\/bibliotecalatinx.com\/wp-content\/uploads\/2025\/07\/attachment-1.png","contentUrl":"https:\/\/bibliotecalatinx.com\/wp-content\/uploads\/2025\/07\/attachment-1.png","width":234,"height":234,"caption":"Biblioteca Latinx"},"image":{"@id":"https:\/\/bibliotecalatinx.com\/#\/schema\/logo\/image\/"}}]}},"_links":{"self":[{"href":"https:\/\/bibliotecalatinx.com\/es\/wp-json\/wp\/v2\/product\/51429","targetHints":{"allow":["GET"]}}],"collection":[{"href":"https:\/\/bibliotecalatinx.com\/es\/wp-json\/wp\/v2\/product"}],"about":[{"href":"https:\/\/bibliotecalatinx.com\/es\/wp-json\/wp\/v2\/types\/product"}],"replies":[{"embeddable":true,"href":"https:\/\/bibliotecalatinx.com\/es\/wp-json\/wp\/v2\/comments?post=51429"}],"wp:featuredmedia":[{"embeddable":true,"href":"https:\/\/bibliotecalatinx.com\/es\/wp-json\/wp\/v2\/media\/51430"}],"wp:attachment":[{"href":"https:\/\/bibliotecalatinx.com\/es\/wp-json\/wp\/v2\/media?parent=51429"}],"wp:term":[{"taxonomy":"product_brand","embeddable":true,"href":"https:\/\/bibliotecalatinx.com\/es\/wp-json\/wp\/v2\/product_brand?post=51429"},{"taxonomy":"product_cat","embeddable":true,"href":"https:\/\/bibliotecalatinx.com\/es\/wp-json\/wp\/v2\/product_cat?post=51429"},{"taxonomy":"product_tag","embeddable":true,"href":"https:\/\/bibliotecalatinx.com\/es\/wp-json\/wp\/v2\/product_tag?post=51429"}],"curies":[{"name":"wp","href":"https:\/\/api.w.org\/{rel}","templated":true}]}}