{"id":51425,"date":"2025-08-04T10:53:05","date_gmt":"2025-08-04T17:53:05","guid":{"rendered":"https:\/\/bibliotecalatinx.com\/?post_type=product&#038;p=51425"},"modified":"2025-08-28T08:14:19","modified_gmt":"2025-08-28T15:14:19","slug":"la-aventura-de-la-casa-vacia-the-adventure-in-the-abandoned-house","status":"publish","type":"product","link":"https:\/\/bibliotecalatinx.com\/es\/producto\/la-aventura-de-la-casa-vacia-the-adventure-in-the-abandoned-house\/","title":{"rendered":"LA AVENTURA DE LA CASA VAC\u00cdA \/ THE ADVENTURE IN THE ABANDONED HOUSE"},"content":{"rendered":"<p>Fernando and Rafael are young students at a boarding school close to a lake. Fernando is the most daring of the two and has heard of an abandoned house with a hidden treasure. His friend Rafael is a little shy, and he looks surprised and nervous when Fernando asks him to go with him to look for the mysterious treasure, with the promise of one half of the wealth that they find. On the day of the adventure, they tell everyone at school that in the afternoon they are going for a walk. This announcement surprises everyone because the two boys don\u2019t like to leave school nor take long walks. Two of the teachers, Antonio, and Santiago, look surprised and suspect that the young students are hiding something. It can also be dangerous because it\u2019s getting windy, and a storm seems to be coming because the sky is full of dark clouds, and they are quickly approaching. When they arrive at the abandoned house, they sneak in through a window, and are welcomed by strange sounds and dark shadows that move mysteriously and rapidly from one room to another. This frightens the boys, but they insist and continue looking for the hidden treasure. <\/p>\n<p>Fernando y Rafael son j\u00f3venes estudiantes internados en un colegio cerca de un lago. Fernando es el m\u00e1s atrevido de los dos, y ha o\u00eddo de una casa abandonada donde est\u00e1 escondido un tesoro. Su amigo Rafael es un poco t\u00edmido, y se ve sorprendido y se pone nervioso cuando Fernando le pide que lo acompa\u00f1e a buscar el misterioso tesoro, con la promesa de darle la mitad de la riqueza que encuentren. El d\u00eda de la aventura anuncian por toda la escuela que en la tarde van a dar un paseo. Este anuncio sorprende a todos pues a ninguno de los dos les gusta salir de la escuela ni tomar largas caminatas. Dos de los maestros, Antonio y Santiago, se miran sorprendidos, y sospechan que los j\u00f3venes estudiantes est\u00e1n ocultando algo. Tambi\u00e9n puede ser peligroso porque comienza a hacer viento y parece que se acerca una tormenta porque el cielo est\u00e1 lleno de nubes negras que se acercan r\u00e1pidamente. Cuando llegan a la casa abandonada entran por una ventana, y son recibidos por ruidos raros y extra\u00f1as sombras oscuras que se mueven misteriosa y r\u00e1pidamente de una habitaci\u00f3n a otra. Esto les causa mucho miedo a los j\u00f3venes, pero insisten en seguir buscando el tesoro escondido.<\/p>","protected":false},"excerpt":{"rendered":"<p>Fernando and Rafael are young students at a boarding school close to a lake. Fernando is the most daring of the two and has heard of an abandoned house with a hidden treasure. His friend Rafael is a little shy, and he looks surprised and nervous when Fernando asks him to go with him to&hellip;<\/p>","protected":false},"featured_media":51426,"comment_status":"closed","ping_status":"closed","template":"","meta":[],"product_brand":[],"product_cat":[22],"product_tag":[],"class_list":{"0":"post-51425","1":"product","2":"type-product","3":"status-publish","4":"has-post-thumbnail","6":"product_cat-childrens-books","8":"first","9":"instock","10":"sale","11":"taxable","12":"shipping-taxable","13":"purchasable","14":"product-type-simple"},"yoast_head":"<!-- This site is optimized with the Yoast SEO plugin v27.4 - https:\/\/yoast.com\/product\/yoast-seo-wordpress\/ -->\n<title>LA AVENTURA DE LA CASA VAC\u00cdA \/ THE ADVENTURE IN THE ABANDONED HOUSE - Biblioteca Latinx<\/title>\n<meta name=\"robots\" content=\"noindex, follow, max-snippet:-1, max-image-preview:large, max-video-preview:-1\" \/>\n<meta property=\"og:locale\" content=\"es_MX\" \/>\n<meta property=\"og:type\" content=\"article\" \/>\n<meta property=\"og:title\" content=\"LA AVENTURA DE LA CASA VAC\u00cdA \/ THE ADVENTURE IN THE ABANDONED HOUSE - Biblioteca Latinx\" \/>\n<meta property=\"og:description\" content=\"Fernando and Rafael are young students at a boarding school close to a lake. Fernando is the most daring of the two and has heard of an abandoned house\" \/>\n<meta property=\"og:url\" content=\"https:\/\/bibliotecalatinx.com\/es\/producto\/la-aventura-de-la-casa-vacia-the-adventure-in-the-abandoned-house\/\" \/>\n<meta property=\"og:site_name\" content=\"Biblioteca Latinx\" \/>\n<meta property=\"article:modified_time\" content=\"2025-08-28T15:14:19+00:00\" \/>\n<meta property=\"og:image\" content=\"https:\/\/bibliotecalatinx.com\/wp-content\/uploads\/2025\/08\/4-Aventura-Paperback-Cover-pdf.jpg\" \/>\n<meta name=\"twitter:card\" content=\"summary_large_image\" \/>\n<meta name=\"twitter:title\" content=\"LA AVENTURA DE LA CASA VAC\u00cdA \/ THE ADVENTURE IN THE ABANDONED HOUSE - Biblioteca Latinx\" \/>\n<meta name=\"twitter:description\" content=\"Fernando and Rafael are young students at a boarding school close to a lake. Fernando is the most daring of the two and has heard of an abandoned house\" \/>\n<meta name=\"twitter:image\" content=\"https:\/\/bibliotecalatinx.com\/wp-content\/uploads\/2025\/08\/4-Aventura-Paperback-Cover-pdf.jpg\" \/>\n<meta name=\"twitter:label1\" content=\"Tiempo de lectura\" \/>\n\t<meta name=\"twitter:data1\" content=\"2 minutos\" \/>\n<script type=\"application\/ld+json\" class=\"yoast-schema-graph\">{\"@context\":\"https:\\\/\\\/schema.org\",\"@graph\":[{\"@type\":\"WebPage\",\"@id\":\"https:\\\/\\\/bibliotecalatinx.com\\\/product\\\/la-aventura-de-la-casa-vacia-the-adventure-in-the-abandoned-house\\\/\",\"url\":\"https:\\\/\\\/bibliotecalatinx.com\\\/product\\\/la-aventura-de-la-casa-vacia-the-adventure-in-the-abandoned-house\\\/\",\"name\":\"LA AVENTURA DE LA CASA VAC\u00cdA \\\/ THE ADVENTURE IN THE ABANDONED HOUSE - Biblioteca Latinx\",\"isPartOf\":{\"@id\":\"https:\\\/\\\/bibliotecalatinx.com\\\/#website\"},\"primaryImageOfPage\":{\"@id\":\"https:\\\/\\\/bibliotecalatinx.com\\\/product\\\/la-aventura-de-la-casa-vacia-the-adventure-in-the-abandoned-house\\\/#primaryimage\"},\"image\":{\"@id\":\"https:\\\/\\\/bibliotecalatinx.com\\\/product\\\/la-aventura-de-la-casa-vacia-the-adventure-in-the-abandoned-house\\\/#primaryimage\"},\"thumbnailUrl\":\"https:\\\/\\\/bibliotecalatinx.com\\\/wp-content\\\/uploads\\\/2025\\\/08\\\/4-Aventura-Paperback-Cover-pdf.jpg\",\"datePublished\":\"2025-08-04T17:53:05+00:00\",\"dateModified\":\"2025-08-28T15:14:19+00:00\",\"breadcrumb\":{\"@id\":\"https:\\\/\\\/bibliotecalatinx.com\\\/product\\\/la-aventura-de-la-casa-vacia-the-adventure-in-the-abandoned-house\\\/#breadcrumb\"},\"inLanguage\":\"es\",\"potentialAction\":[{\"@type\":\"ReadAction\",\"target\":[\"https:\\\/\\\/bibliotecalatinx.com\\\/product\\\/la-aventura-de-la-casa-vacia-the-adventure-in-the-abandoned-house\\\/\"]}]},{\"@type\":\"ImageObject\",\"inLanguage\":\"es\",\"@id\":\"https:\\\/\\\/bibliotecalatinx.com\\\/product\\\/la-aventura-de-la-casa-vacia-the-adventure-in-the-abandoned-house\\\/#primaryimage\",\"url\":\"https:\\\/\\\/bibliotecalatinx.com\\\/wp-content\\\/uploads\\\/2025\\\/08\\\/4-Aventura-Paperback-Cover-pdf.jpg\",\"contentUrl\":\"https:\\\/\\\/bibliotecalatinx.com\\\/wp-content\\\/uploads\\\/2025\\\/08\\\/4-Aventura-Paperback-Cover-pdf.jpg\"},{\"@type\":\"BreadcrumbList\",\"@id\":\"https:\\\/\\\/bibliotecalatinx.com\\\/product\\\/la-aventura-de-la-casa-vacia-the-adventure-in-the-abandoned-house\\\/#breadcrumb\",\"itemListElement\":[{\"@type\":\"ListItem\",\"position\":1,\"name\":\"Home\",\"item\":\"https:\\\/\\\/bibliotecalatinx.com\\\/\"},{\"@type\":\"ListItem\",\"position\":2,\"name\":\"Shop\",\"item\":\"https:\\\/\\\/bibliotecalatinx.com\\\/shop\\\/\"},{\"@type\":\"ListItem\",\"position\":3,\"name\":\"LA AVENTURA DE LA CASA VAC\u00cdA \\\/ THE ADVENTURE IN THE ABANDONED HOUSE\"}]},{\"@type\":\"WebSite\",\"@id\":\"https:\\\/\\\/bibliotecalatinx.com\\\/#website\",\"url\":\"https:\\\/\\\/bibliotecalatinx.com\\\/\",\"name\":\"Biblioteca Latinx\",\"description\":\"\",\"publisher\":{\"@id\":\"https:\\\/\\\/bibliotecalatinx.com\\\/#organization\"},\"potentialAction\":[{\"@type\":\"SearchAction\",\"target\":{\"@type\":\"EntryPoint\",\"urlTemplate\":\"https:\\\/\\\/bibliotecalatinx.com\\\/?s={search_term_string}\"},\"query-input\":{\"@type\":\"PropertyValueSpecification\",\"valueRequired\":true,\"valueName\":\"search_term_string\"}}],\"inLanguage\":\"es\"},{\"@type\":\"Organization\",\"@id\":\"https:\\\/\\\/bibliotecalatinx.com\\\/#organization\",\"name\":\"Biblioteca Latinx\",\"url\":\"https:\\\/\\\/bibliotecalatinx.com\\\/\",\"logo\":{\"@type\":\"ImageObject\",\"inLanguage\":\"es\",\"@id\":\"https:\\\/\\\/bibliotecalatinx.com\\\/#\\\/schema\\\/logo\\\/image\\\/\",\"url\":\"https:\\\/\\\/bibliotecalatinx.com\\\/wp-content\\\/uploads\\\/2025\\\/07\\\/attachment-1.png\",\"contentUrl\":\"https:\\\/\\\/bibliotecalatinx.com\\\/wp-content\\\/uploads\\\/2025\\\/07\\\/attachment-1.png\",\"width\":234,\"height\":234,\"caption\":\"Biblioteca Latinx\"},\"image\":{\"@id\":\"https:\\\/\\\/bibliotecalatinx.com\\\/#\\\/schema\\\/logo\\\/image\\\/\"}}]}<\/script>\n<!-- \/ Yoast SEO plugin. -->","yoast_head_json":{"title":"LA AVENTURA DE LA CASA VAC\u00cdA \/ THE ADVENTURE IN THE ABANDONED HOUSE - Biblioteca Latinx","robots":{"index":"noindex","follow":"follow","max-snippet":"max-snippet:-1","max-image-preview":"max-image-preview:large","max-video-preview":"max-video-preview:-1"},"og_locale":"es_MX","og_type":"article","og_title":"LA AVENTURA DE LA CASA VAC\u00cdA \/ THE ADVENTURE IN THE ABANDONED HOUSE - Biblioteca Latinx","og_description":"Fernando and Rafael are young students at a boarding school close to a lake. Fernando is the most daring of the two and has heard of an abandoned house","og_url":"https:\/\/bibliotecalatinx.com\/es\/producto\/la-aventura-de-la-casa-vacia-the-adventure-in-the-abandoned-house\/","og_site_name":"Biblioteca Latinx","article_modified_time":"2025-08-28T15:14:19+00:00","og_image":[{"url":"https:\/\/bibliotecalatinx.com\/wp-content\/uploads\/2025\/08\/4-Aventura-Paperback-Cover-pdf.jpg","type":"","width":"","height":""}],"twitter_card":"summary_large_image","twitter_title":"LA AVENTURA DE LA CASA VAC\u00cdA \/ THE ADVENTURE IN THE ABANDONED HOUSE - Biblioteca Latinx","twitter_description":"Fernando and Rafael are young students at a boarding school close to a lake. Fernando is the most daring of the two and has heard of an abandoned house","twitter_image":"https:\/\/bibliotecalatinx.com\/wp-content\/uploads\/2025\/08\/4-Aventura-Paperback-Cover-pdf.jpg","twitter_misc":{"Tiempo de lectura":"2 minutos"},"schema":{"@context":"https:\/\/schema.org","@graph":[{"@type":"WebPage","@id":"https:\/\/bibliotecalatinx.com\/product\/la-aventura-de-la-casa-vacia-the-adventure-in-the-abandoned-house\/","url":"https:\/\/bibliotecalatinx.com\/product\/la-aventura-de-la-casa-vacia-the-adventure-in-the-abandoned-house\/","name":"LA AVENTURA DE LA CASA VAC\u00cdA \/ THE ADVENTURE IN THE ABANDONED HOUSE - Biblioteca Latinx","isPartOf":{"@id":"https:\/\/bibliotecalatinx.com\/#website"},"primaryImageOfPage":{"@id":"https:\/\/bibliotecalatinx.com\/product\/la-aventura-de-la-casa-vacia-the-adventure-in-the-abandoned-house\/#primaryimage"},"image":{"@id":"https:\/\/bibliotecalatinx.com\/product\/la-aventura-de-la-casa-vacia-the-adventure-in-the-abandoned-house\/#primaryimage"},"thumbnailUrl":"https:\/\/bibliotecalatinx.com\/wp-content\/uploads\/2025\/08\/4-Aventura-Paperback-Cover-pdf.jpg","datePublished":"2025-08-04T17:53:05+00:00","dateModified":"2025-08-28T15:14:19+00:00","breadcrumb":{"@id":"https:\/\/bibliotecalatinx.com\/product\/la-aventura-de-la-casa-vacia-the-adventure-in-the-abandoned-house\/#breadcrumb"},"inLanguage":"es","potentialAction":[{"@type":"ReadAction","target":["https:\/\/bibliotecalatinx.com\/product\/la-aventura-de-la-casa-vacia-the-adventure-in-the-abandoned-house\/"]}]},{"@type":"ImageObject","inLanguage":"es","@id":"https:\/\/bibliotecalatinx.com\/product\/la-aventura-de-la-casa-vacia-the-adventure-in-the-abandoned-house\/#primaryimage","url":"https:\/\/bibliotecalatinx.com\/wp-content\/uploads\/2025\/08\/4-Aventura-Paperback-Cover-pdf.jpg","contentUrl":"https:\/\/bibliotecalatinx.com\/wp-content\/uploads\/2025\/08\/4-Aventura-Paperback-Cover-pdf.jpg"},{"@type":"BreadcrumbList","@id":"https:\/\/bibliotecalatinx.com\/product\/la-aventura-de-la-casa-vacia-the-adventure-in-the-abandoned-house\/#breadcrumb","itemListElement":[{"@type":"ListItem","position":1,"name":"Home","item":"https:\/\/bibliotecalatinx.com\/"},{"@type":"ListItem","position":2,"name":"Shop","item":"https:\/\/bibliotecalatinx.com\/shop\/"},{"@type":"ListItem","position":3,"name":"LA AVENTURA DE LA CASA VAC\u00cdA \/ THE ADVENTURE IN THE ABANDONED HOUSE"}]},{"@type":"WebSite","@id":"https:\/\/bibliotecalatinx.com\/#website","url":"https:\/\/bibliotecalatinx.com\/","name":"Biblioteca Latinx","description":"","publisher":{"@id":"https:\/\/bibliotecalatinx.com\/#organization"},"potentialAction":[{"@type":"SearchAction","target":{"@type":"EntryPoint","urlTemplate":"https:\/\/bibliotecalatinx.com\/?s={search_term_string}"},"query-input":{"@type":"PropertyValueSpecification","valueRequired":true,"valueName":"search_term_string"}}],"inLanguage":"es"},{"@type":"Organization","@id":"https:\/\/bibliotecalatinx.com\/#organization","name":"Biblioteca Latinx","url":"https:\/\/bibliotecalatinx.com\/","logo":{"@type":"ImageObject","inLanguage":"es","@id":"https:\/\/bibliotecalatinx.com\/#\/schema\/logo\/image\/","url":"https:\/\/bibliotecalatinx.com\/wp-content\/uploads\/2025\/07\/attachment-1.png","contentUrl":"https:\/\/bibliotecalatinx.com\/wp-content\/uploads\/2025\/07\/attachment-1.png","width":234,"height":234,"caption":"Biblioteca Latinx"},"image":{"@id":"https:\/\/bibliotecalatinx.com\/#\/schema\/logo\/image\/"}}]}},"_links":{"self":[{"href":"https:\/\/bibliotecalatinx.com\/es\/wp-json\/wp\/v2\/product\/51425","targetHints":{"allow":["GET"]}}],"collection":[{"href":"https:\/\/bibliotecalatinx.com\/es\/wp-json\/wp\/v2\/product"}],"about":[{"href":"https:\/\/bibliotecalatinx.com\/es\/wp-json\/wp\/v2\/types\/product"}],"replies":[{"embeddable":true,"href":"https:\/\/bibliotecalatinx.com\/es\/wp-json\/wp\/v2\/comments?post=51425"}],"wp:featuredmedia":[{"embeddable":true,"href":"https:\/\/bibliotecalatinx.com\/es\/wp-json\/wp\/v2\/media\/51426"}],"wp:attachment":[{"href":"https:\/\/bibliotecalatinx.com\/es\/wp-json\/wp\/v2\/media?parent=51425"}],"wp:term":[{"taxonomy":"product_brand","embeddable":true,"href":"https:\/\/bibliotecalatinx.com\/es\/wp-json\/wp\/v2\/product_brand?post=51425"},{"taxonomy":"product_cat","embeddable":true,"href":"https:\/\/bibliotecalatinx.com\/es\/wp-json\/wp\/v2\/product_cat?post=51425"},{"taxonomy":"product_tag","embeddable":true,"href":"https:\/\/bibliotecalatinx.com\/es\/wp-json\/wp\/v2\/product_tag?post=51425"}],"curies":[{"name":"wp","href":"https:\/\/api.w.org\/{rel}","templated":true}]}}