{"id":51418,"date":"2025-08-04T10:41:03","date_gmt":"2025-08-04T17:41:03","guid":{"rendered":"https:\/\/bibliotecalatinx.com\/?post_type=product&#038;p=51418"},"modified":"2025-08-28T08:14:28","modified_gmt":"2025-08-28T15:14:28","slug":"la-nueva-institutriz-the-new-governess","status":"publish","type":"product","link":"https:\/\/bibliotecalatinx.com\/es\/producto\/la-nueva-institutriz-the-new-governess\/","title":{"rendered":"LA NUEVA INSTITUTRIZ\/THE NEW GOVERNESS"},"content":{"rendered":"<p>Luisita and Alfredo are waiting in anticipation the arrival of Gumersinda, the new governess. Luisita is not happy because she thinks this person is not going to be as flexible as the previous governess who allowed her to make her own decisions like getting up late and studying only the subjects that she liked, and she could always go to the garden. Luisita thinks that someone named Gumersinda must be old and ugly and promises not to obey her orders on anything, and she will ask her mother to fire her right away. When Gumersinda arrives Luisita is surprised because she sees a young lady, pretty and kind. Alfredo and Gumersinda establish a nice relationship to the point ehere they play tennis and golf in their free time. Alfredo also shows her his insect collection, a courtesy that he didn\u2019t even have for his sister. Luisita disobeys Gumersinda on everything and makes life impossible for her until, one day, because of the torrential seasonal storms Luisita has an accident on the river. Will Luisita\u2019s behavior toward Gumersinda change?<\/p>\n<p>Luisita y Alfredo esperan con anticipaci\u00f3n la llegada de Gumersinda, la nueva institutriz. Luisita no est\u00e1 contenta porque cree que esta persona va a ser m\u00e1s estricta. La institutriz anterior le permit\u00eda tomar sus propias decisiones: pod\u00eda levantarse tarde y estudiar solamente las materias que le gustaban y salir al jard\u00edn en todo momento. Luisita piensa que alguien con el nombre de Gumersinda es vieja y fea y promete no obedecer sus \u00f3rdenes en nada, y le va a pedir a su mam\u00e1 que la despida pronto. Cuando llega Gumersinda Luisita se sorprende porque ve a una se\u00f1orita joven, bonita, y muy amable. Alfredo y Gumersinda establecen una buena amistad hasta el punto de jugar al tenis y al golf en su tiempo libre. Alfredo tambi\u00e9n le ense\u00f1a su colecci\u00f3n de insectos; cortes\u00eda que ni siquiera tiene para su hermana. Luisita desobedece a Gumersinda en todo y le hace la vida imposible, hasta que, un d\u00eda, debido a las tormentas torrenciales de la temporada le ocurre un accidente en el r\u00edo a Luisita. \u00bfCambiar\u00e1 Luisita su comportamiento hacia Gumersinda? <\/p>","protected":false},"excerpt":{"rendered":"<p>Luisita and Alfredo are waiting in anticipation the arrival of Gumersinda, the new governess. Luisita is not happy because she thinks this person is not going to be as flexible as the previous governess who allowed her to make her own decisions like getting up late and studying only the subjects that she liked, and&hellip;<\/p>","protected":false},"featured_media":51424,"comment_status":"closed","ping_status":"closed","template":"","meta":[],"product_brand":[],"product_cat":[22],"product_tag":[],"class_list":{"0":"post-51418","1":"product","2":"type-product","3":"status-publish","4":"has-post-thumbnail","6":"product_cat-childrens-books","8":"first","9":"instock","10":"sale","11":"taxable","12":"shipping-taxable","13":"purchasable","14":"product-type-simple"},"yoast_head":"<!-- This site is optimized with the Yoast SEO plugin v27.4 - https:\/\/yoast.com\/product\/yoast-seo-wordpress\/ -->\n<title>LA NUEVA INSTITUTRIZ\/THE NEW GOVERNESS - Biblioteca Latinx<\/title>\n<meta name=\"robots\" content=\"noindex, follow, max-snippet:-1, max-image-preview:large, max-video-preview:-1\" \/>\n<meta property=\"og:locale\" content=\"es_MX\" \/>\n<meta property=\"og:type\" content=\"article\" \/>\n<meta property=\"og:title\" content=\"LA NUEVA INSTITUTRIZ\/THE NEW GOVERNESS - Biblioteca Latinx\" \/>\n<meta property=\"og:description\" content=\"Luisita and Alfredo are waiting in anticipation the arrival of Gumersinda, the new governess. Luisita is not happy because she thinks this person is not\" \/>\n<meta property=\"og:url\" content=\"https:\/\/bibliotecalatinx.com\/es\/producto\/la-nueva-institutriz-the-new-governess\/\" \/>\n<meta property=\"og:site_name\" content=\"Biblioteca Latinx\" \/>\n<meta property=\"article:modified_time\" content=\"2025-08-28T15:14:28+00:00\" \/>\n<meta property=\"og:image\" content=\"https:\/\/bibliotecalatinx.com\/wp-content\/uploads\/2025\/08\/3-La-nueva-Institutriz_The-New-Governess-Cover-copy-pdf.jpg\" \/>\n<meta name=\"twitter:card\" content=\"summary_large_image\" \/>\n<meta name=\"twitter:title\" content=\"LA NUEVA INSTITUTRIZ\/THE NEW GOVERNESS - Biblioteca Latinx\" \/>\n<meta name=\"twitter:description\" content=\"Luisita and Alfredo are waiting in anticipation the arrival of Gumersinda, the new governess. Luisita is not happy because she thinks this person is not\" \/>\n<meta name=\"twitter:image\" content=\"https:\/\/bibliotecalatinx.com\/wp-content\/uploads\/2025\/08\/3-La-nueva-Institutriz_The-New-Governess-Cover-copy-pdf.jpg\" \/>\n<meta name=\"twitter:label1\" content=\"Tiempo de lectura\" \/>\n\t<meta name=\"twitter:data1\" content=\"2 minutos\" \/>\n<script type=\"application\/ld+json\" class=\"yoast-schema-graph\">{\"@context\":\"https:\\\/\\\/schema.org\",\"@graph\":[{\"@type\":\"WebPage\",\"@id\":\"https:\\\/\\\/bibliotecalatinx.com\\\/product\\\/la-nueva-institutriz-the-new-governess\\\/\",\"url\":\"https:\\\/\\\/bibliotecalatinx.com\\\/product\\\/la-nueva-institutriz-the-new-governess\\\/\",\"name\":\"LA NUEVA INSTITUTRIZ\\\/THE NEW GOVERNESS - Biblioteca Latinx\",\"isPartOf\":{\"@id\":\"https:\\\/\\\/bibliotecalatinx.com\\\/#website\"},\"primaryImageOfPage\":{\"@id\":\"https:\\\/\\\/bibliotecalatinx.com\\\/product\\\/la-nueva-institutriz-the-new-governess\\\/#primaryimage\"},\"image\":{\"@id\":\"https:\\\/\\\/bibliotecalatinx.com\\\/product\\\/la-nueva-institutriz-the-new-governess\\\/#primaryimage\"},\"thumbnailUrl\":\"https:\\\/\\\/bibliotecalatinx.com\\\/wp-content\\\/uploads\\\/2025\\\/08\\\/3-La-nueva-Institutriz_The-New-Governess-Cover-copy-pdf.jpg\",\"datePublished\":\"2025-08-04T17:41:03+00:00\",\"dateModified\":\"2025-08-28T15:14:28+00:00\",\"breadcrumb\":{\"@id\":\"https:\\\/\\\/bibliotecalatinx.com\\\/product\\\/la-nueva-institutriz-the-new-governess\\\/#breadcrumb\"},\"inLanguage\":\"es\",\"potentialAction\":[{\"@type\":\"ReadAction\",\"target\":[\"https:\\\/\\\/bibliotecalatinx.com\\\/product\\\/la-nueva-institutriz-the-new-governess\\\/\"]}]},{\"@type\":\"ImageObject\",\"inLanguage\":\"es\",\"@id\":\"https:\\\/\\\/bibliotecalatinx.com\\\/product\\\/la-nueva-institutriz-the-new-governess\\\/#primaryimage\",\"url\":\"https:\\\/\\\/bibliotecalatinx.com\\\/wp-content\\\/uploads\\\/2025\\\/08\\\/3-La-nueva-Institutriz_The-New-Governess-Cover-copy-pdf.jpg\",\"contentUrl\":\"https:\\\/\\\/bibliotecalatinx.com\\\/wp-content\\\/uploads\\\/2025\\\/08\\\/3-La-nueva-Institutriz_The-New-Governess-Cover-copy-pdf.jpg\"},{\"@type\":\"BreadcrumbList\",\"@id\":\"https:\\\/\\\/bibliotecalatinx.com\\\/product\\\/la-nueva-institutriz-the-new-governess\\\/#breadcrumb\",\"itemListElement\":[{\"@type\":\"ListItem\",\"position\":1,\"name\":\"Home\",\"item\":\"https:\\\/\\\/bibliotecalatinx.com\\\/\"},{\"@type\":\"ListItem\",\"position\":2,\"name\":\"Shop\",\"item\":\"https:\\\/\\\/bibliotecalatinx.com\\\/shop\\\/\"},{\"@type\":\"ListItem\",\"position\":3,\"name\":\"LA NUEVA INSTITUTRIZ\\\/THE NEW GOVERNESS\"}]},{\"@type\":\"WebSite\",\"@id\":\"https:\\\/\\\/bibliotecalatinx.com\\\/#website\",\"url\":\"https:\\\/\\\/bibliotecalatinx.com\\\/\",\"name\":\"Biblioteca Latinx\",\"description\":\"\",\"publisher\":{\"@id\":\"https:\\\/\\\/bibliotecalatinx.com\\\/#organization\"},\"potentialAction\":[{\"@type\":\"SearchAction\",\"target\":{\"@type\":\"EntryPoint\",\"urlTemplate\":\"https:\\\/\\\/bibliotecalatinx.com\\\/?s={search_term_string}\"},\"query-input\":{\"@type\":\"PropertyValueSpecification\",\"valueRequired\":true,\"valueName\":\"search_term_string\"}}],\"inLanguage\":\"es\"},{\"@type\":\"Organization\",\"@id\":\"https:\\\/\\\/bibliotecalatinx.com\\\/#organization\",\"name\":\"Biblioteca Latinx\",\"url\":\"https:\\\/\\\/bibliotecalatinx.com\\\/\",\"logo\":{\"@type\":\"ImageObject\",\"inLanguage\":\"es\",\"@id\":\"https:\\\/\\\/bibliotecalatinx.com\\\/#\\\/schema\\\/logo\\\/image\\\/\",\"url\":\"https:\\\/\\\/bibliotecalatinx.com\\\/wp-content\\\/uploads\\\/2025\\\/07\\\/attachment-1.png\",\"contentUrl\":\"https:\\\/\\\/bibliotecalatinx.com\\\/wp-content\\\/uploads\\\/2025\\\/07\\\/attachment-1.png\",\"width\":234,\"height\":234,\"caption\":\"Biblioteca Latinx\"},\"image\":{\"@id\":\"https:\\\/\\\/bibliotecalatinx.com\\\/#\\\/schema\\\/logo\\\/image\\\/\"}}]}<\/script>\n<!-- \/ Yoast SEO plugin. -->","yoast_head_json":{"title":"LA NUEVA INSTITUTRIZ\/THE NEW GOVERNESS - Biblioteca Latinx","robots":{"index":"noindex","follow":"follow","max-snippet":"max-snippet:-1","max-image-preview":"max-image-preview:large","max-video-preview":"max-video-preview:-1"},"og_locale":"es_MX","og_type":"article","og_title":"LA NUEVA INSTITUTRIZ\/THE NEW GOVERNESS - Biblioteca Latinx","og_description":"Luisita and Alfredo are waiting in anticipation the arrival of Gumersinda, the new governess. Luisita is not happy because she thinks this person is not","og_url":"https:\/\/bibliotecalatinx.com\/es\/producto\/la-nueva-institutriz-the-new-governess\/","og_site_name":"Biblioteca Latinx","article_modified_time":"2025-08-28T15:14:28+00:00","og_image":[{"url":"https:\/\/bibliotecalatinx.com\/wp-content\/uploads\/2025\/08\/3-La-nueva-Institutriz_The-New-Governess-Cover-copy-pdf.jpg","type":"","width":"","height":""}],"twitter_card":"summary_large_image","twitter_title":"LA NUEVA INSTITUTRIZ\/THE NEW GOVERNESS - Biblioteca Latinx","twitter_description":"Luisita and Alfredo are waiting in anticipation the arrival of Gumersinda, the new governess. Luisita is not happy because she thinks this person is not","twitter_image":"https:\/\/bibliotecalatinx.com\/wp-content\/uploads\/2025\/08\/3-La-nueva-Institutriz_The-New-Governess-Cover-copy-pdf.jpg","twitter_misc":{"Tiempo de lectura":"2 minutos"},"schema":{"@context":"https:\/\/schema.org","@graph":[{"@type":"WebPage","@id":"https:\/\/bibliotecalatinx.com\/product\/la-nueva-institutriz-the-new-governess\/","url":"https:\/\/bibliotecalatinx.com\/product\/la-nueva-institutriz-the-new-governess\/","name":"LA NUEVA INSTITUTRIZ\/THE NEW GOVERNESS - Biblioteca Latinx","isPartOf":{"@id":"https:\/\/bibliotecalatinx.com\/#website"},"primaryImageOfPage":{"@id":"https:\/\/bibliotecalatinx.com\/product\/la-nueva-institutriz-the-new-governess\/#primaryimage"},"image":{"@id":"https:\/\/bibliotecalatinx.com\/product\/la-nueva-institutriz-the-new-governess\/#primaryimage"},"thumbnailUrl":"https:\/\/bibliotecalatinx.com\/wp-content\/uploads\/2025\/08\/3-La-nueva-Institutriz_The-New-Governess-Cover-copy-pdf.jpg","datePublished":"2025-08-04T17:41:03+00:00","dateModified":"2025-08-28T15:14:28+00:00","breadcrumb":{"@id":"https:\/\/bibliotecalatinx.com\/product\/la-nueva-institutriz-the-new-governess\/#breadcrumb"},"inLanguage":"es","potentialAction":[{"@type":"ReadAction","target":["https:\/\/bibliotecalatinx.com\/product\/la-nueva-institutriz-the-new-governess\/"]}]},{"@type":"ImageObject","inLanguage":"es","@id":"https:\/\/bibliotecalatinx.com\/product\/la-nueva-institutriz-the-new-governess\/#primaryimage","url":"https:\/\/bibliotecalatinx.com\/wp-content\/uploads\/2025\/08\/3-La-nueva-Institutriz_The-New-Governess-Cover-copy-pdf.jpg","contentUrl":"https:\/\/bibliotecalatinx.com\/wp-content\/uploads\/2025\/08\/3-La-nueva-Institutriz_The-New-Governess-Cover-copy-pdf.jpg"},{"@type":"BreadcrumbList","@id":"https:\/\/bibliotecalatinx.com\/product\/la-nueva-institutriz-the-new-governess\/#breadcrumb","itemListElement":[{"@type":"ListItem","position":1,"name":"Home","item":"https:\/\/bibliotecalatinx.com\/"},{"@type":"ListItem","position":2,"name":"Shop","item":"https:\/\/bibliotecalatinx.com\/shop\/"},{"@type":"ListItem","position":3,"name":"LA NUEVA INSTITUTRIZ\/THE NEW GOVERNESS"}]},{"@type":"WebSite","@id":"https:\/\/bibliotecalatinx.com\/#website","url":"https:\/\/bibliotecalatinx.com\/","name":"Biblioteca Latinx","description":"","publisher":{"@id":"https:\/\/bibliotecalatinx.com\/#organization"},"potentialAction":[{"@type":"SearchAction","target":{"@type":"EntryPoint","urlTemplate":"https:\/\/bibliotecalatinx.com\/?s={search_term_string}"},"query-input":{"@type":"PropertyValueSpecification","valueRequired":true,"valueName":"search_term_string"}}],"inLanguage":"es"},{"@type":"Organization","@id":"https:\/\/bibliotecalatinx.com\/#organization","name":"Biblioteca Latinx","url":"https:\/\/bibliotecalatinx.com\/","logo":{"@type":"ImageObject","inLanguage":"es","@id":"https:\/\/bibliotecalatinx.com\/#\/schema\/logo\/image\/","url":"https:\/\/bibliotecalatinx.com\/wp-content\/uploads\/2025\/07\/attachment-1.png","contentUrl":"https:\/\/bibliotecalatinx.com\/wp-content\/uploads\/2025\/07\/attachment-1.png","width":234,"height":234,"caption":"Biblioteca Latinx"},"image":{"@id":"https:\/\/bibliotecalatinx.com\/#\/schema\/logo\/image\/"}}]}},"_links":{"self":[{"href":"https:\/\/bibliotecalatinx.com\/es\/wp-json\/wp\/v2\/product\/51418","targetHints":{"allow":["GET"]}}],"collection":[{"href":"https:\/\/bibliotecalatinx.com\/es\/wp-json\/wp\/v2\/product"}],"about":[{"href":"https:\/\/bibliotecalatinx.com\/es\/wp-json\/wp\/v2\/types\/product"}],"replies":[{"embeddable":true,"href":"https:\/\/bibliotecalatinx.com\/es\/wp-json\/wp\/v2\/comments?post=51418"}],"wp:featuredmedia":[{"embeddable":true,"href":"https:\/\/bibliotecalatinx.com\/es\/wp-json\/wp\/v2\/media\/51424"}],"wp:attachment":[{"href":"https:\/\/bibliotecalatinx.com\/es\/wp-json\/wp\/v2\/media?parent=51418"}],"wp:term":[{"taxonomy":"product_brand","embeddable":true,"href":"https:\/\/bibliotecalatinx.com\/es\/wp-json\/wp\/v2\/product_brand?post=51418"},{"taxonomy":"product_cat","embeddable":true,"href":"https:\/\/bibliotecalatinx.com\/es\/wp-json\/wp\/v2\/product_cat?post=51418"},{"taxonomy":"product_tag","embeddable":true,"href":"https:\/\/bibliotecalatinx.com\/es\/wp-json\/wp\/v2\/product_tag?post=51418"}],"curies":[{"name":"wp","href":"https:\/\/api.w.org\/{rel}","templated":true}]}}