{"id":51415,"date":"2025-08-04T10:30:58","date_gmt":"2025-08-04T17:30:58","guid":{"rendered":"https:\/\/bibliotecalatinx.com\/?post_type=product&#038;p=51415"},"modified":"2025-08-28T08:14:36","modified_gmt":"2025-08-28T15:14:36","slug":"fracaso-esplendido-a-wonderful-failure","status":"publish","type":"product","link":"https:\/\/bibliotecalatinx.com\/es\/producto\/fracaso-esplendido-a-wonderful-failure\/","title":{"rendered":"FRACASO ESPL\u00c9NDIDO \/ A WONDERFUL FAILURE"},"content":{"rendered":"<p>It was almost dark and Guillermo, the conductor, was nervous. He knew that other trains had been stopped by bandits in the same area, and the passengers and valuable cargo had been robbed. He also knew that in one of those robberies the conductor had been thrown off the train. Nobody was safe! Guillermo lived with his wife and Jos\u00e9, their young son, in a small town that was one of the train stops on this route. On other trips, his family would wait for the train and wave at Guillermo, but today something felt different. The train was packed with passengers and valuable cargo and traveling at normal speed, but suddenly there was an unexpected incident. As he approached the town, Guillermo saw his son signaling with a lantern, and as soon as he got close, he heard: \u201cBridge burning.\u201d The bridge that crossed the river was on fire, and about to collapse in the high flowing river. Guillermo increased the train\u2019s speed to its maximum to try and get over the bridge before it collapsed. He wanted to protect the passengers and the valuable cargo from the bandits, who were thinking of an easy prize once the train fell off the burning bridge and into the deep river.<\/p>\n<p>Estaba anocheciendo y Guillermo, el conductor, estaba nervioso. Sab\u00eda que en esa zona otros trenes ya hab\u00edan sido asaltados por una banda de ladrones. Tambi\u00e9n sab\u00eda que en uno de esos asaltos el conductor hab\u00eda sido arrojado del tren. \u00a1Nadie estaba seguro! Guillermo viv\u00eda con su esposa y su peque\u00f1o hijo, Jos\u00e9, en un pueblo que era parte de las paradas en esta ruta. Normalmente, cuando pasaba por el pueblo, su esposa y su hijo se asomaban por la ventana para saludarlo, pero ahora Guillermo ten\u00eda un presentimiento de algo inesperado. El tren iba repleto de pasajeros y con mercanc\u00eda muy valiosa, y viajaba a una volocidad normal, pero de repente se present\u00f3 un incidente desafortunado. Al acercarse al pueblo, Guillermo vio que su hijo le hac\u00eda se\u00f1ales con una linterna encendida. En cuanto se acerc\u00f3 lo suficiente pudo o\u00edr que Jos\u00e9 le dec\u00eda: \u201cPuente ardiendo.\u201d El puente estaba ardiendo a a punto de derrumbarse sobre el r\u00edo. Guillermo aument\u00f3 la velocidad del tren al m\u00e1ximo para cruzar el puente antes que se desplomara. Quer\u00eda proteger a los pasajeros y la valiosa mercanc\u00eda ya que los ladrones deseaban conseguir un premio f\u00e1cil y valioso cuando el puente encendido y el tren cayeran a la profundidad del r\u00edo.<\/p>","protected":false},"excerpt":{"rendered":"<p>It was almost dark and Guillermo, the conductor, was nervous. He knew that other trains had been stopped by bandits in the same area, and the passengers and valuable cargo had been robbed. He also knew that in one of those robberies the conductor had been thrown off the train. Nobody was safe! Guillermo lived&hellip;<\/p>","protected":false},"featured_media":51416,"comment_status":"closed","ping_status":"closed","template":"","meta":[],"product_brand":[],"product_cat":[22],"product_tag":[],"class_list":{"0":"post-51415","1":"product","2":"type-product","3":"status-publish","4":"has-post-thumbnail","6":"product_cat-childrens-books","8":"first","9":"instock","10":"sale","11":"taxable","12":"shipping-taxable","13":"purchasable","14":"product-type-simple"},"yoast_head":"<!-- This site is optimized with the Yoast SEO plugin v27.4 - https:\/\/yoast.com\/product\/yoast-seo-wordpress\/ -->\n<title>FRACASO ESPL\u00c9NDIDO \/ A WONDERFUL FAILURE - Biblioteca Latinx<\/title>\n<meta name=\"robots\" content=\"noindex, follow, max-snippet:-1, max-image-preview:large, max-video-preview:-1\" \/>\n<meta property=\"og:locale\" content=\"es_MX\" \/>\n<meta property=\"og:type\" content=\"article\" \/>\n<meta property=\"og:title\" content=\"FRACASO ESPL\u00c9NDIDO \/ A WONDERFUL FAILURE - Biblioteca Latinx\" \/>\n<meta property=\"og:description\" content=\"It was almost dark and Guillermo, the conductor, was nervous. He knew that other trains had been stopped by bandits in the same area, and the passengers\" \/>\n<meta property=\"og:url\" content=\"https:\/\/bibliotecalatinx.com\/es\/producto\/fracaso-esplendido-a-wonderful-failure\/\" \/>\n<meta property=\"og:site_name\" content=\"Biblioteca Latinx\" \/>\n<meta property=\"article:modified_time\" content=\"2025-08-28T15:14:36+00:00\" \/>\n<meta property=\"og:image\" content=\"https:\/\/bibliotecalatinx.com\/wp-content\/uploads\/2025\/08\/2-Cover-Fracaso-Esple\u2560undido-copy-pdf.jpg\" \/>\n<meta name=\"twitter:card\" content=\"summary_large_image\" \/>\n<meta name=\"twitter:title\" content=\"FRACASO ESPL\u00c9NDIDO \/ A WONDERFUL FAILURE - Biblioteca Latinx\" \/>\n<meta name=\"twitter:description\" content=\"It was almost dark and Guillermo, the conductor, was nervous. He knew that other trains had been stopped by bandits in the same area, and the passengers\" \/>\n<meta name=\"twitter:image\" content=\"https:\/\/bibliotecalatinx.com\/wp-content\/uploads\/2025\/08\/2-Cover-Fracaso-Esple\u2560undido-copy-pdf.jpg\" \/>\n<meta name=\"twitter:label1\" content=\"Tiempo de lectura\" \/>\n\t<meta name=\"twitter:data1\" content=\"1 minuto\" \/>\n<script type=\"application\/ld+json\" class=\"yoast-schema-graph\">{\"@context\":\"https:\\\/\\\/schema.org\",\"@graph\":[{\"@type\":\"WebPage\",\"@id\":\"https:\\\/\\\/bibliotecalatinx.com\\\/product\\\/fracaso-esplendido-a-wonderful-failure\\\/\",\"url\":\"https:\\\/\\\/bibliotecalatinx.com\\\/product\\\/fracaso-esplendido-a-wonderful-failure\\\/\",\"name\":\"FRACASO ESPL\u00c9NDIDO \\\/ A WONDERFUL FAILURE - Biblioteca Latinx\",\"isPartOf\":{\"@id\":\"https:\\\/\\\/bibliotecalatinx.com\\\/#website\"},\"primaryImageOfPage\":{\"@id\":\"https:\\\/\\\/bibliotecalatinx.com\\\/product\\\/fracaso-esplendido-a-wonderful-failure\\\/#primaryimage\"},\"image\":{\"@id\":\"https:\\\/\\\/bibliotecalatinx.com\\\/product\\\/fracaso-esplendido-a-wonderful-failure\\\/#primaryimage\"},\"thumbnailUrl\":\"https:\\\/\\\/bibliotecalatinx.com\\\/wp-content\\\/uploads\\\/2025\\\/08\\\/2-Cover-Fracaso-Esple\u2560undido-copy-pdf.jpg\",\"datePublished\":\"2025-08-04T17:30:58+00:00\",\"dateModified\":\"2025-08-28T15:14:36+00:00\",\"breadcrumb\":{\"@id\":\"https:\\\/\\\/bibliotecalatinx.com\\\/product\\\/fracaso-esplendido-a-wonderful-failure\\\/#breadcrumb\"},\"inLanguage\":\"es\",\"potentialAction\":[{\"@type\":\"ReadAction\",\"target\":[\"https:\\\/\\\/bibliotecalatinx.com\\\/product\\\/fracaso-esplendido-a-wonderful-failure\\\/\"]}]},{\"@type\":\"ImageObject\",\"inLanguage\":\"es\",\"@id\":\"https:\\\/\\\/bibliotecalatinx.com\\\/product\\\/fracaso-esplendido-a-wonderful-failure\\\/#primaryimage\",\"url\":\"https:\\\/\\\/bibliotecalatinx.com\\\/wp-content\\\/uploads\\\/2025\\\/08\\\/2-Cover-Fracaso-Esple\u2560undido-copy-pdf.jpg\",\"contentUrl\":\"https:\\\/\\\/bibliotecalatinx.com\\\/wp-content\\\/uploads\\\/2025\\\/08\\\/2-Cover-Fracaso-Esple\u2560undido-copy-pdf.jpg\"},{\"@type\":\"BreadcrumbList\",\"@id\":\"https:\\\/\\\/bibliotecalatinx.com\\\/product\\\/fracaso-esplendido-a-wonderful-failure\\\/#breadcrumb\",\"itemListElement\":[{\"@type\":\"ListItem\",\"position\":1,\"name\":\"Home\",\"item\":\"https:\\\/\\\/bibliotecalatinx.com\\\/\"},{\"@type\":\"ListItem\",\"position\":2,\"name\":\"Shop\",\"item\":\"https:\\\/\\\/bibliotecalatinx.com\\\/shop\\\/\"},{\"@type\":\"ListItem\",\"position\":3,\"name\":\"FRACASO ESPL\u00c9NDIDO \\\/ A WONDERFUL FAILURE\"}]},{\"@type\":\"WebSite\",\"@id\":\"https:\\\/\\\/bibliotecalatinx.com\\\/#website\",\"url\":\"https:\\\/\\\/bibliotecalatinx.com\\\/\",\"name\":\"Biblioteca Latinx\",\"description\":\"\",\"publisher\":{\"@id\":\"https:\\\/\\\/bibliotecalatinx.com\\\/#organization\"},\"potentialAction\":[{\"@type\":\"SearchAction\",\"target\":{\"@type\":\"EntryPoint\",\"urlTemplate\":\"https:\\\/\\\/bibliotecalatinx.com\\\/?s={search_term_string}\"},\"query-input\":{\"@type\":\"PropertyValueSpecification\",\"valueRequired\":true,\"valueName\":\"search_term_string\"}}],\"inLanguage\":\"es\"},{\"@type\":\"Organization\",\"@id\":\"https:\\\/\\\/bibliotecalatinx.com\\\/#organization\",\"name\":\"Biblioteca Latinx\",\"url\":\"https:\\\/\\\/bibliotecalatinx.com\\\/\",\"logo\":{\"@type\":\"ImageObject\",\"inLanguage\":\"es\",\"@id\":\"https:\\\/\\\/bibliotecalatinx.com\\\/#\\\/schema\\\/logo\\\/image\\\/\",\"url\":\"https:\\\/\\\/bibliotecalatinx.com\\\/wp-content\\\/uploads\\\/2025\\\/07\\\/attachment-1.png\",\"contentUrl\":\"https:\\\/\\\/bibliotecalatinx.com\\\/wp-content\\\/uploads\\\/2025\\\/07\\\/attachment-1.png\",\"width\":234,\"height\":234,\"caption\":\"Biblioteca Latinx\"},\"image\":{\"@id\":\"https:\\\/\\\/bibliotecalatinx.com\\\/#\\\/schema\\\/logo\\\/image\\\/\"}}]}<\/script>\n<!-- \/ Yoast SEO plugin. -->","yoast_head_json":{"title":"FRACASO ESPL\u00c9NDIDO \/ A WONDERFUL FAILURE - Biblioteca Latinx","robots":{"index":"noindex","follow":"follow","max-snippet":"max-snippet:-1","max-image-preview":"max-image-preview:large","max-video-preview":"max-video-preview:-1"},"og_locale":"es_MX","og_type":"article","og_title":"FRACASO ESPL\u00c9NDIDO \/ A WONDERFUL FAILURE - Biblioteca Latinx","og_description":"It was almost dark and Guillermo, the conductor, was nervous. He knew that other trains had been stopped by bandits in the same area, and the passengers","og_url":"https:\/\/bibliotecalatinx.com\/es\/producto\/fracaso-esplendido-a-wonderful-failure\/","og_site_name":"Biblioteca Latinx","article_modified_time":"2025-08-28T15:14:36+00:00","og_image":[{"url":"https:\/\/bibliotecalatinx.com\/wp-content\/uploads\/2025\/08\/2-Cover-Fracaso-Esple\u2560undido-copy-pdf.jpg","type":"","width":"","height":""}],"twitter_card":"summary_large_image","twitter_title":"FRACASO ESPL\u00c9NDIDO \/ A WONDERFUL FAILURE - Biblioteca Latinx","twitter_description":"It was almost dark and Guillermo, the conductor, was nervous. He knew that other trains had been stopped by bandits in the same area, and the passengers","twitter_image":"https:\/\/bibliotecalatinx.com\/wp-content\/uploads\/2025\/08\/2-Cover-Fracaso-Esple\u2560undido-copy-pdf.jpg","twitter_misc":{"Tiempo de lectura":"1 minuto"},"schema":{"@context":"https:\/\/schema.org","@graph":[{"@type":"WebPage","@id":"https:\/\/bibliotecalatinx.com\/product\/fracaso-esplendido-a-wonderful-failure\/","url":"https:\/\/bibliotecalatinx.com\/product\/fracaso-esplendido-a-wonderful-failure\/","name":"FRACASO ESPL\u00c9NDIDO \/ A WONDERFUL FAILURE - Biblioteca Latinx","isPartOf":{"@id":"https:\/\/bibliotecalatinx.com\/#website"},"primaryImageOfPage":{"@id":"https:\/\/bibliotecalatinx.com\/product\/fracaso-esplendido-a-wonderful-failure\/#primaryimage"},"image":{"@id":"https:\/\/bibliotecalatinx.com\/product\/fracaso-esplendido-a-wonderful-failure\/#primaryimage"},"thumbnailUrl":"https:\/\/bibliotecalatinx.com\/wp-content\/uploads\/2025\/08\/2-Cover-Fracaso-Esple\u2560undido-copy-pdf.jpg","datePublished":"2025-08-04T17:30:58+00:00","dateModified":"2025-08-28T15:14:36+00:00","breadcrumb":{"@id":"https:\/\/bibliotecalatinx.com\/product\/fracaso-esplendido-a-wonderful-failure\/#breadcrumb"},"inLanguage":"es","potentialAction":[{"@type":"ReadAction","target":["https:\/\/bibliotecalatinx.com\/product\/fracaso-esplendido-a-wonderful-failure\/"]}]},{"@type":"ImageObject","inLanguage":"es","@id":"https:\/\/bibliotecalatinx.com\/product\/fracaso-esplendido-a-wonderful-failure\/#primaryimage","url":"https:\/\/bibliotecalatinx.com\/wp-content\/uploads\/2025\/08\/2-Cover-Fracaso-Esple\u2560undido-copy-pdf.jpg","contentUrl":"https:\/\/bibliotecalatinx.com\/wp-content\/uploads\/2025\/08\/2-Cover-Fracaso-Esple\u2560undido-copy-pdf.jpg"},{"@type":"BreadcrumbList","@id":"https:\/\/bibliotecalatinx.com\/product\/fracaso-esplendido-a-wonderful-failure\/#breadcrumb","itemListElement":[{"@type":"ListItem","position":1,"name":"Home","item":"https:\/\/bibliotecalatinx.com\/"},{"@type":"ListItem","position":2,"name":"Shop","item":"https:\/\/bibliotecalatinx.com\/shop\/"},{"@type":"ListItem","position":3,"name":"FRACASO ESPL\u00c9NDIDO \/ A WONDERFUL FAILURE"}]},{"@type":"WebSite","@id":"https:\/\/bibliotecalatinx.com\/#website","url":"https:\/\/bibliotecalatinx.com\/","name":"Biblioteca Latinx","description":"","publisher":{"@id":"https:\/\/bibliotecalatinx.com\/#organization"},"potentialAction":[{"@type":"SearchAction","target":{"@type":"EntryPoint","urlTemplate":"https:\/\/bibliotecalatinx.com\/?s={search_term_string}"},"query-input":{"@type":"PropertyValueSpecification","valueRequired":true,"valueName":"search_term_string"}}],"inLanguage":"es"},{"@type":"Organization","@id":"https:\/\/bibliotecalatinx.com\/#organization","name":"Biblioteca Latinx","url":"https:\/\/bibliotecalatinx.com\/","logo":{"@type":"ImageObject","inLanguage":"es","@id":"https:\/\/bibliotecalatinx.com\/#\/schema\/logo\/image\/","url":"https:\/\/bibliotecalatinx.com\/wp-content\/uploads\/2025\/07\/attachment-1.png","contentUrl":"https:\/\/bibliotecalatinx.com\/wp-content\/uploads\/2025\/07\/attachment-1.png","width":234,"height":234,"caption":"Biblioteca Latinx"},"image":{"@id":"https:\/\/bibliotecalatinx.com\/#\/schema\/logo\/image\/"}}]}},"_links":{"self":[{"href":"https:\/\/bibliotecalatinx.com\/es\/wp-json\/wp\/v2\/product\/51415","targetHints":{"allow":["GET"]}}],"collection":[{"href":"https:\/\/bibliotecalatinx.com\/es\/wp-json\/wp\/v2\/product"}],"about":[{"href":"https:\/\/bibliotecalatinx.com\/es\/wp-json\/wp\/v2\/types\/product"}],"replies":[{"embeddable":true,"href":"https:\/\/bibliotecalatinx.com\/es\/wp-json\/wp\/v2\/comments?post=51415"}],"wp:featuredmedia":[{"embeddable":true,"href":"https:\/\/bibliotecalatinx.com\/es\/wp-json\/wp\/v2\/media\/51416"}],"wp:attachment":[{"href":"https:\/\/bibliotecalatinx.com\/es\/wp-json\/wp\/v2\/media?parent=51415"}],"wp:term":[{"taxonomy":"product_brand","embeddable":true,"href":"https:\/\/bibliotecalatinx.com\/es\/wp-json\/wp\/v2\/product_brand?post=51415"},{"taxonomy":"product_cat","embeddable":true,"href":"https:\/\/bibliotecalatinx.com\/es\/wp-json\/wp\/v2\/product_cat?post=51415"},{"taxonomy":"product_tag","embeddable":true,"href":"https:\/\/bibliotecalatinx.com\/es\/wp-json\/wp\/v2\/product_tag?post=51415"}],"curies":[{"name":"wp","href":"https:\/\/api.w.org\/{rel}","templated":true}]}}