{"id":51411,"date":"2025-08-04T10:17:39","date_gmt":"2025-08-04T17:17:39","guid":{"rendered":"https:\/\/bibliotecalatinx.com\/?post_type=product&#038;p=51411"},"modified":"2025-08-04T10:18:35","modified_gmt":"2025-08-04T17:18:35","slug":"la-zorra-el-cangrejo-y-otros-cuentos-1856-1929-the-fox-the-crab-and-other-stories","status":"publish","type":"product","link":"https:\/\/bibliotecalatinx.com\/es\/producto\/la-zorra-el-cangrejo-y-otros-cuentos-1856-1929-the-fox-the-crab-and-other-stories\/","title":{"rendered":"La Zorra &#038; el Cangrejo y otros cuentos 1856-1929: The Fox &#038; the Crab and other stories"},"content":{"rendered":"<p>The Fox &#038; the Crab and Other Stories is a collection of fairy tales and nursery rhymes for children, and it represents an effort to recover and disseminate a small sample of the abundant works originally published in Spanish language newspapers in the United States from the end of the 19th to the first half of the 20th century. As part of an expansive historical and literary body, this book is an example of a meaningful heritage tradition rooted mainly in Mexican culture, assuring the continuity of language, traditions and ways of experiencing the world. These stories and poems originally written in Spanish reflect common aesthetic norms and linguistic practices of that specific historical period. Accordingly, during the translation process a considerable effort was made into preserving the literary expression of that period. At the same time, and in some instances, there were vocabulary, word order and punctuation adaptations to smooth out and make the reading more enjoyable and accessible to today\u2019s young readers. More than ever in our modern world, it is essential for children to experience and acquire the ability to communicate across cultures and to expand their social and emotional skills. Reading works such as these, plays a role in the development of a confident, sensitive and empowered child. In a broader context, this collection intends to gather the voice of our ancestors and strengthen the presence of a living culture across geographical, temporal, and linguistic borders. <\/p>\n<p>La Zorra &#038; el Cangrejo y otros cuentos es una colecci\u00f3n de f\u00e1bulas y poemas dirigida a los ni\u00f1os y representa un intento por rescatar y diseminar una peque\u00f1a muestra de obras originalmente publicadas en peri\u00f3dicos editados en espa\u00f1ol en los Estados Unidos desde fines del siglo XIX hasta la primera mitad del siglo XX. Como parte de un amplio cuerpo hist\u00f3rico y literario, el libro ejemplifica una significativa herencia arraigada principalmente en la cultura mexicana asegurando la continuidad de la lengua, tradiciones y maneras de conocer el mundo. Estos cuentos y poemas escritos originalmente en espa\u00f1ol reflejan las normas est\u00e9ticas y las pr\u00e1cticas ling\u00fc\u00edsticas de su respectivo per\u00edodo hist\u00f3rico. Por consiguiente, en el proceso de traducci\u00f3n se ha hecho un considerable esfuerzo por preservar al m\u00e1ximo la forma de expresi\u00f3n literaria de esa \u00e9poca. A la misma vez, en algunas instancias se han realizado cambios de vocabulario, orden de palabras y puntuaci\u00f3n para facilitar, amenizar la lectura, y hacerla m\u00e1s asequible al joven lector moderno. M\u00e1s que nunca en nuestro mundo moderno es imprescindible que los ni\u00f1os vivan y adquieran la capacidad de comunicarse a trav\u00e9s de culturas y de ampliar su destreza social y emocional. La lectura de obras como las que se presentan aqu\u00ed, contribuye al desarrollo de un ser confiado, sensible y empoderado. En un contexto m\u00e1s amplio, esta colecci\u00f3n recoge las voces de nuestros ancestros y fortalece la presencia de una cultura viva a trav\u00e9s de fronteras geogr\u00e1ficas, temporales y ling\u00fc\u00edsticas.<\/p>","protected":false},"excerpt":{"rendered":"<p>The Fox &#038; the Crab and Other Stories is a collection of fairy tales and nursery rhymes for children, and it represents an effort to recover and disseminate a small sample of the abundant works originally published in Spanish language newspapers in the United States from the end of the 19th to the first half&hellip;<\/p>","protected":false},"featured_media":51412,"comment_status":"closed","ping_status":"closed","template":"","meta":[],"product_brand":[],"product_cat":[22],"product_tag":[],"class_list":{"0":"post-51411","1":"product","2":"type-product","3":"status-publish","4":"has-post-thumbnail","6":"product_cat-childrens-books","8":"first","9":"instock","10":"sale","11":"taxable","12":"shipping-taxable","13":"purchasable","14":"product-type-simple"},"yoast_head":"<!-- This site is optimized with the Yoast SEO plugin v27.4 - https:\/\/yoast.com\/product\/yoast-seo-wordpress\/ -->\n<title>La Zorra &amp; el Cangrejo y otros cuentos 1856-1929: The Fox &amp; the Crab and other stories - Biblioteca Latinx<\/title>\n<meta name=\"robots\" content=\"noindex, follow, max-snippet:-1, max-image-preview:large, max-video-preview:-1\" \/>\n<meta property=\"og:locale\" content=\"es_MX\" \/>\n<meta property=\"og:type\" content=\"article\" \/>\n<meta property=\"og:title\" content=\"La Zorra &amp; el Cangrejo y otros cuentos 1856-1929: The Fox &amp; the Crab and other stories - Biblioteca Latinx\" \/>\n<meta property=\"og:description\" content=\"The Fox &amp; the Crab and Other Stories is a collection of fairy tales and nursery rhymes for children, and it represents an effort to recover and\" \/>\n<meta property=\"og:url\" content=\"https:\/\/bibliotecalatinx.com\/es\/producto\/la-zorra-el-cangrejo-y-otros-cuentos-1856-1929-the-fox-the-crab-and-other-stories\/\" \/>\n<meta property=\"og:site_name\" content=\"Biblioteca Latinx\" \/>\n<meta property=\"article:modified_time\" content=\"2025-08-04T17:18:35+00:00\" \/>\n<meta property=\"og:image\" content=\"https:\/\/bibliotecalatinx.com\/wp-content\/uploads\/2025\/08\/0-The-Fox-and-The-Crab-Front-Cover-copy-3.jpeg\" \/>\n<meta name=\"twitter:card\" content=\"summary_large_image\" \/>\n<meta name=\"twitter:title\" content=\"La Zorra &amp; el Cangrejo y otros cuentos 1856-1929: The Fox &amp; the Crab and other stories - Biblioteca Latinx\" \/>\n<meta name=\"twitter:description\" content=\"The Fox &amp; the Crab and Other Stories is a collection of fairy tales and nursery rhymes for children, and it represents an effort to recover and\" \/>\n<meta name=\"twitter:image\" content=\"https:\/\/bibliotecalatinx.com\/wp-content\/uploads\/2025\/08\/0-The-Fox-and-The-Crab-Front-Cover-copy-3.jpeg\" \/>\n<meta name=\"twitter:label1\" content=\"Tiempo de lectura\" \/>\n\t<meta name=\"twitter:data1\" content=\"3 minutos\" \/>\n<script type=\"application\/ld+json\" class=\"yoast-schema-graph\">{\"@context\":\"https:\\\/\\\/schema.org\",\"@graph\":[{\"@type\":\"WebPage\",\"@id\":\"https:\\\/\\\/bibliotecalatinx.com\\\/product\\\/la-zorra-el-cangrejo-y-otros-cuentos-1856-1929-the-fox-the-crab-and-other-stories\\\/\",\"url\":\"https:\\\/\\\/bibliotecalatinx.com\\\/product\\\/la-zorra-el-cangrejo-y-otros-cuentos-1856-1929-the-fox-the-crab-and-other-stories\\\/\",\"name\":\"La Zorra & el Cangrejo y otros cuentos 1856-1929: The Fox & the Crab and other stories - Biblioteca Latinx\",\"isPartOf\":{\"@id\":\"https:\\\/\\\/bibliotecalatinx.com\\\/#website\"},\"primaryImageOfPage\":{\"@id\":\"https:\\\/\\\/bibliotecalatinx.com\\\/product\\\/la-zorra-el-cangrejo-y-otros-cuentos-1856-1929-the-fox-the-crab-and-other-stories\\\/#primaryimage\"},\"image\":{\"@id\":\"https:\\\/\\\/bibliotecalatinx.com\\\/product\\\/la-zorra-el-cangrejo-y-otros-cuentos-1856-1929-the-fox-the-crab-and-other-stories\\\/#primaryimage\"},\"thumbnailUrl\":\"https:\\\/\\\/bibliotecalatinx.com\\\/wp-content\\\/uploads\\\/2025\\\/08\\\/0-The-Fox-and-The-Crab-Front-Cover-copy-3.jpeg\",\"datePublished\":\"2025-08-04T17:17:39+00:00\",\"dateModified\":\"2025-08-04T17:18:35+00:00\",\"breadcrumb\":{\"@id\":\"https:\\\/\\\/bibliotecalatinx.com\\\/product\\\/la-zorra-el-cangrejo-y-otros-cuentos-1856-1929-the-fox-the-crab-and-other-stories\\\/#breadcrumb\"},\"inLanguage\":\"es\",\"potentialAction\":[{\"@type\":\"ReadAction\",\"target\":[\"https:\\\/\\\/bibliotecalatinx.com\\\/product\\\/la-zorra-el-cangrejo-y-otros-cuentos-1856-1929-the-fox-the-crab-and-other-stories\\\/\"]}]},{\"@type\":\"ImageObject\",\"inLanguage\":\"es\",\"@id\":\"https:\\\/\\\/bibliotecalatinx.com\\\/product\\\/la-zorra-el-cangrejo-y-otros-cuentos-1856-1929-the-fox-the-crab-and-other-stories\\\/#primaryimage\",\"url\":\"https:\\\/\\\/bibliotecalatinx.com\\\/wp-content\\\/uploads\\\/2025\\\/08\\\/0-The-Fox-and-The-Crab-Front-Cover-copy-3.jpeg\",\"contentUrl\":\"https:\\\/\\\/bibliotecalatinx.com\\\/wp-content\\\/uploads\\\/2025\\\/08\\\/0-The-Fox-and-The-Crab-Front-Cover-copy-3.jpeg\",\"width\":1276,\"height\":1280,\"caption\":\"Illustrated poster of a fox and rabbit dancing, promoting a theatrical show.\"},{\"@type\":\"BreadcrumbList\",\"@id\":\"https:\\\/\\\/bibliotecalatinx.com\\\/product\\\/la-zorra-el-cangrejo-y-otros-cuentos-1856-1929-the-fox-the-crab-and-other-stories\\\/#breadcrumb\",\"itemListElement\":[{\"@type\":\"ListItem\",\"position\":1,\"name\":\"Home\",\"item\":\"https:\\\/\\\/bibliotecalatinx.com\\\/\"},{\"@type\":\"ListItem\",\"position\":2,\"name\":\"Shop\",\"item\":\"https:\\\/\\\/bibliotecalatinx.com\\\/shop\\\/\"},{\"@type\":\"ListItem\",\"position\":3,\"name\":\"La Zorra &#038; el Cangrejo y otros cuentos 1856-1929: The Fox &#038; the Crab and other stories\"}]},{\"@type\":\"WebSite\",\"@id\":\"https:\\\/\\\/bibliotecalatinx.com\\\/#website\",\"url\":\"https:\\\/\\\/bibliotecalatinx.com\\\/\",\"name\":\"Biblioteca Latinx\",\"description\":\"\",\"publisher\":{\"@id\":\"https:\\\/\\\/bibliotecalatinx.com\\\/#organization\"},\"potentialAction\":[{\"@type\":\"SearchAction\",\"target\":{\"@type\":\"EntryPoint\",\"urlTemplate\":\"https:\\\/\\\/bibliotecalatinx.com\\\/?s={search_term_string}\"},\"query-input\":{\"@type\":\"PropertyValueSpecification\",\"valueRequired\":true,\"valueName\":\"search_term_string\"}}],\"inLanguage\":\"es\"},{\"@type\":\"Organization\",\"@id\":\"https:\\\/\\\/bibliotecalatinx.com\\\/#organization\",\"name\":\"Biblioteca Latinx\",\"url\":\"https:\\\/\\\/bibliotecalatinx.com\\\/\",\"logo\":{\"@type\":\"ImageObject\",\"inLanguage\":\"es\",\"@id\":\"https:\\\/\\\/bibliotecalatinx.com\\\/#\\\/schema\\\/logo\\\/image\\\/\",\"url\":\"https:\\\/\\\/bibliotecalatinx.com\\\/wp-content\\\/uploads\\\/2025\\\/07\\\/attachment-1.png\",\"contentUrl\":\"https:\\\/\\\/bibliotecalatinx.com\\\/wp-content\\\/uploads\\\/2025\\\/07\\\/attachment-1.png\",\"width\":234,\"height\":234,\"caption\":\"Biblioteca Latinx\"},\"image\":{\"@id\":\"https:\\\/\\\/bibliotecalatinx.com\\\/#\\\/schema\\\/logo\\\/image\\\/\"}}]}<\/script>\n<!-- \/ Yoast SEO plugin. -->","yoast_head_json":{"title":"La Zorra & el Cangrejo y otros cuentos 1856-1929: The Fox & the Crab and other stories - Biblioteca Latinx","robots":{"index":"noindex","follow":"follow","max-snippet":"max-snippet:-1","max-image-preview":"max-image-preview:large","max-video-preview":"max-video-preview:-1"},"og_locale":"es_MX","og_type":"article","og_title":"La Zorra & el Cangrejo y otros cuentos 1856-1929: The Fox & the Crab and other stories - Biblioteca Latinx","og_description":"The Fox & the Crab and Other Stories is a collection of fairy tales and nursery rhymes for children, and it represents an effort to recover and","og_url":"https:\/\/bibliotecalatinx.com\/es\/producto\/la-zorra-el-cangrejo-y-otros-cuentos-1856-1929-the-fox-the-crab-and-other-stories\/","og_site_name":"Biblioteca Latinx","article_modified_time":"2025-08-04T17:18:35+00:00","og_image":[{"url":"https:\/\/bibliotecalatinx.com\/wp-content\/uploads\/2025\/08\/0-The-Fox-and-The-Crab-Front-Cover-copy-3.jpeg","type":"","width":"","height":""}],"twitter_card":"summary_large_image","twitter_title":"La Zorra & el Cangrejo y otros cuentos 1856-1929: The Fox & the Crab and other stories - Biblioteca Latinx","twitter_description":"The Fox & the Crab and Other Stories is a collection of fairy tales and nursery rhymes for children, and it represents an effort to recover and","twitter_image":"https:\/\/bibliotecalatinx.com\/wp-content\/uploads\/2025\/08\/0-The-Fox-and-The-Crab-Front-Cover-copy-3.jpeg","twitter_misc":{"Tiempo de lectura":"3 minutos"},"schema":{"@context":"https:\/\/schema.org","@graph":[{"@type":"WebPage","@id":"https:\/\/bibliotecalatinx.com\/product\/la-zorra-el-cangrejo-y-otros-cuentos-1856-1929-the-fox-the-crab-and-other-stories\/","url":"https:\/\/bibliotecalatinx.com\/product\/la-zorra-el-cangrejo-y-otros-cuentos-1856-1929-the-fox-the-crab-and-other-stories\/","name":"La Zorra & el Cangrejo y otros cuentos 1856-1929: The Fox & the Crab and other stories - Biblioteca Latinx","isPartOf":{"@id":"https:\/\/bibliotecalatinx.com\/#website"},"primaryImageOfPage":{"@id":"https:\/\/bibliotecalatinx.com\/product\/la-zorra-el-cangrejo-y-otros-cuentos-1856-1929-the-fox-the-crab-and-other-stories\/#primaryimage"},"image":{"@id":"https:\/\/bibliotecalatinx.com\/product\/la-zorra-el-cangrejo-y-otros-cuentos-1856-1929-the-fox-the-crab-and-other-stories\/#primaryimage"},"thumbnailUrl":"https:\/\/bibliotecalatinx.com\/wp-content\/uploads\/2025\/08\/0-The-Fox-and-The-Crab-Front-Cover-copy-3.jpeg","datePublished":"2025-08-04T17:17:39+00:00","dateModified":"2025-08-04T17:18:35+00:00","breadcrumb":{"@id":"https:\/\/bibliotecalatinx.com\/product\/la-zorra-el-cangrejo-y-otros-cuentos-1856-1929-the-fox-the-crab-and-other-stories\/#breadcrumb"},"inLanguage":"es","potentialAction":[{"@type":"ReadAction","target":["https:\/\/bibliotecalatinx.com\/product\/la-zorra-el-cangrejo-y-otros-cuentos-1856-1929-the-fox-the-crab-and-other-stories\/"]}]},{"@type":"ImageObject","inLanguage":"es","@id":"https:\/\/bibliotecalatinx.com\/product\/la-zorra-el-cangrejo-y-otros-cuentos-1856-1929-the-fox-the-crab-and-other-stories\/#primaryimage","url":"https:\/\/bibliotecalatinx.com\/wp-content\/uploads\/2025\/08\/0-The-Fox-and-The-Crab-Front-Cover-copy-3.jpeg","contentUrl":"https:\/\/bibliotecalatinx.com\/wp-content\/uploads\/2025\/08\/0-The-Fox-and-The-Crab-Front-Cover-copy-3.jpeg","width":1276,"height":1280,"caption":"Illustrated poster of a fox and rabbit dancing, promoting a theatrical show."},{"@type":"BreadcrumbList","@id":"https:\/\/bibliotecalatinx.com\/product\/la-zorra-el-cangrejo-y-otros-cuentos-1856-1929-the-fox-the-crab-and-other-stories\/#breadcrumb","itemListElement":[{"@type":"ListItem","position":1,"name":"Home","item":"https:\/\/bibliotecalatinx.com\/"},{"@type":"ListItem","position":2,"name":"Shop","item":"https:\/\/bibliotecalatinx.com\/shop\/"},{"@type":"ListItem","position":3,"name":"La Zorra &#038; el Cangrejo y otros cuentos 1856-1929: The Fox &#038; the Crab and other stories"}]},{"@type":"WebSite","@id":"https:\/\/bibliotecalatinx.com\/#website","url":"https:\/\/bibliotecalatinx.com\/","name":"Biblioteca Latinx","description":"","publisher":{"@id":"https:\/\/bibliotecalatinx.com\/#organization"},"potentialAction":[{"@type":"SearchAction","target":{"@type":"EntryPoint","urlTemplate":"https:\/\/bibliotecalatinx.com\/?s={search_term_string}"},"query-input":{"@type":"PropertyValueSpecification","valueRequired":true,"valueName":"search_term_string"}}],"inLanguage":"es"},{"@type":"Organization","@id":"https:\/\/bibliotecalatinx.com\/#organization","name":"Biblioteca Latinx","url":"https:\/\/bibliotecalatinx.com\/","logo":{"@type":"ImageObject","inLanguage":"es","@id":"https:\/\/bibliotecalatinx.com\/#\/schema\/logo\/image\/","url":"https:\/\/bibliotecalatinx.com\/wp-content\/uploads\/2025\/07\/attachment-1.png","contentUrl":"https:\/\/bibliotecalatinx.com\/wp-content\/uploads\/2025\/07\/attachment-1.png","width":234,"height":234,"caption":"Biblioteca Latinx"},"image":{"@id":"https:\/\/bibliotecalatinx.com\/#\/schema\/logo\/image\/"}}]}},"_links":{"self":[{"href":"https:\/\/bibliotecalatinx.com\/es\/wp-json\/wp\/v2\/product\/51411","targetHints":{"allow":["GET"]}}],"collection":[{"href":"https:\/\/bibliotecalatinx.com\/es\/wp-json\/wp\/v2\/product"}],"about":[{"href":"https:\/\/bibliotecalatinx.com\/es\/wp-json\/wp\/v2\/types\/product"}],"replies":[{"embeddable":true,"href":"https:\/\/bibliotecalatinx.com\/es\/wp-json\/wp\/v2\/comments?post=51411"}],"wp:featuredmedia":[{"embeddable":true,"href":"https:\/\/bibliotecalatinx.com\/es\/wp-json\/wp\/v2\/media\/51412"}],"wp:attachment":[{"href":"https:\/\/bibliotecalatinx.com\/es\/wp-json\/wp\/v2\/media?parent=51411"}],"wp:term":[{"taxonomy":"product_brand","embeddable":true,"href":"https:\/\/bibliotecalatinx.com\/es\/wp-json\/wp\/v2\/product_brand?post=51411"},{"taxonomy":"product_cat","embeddable":true,"href":"https:\/\/bibliotecalatinx.com\/es\/wp-json\/wp\/v2\/product_cat?post=51411"},{"taxonomy":"product_tag","embeddable":true,"href":"https:\/\/bibliotecalatinx.com\/es\/wp-json\/wp\/v2\/product_tag?post=51411"}],"curies":[{"name":"wp","href":"https:\/\/api.w.org\/{rel}","templated":true}]}}