{"id":51399,"date":"2025-07-21T08:22:02","date_gmt":"2025-07-21T15:22:02","guid":{"rendered":"https:\/\/bibliotecalatinx.com\/?post_type=product&#038;p=51399"},"modified":"2025-08-04T11:37:16","modified_gmt":"2025-08-04T18:37:16","slug":"el-cucurucho-de-almendras-the-paper-cone-filled-with-almonds-colibri-books-spanish-edition","status":"publish","type":"product","link":"https:\/\/bibliotecalatinx.com\/es\/producto\/el-cucurucho-de-almendras-the-paper-cone-filled-with-almonds-colibri-books-spanish-edition\/","title":{"rendered":"El Cucurucho de Almendras \/ The Paper Cone Filled with Almonds"},"content":{"rendered":"<p>The boy was eight years old, an orphan and always hungry. When his mother died, he went to live with his grandfather who didn\u2019t treat him well. To forget about his bad fortune, and to get away from his grandfather, he went for walks in the small town away from the slum where he lived. Hoping to find something to eat, he looked through display windows in stores, butcher shops, and restaurants, but no one gave him anything. One day he was in front of a candy shop and he saw many kinds of delicious and colorful candy. But something caught his attention: a paper cone filled with sugar covered almonds which became his obsession, to the point that he had dreams about it. The paper cone filled with almonds was worth a 10-cent coin, but the boy didn\u2019t have it.<\/p>\n<p>Era un ni\u00f1o de ocho a\u00f1os, hu\u00e9rfano y siempre ten\u00eda hambre. Cuando muri\u00f3 su mam\u00e1, se qued\u00f3 a vivir con su abuelo que no lo trataba bien. Para olvidarse de su mala fortuna, y alejarse del del abuelo, caminaba por las calles del pueblo lejos del barrio pobre donde viv\u00eda. Como ten\u00eda hambre miraba por los escaparates de las tiendas de comida, carnicer\u00edas y restaurantes, pero nunca le ofrec\u00edan nada. Un d\u00eda se detuvo delante de la vitrina de una dulcer\u00eda y vio con [placer, alegr\u00eda, encanto, deleite] todo tipo de dulces deliciosos y muy coloridos. Lo que m\u00e1s le llam\u00f3 la atenci\u00f3n fue un cucurucho de papel lleno repleto de almendras garapi\u00f1adas, y se obsesion\u00f3 tanto que cada noche so\u00f1aba con el cucurucho. Pero, costaba diez centavos, y el ni\u00f1o no los ten\u00eda.<\/p>\n<p>I never stopped fertilizing the soil, so the roots were nourished to the fullest. I also always carefully cleaned the stems and leaves so they could breathe the fresh air more easily. These practices, according to Nemesio Garc\u00eda Naranjo in \u201cThe Slaughter of Flowers\u201d (1920), contributed to the flourishing of nature.<\/p>\n<p>I never stopped fertilizing the soil to nourish and satisfy the roots, and I always carefully and diligently cleaned the stems and leaves so they could comfortably breathe in fresh air.<\/p>\n","protected":false},"excerpt":{"rendered":"<p>The boy was eight years old, an orphan and always hungry. When his mother died, he went to live with his grandfather who didn\u2019t treat him well. To forget about his bad fortune, and to get away from his grandfather, he went for walks in the small town away from the slum where he lived.&hellip;<\/p>","protected":false},"featured_media":51401,"comment_status":"closed","ping_status":"closed","template":"","meta":[],"product_brand":[],"product_cat":[22],"product_tag":[],"class_list":{"0":"post-51399","1":"product","2":"type-product","3":"status-publish","4":"has-post-thumbnail","6":"product_cat-childrens-books","8":"first","9":"instock","10":"sale","11":"taxable","12":"shipping-taxable","13":"purchasable","14":"product-type-simple"},"yoast_head":"<!-- This site is optimized with the Yoast SEO plugin v27.4 - https:\/\/yoast.com\/product\/yoast-seo-wordpress\/ -->\n<title>El Cucurucho de Almendras \/ The Paper Cone Filled with Almonds - Biblioteca Latinx<\/title>\n<meta name=\"robots\" content=\"noindex, follow, max-snippet:-1, max-image-preview:large, max-video-preview:-1\" \/>\n<meta property=\"og:locale\" content=\"es_MX\" \/>\n<meta property=\"og:type\" content=\"article\" \/>\n<meta property=\"og:title\" content=\"El Cucurucho de Almendras \/ The Paper Cone Filled with Almonds - Biblioteca Latinx\" \/>\n<meta property=\"og:description\" content=\"The boy was eight years old, an orphan and always hungry. When his mother died, he went to live with his grandfather who didn\u2019t treat him well. To forget\" \/>\n<meta property=\"og:url\" content=\"https:\/\/bibliotecalatinx.com\/es\/producto\/el-cucurucho-de-almendras-the-paper-cone-filled-with-almonds-colibri-books-spanish-edition\/\" \/>\n<meta property=\"og:site_name\" content=\"Biblioteca Latinx\" \/>\n<meta property=\"article:modified_time\" content=\"2025-08-04T18:37:16+00:00\" \/>\n<meta property=\"og:image\" content=\"https:\/\/bibliotecalatinx.com\/wp-content\/uploads\/2025\/07\/Book-1a.png\" \/>\n<meta name=\"twitter:card\" content=\"summary_large_image\" \/>\n<meta name=\"twitter:title\" content=\"El Cucurucho de Almendras \/ The Paper Cone Filled with Almonds - Biblioteca Latinx\" \/>\n<meta name=\"twitter:description\" content=\"The boy was eight years old, an orphan and always hungry. When his mother died, he went to live with his grandfather who didn\u2019t treat him well. To forget\" \/>\n<meta name=\"twitter:image\" content=\"https:\/\/bibliotecalatinx.com\/wp-content\/uploads\/2025\/07\/Book-1a.png\" \/>\n<meta name=\"twitter:label1\" content=\"Tiempo de lectura\" \/>\n\t<meta name=\"twitter:data1\" content=\"1 minuto\" \/>\n<script type=\"application\/ld+json\" class=\"yoast-schema-graph\">{\"@context\":\"https:\\\/\\\/schema.org\",\"@graph\":[{\"@type\":\"WebPage\",\"@id\":\"https:\\\/\\\/bibliotecalatinx.com\\\/product\\\/el-cucurucho-de-almendras-the-paper-cone-filled-with-almonds-colibri-books-spanish-edition\\\/\",\"url\":\"https:\\\/\\\/bibliotecalatinx.com\\\/product\\\/el-cucurucho-de-almendras-the-paper-cone-filled-with-almonds-colibri-books-spanish-edition\\\/\",\"name\":\"El Cucurucho de Almendras \\\/ The Paper Cone Filled with Almonds - Biblioteca Latinx\",\"isPartOf\":{\"@id\":\"https:\\\/\\\/bibliotecalatinx.com\\\/#website\"},\"primaryImageOfPage\":{\"@id\":\"https:\\\/\\\/bibliotecalatinx.com\\\/product\\\/el-cucurucho-de-almendras-the-paper-cone-filled-with-almonds-colibri-books-spanish-edition\\\/#primaryimage\"},\"image\":{\"@id\":\"https:\\\/\\\/bibliotecalatinx.com\\\/product\\\/el-cucurucho-de-almendras-the-paper-cone-filled-with-almonds-colibri-books-spanish-edition\\\/#primaryimage\"},\"thumbnailUrl\":\"https:\\\/\\\/bibliotecalatinx.com\\\/wp-content\\\/uploads\\\/2025\\\/07\\\/Book-1a.png\",\"datePublished\":\"2025-07-21T15:22:02+00:00\",\"dateModified\":\"2025-08-04T18:37:16+00:00\",\"breadcrumb\":{\"@id\":\"https:\\\/\\\/bibliotecalatinx.com\\\/product\\\/el-cucurucho-de-almendras-the-paper-cone-filled-with-almonds-colibri-books-spanish-edition\\\/#breadcrumb\"},\"inLanguage\":\"es\",\"potentialAction\":[{\"@type\":\"ReadAction\",\"target\":[\"https:\\\/\\\/bibliotecalatinx.com\\\/product\\\/el-cucurucho-de-almendras-the-paper-cone-filled-with-almonds-colibri-books-spanish-edition\\\/\"]}]},{\"@type\":\"ImageObject\",\"inLanguage\":\"es\",\"@id\":\"https:\\\/\\\/bibliotecalatinx.com\\\/product\\\/el-cucurucho-de-almendras-the-paper-cone-filled-with-almonds-colibri-books-spanish-edition\\\/#primaryimage\",\"url\":\"https:\\\/\\\/bibliotecalatinx.com\\\/wp-content\\\/uploads\\\/2025\\\/07\\\/Book-1a.png\",\"contentUrl\":\"https:\\\/\\\/bibliotecalatinx.com\\\/wp-content\\\/uploads\\\/2025\\\/07\\\/Book-1a.png\",\"width\":1734,\"height\":1060,\"caption\":\"A child enjoying a colorful ice cream cone in a vibrant setting.\"},{\"@type\":\"BreadcrumbList\",\"@id\":\"https:\\\/\\\/bibliotecalatinx.com\\\/product\\\/el-cucurucho-de-almendras-the-paper-cone-filled-with-almonds-colibri-books-spanish-edition\\\/#breadcrumb\",\"itemListElement\":[{\"@type\":\"ListItem\",\"position\":1,\"name\":\"Home\",\"item\":\"https:\\\/\\\/bibliotecalatinx.com\\\/\"},{\"@type\":\"ListItem\",\"position\":2,\"name\":\"Shop\",\"item\":\"https:\\\/\\\/bibliotecalatinx.com\\\/shop\\\/\"},{\"@type\":\"ListItem\",\"position\":3,\"name\":\"El Cucurucho de Almendras \\\/ The Paper Cone Filled with Almonds\"}]},{\"@type\":\"WebSite\",\"@id\":\"https:\\\/\\\/bibliotecalatinx.com\\\/#website\",\"url\":\"https:\\\/\\\/bibliotecalatinx.com\\\/\",\"name\":\"Biblioteca Latinx\",\"description\":\"\",\"publisher\":{\"@id\":\"https:\\\/\\\/bibliotecalatinx.com\\\/#organization\"},\"potentialAction\":[{\"@type\":\"SearchAction\",\"target\":{\"@type\":\"EntryPoint\",\"urlTemplate\":\"https:\\\/\\\/bibliotecalatinx.com\\\/?s={search_term_string}\"},\"query-input\":{\"@type\":\"PropertyValueSpecification\",\"valueRequired\":true,\"valueName\":\"search_term_string\"}}],\"inLanguage\":\"es\"},{\"@type\":\"Organization\",\"@id\":\"https:\\\/\\\/bibliotecalatinx.com\\\/#organization\",\"name\":\"Biblioteca Latinx\",\"url\":\"https:\\\/\\\/bibliotecalatinx.com\\\/\",\"logo\":{\"@type\":\"ImageObject\",\"inLanguage\":\"es\",\"@id\":\"https:\\\/\\\/bibliotecalatinx.com\\\/#\\\/schema\\\/logo\\\/image\\\/\",\"url\":\"https:\\\/\\\/bibliotecalatinx.com\\\/wp-content\\\/uploads\\\/2025\\\/07\\\/attachment-1.png\",\"contentUrl\":\"https:\\\/\\\/bibliotecalatinx.com\\\/wp-content\\\/uploads\\\/2025\\\/07\\\/attachment-1.png\",\"width\":234,\"height\":234,\"caption\":\"Biblioteca Latinx\"},\"image\":{\"@id\":\"https:\\\/\\\/bibliotecalatinx.com\\\/#\\\/schema\\\/logo\\\/image\\\/\"}}]}<\/script>\n<!-- \/ Yoast SEO plugin. -->","yoast_head_json":{"title":"El Cucurucho de Almendras \/ The Paper Cone Filled with Almonds - Biblioteca Latinx","robots":{"index":"noindex","follow":"follow","max-snippet":"max-snippet:-1","max-image-preview":"max-image-preview:large","max-video-preview":"max-video-preview:-1"},"og_locale":"es_MX","og_type":"article","og_title":"El Cucurucho de Almendras \/ The Paper Cone Filled with Almonds - Biblioteca Latinx","og_description":"The boy was eight years old, an orphan and always hungry. When his mother died, he went to live with his grandfather who didn\u2019t treat him well. To forget","og_url":"https:\/\/bibliotecalatinx.com\/es\/producto\/el-cucurucho-de-almendras-the-paper-cone-filled-with-almonds-colibri-books-spanish-edition\/","og_site_name":"Biblioteca Latinx","article_modified_time":"2025-08-04T18:37:16+00:00","og_image":[{"url":"https:\/\/bibliotecalatinx.com\/wp-content\/uploads\/2025\/07\/Book-1a.png","type":"","width":"","height":""}],"twitter_card":"summary_large_image","twitter_title":"El Cucurucho de Almendras \/ The Paper Cone Filled with Almonds - Biblioteca Latinx","twitter_description":"The boy was eight years old, an orphan and always hungry. When his mother died, he went to live with his grandfather who didn\u2019t treat him well. To forget","twitter_image":"https:\/\/bibliotecalatinx.com\/wp-content\/uploads\/2025\/07\/Book-1a.png","twitter_misc":{"Tiempo de lectura":"1 minuto"},"schema":{"@context":"https:\/\/schema.org","@graph":[{"@type":"WebPage","@id":"https:\/\/bibliotecalatinx.com\/product\/el-cucurucho-de-almendras-the-paper-cone-filled-with-almonds-colibri-books-spanish-edition\/","url":"https:\/\/bibliotecalatinx.com\/product\/el-cucurucho-de-almendras-the-paper-cone-filled-with-almonds-colibri-books-spanish-edition\/","name":"El Cucurucho de Almendras \/ The Paper Cone Filled with Almonds - Biblioteca Latinx","isPartOf":{"@id":"https:\/\/bibliotecalatinx.com\/#website"},"primaryImageOfPage":{"@id":"https:\/\/bibliotecalatinx.com\/product\/el-cucurucho-de-almendras-the-paper-cone-filled-with-almonds-colibri-books-spanish-edition\/#primaryimage"},"image":{"@id":"https:\/\/bibliotecalatinx.com\/product\/el-cucurucho-de-almendras-the-paper-cone-filled-with-almonds-colibri-books-spanish-edition\/#primaryimage"},"thumbnailUrl":"https:\/\/bibliotecalatinx.com\/wp-content\/uploads\/2025\/07\/Book-1a.png","datePublished":"2025-07-21T15:22:02+00:00","dateModified":"2025-08-04T18:37:16+00:00","breadcrumb":{"@id":"https:\/\/bibliotecalatinx.com\/product\/el-cucurucho-de-almendras-the-paper-cone-filled-with-almonds-colibri-books-spanish-edition\/#breadcrumb"},"inLanguage":"es","potentialAction":[{"@type":"ReadAction","target":["https:\/\/bibliotecalatinx.com\/product\/el-cucurucho-de-almendras-the-paper-cone-filled-with-almonds-colibri-books-spanish-edition\/"]}]},{"@type":"ImageObject","inLanguage":"es","@id":"https:\/\/bibliotecalatinx.com\/product\/el-cucurucho-de-almendras-the-paper-cone-filled-with-almonds-colibri-books-spanish-edition\/#primaryimage","url":"https:\/\/bibliotecalatinx.com\/wp-content\/uploads\/2025\/07\/Book-1a.png","contentUrl":"https:\/\/bibliotecalatinx.com\/wp-content\/uploads\/2025\/07\/Book-1a.png","width":1734,"height":1060,"caption":"A child enjoying a colorful ice cream cone in a vibrant setting."},{"@type":"BreadcrumbList","@id":"https:\/\/bibliotecalatinx.com\/product\/el-cucurucho-de-almendras-the-paper-cone-filled-with-almonds-colibri-books-spanish-edition\/#breadcrumb","itemListElement":[{"@type":"ListItem","position":1,"name":"Home","item":"https:\/\/bibliotecalatinx.com\/"},{"@type":"ListItem","position":2,"name":"Shop","item":"https:\/\/bibliotecalatinx.com\/shop\/"},{"@type":"ListItem","position":3,"name":"El Cucurucho de Almendras \/ The Paper Cone Filled with Almonds"}]},{"@type":"WebSite","@id":"https:\/\/bibliotecalatinx.com\/#website","url":"https:\/\/bibliotecalatinx.com\/","name":"Biblioteca Latinx","description":"","publisher":{"@id":"https:\/\/bibliotecalatinx.com\/#organization"},"potentialAction":[{"@type":"SearchAction","target":{"@type":"EntryPoint","urlTemplate":"https:\/\/bibliotecalatinx.com\/?s={search_term_string}"},"query-input":{"@type":"PropertyValueSpecification","valueRequired":true,"valueName":"search_term_string"}}],"inLanguage":"es"},{"@type":"Organization","@id":"https:\/\/bibliotecalatinx.com\/#organization","name":"Biblioteca Latinx","url":"https:\/\/bibliotecalatinx.com\/","logo":{"@type":"ImageObject","inLanguage":"es","@id":"https:\/\/bibliotecalatinx.com\/#\/schema\/logo\/image\/","url":"https:\/\/bibliotecalatinx.com\/wp-content\/uploads\/2025\/07\/attachment-1.png","contentUrl":"https:\/\/bibliotecalatinx.com\/wp-content\/uploads\/2025\/07\/attachment-1.png","width":234,"height":234,"caption":"Biblioteca Latinx"},"image":{"@id":"https:\/\/bibliotecalatinx.com\/#\/schema\/logo\/image\/"}}]}},"_links":{"self":[{"href":"https:\/\/bibliotecalatinx.com\/es\/wp-json\/wp\/v2\/product\/51399","targetHints":{"allow":["GET"]}}],"collection":[{"href":"https:\/\/bibliotecalatinx.com\/es\/wp-json\/wp\/v2\/product"}],"about":[{"href":"https:\/\/bibliotecalatinx.com\/es\/wp-json\/wp\/v2\/types\/product"}],"replies":[{"embeddable":true,"href":"https:\/\/bibliotecalatinx.com\/es\/wp-json\/wp\/v2\/comments?post=51399"}],"wp:featuredmedia":[{"embeddable":true,"href":"https:\/\/bibliotecalatinx.com\/es\/wp-json\/wp\/v2\/media\/51401"}],"wp:attachment":[{"href":"https:\/\/bibliotecalatinx.com\/es\/wp-json\/wp\/v2\/media?parent=51399"}],"wp:term":[{"taxonomy":"product_brand","embeddable":true,"href":"https:\/\/bibliotecalatinx.com\/es\/wp-json\/wp\/v2\/product_brand?post=51399"},{"taxonomy":"product_cat","embeddable":true,"href":"https:\/\/bibliotecalatinx.com\/es\/wp-json\/wp\/v2\/product_cat?post=51399"},{"taxonomy":"product_tag","embeddable":true,"href":"https:\/\/bibliotecalatinx.com\/es\/wp-json\/wp\/v2\/product_tag?post=51399"}],"curies":[{"name":"wp","href":"https:\/\/api.w.org\/{rel}","templated":true}]}}