{"id":51207,"date":"2025-07-15T21:59:35","date_gmt":"2025-07-16T04:59:35","guid":{"rendered":"https:\/\/bibliotecalatinx.com\/?post_type=product&#038;p=51207"},"modified":"2025-08-04T11:03:19","modified_gmt":"2025-08-04T18:03:19","slug":"el-fosforo-del-avaro-the-misers-match-colibri-books-spanish-edition","status":"publish","type":"product","link":"https:\/\/bibliotecalatinx.com\/es\/producto\/el-fosforo-del-avaro-the-misers-match-colibri-books-spanish-edition\/","title":{"rendered":"El F\u00f3sforo del Avaro: The Miser\u2019s Match"},"content":{"rendered":"<p>Why was he called the Happy Man? No one knows, but I suspect it had to do with a smile that was permanently stamped on his lips, a result of facial muscle contraction. But in reality, that man could be perceived as the least cheerful person. Unsociable, harsh, reclusive, his real name was Robert Moulin, place of birth unknown. At a young age he moved to Paris to make a living any way he could. He had spent a good part of his sixty years in a shack on a narrow and dark street close to Place d\u2019Ente, where he lived alone, and no one ever knew of anyone else living with him: a partner, a maid, a dog, nor a cat.<\/p>\n<p>\u00bfPor qu\u00e9 le llamaban el T\u00edo Alegre? Nadie lo sabe, y sospecho que era a causa de algo parecido a una sonrisa que ten\u00eda estereotipada en los labios, efecto de una contracci\u00f3n de los m\u00fasculos faciales. Por lo dem\u00e1s, aquel hombre era lo menos alegre que concebirse puede. Hura\u00f1o, duro, solitario, su verdadero nombre era Robert Moulin, nacido qui\u00e9n sabe d\u00f3nde. Desde temprana edad hab\u00eda ido a Par\u00eds, para ganarse la vida como mejor pudiese. As\u00ed lleg\u00f3 a los sesenta a\u00f1os, buena parte de los cuales los pas\u00f3 en una casucha de estrecha y obscura calle cercana a la Place d&#8217;Ente, en la que viv\u00eda solo, sin que nadie le hubiese conocido compa\u00f1era, ni criada, ni perro, ni gato.<\/p>","protected":false},"excerpt":{"rendered":"<p>Why was he called the Happy Man? No one knows, but I suspect it had to do with a smile that was permanently stamped on his lips, a result of facial muscle contraction. But in reality, that man could be perceived as the least cheerful person. Unsociable, harsh, reclusive, his real name was Robert Moulin,&hellip;<\/p>","protected":false},"featured_media":51208,"comment_status":"closed","ping_status":"closed","template":"","meta":[],"product_brand":[],"product_cat":[22],"product_tag":[],"class_list":{"0":"post-51207","1":"product","2":"type-product","3":"status-publish","4":"has-post-thumbnail","6":"product_cat-childrens-books","8":"first","9":"instock","10":"sale","11":"taxable","12":"shipping-taxable","13":"purchasable","14":"product-type-simple"},"yoast_head":"<!-- This site is optimized with the Yoast SEO plugin v27.4 - https:\/\/yoast.com\/product\/yoast-seo-wordpress\/ -->\n<title>El F\u00f3sforo del Avaro: The Miser\u2019s Match - Biblioteca Latinx<\/title>\n<meta name=\"robots\" content=\"noindex, follow, max-snippet:-1, max-image-preview:large, max-video-preview:-1\" \/>\n<meta property=\"og:locale\" content=\"es_MX\" \/>\n<meta property=\"og:type\" content=\"article\" \/>\n<meta property=\"og:title\" content=\"El F\u00f3sforo del Avaro: The Miser\u2019s Match - Biblioteca Latinx\" \/>\n<meta property=\"og:description\" content=\"Why was he called the Happy Man? No one knows, but I suspect it had to do with a smile that was permanently stamped on his lips, a result of facial muscle\" \/>\n<meta property=\"og:url\" content=\"https:\/\/bibliotecalatinx.com\/es\/producto\/el-fosforo-del-avaro-the-misers-match-colibri-books-spanish-edition\/\" \/>\n<meta property=\"og:site_name\" content=\"Biblioteca Latinx\" \/>\n<meta property=\"article:modified_time\" content=\"2025-08-04T18:03:19+00:00\" \/>\n<meta property=\"og:image\" content=\"https:\/\/bibliotecalatinx.com\/wp-content\/uploads\/2025\/07\/51lUqr1Hw1L.jpg\" \/>\n<meta name=\"twitter:card\" content=\"summary_large_image\" \/>\n<meta name=\"twitter:title\" content=\"El F\u00f3sforo del Avaro: The Miser\u2019s Match - Biblioteca Latinx\" \/>\n<meta name=\"twitter:description\" content=\"Why was he called the Happy Man? No one knows, but I suspect it had to do with a smile that was permanently stamped on his lips, a result of facial muscle\" \/>\n<meta name=\"twitter:image\" content=\"https:\/\/bibliotecalatinx.com\/wp-content\/uploads\/2025\/07\/51lUqr1Hw1L.jpg\" \/>\n<meta name=\"twitter:label1\" content=\"Tiempo de lectura\" \/>\n\t<meta name=\"twitter:data1\" content=\"1 minuto\" \/>\n<script type=\"application\/ld+json\" class=\"yoast-schema-graph\">{\"@context\":\"https:\\\/\\\/schema.org\",\"@graph\":[{\"@type\":\"WebPage\",\"@id\":\"https:\\\/\\\/bibliotecalatinx.com\\\/product\\\/el-fosforo-del-avaro-the-misers-match-colibri-books-spanish-edition\\\/\",\"url\":\"https:\\\/\\\/bibliotecalatinx.com\\\/product\\\/el-fosforo-del-avaro-the-misers-match-colibri-books-spanish-edition\\\/\",\"name\":\"El F\u00f3sforo del Avaro: The Miser\u2019s Match - Biblioteca Latinx\",\"isPartOf\":{\"@id\":\"https:\\\/\\\/bibliotecalatinx.com\\\/#website\"},\"primaryImageOfPage\":{\"@id\":\"https:\\\/\\\/bibliotecalatinx.com\\\/product\\\/el-fosforo-del-avaro-the-misers-match-colibri-books-spanish-edition\\\/#primaryimage\"},\"image\":{\"@id\":\"https:\\\/\\\/bibliotecalatinx.com\\\/product\\\/el-fosforo-del-avaro-the-misers-match-colibri-books-spanish-edition\\\/#primaryimage\"},\"thumbnailUrl\":\"https:\\\/\\\/bibliotecalatinx.com\\\/wp-content\\\/uploads\\\/2025\\\/07\\\/51lUqr1Hw1L.jpg\",\"datePublished\":\"2025-07-16T04:59:35+00:00\",\"dateModified\":\"2025-08-04T18:03:19+00:00\",\"breadcrumb\":{\"@id\":\"https:\\\/\\\/bibliotecalatinx.com\\\/product\\\/el-fosforo-del-avaro-the-misers-match-colibri-books-spanish-edition\\\/#breadcrumb\"},\"inLanguage\":\"es\",\"potentialAction\":[{\"@type\":\"ReadAction\",\"target\":[\"https:\\\/\\\/bibliotecalatinx.com\\\/product\\\/el-fosforo-del-avaro-the-misers-match-colibri-books-spanish-edition\\\/\"]}]},{\"@type\":\"ImageObject\",\"inLanguage\":\"es\",\"@id\":\"https:\\\/\\\/bibliotecalatinx.com\\\/product\\\/el-fosforo-del-avaro-the-misers-match-colibri-books-spanish-edition\\\/#primaryimage\",\"url\":\"https:\\\/\\\/bibliotecalatinx.com\\\/wp-content\\\/uploads\\\/2025\\\/07\\\/51lUqr1Hw1L.jpg\",\"contentUrl\":\"https:\\\/\\\/bibliotecalatinx.com\\\/wp-content\\\/uploads\\\/2025\\\/07\\\/51lUqr1Hw1L.jpg\",\"width\":500,\"height\":325,\"caption\":\"Book cover of \\\"The Miser's Match.\"},{\"@type\":\"BreadcrumbList\",\"@id\":\"https:\\\/\\\/bibliotecalatinx.com\\\/product\\\/el-fosforo-del-avaro-the-misers-match-colibri-books-spanish-edition\\\/#breadcrumb\",\"itemListElement\":[{\"@type\":\"ListItem\",\"position\":1,\"name\":\"Home\",\"item\":\"https:\\\/\\\/bibliotecalatinx.com\\\/\"},{\"@type\":\"ListItem\",\"position\":2,\"name\":\"Shop\",\"item\":\"https:\\\/\\\/bibliotecalatinx.com\\\/shop\\\/\"},{\"@type\":\"ListItem\",\"position\":3,\"name\":\"El F\u00f3sforo del Avaro: The Miser\u2019s Match\"}]},{\"@type\":\"WebSite\",\"@id\":\"https:\\\/\\\/bibliotecalatinx.com\\\/#website\",\"url\":\"https:\\\/\\\/bibliotecalatinx.com\\\/\",\"name\":\"Biblioteca Latinx\",\"description\":\"\",\"publisher\":{\"@id\":\"https:\\\/\\\/bibliotecalatinx.com\\\/#organization\"},\"potentialAction\":[{\"@type\":\"SearchAction\",\"target\":{\"@type\":\"EntryPoint\",\"urlTemplate\":\"https:\\\/\\\/bibliotecalatinx.com\\\/?s={search_term_string}\"},\"query-input\":{\"@type\":\"PropertyValueSpecification\",\"valueRequired\":true,\"valueName\":\"search_term_string\"}}],\"inLanguage\":\"es\"},{\"@type\":\"Organization\",\"@id\":\"https:\\\/\\\/bibliotecalatinx.com\\\/#organization\",\"name\":\"Biblioteca Latinx\",\"url\":\"https:\\\/\\\/bibliotecalatinx.com\\\/\",\"logo\":{\"@type\":\"ImageObject\",\"inLanguage\":\"es\",\"@id\":\"https:\\\/\\\/bibliotecalatinx.com\\\/#\\\/schema\\\/logo\\\/image\\\/\",\"url\":\"https:\\\/\\\/bibliotecalatinx.com\\\/wp-content\\\/uploads\\\/2025\\\/07\\\/attachment-1.png\",\"contentUrl\":\"https:\\\/\\\/bibliotecalatinx.com\\\/wp-content\\\/uploads\\\/2025\\\/07\\\/attachment-1.png\",\"width\":234,\"height\":234,\"caption\":\"Biblioteca Latinx\"},\"image\":{\"@id\":\"https:\\\/\\\/bibliotecalatinx.com\\\/#\\\/schema\\\/logo\\\/image\\\/\"}}]}<\/script>\n<!-- \/ Yoast SEO plugin. -->","yoast_head_json":{"title":"El F\u00f3sforo del Avaro: The Miser\u2019s Match - Biblioteca Latinx","robots":{"index":"noindex","follow":"follow","max-snippet":"max-snippet:-1","max-image-preview":"max-image-preview:large","max-video-preview":"max-video-preview:-1"},"og_locale":"es_MX","og_type":"article","og_title":"El F\u00f3sforo del Avaro: The Miser\u2019s Match - Biblioteca Latinx","og_description":"Why was he called the Happy Man? No one knows, but I suspect it had to do with a smile that was permanently stamped on his lips, a result of facial muscle","og_url":"https:\/\/bibliotecalatinx.com\/es\/producto\/el-fosforo-del-avaro-the-misers-match-colibri-books-spanish-edition\/","og_site_name":"Biblioteca Latinx","article_modified_time":"2025-08-04T18:03:19+00:00","og_image":[{"url":"https:\/\/bibliotecalatinx.com\/wp-content\/uploads\/2025\/07\/51lUqr1Hw1L.jpg","type":"","width":"","height":""}],"twitter_card":"summary_large_image","twitter_title":"El F\u00f3sforo del Avaro: The Miser\u2019s Match - Biblioteca Latinx","twitter_description":"Why was he called the Happy Man? No one knows, but I suspect it had to do with a smile that was permanently stamped on his lips, a result of facial muscle","twitter_image":"https:\/\/bibliotecalatinx.com\/wp-content\/uploads\/2025\/07\/51lUqr1Hw1L.jpg","twitter_misc":{"Tiempo de lectura":"1 minuto"},"schema":{"@context":"https:\/\/schema.org","@graph":[{"@type":"WebPage","@id":"https:\/\/bibliotecalatinx.com\/product\/el-fosforo-del-avaro-the-misers-match-colibri-books-spanish-edition\/","url":"https:\/\/bibliotecalatinx.com\/product\/el-fosforo-del-avaro-the-misers-match-colibri-books-spanish-edition\/","name":"El F\u00f3sforo del Avaro: The Miser\u2019s Match - Biblioteca Latinx","isPartOf":{"@id":"https:\/\/bibliotecalatinx.com\/#website"},"primaryImageOfPage":{"@id":"https:\/\/bibliotecalatinx.com\/product\/el-fosforo-del-avaro-the-misers-match-colibri-books-spanish-edition\/#primaryimage"},"image":{"@id":"https:\/\/bibliotecalatinx.com\/product\/el-fosforo-del-avaro-the-misers-match-colibri-books-spanish-edition\/#primaryimage"},"thumbnailUrl":"https:\/\/bibliotecalatinx.com\/wp-content\/uploads\/2025\/07\/51lUqr1Hw1L.jpg","datePublished":"2025-07-16T04:59:35+00:00","dateModified":"2025-08-04T18:03:19+00:00","breadcrumb":{"@id":"https:\/\/bibliotecalatinx.com\/product\/el-fosforo-del-avaro-the-misers-match-colibri-books-spanish-edition\/#breadcrumb"},"inLanguage":"es","potentialAction":[{"@type":"ReadAction","target":["https:\/\/bibliotecalatinx.com\/product\/el-fosforo-del-avaro-the-misers-match-colibri-books-spanish-edition\/"]}]},{"@type":"ImageObject","inLanguage":"es","@id":"https:\/\/bibliotecalatinx.com\/product\/el-fosforo-del-avaro-the-misers-match-colibri-books-spanish-edition\/#primaryimage","url":"https:\/\/bibliotecalatinx.com\/wp-content\/uploads\/2025\/07\/51lUqr1Hw1L.jpg","contentUrl":"https:\/\/bibliotecalatinx.com\/wp-content\/uploads\/2025\/07\/51lUqr1Hw1L.jpg","width":500,"height":325,"caption":"Book cover of \"The Miser's Match."},{"@type":"BreadcrumbList","@id":"https:\/\/bibliotecalatinx.com\/product\/el-fosforo-del-avaro-the-misers-match-colibri-books-spanish-edition\/#breadcrumb","itemListElement":[{"@type":"ListItem","position":1,"name":"Home","item":"https:\/\/bibliotecalatinx.com\/"},{"@type":"ListItem","position":2,"name":"Shop","item":"https:\/\/bibliotecalatinx.com\/shop\/"},{"@type":"ListItem","position":3,"name":"El F\u00f3sforo del Avaro: The Miser\u2019s Match"}]},{"@type":"WebSite","@id":"https:\/\/bibliotecalatinx.com\/#website","url":"https:\/\/bibliotecalatinx.com\/","name":"Biblioteca Latinx","description":"","publisher":{"@id":"https:\/\/bibliotecalatinx.com\/#organization"},"potentialAction":[{"@type":"SearchAction","target":{"@type":"EntryPoint","urlTemplate":"https:\/\/bibliotecalatinx.com\/?s={search_term_string}"},"query-input":{"@type":"PropertyValueSpecification","valueRequired":true,"valueName":"search_term_string"}}],"inLanguage":"es"},{"@type":"Organization","@id":"https:\/\/bibliotecalatinx.com\/#organization","name":"Biblioteca Latinx","url":"https:\/\/bibliotecalatinx.com\/","logo":{"@type":"ImageObject","inLanguage":"es","@id":"https:\/\/bibliotecalatinx.com\/#\/schema\/logo\/image\/","url":"https:\/\/bibliotecalatinx.com\/wp-content\/uploads\/2025\/07\/attachment-1.png","contentUrl":"https:\/\/bibliotecalatinx.com\/wp-content\/uploads\/2025\/07\/attachment-1.png","width":234,"height":234,"caption":"Biblioteca Latinx"},"image":{"@id":"https:\/\/bibliotecalatinx.com\/#\/schema\/logo\/image\/"}}]}},"_links":{"self":[{"href":"https:\/\/bibliotecalatinx.com\/es\/wp-json\/wp\/v2\/product\/51207","targetHints":{"allow":["GET"]}}],"collection":[{"href":"https:\/\/bibliotecalatinx.com\/es\/wp-json\/wp\/v2\/product"}],"about":[{"href":"https:\/\/bibliotecalatinx.com\/es\/wp-json\/wp\/v2\/types\/product"}],"replies":[{"embeddable":true,"href":"https:\/\/bibliotecalatinx.com\/es\/wp-json\/wp\/v2\/comments?post=51207"}],"wp:featuredmedia":[{"embeddable":true,"href":"https:\/\/bibliotecalatinx.com\/es\/wp-json\/wp\/v2\/media\/51208"}],"wp:attachment":[{"href":"https:\/\/bibliotecalatinx.com\/es\/wp-json\/wp\/v2\/media?parent=51207"}],"wp:term":[{"taxonomy":"product_brand","embeddable":true,"href":"https:\/\/bibliotecalatinx.com\/es\/wp-json\/wp\/v2\/product_brand?post=51207"},{"taxonomy":"product_cat","embeddable":true,"href":"https:\/\/bibliotecalatinx.com\/es\/wp-json\/wp\/v2\/product_cat?post=51207"},{"taxonomy":"product_tag","embeddable":true,"href":"https:\/\/bibliotecalatinx.com\/es\/wp-json\/wp\/v2\/product_tag?post=51207"}],"curies":[{"name":"wp","href":"https:\/\/api.w.org\/{rel}","templated":true}]}}