{"id":51205,"date":"2025-07-15T21:57:50","date_gmt":"2025-07-16T04:57:50","guid":{"rendered":"https:\/\/bibliotecalatinx.com\/?post_type=product&#038;p=51205"},"modified":"2025-08-28T08:14:42","modified_gmt":"2025-08-28T15:14:42","slug":"el-aura-solitaria-the-lonely-buzzard-colibri-books-spanish-edition-2","status":"publish","type":"product","link":"https:\/\/bibliotecalatinx.com\/es\/producto\/el-aura-solitaria-the-lonely-buzzard-colibri-books-spanish-edition-2\/","title":{"rendered":"El Aura Solitaria: The Lonely Buzzard"},"content":{"rendered":"<p>The need to care for the world\u2019s flora and fauna has been growing exponentially, and, as each day goes by, we fail to see the dangers that directly affect humans. We seem to not be aware of the thousands of animals, birds, and plants in danger of extinction. As human beings, we are not doing enough for our benefit. Animals, birds, and plants are suffering to the point that there are now thousands of extinct species with many more currently in danger. We consider our relationship with nature as insignificant and continue to ignore everyday signs and warnings. This story, The Lonely Buzzard, originally written in Spanish in the early 1900\u2019s narrates the delicate line between life and death and how nature can help us survive if we pay attention to its offerings, but also to its needs. The earth\u2019s natural functions contribute to the benefit of all human beings, but we refuse to acknowledge it.<\/p>\n<p>La importancia de la flora y fauna en todas partes del mundo incrementa paulatinamente ya que, por cada d\u00eda que pasa, vemos el peligro de extinci\u00f3n de miles de animals, p\u00e1jaros y plantas que destruimos con la justificaci\u00f3n de que debemos entrar en la \u201cModernidad\u201d. Este tipo de modernidad implica la destrucci\u00f3n de elementos naturales que en vez de da\u00f1arnos, nos han beneficiado a trav\u00e9s de la historia. Aparentemente, no queremos darnos cuenta de los peligros que esto implica para la humanidad, y para encontrar soluciones para tratar enfermedades y plagas que nos amenazan constantemente. El cuento El Aura Solitaria, originalmente escrito y publicado en espa\u00f1ol en la primera parte del siglo XX expresa de una manera art\u00edstica y con mucha emoci\u00f3n c\u00f3mo la destrucci\u00f3n y el odio hacia la naturaleza nos perjudica, y no queremos darnos cuenta.<\/p>","protected":false},"excerpt":{"rendered":"<p>The need to care for the world\u2019s flora and fauna has been growing exponentially, and, as each day goes by, we fail to see the dangers that directly affect humans. We seem to not be aware of the thousands of animals, birds, and plants in danger of extinction. As human beings, we are not doing&hellip;<\/p>","protected":false},"featured_media":51210,"comment_status":"closed","ping_status":"closed","template":"","meta":[],"product_brand":[],"product_cat":[22],"product_tag":[],"class_list":{"0":"post-51205","1":"product","2":"type-product","3":"status-publish","4":"has-post-thumbnail","6":"product_cat-childrens-books","8":"first","9":"instock","10":"sale","11":"taxable","12":"shipping-taxable","13":"purchasable","14":"product-type-simple"},"yoast_head":"<!-- This site is optimized with the Yoast SEO plugin v27.4 - https:\/\/yoast.com\/product\/yoast-seo-wordpress\/ -->\n<title>El Aura Solitaria: The Lonely Buzzard - Biblioteca Latinx<\/title>\n<meta name=\"robots\" content=\"noindex, follow, max-snippet:-1, max-image-preview:large, max-video-preview:-1\" \/>\n<meta property=\"og:locale\" content=\"es_MX\" \/>\n<meta property=\"og:type\" content=\"article\" \/>\n<meta property=\"og:title\" content=\"El Aura Solitaria: The Lonely Buzzard - Biblioteca Latinx\" \/>\n<meta property=\"og:description\" content=\"The need to care for the world\u2019s flora and fauna has been growing exponentially, and, as each day goes by, we fail to see the dangers that directly affect\" \/>\n<meta property=\"og:url\" content=\"https:\/\/bibliotecalatinx.com\/es\/producto\/el-aura-solitaria-the-lonely-buzzard-colibri-books-spanish-edition-2\/\" \/>\n<meta property=\"og:site_name\" content=\"Biblioteca Latinx\" \/>\n<meta property=\"article:modified_time\" content=\"2025-08-28T15:14:42+00:00\" \/>\n<meta property=\"og:image\" content=\"https:\/\/bibliotecalatinx.com\/wp-content\/uploads\/2025\/07\/51lUqr1Hw1L.webp\" \/>\n<meta name=\"twitter:card\" content=\"summary_large_image\" \/>\n<meta name=\"twitter:title\" content=\"El Aura Solitaria: The Lonely Buzzard - Biblioteca Latinx\" \/>\n<meta name=\"twitter:description\" content=\"The need to care for the world\u2019s flora and fauna has been growing exponentially, and, as each day goes by, we fail to see the dangers that directly affect\" \/>\n<meta name=\"twitter:image\" content=\"https:\/\/bibliotecalatinx.com\/wp-content\/uploads\/2025\/07\/51lUqr1Hw1L.webp\" \/>\n<meta name=\"twitter:label1\" content=\"Tiempo de lectura\" \/>\n\t<meta name=\"twitter:data1\" content=\"1 minuto\" \/>\n<script type=\"application\/ld+json\" class=\"yoast-schema-graph\">{\"@context\":\"https:\\\/\\\/schema.org\",\"@graph\":[{\"@type\":\"WebPage\",\"@id\":\"https:\\\/\\\/bibliotecalatinx.com\\\/product\\\/el-aura-solitaria-the-lonely-buzzard-colibri-books-spanish-edition-2\\\/\",\"url\":\"https:\\\/\\\/bibliotecalatinx.com\\\/product\\\/el-aura-solitaria-the-lonely-buzzard-colibri-books-spanish-edition-2\\\/\",\"name\":\"El Aura Solitaria: The Lonely Buzzard - Biblioteca Latinx\",\"isPartOf\":{\"@id\":\"https:\\\/\\\/bibliotecalatinx.com\\\/#website\"},\"primaryImageOfPage\":{\"@id\":\"https:\\\/\\\/bibliotecalatinx.com\\\/product\\\/el-aura-solitaria-the-lonely-buzzard-colibri-books-spanish-edition-2\\\/#primaryimage\"},\"image\":{\"@id\":\"https:\\\/\\\/bibliotecalatinx.com\\\/product\\\/el-aura-solitaria-the-lonely-buzzard-colibri-books-spanish-edition-2\\\/#primaryimage\"},\"thumbnailUrl\":\"https:\\\/\\\/bibliotecalatinx.com\\\/wp-content\\\/uploads\\\/2025\\\/07\\\/51lUqr1Hw1L.webp\",\"datePublished\":\"2025-07-16T04:57:50+00:00\",\"dateModified\":\"2025-08-28T15:14:42+00:00\",\"breadcrumb\":{\"@id\":\"https:\\\/\\\/bibliotecalatinx.com\\\/product\\\/el-aura-solitaria-the-lonely-buzzard-colibri-books-spanish-edition-2\\\/#breadcrumb\"},\"inLanguage\":\"es\",\"potentialAction\":[{\"@type\":\"ReadAction\",\"target\":[\"https:\\\/\\\/bibliotecalatinx.com\\\/product\\\/el-aura-solitaria-the-lonely-buzzard-colibri-books-spanish-edition-2\\\/\"]}]},{\"@type\":\"ImageObject\",\"inLanguage\":\"es\",\"@id\":\"https:\\\/\\\/bibliotecalatinx.com\\\/product\\\/el-aura-solitaria-the-lonely-buzzard-colibri-books-spanish-edition-2\\\/#primaryimage\",\"url\":\"https:\\\/\\\/bibliotecalatinx.com\\\/wp-content\\\/uploads\\\/2025\\\/07\\\/51lUqr1Hw1L.webp\",\"contentUrl\":\"https:\\\/\\\/bibliotecalatinx.com\\\/wp-content\\\/uploads\\\/2025\\\/07\\\/51lUqr1Hw1L.webp\",\"width\":500,\"height\":325,\"caption\":\"Cover of \\\"El Aura Solitaria\\\" with buzzard.\"},{\"@type\":\"BreadcrumbList\",\"@id\":\"https:\\\/\\\/bibliotecalatinx.com\\\/product\\\/el-aura-solitaria-the-lonely-buzzard-colibri-books-spanish-edition-2\\\/#breadcrumb\",\"itemListElement\":[{\"@type\":\"ListItem\",\"position\":1,\"name\":\"Home\",\"item\":\"https:\\\/\\\/bibliotecalatinx.com\\\/\"},{\"@type\":\"ListItem\",\"position\":2,\"name\":\"Shop\",\"item\":\"https:\\\/\\\/bibliotecalatinx.com\\\/shop\\\/\"},{\"@type\":\"ListItem\",\"position\":3,\"name\":\"El Aura Solitaria: The Lonely Buzzard\"}]},{\"@type\":\"WebSite\",\"@id\":\"https:\\\/\\\/bibliotecalatinx.com\\\/#website\",\"url\":\"https:\\\/\\\/bibliotecalatinx.com\\\/\",\"name\":\"Biblioteca Latinx\",\"description\":\"\",\"publisher\":{\"@id\":\"https:\\\/\\\/bibliotecalatinx.com\\\/#organization\"},\"potentialAction\":[{\"@type\":\"SearchAction\",\"target\":{\"@type\":\"EntryPoint\",\"urlTemplate\":\"https:\\\/\\\/bibliotecalatinx.com\\\/?s={search_term_string}\"},\"query-input\":{\"@type\":\"PropertyValueSpecification\",\"valueRequired\":true,\"valueName\":\"search_term_string\"}}],\"inLanguage\":\"es\"},{\"@type\":\"Organization\",\"@id\":\"https:\\\/\\\/bibliotecalatinx.com\\\/#organization\",\"name\":\"Biblioteca Latinx\",\"url\":\"https:\\\/\\\/bibliotecalatinx.com\\\/\",\"logo\":{\"@type\":\"ImageObject\",\"inLanguage\":\"es\",\"@id\":\"https:\\\/\\\/bibliotecalatinx.com\\\/#\\\/schema\\\/logo\\\/image\\\/\",\"url\":\"https:\\\/\\\/bibliotecalatinx.com\\\/wp-content\\\/uploads\\\/2025\\\/07\\\/attachment-1.png\",\"contentUrl\":\"https:\\\/\\\/bibliotecalatinx.com\\\/wp-content\\\/uploads\\\/2025\\\/07\\\/attachment-1.png\",\"width\":234,\"height\":234,\"caption\":\"Biblioteca Latinx\"},\"image\":{\"@id\":\"https:\\\/\\\/bibliotecalatinx.com\\\/#\\\/schema\\\/logo\\\/image\\\/\"}}]}<\/script>\n<!-- \/ Yoast SEO plugin. -->","yoast_head_json":{"title":"El Aura Solitaria: The Lonely Buzzard - Biblioteca Latinx","robots":{"index":"noindex","follow":"follow","max-snippet":"max-snippet:-1","max-image-preview":"max-image-preview:large","max-video-preview":"max-video-preview:-1"},"og_locale":"es_MX","og_type":"article","og_title":"El Aura Solitaria: The Lonely Buzzard - Biblioteca Latinx","og_description":"The need to care for the world\u2019s flora and fauna has been growing exponentially, and, as each day goes by, we fail to see the dangers that directly affect","og_url":"https:\/\/bibliotecalatinx.com\/es\/producto\/el-aura-solitaria-the-lonely-buzzard-colibri-books-spanish-edition-2\/","og_site_name":"Biblioteca Latinx","article_modified_time":"2025-08-28T15:14:42+00:00","og_image":[{"url":"https:\/\/bibliotecalatinx.com\/wp-content\/uploads\/2025\/07\/51lUqr1Hw1L.webp","type":"","width":"","height":""}],"twitter_card":"summary_large_image","twitter_title":"El Aura Solitaria: The Lonely Buzzard - Biblioteca Latinx","twitter_description":"The need to care for the world\u2019s flora and fauna has been growing exponentially, and, as each day goes by, we fail to see the dangers that directly affect","twitter_image":"https:\/\/bibliotecalatinx.com\/wp-content\/uploads\/2025\/07\/51lUqr1Hw1L.webp","twitter_misc":{"Tiempo de lectura":"1 minuto"},"schema":{"@context":"https:\/\/schema.org","@graph":[{"@type":"WebPage","@id":"https:\/\/bibliotecalatinx.com\/product\/el-aura-solitaria-the-lonely-buzzard-colibri-books-spanish-edition-2\/","url":"https:\/\/bibliotecalatinx.com\/product\/el-aura-solitaria-the-lonely-buzzard-colibri-books-spanish-edition-2\/","name":"El Aura Solitaria: The Lonely Buzzard - Biblioteca Latinx","isPartOf":{"@id":"https:\/\/bibliotecalatinx.com\/#website"},"primaryImageOfPage":{"@id":"https:\/\/bibliotecalatinx.com\/product\/el-aura-solitaria-the-lonely-buzzard-colibri-books-spanish-edition-2\/#primaryimage"},"image":{"@id":"https:\/\/bibliotecalatinx.com\/product\/el-aura-solitaria-the-lonely-buzzard-colibri-books-spanish-edition-2\/#primaryimage"},"thumbnailUrl":"https:\/\/bibliotecalatinx.com\/wp-content\/uploads\/2025\/07\/51lUqr1Hw1L.webp","datePublished":"2025-07-16T04:57:50+00:00","dateModified":"2025-08-28T15:14:42+00:00","breadcrumb":{"@id":"https:\/\/bibliotecalatinx.com\/product\/el-aura-solitaria-the-lonely-buzzard-colibri-books-spanish-edition-2\/#breadcrumb"},"inLanguage":"es","potentialAction":[{"@type":"ReadAction","target":["https:\/\/bibliotecalatinx.com\/product\/el-aura-solitaria-the-lonely-buzzard-colibri-books-spanish-edition-2\/"]}]},{"@type":"ImageObject","inLanguage":"es","@id":"https:\/\/bibliotecalatinx.com\/product\/el-aura-solitaria-the-lonely-buzzard-colibri-books-spanish-edition-2\/#primaryimage","url":"https:\/\/bibliotecalatinx.com\/wp-content\/uploads\/2025\/07\/51lUqr1Hw1L.webp","contentUrl":"https:\/\/bibliotecalatinx.com\/wp-content\/uploads\/2025\/07\/51lUqr1Hw1L.webp","width":500,"height":325,"caption":"Cover of \"El Aura Solitaria\" with buzzard."},{"@type":"BreadcrumbList","@id":"https:\/\/bibliotecalatinx.com\/product\/el-aura-solitaria-the-lonely-buzzard-colibri-books-spanish-edition-2\/#breadcrumb","itemListElement":[{"@type":"ListItem","position":1,"name":"Home","item":"https:\/\/bibliotecalatinx.com\/"},{"@type":"ListItem","position":2,"name":"Shop","item":"https:\/\/bibliotecalatinx.com\/shop\/"},{"@type":"ListItem","position":3,"name":"El Aura Solitaria: The Lonely Buzzard"}]},{"@type":"WebSite","@id":"https:\/\/bibliotecalatinx.com\/#website","url":"https:\/\/bibliotecalatinx.com\/","name":"Biblioteca Latinx","description":"","publisher":{"@id":"https:\/\/bibliotecalatinx.com\/#organization"},"potentialAction":[{"@type":"SearchAction","target":{"@type":"EntryPoint","urlTemplate":"https:\/\/bibliotecalatinx.com\/?s={search_term_string}"},"query-input":{"@type":"PropertyValueSpecification","valueRequired":true,"valueName":"search_term_string"}}],"inLanguage":"es"},{"@type":"Organization","@id":"https:\/\/bibliotecalatinx.com\/#organization","name":"Biblioteca Latinx","url":"https:\/\/bibliotecalatinx.com\/","logo":{"@type":"ImageObject","inLanguage":"es","@id":"https:\/\/bibliotecalatinx.com\/#\/schema\/logo\/image\/","url":"https:\/\/bibliotecalatinx.com\/wp-content\/uploads\/2025\/07\/attachment-1.png","contentUrl":"https:\/\/bibliotecalatinx.com\/wp-content\/uploads\/2025\/07\/attachment-1.png","width":234,"height":234,"caption":"Biblioteca Latinx"},"image":{"@id":"https:\/\/bibliotecalatinx.com\/#\/schema\/logo\/image\/"}}]}},"_links":{"self":[{"href":"https:\/\/bibliotecalatinx.com\/es\/wp-json\/wp\/v2\/product\/51205","targetHints":{"allow":["GET"]}}],"collection":[{"href":"https:\/\/bibliotecalatinx.com\/es\/wp-json\/wp\/v2\/product"}],"about":[{"href":"https:\/\/bibliotecalatinx.com\/es\/wp-json\/wp\/v2\/types\/product"}],"replies":[{"embeddable":true,"href":"https:\/\/bibliotecalatinx.com\/es\/wp-json\/wp\/v2\/comments?post=51205"}],"wp:featuredmedia":[{"embeddable":true,"href":"https:\/\/bibliotecalatinx.com\/es\/wp-json\/wp\/v2\/media\/51210"}],"wp:attachment":[{"href":"https:\/\/bibliotecalatinx.com\/es\/wp-json\/wp\/v2\/media?parent=51205"}],"wp:term":[{"taxonomy":"product_brand","embeddable":true,"href":"https:\/\/bibliotecalatinx.com\/es\/wp-json\/wp\/v2\/product_brand?post=51205"},{"taxonomy":"product_cat","embeddable":true,"href":"https:\/\/bibliotecalatinx.com\/es\/wp-json\/wp\/v2\/product_cat?post=51205"},{"taxonomy":"product_tag","embeddable":true,"href":"https:\/\/bibliotecalatinx.com\/es\/wp-json\/wp\/v2\/product_tag?post=51205"}],"curies":[{"name":"wp","href":"https:\/\/api.w.org\/{rel}","templated":true}]}}