{"id":28,"date":"2025-07-13T08:04:36","date_gmt":"2025-07-13T08:04:36","guid":{"rendered":"https:\/\/bibliotecalatinx.com\/our-authors\/"},"modified":"2025-09-11T08:09:18","modified_gmt":"2025-09-11T15:09:18","slug":"our-authors","status":"publish","type":"page","link":"https:\/\/bibliotecalatinx.com\/es\/our-authors\/","title":{"rendered":"Nuestros autores"},"content":{"rendered":"<!DOCTYPE html PUBLIC \"-\/\/W3C\/\/DTD HTML 4.0 Transitional\/\/EN\" \"http:\/\/www.w3.org\/TR\/REC-html40\/loose.dtd\">\n<html><body><nav id=\"breadcrumbs\" aria-label=\"Breadcrumbs\"><a href=\"https:\/\/bibliotecalatinx.com\/es\/\">Sitio<\/a> &Acirc;&raquo; Our Authors<\/nav>\n\t\t\n\t\t\t\t\t\t\t\t\t<img decoding=\"async\" src=\"https:\/\/bibliotecalatinx.com\/wp-content\/uploads\/bb-plugin\/cache\/4a-Page-4-OSCAR-AUTHORS-SECTION-WITH-AUTHORS-DESCRIPTION-scaled-1-square.jpeg\" alt=\"4a-Page-4-OSCAR-AUTHORS-SECTION-WITH-AUTHORS-DESCRIPTION-scaled (1)\" itemprop=\"image\" height=\"2160\" width=\"1620\" title=\"4a-Page-4-OSCAR-AUTHORS-SECTION-WITH-AUTHORS-DESCRIPTION-scaled (1)\" onerror=\"this.style.display='none'\" class=\"no-lazyload\">\n\t\t\t\t\t\t\t\t\t<img decoding=\"async\" src=\"https:\/\/bibliotecalatinx.com\/wp-content\/uploads\/2025\/08\/687e63653d50f_SCOLAS_-Book-Award-copy-3-1536x1185-1.jpg\" alt=\"Award certificate for &Oacute;scar U. Somoza from the Latin American Studies Council.\" itemprop=\"image\" height=\"1185\" width=\"1536\" srcset=\"https:\/\/bibliotecalatinx.com\/wp-content\/uploads\/2025\/08\/687e63653d50f_SCOLAS_-Book-Award-copy-3-1536x1185-1.jpg 1536w, https:\/\/bibliotecalatinx.com\/wp-content\/uploads\/2025\/08\/687e63653d50f_SCOLAS_-Book-Award-copy-3-1536x1185-1-300x231.jpg 300w, https:\/\/bibliotecalatinx.com\/wp-content\/uploads\/2025\/08\/687e63653d50f_SCOLAS_-Book-Award-copy-3-1536x1185-1-1024x790.jpg 1024w, https:\/\/bibliotecalatinx.com\/wp-content\/uploads\/2025\/08\/687e63653d50f_SCOLAS_-Book-Award-copy-3-1536x1185-1-768x593.jpg 768w, https:\/\/bibliotecalatinx.com\/wp-content\/uploads\/2025\/08\/687e63653d50f_SCOLAS_-Book-Award-copy-3-1536x1185-1-600x463.jpg 600w, https:\/\/bibliotecalatinx.com\/wp-content\/uploads\/2025\/08\/687e63653d50f_SCOLAS_-Book-Award-copy-3-1536x1185-1-64x49.jpg 64w, https:\/\/bibliotecalatinx.com\/wp-content\/uploads\/2025\/08\/687e63653d50f_SCOLAS_-Book-Award-copy-3-1536x1185-1-100x77.jpg 100w\" sizes=\"(max-width: 1536px) 100vw, 1536px\" title=\"687e63653d50f_SCOLAS_-Book-Award-copy-3-1536x1185\" onerror=\"this.style.display='none'\" class=\"no-lazyload\">\n\t\t<h2>\n\t\t\tOscar Somoza Urquidez\n\t\t\t\t\t\t\t\t\t\t\tAuthor\n\t\t<\/h2>\n\t\t\t<p>He has dedicated his life to teaching and researching Latinx culture, as well as the communities that live along the Mexico-United States border. He has published books and scholarly articles on Latin American and Latinx literature and culture in Mexican, European, and American journals. He has also collaborated as a guest editor and published in Confluencia, The Denver Quarterly, Plural, and Cuadernos Americanos, among other academic journals. Some of his publications include Palabra Nueva: Cuentos Chicanos; Nueva narrativa Chicana; Narrativa moderna Chicana: Principios Fundamentos; and Echoes of Memory: Oscar Torres and the Encounter with &#8216;Voces inocentes&#8217;. At the University of Denver, he established relevant programs to engage with the Latinx community and was recognized as an outstanding professor by the Mortar Board of Trustees and the Carnegie Foundation. He has researched Hispanic American and Chicano cinema. Recently, she has dedicated her time to studying the abuses of power by racist groups in the United States, manifested in lynchings and mistreatment of Mexicans from the 19th century to the present. She continues to collaborate with Armando Migu&Atilde;&copy;lez Mart&Atilde;&shy;nez in the rescue, compilation, and publication of short stories, poetry, and essays by a diverse and important group of authors who published in Spanish-language newspapers in the United States between the 19th and 20th centuries. Her most recent collaboration with Armando Migu&Atilde;&copy;lez Mart&Atilde;&shy;nez includes Semblanzas Navide&Atilde;&plusmn;as en Aztl&Atilde;&iexcl;n (Christmas Semblances in Aztl&Atilde;&iexcl;n, 2021) and La Zorra y el Cangrejo (The Fox and the Crab, 2021).<\/p>\t\t\n\t\t<h2>\n\t\t\tARMANDO MIGU&Atilde;&permil;LEZ MART&Atilde;NEZ\n\t\t\t\t\t\t\t\t\t\t\tAuthor\n\t\t<\/h2>\n\t\t\t<p>As an educator and relentless researcher in the areas of literature and Chicanx cultural history, he has published books, articles, and essays in Mexico, Europe, and the United States. Currently, he is tracing some of the origins of Chicanx literature from the mid-19th to the first half of the 20th centuries and has recovered important documents published in Spanish-language newspapers in the United States. He published Antolog&Atilde;&shy;a Hist&Atilde;&sup3;rico del cuento literario Chicano 1877-1950, and is coauthor with &Atilde;&ldquo;scar Somoza Urqu&Atilde;&shy;dez of Literatura de la Revoluci&Atilde;&sup3;n Mexicana en el exilio: Fuentes para su estudio (Literature of the Mexican Revolution in Exile: Sources for its Study). He also published Jauja: M&Atilde;&copy;todo Integral de Espa&Atilde;&plusmn;ol para Biling&Atilde;&frac14;es (Jauja: A Comprehensive Method of Spanish for Bilinguals), with Mar&Atilde;&shy;a Sandoval, and Nuestra Cocina 1918-1928: Rescate de recetas en los peri&Atilde;&sup3;dico Hispanicos de Arizona y California (Our Kitchen 1918-1928: Rescate de recetas en los peri&Atilde;&sup3;dico Hispanicos de Arizona y California), with Fernando Tapia and Daniel Garc&Atilde;&shy;a. In 2021, he co-edited the poetry anthology In X&Atilde;&sup3;chitl in Cu&Atilde;&shy;catl: Floricanto: One Hundred Years of Chicanx\/Latinx Poetry 1920-2020 with Gabriella Guti&Atilde;&copy;rrez y Muhs and Juan Velasco. His most recent collaboration with &Atilde;&ldquo;scar Somoza Urqu&Atilde;&shy;dez includes Semblanzas Navide&Atilde;&plusmn;as en Aztl&Atilde;&iexcl;n (Christmas Semblances in Aztl&Atilde;&iexcl;n), (2021) published in Spanish, and La Zorra y el Cangrejo \/ The Fox and The Crab (2021) bilingual edition.<\/p>\t\t\n\t\t\t<a href=\"\/es\/shop\/\" target=\"_self\">\n\t\t\t\t\t\t\tBuy Your Kid&#8217;s Next Read \n\t\t\t\t\t<\/a>\n\t\t\t\t\t\t\t\t\t<img decoding=\"async\" src=\"https:\/\/bibliotecalatinx.com\/wp-content\/uploads\/bb-plugin\/cache\/4b-Page-4-ARMANDO-AUTHORS-SECTION-WITH-AUTHORS-DESCRIPTION-1-square.png\" alt=\"4b-Page-4-ARMANDO-AUTHORS-SECTION-WITH-AUTHORS-DESCRIPTION (1)\" itemprop=\"image\" height=\"1478\" width=\"1118\" title=\"4b-P\u00e1gina-4-ARMANDO-AUTORES-SECCI\u00d3N-CON-AUTORES-DESCRIPCI\u00d3N (1)\" onerror=\"this.style.display='none'\" class=\"no-lazyload\">\n\t\t<h2>\n\t\t\tReconocimientos\n\t\t<\/h2>\n\t\t\t\t\t\t\t\t\t<img decoding=\"async\" src=\"https:\/\/bibliotecalatinx.com\/wp-content\/uploads\/2025\/08\/687e650b7f768_Premio-2022-copy_page-0001.jpg\" alt=\"Certificate of honor for a Spanish literature award with a trophy image.\" itemprop=\"image\" height=\"1651\" width=\"1276\" srcset=\"https:\/\/bibliotecalatinx.com\/wp-content\/uploads\/2025\/08\/687e650b7f768_Premio-2022-copy_page-0001.jpg 1276w, https:\/\/bibliotecalatinx.com\/wp-content\/uploads\/2025\/08\/687e650b7f768_Premio-2022-copy_page-0001-232x300.jpg 232w, https:\/\/bibliotecalatinx.com\/wp-content\/uploads\/2025\/08\/687e650b7f768_Premio-2022-copy_page-0001-791x1024.jpg 791w, https:\/\/bibliotecalatinx.com\/wp-content\/uploads\/2025\/08\/687e650b7f768_Premio-2022-copy_page-0001-768x994.jpg 768w, https:\/\/bibliotecalatinx.com\/wp-content\/uploads\/2025\/08\/687e650b7f768_Premio-2022-copy_page-0001-1187x1536.jpg 1187w, https:\/\/bibliotecalatinx.com\/wp-content\/uploads\/2025\/08\/687e650b7f768_Premio-2022-copy_page-0001-600x776.jpg 600w, https:\/\/bibliotecalatinx.com\/wp-content\/uploads\/2025\/08\/687e650b7f768_Premio-2022-copy_page-0001-64x83.jpg 64w, https:\/\/bibliotecalatinx.com\/wp-content\/uploads\/2025\/08\/687e650b7f768_Premio-2022-copy_page-0001-100x129.jpg 100w\" sizes=\"(max-width: 1276px) 100vw, 1276px\" title=\"687e650b7f768_Premio 2022 copy_page-0001\" onerror=\"this.style.display='none'\" class=\"no-lazyload\">\n\t\t\t\t\t\t\t\t\t<img decoding=\"async\" src=\"https:\/\/bibliotecalatinx.com\/wp-content\/uploads\/2025\/08\/d11bc976-a18c-443f-825a-215d472ac2b6.jpg\" alt=\"Portrait of a serious mature man in a white shirt with books in the background.\" itemprop=\"image\" height=\"1100\" width=\"732\" srcset=\"https:\/\/bibliotecalatinx.com\/wp-content\/uploads\/2025\/08\/d11bc976-a18c-443f-825a-215d472ac2b6.jpg 732w, https:\/\/bibliotecalatinx.com\/wp-content\/uploads\/2025\/08\/d11bc976-a18c-443f-825a-215d472ac2b6-200x300.jpg 200w, https:\/\/bibliotecalatinx.com\/wp-content\/uploads\/2025\/08\/d11bc976-a18c-443f-825a-215d472ac2b6-681x1024.jpg 681w, https:\/\/bibliotecalatinx.com\/wp-content\/uploads\/2025\/08\/d11bc976-a18c-443f-825a-215d472ac2b6-600x902.jpg 600w, https:\/\/bibliotecalatinx.com\/wp-content\/uploads\/2025\/08\/d11bc976-a18c-443f-825a-215d472ac2b6-64x96.jpg 64w, https:\/\/bibliotecalatinx.com\/wp-content\/uploads\/2025\/08\/d11bc976-a18c-443f-825a-215d472ac2b6-100x150.jpg 100w\" sizes=\"(max-width: 732px) 100vw, 732px\" title=\"d11bc976-a18c-443f-825a-215d472ac2b6\" onerror=\"this.style.display='none'\" class=\"no-lazyload\">\n\t\t<h2>\n\t\t\tFernando Tapia Grijalva\n\t\t\t\t\t\t\t\t\t\t\tAuthor\n\t\t<\/h2>\n\t\t\t<p>FERNANDO TAPIA GRIJALVA, was born in Ray&Atilde;&sup3;n, Sonora, M&Atilde;&copy;xico, and is a full time research professor in the Department of Psychology and Communication Studies at the University of Sonora. He is Director of the long standing research project called &#8220;Domination and Subordination: Research Networks and Action in the Sonora\/Arizona Borderlands.&#8221; He has published the following books: <em>Miguel Bola&Atilde;&plusmn;os Cacho: Sonnets and Sonatas, <\/em>y<em> Ray&Atilde;&sup3;n de los Nacameri: Between Tradition and Modernity<\/em>. Adem\u00e1s <em>Julio G. Arce: Author and Journalist of the Second Mexican Diaspora in the XX Century in Aztl&Atilde;&iexcl;n <\/em>with Armando Migu&Atilde;&copy;lez Mart&Atilde;&shy;nez. He also published <em>Nuestra Cocina Mexicana 1918-1928: Recuperaci\u00f3n de recetas de los peri\u00f3dicos en espa\u00f1ol de Arizona y California<\/em>, in collaboration with A. Migu&Atilde;&copy;lez and Daniel Garc&Atilde;&shy;a Valenzuela. &Acirc;&nbsp;Dr. Tapia Grijalva co-edited <em>Cuando mis hijos se hagan adultos. <\/em>Es autor de varios art\u00edculos acad\u00e9micos en revistas sobre la cultura chicana y el exilio, y ha participado como organizador y ponente en paneles acad\u00e9micos internacionales sobre estos temas. Actualmente est\u00e1 escribiendo un libro sobre la cultura de Sonora.<\/p>\t\t\n\n<\/body><\/html>","protected":false},"excerpt":{"rendered":"<p>Home &Acirc;&raquo; Our Authors Oscar Somoza Urquidez Author He has dedicated his life to teaching and researching Latinx culture, as well as the communities that live along the Mexico-United States border. He has published books and scholarly articles on Latin American and Latinx literature and culture in Mexican, European, and American journals. He has also&hellip;<\/p>","protected":false},"author":2,"featured_media":104,"parent":0,"menu_order":0,"comment_status":"closed","ping_status":"closed","template":"","meta":{"footnotes":""},"class_list":["post-28","page","type-page","status-publish","has-post-thumbnail","hentry"],"yoast_head":"<!-- This site is optimized with the Yoast SEO plugin v27.5 - https:\/\/yoast.com\/product\/yoast-seo-wordpress\/ -->\n<title>Bilingual Children\u2019s Writers - Biblioteca Latinx<\/title>\n<meta name=\"description\" content=\"Meet talented bilingual children\u2019s writers at Biblioteca Latinx in the US. Discover their works and inspirations. Read more.\" \/>\n<meta name=\"robots\" content=\"noindex, follow, max-snippet:-1, max-image-preview:large, max-video-preview:-1\" \/>\n<meta property=\"og:locale\" content=\"es_MX\" \/>\n<meta property=\"og:type\" content=\"article\" \/>\n<meta property=\"og:title\" content=\"Bilingual Children\u2019s Writers - Biblioteca Latinx\" \/>\n<meta property=\"og:description\" content=\"Meet talented bilingual children\u2019s writers at Biblioteca Latinx in the US. Discover their works and inspirations. Read more.\" \/>\n<meta property=\"og:url\" content=\"https:\/\/bibliotecalatinx.com\/es\/our-authors\/\" \/>\n<meta property=\"og:site_name\" content=\"Biblioteca Latinx\" \/>\n<meta property=\"article:modified_time\" content=\"2025-09-11T15:09:18+00:00\" \/>\n<meta property=\"og:image\" content=\"https:\/\/bibliotecalatinx.com\/wp-content\/uploads\/2025\/07\/getty-18-scaled.jpg\" \/>\n<meta name=\"twitter:card\" content=\"summary_large_image\" \/>\n<meta name=\"twitter:title\" content=\"Bilingual Children\u2019s Writers - Biblioteca Latinx\" \/>\n<meta name=\"twitter:description\" content=\"Meet talented bilingual children\u2019s writers at Biblioteca Latinx in the US. Discover their works and inspirations. Read more.\" \/>\n<meta name=\"twitter:image\" content=\"https:\/\/bibliotecalatinx.com\/wp-content\/uploads\/2025\/07\/getty-18-scaled.jpg\" \/>\n<meta name=\"twitter:label1\" content=\"Tiempo de lectura\" \/>\n\t<meta name=\"twitter:data1\" content=\"1 minuto\" \/>\n<script type=\"application\/ld+json\" class=\"yoast-schema-graph\">{\"@context\":\"https:\\\/\\\/schema.org\",\"@graph\":[{\"@type\":\"WebPage\",\"@id\":\"https:\\\/\\\/bibliotecalatinx.com\\\/our-authors\\\/\",\"url\":\"https:\\\/\\\/bibliotecalatinx.com\\\/our-authors\\\/\",\"name\":\"Bilingual Children\u2019s Writers - Biblioteca Latinx\",\"isPartOf\":{\"@id\":\"https:\\\/\\\/bibliotecalatinx.com\\\/#website\"},\"primaryImageOfPage\":{\"@id\":\"https:\\\/\\\/bibliotecalatinx.com\\\/our-authors\\\/#primaryimage\"},\"image\":{\"@id\":\"https:\\\/\\\/bibliotecalatinx.com\\\/our-authors\\\/#primaryimage\"},\"thumbnailUrl\":\"https:\\\/\\\/bibliotecalatinx.com\\\/wp-content\\\/uploads\\\/2025\\\/07\\\/getty-18-scaled.jpg\",\"datePublished\":\"2025-07-13T08:04:36+00:00\",\"dateModified\":\"2025-09-11T15:09:18+00:00\",\"description\":\"Meet talented bilingual children\u2019s writers at Biblioteca Latinx in the US. Discover their works and inspirations. Read more.\",\"breadcrumb\":{\"@id\":\"https:\\\/\\\/bibliotecalatinx.com\\\/our-authors\\\/#breadcrumb\"},\"inLanguage\":\"es\",\"potentialAction\":[{\"@type\":\"ReadAction\",\"target\":[\"https:\\\/\\\/bibliotecalatinx.com\\\/our-authors\\\/\"]}]},{\"@type\":\"ImageObject\",\"inLanguage\":\"es\",\"@id\":\"https:\\\/\\\/bibliotecalatinx.com\\\/our-authors\\\/#primaryimage\",\"url\":\"https:\\\/\\\/bibliotecalatinx.com\\\/wp-content\\\/uploads\\\/2025\\\/07\\\/getty-18-scaled.jpg\",\"contentUrl\":\"https:\\\/\\\/bibliotecalatinx.com\\\/wp-content\\\/uploads\\\/2025\\\/07\\\/getty-18-scaled.jpg\",\"width\":1620,\"height\":1080,\"caption\":\"Happy latin american family having fun painting at home - Mother and son love concept - Focus on kid face\"},{\"@type\":\"BreadcrumbList\",\"@id\":\"https:\\\/\\\/bibliotecalatinx.com\\\/our-authors\\\/#breadcrumb\",\"itemListElement\":[{\"@type\":\"ListItem\",\"position\":1,\"name\":\"Home\",\"item\":\"https:\\\/\\\/bibliotecalatinx.com\\\/\"},{\"@type\":\"ListItem\",\"position\":2,\"name\":\"Our Authors\"}]},{\"@type\":\"WebSite\",\"@id\":\"https:\\\/\\\/bibliotecalatinx.com\\\/#website\",\"url\":\"https:\\\/\\\/bibliotecalatinx.com\\\/\",\"name\":\"Biblioteca Latinx\",\"description\":\"\",\"publisher\":{\"@id\":\"https:\\\/\\\/bibliotecalatinx.com\\\/#organization\"},\"potentialAction\":[{\"@type\":\"SearchAction\",\"target\":{\"@type\":\"EntryPoint\",\"urlTemplate\":\"https:\\\/\\\/bibliotecalatinx.com\\\/?s={search_term_string}\"},\"query-input\":{\"@type\":\"PropertyValueSpecification\",\"valueRequired\":true,\"valueName\":\"search_term_string\"}}],\"inLanguage\":\"es\"},{\"@type\":\"Organization\",\"@id\":\"https:\\\/\\\/bibliotecalatinx.com\\\/#organization\",\"name\":\"Biblioteca Latinx\",\"url\":\"https:\\\/\\\/bibliotecalatinx.com\\\/\",\"logo\":{\"@type\":\"ImageObject\",\"inLanguage\":\"es\",\"@id\":\"https:\\\/\\\/bibliotecalatinx.com\\\/#\\\/schema\\\/logo\\\/image\\\/\",\"url\":\"https:\\\/\\\/bibliotecalatinx.com\\\/wp-content\\\/uploads\\\/2025\\\/07\\\/attachment-1.png\",\"contentUrl\":\"https:\\\/\\\/bibliotecalatinx.com\\\/wp-content\\\/uploads\\\/2025\\\/07\\\/attachment-1.png\",\"width\":234,\"height\":234,\"caption\":\"Biblioteca Latinx\"},\"image\":{\"@id\":\"https:\\\/\\\/bibliotecalatinx.com\\\/#\\\/schema\\\/logo\\\/image\\\/\"}}]}<\/script>\n<!-- \/ Yoast SEO plugin. -->","yoast_head_json":{"title":"Bilingual Children\u2019s Writers - Biblioteca Latinx","description":"Meet talented bilingual children\u2019s writers at Biblioteca Latinx in the US. Discover their works and inspirations. Read more.","robots":{"index":"noindex","follow":"follow","max-snippet":"max-snippet:-1","max-image-preview":"max-image-preview:large","max-video-preview":"max-video-preview:-1"},"og_locale":"es_MX","og_type":"article","og_title":"Bilingual Children\u2019s Writers - Biblioteca Latinx","og_description":"Meet talented bilingual children\u2019s writers at Biblioteca Latinx in the US. Discover their works and inspirations. Read more.","og_url":"https:\/\/bibliotecalatinx.com\/es\/our-authors\/","og_site_name":"Biblioteca Latinx","article_modified_time":"2025-09-11T15:09:18+00:00","og_image":[{"url":"https:\/\/bibliotecalatinx.com\/wp-content\/uploads\/2025\/07\/getty-18-scaled.jpg","type":"","width":"","height":""}],"twitter_card":"summary_large_image","twitter_title":"Bilingual Children\u2019s Writers - Biblioteca Latinx","twitter_description":"Meet talented bilingual children\u2019s writers at Biblioteca Latinx in the US. Discover their works and inspirations. Read more.","twitter_image":"https:\/\/bibliotecalatinx.com\/wp-content\/uploads\/2025\/07\/getty-18-scaled.jpg","twitter_misc":{"Tiempo de lectura":"1 minuto"},"schema":{"@context":"https:\/\/schema.org","@graph":[{"@type":"WebPage","@id":"https:\/\/bibliotecalatinx.com\/our-authors\/","url":"https:\/\/bibliotecalatinx.com\/our-authors\/","name":"Bilingual Children\u2019s Writers - Biblioteca Latinx","isPartOf":{"@id":"https:\/\/bibliotecalatinx.com\/#website"},"primaryImageOfPage":{"@id":"https:\/\/bibliotecalatinx.com\/our-authors\/#primaryimage"},"image":{"@id":"https:\/\/bibliotecalatinx.com\/our-authors\/#primaryimage"},"thumbnailUrl":"https:\/\/bibliotecalatinx.com\/wp-content\/uploads\/2025\/07\/getty-18-scaled.jpg","datePublished":"2025-07-13T08:04:36+00:00","dateModified":"2025-09-11T15:09:18+00:00","description":"Meet talented bilingual children\u2019s writers at Biblioteca Latinx in the US. Discover their works and inspirations. Read more.","breadcrumb":{"@id":"https:\/\/bibliotecalatinx.com\/our-authors\/#breadcrumb"},"inLanguage":"es","potentialAction":[{"@type":"ReadAction","target":["https:\/\/bibliotecalatinx.com\/our-authors\/"]}]},{"@type":"ImageObject","inLanguage":"es","@id":"https:\/\/bibliotecalatinx.com\/our-authors\/#primaryimage","url":"https:\/\/bibliotecalatinx.com\/wp-content\/uploads\/2025\/07\/getty-18-scaled.jpg","contentUrl":"https:\/\/bibliotecalatinx.com\/wp-content\/uploads\/2025\/07\/getty-18-scaled.jpg","width":1620,"height":1080,"caption":"Happy latin american family having fun painting at home - Mother and son love concept - Focus on kid face"},{"@type":"BreadcrumbList","@id":"https:\/\/bibliotecalatinx.com\/our-authors\/#breadcrumb","itemListElement":[{"@type":"ListItem","position":1,"name":"Home","item":"https:\/\/bibliotecalatinx.com\/"},{"@type":"ListItem","position":2,"name":"Our Authors"}]},{"@type":"WebSite","@id":"https:\/\/bibliotecalatinx.com\/#website","url":"https:\/\/bibliotecalatinx.com\/","name":"Biblioteca Latinx","description":"","publisher":{"@id":"https:\/\/bibliotecalatinx.com\/#organization"},"potentialAction":[{"@type":"SearchAction","target":{"@type":"EntryPoint","urlTemplate":"https:\/\/bibliotecalatinx.com\/?s={search_term_string}"},"query-input":{"@type":"PropertyValueSpecification","valueRequired":true,"valueName":"search_term_string"}}],"inLanguage":"es"},{"@type":"Organization","@id":"https:\/\/bibliotecalatinx.com\/#organization","name":"Biblioteca Latinx","url":"https:\/\/bibliotecalatinx.com\/","logo":{"@type":"ImageObject","inLanguage":"es","@id":"https:\/\/bibliotecalatinx.com\/#\/schema\/logo\/image\/","url":"https:\/\/bibliotecalatinx.com\/wp-content\/uploads\/2025\/07\/attachment-1.png","contentUrl":"https:\/\/bibliotecalatinx.com\/wp-content\/uploads\/2025\/07\/attachment-1.png","width":234,"height":234,"caption":"Biblioteca Latinx"},"image":{"@id":"https:\/\/bibliotecalatinx.com\/#\/schema\/logo\/image\/"}}]}},"_links":{"self":[{"href":"https:\/\/bibliotecalatinx.com\/es\/wp-json\/wp\/v2\/pages\/28","targetHints":{"allow":["GET"]}}],"collection":[{"href":"https:\/\/bibliotecalatinx.com\/es\/wp-json\/wp\/v2\/pages"}],"about":[{"href":"https:\/\/bibliotecalatinx.com\/es\/wp-json\/wp\/v2\/types\/page"}],"author":[{"embeddable":true,"href":"https:\/\/bibliotecalatinx.com\/es\/wp-json\/wp\/v2\/users\/2"}],"replies":[{"embeddable":true,"href":"https:\/\/bibliotecalatinx.com\/es\/wp-json\/wp\/v2\/comments?post=28"}],"version-history":[{"count":5,"href":"https:\/\/bibliotecalatinx.com\/es\/wp-json\/wp\/v2\/pages\/28\/revisions"}],"predecessor-version":[{"id":51611,"href":"https:\/\/bibliotecalatinx.com\/es\/wp-json\/wp\/v2\/pages\/28\/revisions\/51611"}],"wp:featuredmedia":[{"embeddable":true,"href":"https:\/\/bibliotecalatinx.com\/es\/wp-json\/wp\/v2\/media\/104"}],"wp:attachment":[{"href":"https:\/\/bibliotecalatinx.com\/es\/wp-json\/wp\/v2\/media?parent=28"}],"curies":[{"name":"wp","href":"https:\/\/api.w.org\/{rel}","templated":true}]}}